{"id":3782,"date":"2024-07-15T13:17:28","date_gmt":"2024-07-15T13:17:28","guid":{"rendered":"https:\/\/testvet.brainmarketing.ca\/?post_type=product&#038;p=3782"},"modified":"2024-09-26T15:39:02","modified_gmt":"2024-09-26T19:39:02","slug":"royal-canin-exclusivite-veterinaire","status":"publish","type":"product","link":"https:\/\/testvet.brainmarketing.ca\/en\/produit\/royal-canin-exclusivite-veterinaire\/","title":{"rendered":"Adulte"},"content":{"rendered":"<p>D\u00e9tient l\u2019indice S\/O qui indique que la nourriture r\u00e9duit le risque de formation de cristaux et de calculs de struvite et d\u2019oxalate de calcium.<\/p>\n<p>Nourriture tr\u00e8s app\u00e9tissante qui favorise une ingestion de portions ad\u00e9quates.<\/p>\n<p>Des antioxydants tel que la vitamine C et E, la lut\u00e9ine et la taurine ont \u00e9t\u00e9 ajout\u00e9s afin de pr\u00e9venir les probl\u00e8mes associ\u00e9s au stress oxydatif.<\/p>\n<p>Formul\u00e9e avec des prot\u00e9ines hautement digestibles, des pr\u00e9biotiques et de la z\u00e9olite qui favorisent la sant\u00e9 digestive, prot\u00e8gent le tractus gastro-intestinal et r\u00e9duisent le risque de vomissement et de diarrh\u00e9e.<\/p>\n<p>Combinaison de vitamine A, de biotine, de zinc ch\u00e9lat\u00e9 et d\u2019acides gras om\u00e9ga-3 et om\u00e9ga-6 qui favorisent la sant\u00e9 et la r\u00e9sistance de la peau contre les microorganismes en plus d\u2019am\u00e9liorer le lustre du pelage.<\/p>\n<p>M\u00e9lange brevet\u00e9 d\u2019antioxydants (vitamines C et E, lut\u00e9ine et taurine) qui aident \u00e0 pr\u00e9venir les dommages associ\u00e9s au stress oxydatif.<\/p>\n","protected":false},"excerpt":{"rendered":"<p>D\u00e9tient l\u2019indice S\/O qui indique que la nourriture r\u00e9duit le risque de formation de cristaux et de calculs de struvite et d\u2019oxalate de calcium. Nourriture tr\u00e8s app\u00e9tissante qui favorise une ingestion de portions ad\u00e9quates. Des antioxydants tel que la vitamine C et E, la lut\u00e9ine et la taurine ont \u00e9t\u00e9 ajout\u00e9s afin de pr\u00e9venir les [&hellip;]<\/p>\n","protected":false},"featured_media":3789,"template":"","meta":{"_acf_changed":false},"product_brand":[],"product_cat":[208,215],"product_tag":[],"class_list":{"0":"post-3782","1":"product","2":"type-product","3":"status-publish","4":"has-post-thumbnail","6":"product_cat-nourritures","7":"product_cat-royal-canin-exclusivite-veterinaire","9":"first","10":"instock","11":"shipping-taxable","12":"product-type-simple"},"acf":[],"yoast_head":"<!-- This site is optimized with the Yoast SEO plugin v24.6 - https:\/\/yoast.com\/wordpress\/plugins\/seo\/ -->\n<title>Adulte - MonVet<\/title>\n<meta name=\"robots\" content=\"noindex, follow, max-snippet:-1, max-image-preview:large, max-video-preview:-1\" \/>\n<meta property=\"og:locale\" content=\"en_US\" \/>\n<meta property=\"og:type\" content=\"article\" \/>\n<meta property=\"og:title\" content=\"Adulte - MonVet\" \/>\n<meta property=\"og:description\" content=\"D\u00e9tient l\u2019indice S\/O qui indique que la nourriture r\u00e9duit le risque de formation de cristaux et de calculs de struvite et d\u2019oxalate de calcium. Nourriture tr\u00e8s app\u00e9tissante qui favorise une ingestion de portions ad\u00e9quates. Des antioxydants tel que la vitamine C et E, la lut\u00e9ine et la taurine ont \u00e9t\u00e9 ajout\u00e9s afin de pr\u00e9venir les [&hellip;]\" \/>\n<meta property=\"og:url\" content=\"https:\/\/testvet.brainmarketing.ca\/en\/produit\/royal-canin-exclusivite-veterinaire\/\" \/>\n<meta property=\"og:site_name\" content=\"MonVet\" \/>\n<meta property=\"article:modified_time\" content=\"2024-09-26T19:39:02+00:00\" \/>\n<meta property=\"og:image\" content=\"https:\/\/testvet.brainmarketing.ca\/wp-content\/uploads\/2024\/07\/image-2.jpeg\" \/>\n\t<meta property=\"og:image:width\" content=\"750\" \/>\n\t<meta property=\"og:image:height\" content=\"750\" \/>\n\t<meta property=\"og:image:type\" content=\"image\/jpeg\" \/>\n<meta name=\"twitter:card\" content=\"summary_large_image\" \/>\n<meta name=\"twitter:label1\" content=\"Est. reading time\" \/>\n\t<meta name=\"twitter:data1\" content=\"1 minute\" \/>\n<script type=\"application\/ld+json\" class=\"yoast-schema-graph\">{\"@context\":\"https:\/\/schema.org\",\"@graph\":[{\"@type\":\"WebPage\",\"@id\":\"https:\/\/testvet.brainmarketing.ca\/en\/produit\/royal-canin-exclusivite-veterinaire\/\",\"url\":\"https:\/\/testvet.brainmarketing.ca\/en\/produit\/royal-canin-exclusivite-veterinaire\/\",\"name\":\"Adulte - MonVet\",\"isPartOf\":{\"@id\":\"https:\/\/testvet.brainmarketing.ca\/en\/#website\"},\"primaryImageOfPage\":{\"@id\":\"https:\/\/testvet.brainmarketing.ca\/en\/produit\/royal-canin-exclusivite-veterinaire\/#primaryimage\"},\"image\":{\"@id\":\"https:\/\/testvet.brainmarketing.ca\/en\/produit\/royal-canin-exclusivite-veterinaire\/#primaryimage\"},\"thumbnailUrl\":\"https:\/\/testvet.brainmarketing.ca\/wp-content\/uploads\/2024\/07\/image-2.jpeg\",\"datePublished\":\"2024-07-15T13:17:28+00:00\",\"dateModified\":\"2024-09-26T19:39:02+00:00\",\"breadcrumb\":{\"@id\":\"https:\/\/testvet.brainmarketing.ca\/en\/produit\/royal-canin-exclusivite-veterinaire\/#breadcrumb\"},\"inLanguage\":\"en-US\",\"potentialAction\":[{\"@type\":\"ReadAction\",\"target\":[\"https:\/\/testvet.brainmarketing.ca\/en\/produit\/royal-canin-exclusivite-veterinaire\/\"]}]},{\"@type\":\"ImageObject\",\"inLanguage\":\"en-US\",\"@id\":\"https:\/\/testvet.brainmarketing.ca\/en\/produit\/royal-canin-exclusivite-veterinaire\/#primaryimage\",\"url\":\"https:\/\/testvet.brainmarketing.ca\/wp-content\/uploads\/2024\/07\/image-2.jpeg\",\"contentUrl\":\"https:\/\/testvet.brainmarketing.ca\/wp-content\/uploads\/2024\/07\/image-2.jpeg\",\"width\":750,\"height\":750},{\"@type\":\"BreadcrumbList\",\"@id\":\"https:\/\/testvet.brainmarketing.ca\/en\/produit\/royal-canin-exclusivite-veterinaire\/#breadcrumb\",\"itemListElement\":[{\"@type\":\"ListItem\",\"position\":1,\"name\":\"Catalogue\",\"item\":\"https:\/\/testvet.brainmarketing.ca\/catalogue\/\"},{\"@type\":\"ListItem\",\"position\":2,\"name\":\"Foods\",\"item\":\"https:\/\/testvet.brainmarketing.ca\/en\/product-category\/foods\/\"},{\"@type\":\"ListItem\",\"position\":3,\"name\":\"Royal Canin\u00ae Exclusivit\u00e9 V\u00e9t\u00e9rinaire\u00ae\",\"item\":\"https:\/\/testvet.brainmarketing.ca\/en\/product-category\/foods\/royal-canin-exclusivite-veterinaire-en\/\"},{\"@type\":\"ListItem\",\"position\":4,\"name\":\"Adulte\"}]},{\"@type\":\"WebSite\",\"@id\":\"https:\/\/testvet.brainmarketing.ca\/en\/#website\",\"url\":\"https:\/\/testvet.brainmarketing.ca\/en\/\",\"name\":\"MonVet\",\"description\":\"R\u00e9seau v\u00e9t\u00e9rinaires\",\"publisher\":{\"@id\":\"https:\/\/testvet.brainmarketing.ca\/en\/#organization\"},\"potentialAction\":[{\"@type\":\"SearchAction\",\"target\":{\"@type\":\"EntryPoint\",\"urlTemplate\":\"https:\/\/testvet.brainmarketing.ca\/en\/?s={search_term_string}\"},\"query-input\":{\"@type\":\"PropertyValueSpecification\",\"valueRequired\":true,\"valueName\":\"search_term_string\"}}],\"inLanguage\":\"en-US\"},{\"@type\":\"Organization\",\"@id\":\"https:\/\/testvet.brainmarketing.ca\/en\/#organization\",\"name\":\"Brainmarketing\",\"alternateName\":\"Test\",\"url\":\"https:\/\/testvet.brainmarketing.ca\/en\/\",\"logo\":{\"@type\":\"ImageObject\",\"inLanguage\":\"en-US\",\"@id\":\"https:\/\/testvet.brainmarketing.ca\/en\/#\/schema\/logo\/image\/\",\"url\":\"https:\/\/testvet.brainmarketing.ca\/wp-content\/uploads\/Logos-icones\/MonVet.svg\",\"contentUrl\":\"https:\/\/testvet.brainmarketing.ca\/wp-content\/uploads\/Logos-icones\/MonVet.svg\",\"width\":1811,\"height\":603,\"caption\":\"Brainmarketing\"},\"image\":{\"@id\":\"https:\/\/testvet.brainmarketing.ca\/en\/#\/schema\/logo\/image\/\"}}]}<\/script>\n<!-- \/ Yoast SEO plugin. -->","yoast_head_json":{"title":"Adulte - MonVet","robots":{"index":"noindex","follow":"follow","max-snippet":"max-snippet:-1","max-image-preview":"max-image-preview:large","max-video-preview":"max-video-preview:-1"},"og_locale":"en_US","og_type":"article","og_title":"Adulte - MonVet","og_description":"D\u00e9tient l\u2019indice S\/O qui indique que la nourriture r\u00e9duit le risque de formation de cristaux et de calculs de struvite et d\u2019oxalate de calcium. Nourriture tr\u00e8s app\u00e9tissante qui favorise une ingestion de portions ad\u00e9quates. Des antioxydants tel que la vitamine C et E, la lut\u00e9ine et la taurine ont \u00e9t\u00e9 ajout\u00e9s afin de pr\u00e9venir les [&hellip;]","og_url":"https:\/\/testvet.brainmarketing.ca\/en\/produit\/royal-canin-exclusivite-veterinaire\/","og_site_name":"MonVet","article_modified_time":"2024-09-26T19:39:02+00:00","og_image":[{"width":750,"height":750,"url":"https:\/\/testvet.brainmarketing.ca\/wp-content\/uploads\/2024\/07\/image-2.jpeg","type":"image\/jpeg"}],"twitter_card":"summary_large_image","twitter_misc":{"Est. reading time":"1 minute"},"schema":{"@context":"https:\/\/schema.org","@graph":[{"@type":"WebPage","@id":"https:\/\/testvet.brainmarketing.ca\/en\/produit\/royal-canin-exclusivite-veterinaire\/","url":"https:\/\/testvet.brainmarketing.ca\/en\/produit\/royal-canin-exclusivite-veterinaire\/","name":"Adulte - MonVet","isPartOf":{"@id":"https:\/\/testvet.brainmarketing.ca\/en\/#website"},"primaryImageOfPage":{"@id":"https:\/\/testvet.brainmarketing.ca\/en\/produit\/royal-canin-exclusivite-veterinaire\/#primaryimage"},"image":{"@id":"https:\/\/testvet.brainmarketing.ca\/en\/produit\/royal-canin-exclusivite-veterinaire\/#primaryimage"},"thumbnailUrl":"https:\/\/testvet.brainmarketing.ca\/wp-content\/uploads\/2024\/07\/image-2.jpeg","datePublished":"2024-07-15T13:17:28+00:00","dateModified":"2024-09-26T19:39:02+00:00","breadcrumb":{"@id":"https:\/\/testvet.brainmarketing.ca\/en\/produit\/royal-canin-exclusivite-veterinaire\/#breadcrumb"},"inLanguage":"en-US","potentialAction":[{"@type":"ReadAction","target":["https:\/\/testvet.brainmarketing.ca\/en\/produit\/royal-canin-exclusivite-veterinaire\/"]}]},{"@type":"ImageObject","inLanguage":"en-US","@id":"https:\/\/testvet.brainmarketing.ca\/en\/produit\/royal-canin-exclusivite-veterinaire\/#primaryimage","url":"https:\/\/testvet.brainmarketing.ca\/wp-content\/uploads\/2024\/07\/image-2.jpeg","contentUrl":"https:\/\/testvet.brainmarketing.ca\/wp-content\/uploads\/2024\/07\/image-2.jpeg","width":750,"height":750},{"@type":"BreadcrumbList","@id":"https:\/\/testvet.brainmarketing.ca\/en\/produit\/royal-canin-exclusivite-veterinaire\/#breadcrumb","itemListElement":[{"@type":"ListItem","position":1,"name":"Catalogue","item":"https:\/\/testvet.brainmarketing.ca\/catalogue\/"},{"@type":"ListItem","position":2,"name":"Foods","item":"https:\/\/testvet.brainmarketing.ca\/en\/product-category\/foods\/"},{"@type":"ListItem","position":3,"name":"Royal Canin\u00ae Exclusivit\u00e9 V\u00e9t\u00e9rinaire\u00ae","item":"https:\/\/testvet.brainmarketing.ca\/en\/product-category\/foods\/royal-canin-exclusivite-veterinaire-en\/"},{"@type":"ListItem","position":4,"name":"Adulte"}]},{"@type":"WebSite","@id":"https:\/\/testvet.brainmarketing.ca\/en\/#website","url":"https:\/\/testvet.brainmarketing.ca\/en\/","name":"MonVet","description":"R\u00e9seau v\u00e9t\u00e9rinaires","publisher":{"@id":"https:\/\/testvet.brainmarketing.ca\/en\/#organization"},"potentialAction":[{"@type":"SearchAction","target":{"@type":"EntryPoint","urlTemplate":"https:\/\/testvet.brainmarketing.ca\/en\/?s={search_term_string}"},"query-input":{"@type":"PropertyValueSpecification","valueRequired":true,"valueName":"search_term_string"}}],"inLanguage":"en-US"},{"@type":"Organization","@id":"https:\/\/testvet.brainmarketing.ca\/en\/#organization","name":"Brainmarketing","alternateName":"Test","url":"https:\/\/testvet.brainmarketing.ca\/en\/","logo":{"@type":"ImageObject","inLanguage":"en-US","@id":"https:\/\/testvet.brainmarketing.ca\/en\/#\/schema\/logo\/image\/","url":"https:\/\/testvet.brainmarketing.ca\/wp-content\/uploads\/Logos-icones\/MonVet.svg","contentUrl":"https:\/\/testvet.brainmarketing.ca\/wp-content\/uploads\/Logos-icones\/MonVet.svg","width":1811,"height":603,"caption":"Brainmarketing"},"image":{"@id":"https:\/\/testvet.brainmarketing.ca\/en\/#\/schema\/logo\/image\/"}}]}},"_links":{"self":[{"href":"https:\/\/testvet.brainmarketing.ca\/en\/wp-json\/wp\/v2\/product\/3782","targetHints":{"allow":["GET"]}}],"collection":[{"href":"https:\/\/testvet.brainmarketing.ca\/en\/wp-json\/wp\/v2\/product"}],"about":[{"href":"https:\/\/testvet.brainmarketing.ca\/en\/wp-json\/wp\/v2\/types\/product"}],"version-history":[{"count":1,"href":"https:\/\/testvet.brainmarketing.ca\/en\/wp-json\/wp\/v2\/product\/3782\/revisions"}],"predecessor-version":[{"id":5144,"href":"https:\/\/testvet.brainmarketing.ca\/en\/wp-json\/wp\/v2\/product\/3782\/revisions\/5144"}],"wp:featuredmedia":[{"embeddable":true,"href":"https:\/\/testvet.brainmarketing.ca\/en\/wp-json\/wp\/v2\/media\/3789"}],"wp:attachment":[{"href":"https:\/\/testvet.brainmarketing.ca\/en\/wp-json\/wp\/v2\/media?parent=3782"}],"wp:term":[{"taxonomy":"product_brand","embeddable":true,"href":"https:\/\/testvet.brainmarketing.ca\/en\/wp-json\/wp\/v2\/product_brand?post=3782"},{"taxonomy":"product_cat","embeddable":true,"href":"https:\/\/testvet.brainmarketing.ca\/en\/wp-json\/wp\/v2\/product_cat?post=3782"},{"taxonomy":"product_tag","embeddable":true,"href":"https:\/\/testvet.brainmarketing.ca\/en\/wp-json\/wp\/v2\/product_tag?post=3782"}],"curies":[{"name":"wp","href":"https:\/\/api.w.org\/{rel}","templated":true}]}}