{"id":3028,"date":"2024-07-10T12:04:17","date_gmt":"2024-07-10T12:04:17","guid":{"rendered":"https:\/\/testvet.brainmarketing.ca\/?post_type=product&#038;p=3028"},"modified":"2024-07-11T22:07:09","modified_gmt":"2024-07-11T22:07:09","slug":"totally-ferret-active-formula","status":"publish","type":"product","link":"https:\/\/testvet.brainmarketing.ca\/en\/produit\/totally-ferret-active-formula\/","title":{"rendered":"Totally Ferret\u00ae Active Formula"},"content":{"rendered":"<p>Contient au moins 36% de prot\u00e9ines et 22% de gras. Aide \u00e0 maintenir un bon tonus musculaire, un pelage sain, une peau souple et aide l\u2019animal \u00e0 d\u00e9gager moins d\u2019odeurs corporelles.<\/p>\n<p>Aucun agent de conservation artificiel. Pas d\u2019odeur ni de go\u00fbt de poisson.<\/p>\n","protected":false},"excerpt":{"rendered":"<p>Nourriture compl\u00e8te tr\u00e8s digestible et tr\u00e8s app\u00e9tissante pour furets adultes actifs con\u00e7ue pour combler les besoins nutritifs particuliers de cette esp\u00e8ce qui sont consid\u00e9rablement plus \u00e9lev\u00e9s que ceux des autres carnivores tels que les chats. Elle convient aussi aux furets d\u2019exposition et aux furets reproducteurs.<\/p>\n","protected":false},"featured_media":3029,"template":"","meta":{"_acf_changed":false},"product_brand":[],"product_cat":[208,220],"product_tag":[211],"class_list":{"0":"post-3028","1":"product","2":"type-product","3":"status-publish","4":"has-post-thumbnail","6":"product_cat-nourritures","7":"product_cat-bosch-petfood-concept","8":"product_tag-petits-mammiferes","10":"first","11":"instock","12":"shipping-taxable","13":"product-type-simple"},"acf":[],"yoast_head":"<!-- This site is optimized with the Yoast SEO plugin v24.6 - https:\/\/yoast.com\/wordpress\/plugins\/seo\/ -->\n<title>Totally Ferret\u00ae Active Formula - MonVet<\/title>\n<meta name=\"robots\" content=\"noindex, follow, max-snippet:-1, max-image-preview:large, max-video-preview:-1\" \/>\n<meta property=\"og:locale\" content=\"en_US\" \/>\n<meta property=\"og:type\" content=\"article\" \/>\n<meta property=\"og:title\" content=\"Totally Ferret\u00ae Active Formula - MonVet\" \/>\n<meta property=\"og:description\" content=\"Nourriture compl\u00e8te tr\u00e8s digestible et tr\u00e8s app\u00e9tissante pour furets adultes actifs con\u00e7ue pour combler les besoins nutritifs particuliers de cette esp\u00e8ce qui sont consid\u00e9rablement plus \u00e9lev\u00e9s que ceux des autres carnivores tels que les chats. Elle convient aussi aux furets d\u2019exposition et aux furets reproducteurs.\" \/>\n<meta property=\"og:url\" content=\"https:\/\/testvet.brainmarketing.ca\/en\/produit\/totally-ferret-active-formula\/\" \/>\n<meta property=\"og:site_name\" content=\"MonVet\" \/>\n<meta property=\"article:modified_time\" content=\"2024-07-11T22:07:09+00:00\" \/>\n<meta property=\"og:image\" content=\"https:\/\/testvet.brainmarketing.ca\/wp-content\/uploads\/2024\/07\/Totally-Ferrret.jpeg\" \/>\n\t<meta property=\"og:image:width\" content=\"480\" \/>\n\t<meta property=\"og:image:height\" content=\"480\" \/>\n\t<meta property=\"og:image:type\" content=\"image\/jpeg\" \/>\n<meta name=\"twitter:card\" content=\"summary_large_image\" \/>\n<meta name=\"twitter:label1\" content=\"Est. reading time\" \/>\n\t<meta name=\"twitter:data1\" content=\"1 minute\" \/>\n<script type=\"application\/ld+json\" class=\"yoast-schema-graph\">{\"@context\":\"https:\/\/schema.org\",\"@graph\":[{\"@type\":\"WebPage\",\"@id\":\"https:\/\/testvet.brainmarketing.ca\/en\/produit\/totally-ferret-active-formula\/\",\"url\":\"https:\/\/testvet.brainmarketing.ca\/en\/produit\/totally-ferret-active-formula\/\",\"name\":\"Totally Ferret\u00ae Active Formula - MonVet\",\"isPartOf\":{\"@id\":\"https:\/\/testvet.brainmarketing.ca\/en\/#website\"},\"primaryImageOfPage\":{\"@id\":\"https:\/\/testvet.brainmarketing.ca\/en\/produit\/totally-ferret-active-formula\/#primaryimage\"},\"image\":{\"@id\":\"https:\/\/testvet.brainmarketing.ca\/en\/produit\/totally-ferret-active-formula\/#primaryimage\"},\"thumbnailUrl\":\"https:\/\/testvet.brainmarketing.ca\/wp-content\/uploads\/2024\/07\/Totally-Ferrret.jpeg\",\"datePublished\":\"2024-07-10T12:04:17+00:00\",\"dateModified\":\"2024-07-11T22:07:09+00:00\",\"breadcrumb\":{\"@id\":\"https:\/\/testvet.brainmarketing.ca\/en\/produit\/totally-ferret-active-formula\/#breadcrumb\"},\"inLanguage\":\"en-US\",\"potentialAction\":[{\"@type\":\"ReadAction\",\"target\":[\"https:\/\/testvet.brainmarketing.ca\/en\/produit\/totally-ferret-active-formula\/\"]}]},{\"@type\":\"ImageObject\",\"inLanguage\":\"en-US\",\"@id\":\"https:\/\/testvet.brainmarketing.ca\/en\/produit\/totally-ferret-active-formula\/#primaryimage\",\"url\":\"https:\/\/testvet.brainmarketing.ca\/wp-content\/uploads\/2024\/07\/Totally-Ferrret.jpeg\",\"contentUrl\":\"https:\/\/testvet.brainmarketing.ca\/wp-content\/uploads\/2024\/07\/Totally-Ferrret.jpeg\",\"width\":480,\"height\":480},{\"@type\":\"BreadcrumbList\",\"@id\":\"https:\/\/testvet.brainmarketing.ca\/en\/produit\/totally-ferret-active-formula\/#breadcrumb\",\"itemListElement\":[{\"@type\":\"ListItem\",\"position\":1,\"name\":\"Catalogue\",\"item\":\"https:\/\/testvet.brainmarketing.ca\/catalogue\/\"},{\"@type\":\"ListItem\",\"position\":2,\"name\":\"Foods\",\"item\":\"https:\/\/testvet.brainmarketing.ca\/en\/product-category\/foods\/\"},{\"@type\":\"ListItem\",\"position\":3,\"name\":\"Bosch Petfood Concept\u00ae\",\"item\":\"https:\/\/testvet.brainmarketing.ca\/en\/product-category\/foods\/bosch-petfood-concept-en\/\"},{\"@type\":\"ListItem\",\"position\":4,\"name\":\"Totally Ferret\u00ae Active Formula\"}]},{\"@type\":\"WebSite\",\"@id\":\"https:\/\/testvet.brainmarketing.ca\/en\/#website\",\"url\":\"https:\/\/testvet.brainmarketing.ca\/en\/\",\"name\":\"MonVet\",\"description\":\"R\u00e9seau v\u00e9t\u00e9rinaires\",\"publisher\":{\"@id\":\"https:\/\/testvet.brainmarketing.ca\/en\/#organization\"},\"potentialAction\":[{\"@type\":\"SearchAction\",\"target\":{\"@type\":\"EntryPoint\",\"urlTemplate\":\"https:\/\/testvet.brainmarketing.ca\/en\/?s={search_term_string}\"},\"query-input\":{\"@type\":\"PropertyValueSpecification\",\"valueRequired\":true,\"valueName\":\"search_term_string\"}}],\"inLanguage\":\"en-US\"},{\"@type\":\"Organization\",\"@id\":\"https:\/\/testvet.brainmarketing.ca\/en\/#organization\",\"name\":\"Brainmarketing\",\"alternateName\":\"Test\",\"url\":\"https:\/\/testvet.brainmarketing.ca\/en\/\",\"logo\":{\"@type\":\"ImageObject\",\"inLanguage\":\"en-US\",\"@id\":\"https:\/\/testvet.brainmarketing.ca\/en\/#\/schema\/logo\/image\/\",\"url\":\"https:\/\/testvet.brainmarketing.ca\/wp-content\/uploads\/Logos-icones\/MonVet.svg\",\"contentUrl\":\"https:\/\/testvet.brainmarketing.ca\/wp-content\/uploads\/Logos-icones\/MonVet.svg\",\"width\":1811,\"height\":603,\"caption\":\"Brainmarketing\"},\"image\":{\"@id\":\"https:\/\/testvet.brainmarketing.ca\/en\/#\/schema\/logo\/image\/\"}}]}<\/script>\n<!-- \/ Yoast SEO plugin. -->","yoast_head_json":{"title":"Totally Ferret\u00ae Active Formula - MonVet","robots":{"index":"noindex","follow":"follow","max-snippet":"max-snippet:-1","max-image-preview":"max-image-preview:large","max-video-preview":"max-video-preview:-1"},"og_locale":"en_US","og_type":"article","og_title":"Totally Ferret\u00ae Active Formula - MonVet","og_description":"Nourriture compl\u00e8te tr\u00e8s digestible et tr\u00e8s app\u00e9tissante pour furets adultes actifs con\u00e7ue pour combler les besoins nutritifs particuliers de cette esp\u00e8ce qui sont consid\u00e9rablement plus \u00e9lev\u00e9s que ceux des autres carnivores tels que les chats. Elle convient aussi aux furets d\u2019exposition et aux furets reproducteurs.","og_url":"https:\/\/testvet.brainmarketing.ca\/en\/produit\/totally-ferret-active-formula\/","og_site_name":"MonVet","article_modified_time":"2024-07-11T22:07:09+00:00","og_image":[{"width":480,"height":480,"url":"https:\/\/testvet.brainmarketing.ca\/wp-content\/uploads\/2024\/07\/Totally-Ferrret.jpeg","type":"image\/jpeg"}],"twitter_card":"summary_large_image","twitter_misc":{"Est. reading time":"1 minute"},"schema":{"@context":"https:\/\/schema.org","@graph":[{"@type":"WebPage","@id":"https:\/\/testvet.brainmarketing.ca\/en\/produit\/totally-ferret-active-formula\/","url":"https:\/\/testvet.brainmarketing.ca\/en\/produit\/totally-ferret-active-formula\/","name":"Totally Ferret\u00ae Active Formula - MonVet","isPartOf":{"@id":"https:\/\/testvet.brainmarketing.ca\/en\/#website"},"primaryImageOfPage":{"@id":"https:\/\/testvet.brainmarketing.ca\/en\/produit\/totally-ferret-active-formula\/#primaryimage"},"image":{"@id":"https:\/\/testvet.brainmarketing.ca\/en\/produit\/totally-ferret-active-formula\/#primaryimage"},"thumbnailUrl":"https:\/\/testvet.brainmarketing.ca\/wp-content\/uploads\/2024\/07\/Totally-Ferrret.jpeg","datePublished":"2024-07-10T12:04:17+00:00","dateModified":"2024-07-11T22:07:09+00:00","breadcrumb":{"@id":"https:\/\/testvet.brainmarketing.ca\/en\/produit\/totally-ferret-active-formula\/#breadcrumb"},"inLanguage":"en-US","potentialAction":[{"@type":"ReadAction","target":["https:\/\/testvet.brainmarketing.ca\/en\/produit\/totally-ferret-active-formula\/"]}]},{"@type":"ImageObject","inLanguage":"en-US","@id":"https:\/\/testvet.brainmarketing.ca\/en\/produit\/totally-ferret-active-formula\/#primaryimage","url":"https:\/\/testvet.brainmarketing.ca\/wp-content\/uploads\/2024\/07\/Totally-Ferrret.jpeg","contentUrl":"https:\/\/testvet.brainmarketing.ca\/wp-content\/uploads\/2024\/07\/Totally-Ferrret.jpeg","width":480,"height":480},{"@type":"BreadcrumbList","@id":"https:\/\/testvet.brainmarketing.ca\/en\/produit\/totally-ferret-active-formula\/#breadcrumb","itemListElement":[{"@type":"ListItem","position":1,"name":"Catalogue","item":"https:\/\/testvet.brainmarketing.ca\/catalogue\/"},{"@type":"ListItem","position":2,"name":"Foods","item":"https:\/\/testvet.brainmarketing.ca\/en\/product-category\/foods\/"},{"@type":"ListItem","position":3,"name":"Bosch Petfood Concept\u00ae","item":"https:\/\/testvet.brainmarketing.ca\/en\/product-category\/foods\/bosch-petfood-concept-en\/"},{"@type":"ListItem","position":4,"name":"Totally Ferret\u00ae Active Formula"}]},{"@type":"WebSite","@id":"https:\/\/testvet.brainmarketing.ca\/en\/#website","url":"https:\/\/testvet.brainmarketing.ca\/en\/","name":"MonVet","description":"R\u00e9seau v\u00e9t\u00e9rinaires","publisher":{"@id":"https:\/\/testvet.brainmarketing.ca\/en\/#organization"},"potentialAction":[{"@type":"SearchAction","target":{"@type":"EntryPoint","urlTemplate":"https:\/\/testvet.brainmarketing.ca\/en\/?s={search_term_string}"},"query-input":{"@type":"PropertyValueSpecification","valueRequired":true,"valueName":"search_term_string"}}],"inLanguage":"en-US"},{"@type":"Organization","@id":"https:\/\/testvet.brainmarketing.ca\/en\/#organization","name":"Brainmarketing","alternateName":"Test","url":"https:\/\/testvet.brainmarketing.ca\/en\/","logo":{"@type":"ImageObject","inLanguage":"en-US","@id":"https:\/\/testvet.brainmarketing.ca\/en\/#\/schema\/logo\/image\/","url":"https:\/\/testvet.brainmarketing.ca\/wp-content\/uploads\/Logos-icones\/MonVet.svg","contentUrl":"https:\/\/testvet.brainmarketing.ca\/wp-content\/uploads\/Logos-icones\/MonVet.svg","width":1811,"height":603,"caption":"Brainmarketing"},"image":{"@id":"https:\/\/testvet.brainmarketing.ca\/en\/#\/schema\/logo\/image\/"}}]}},"_links":{"self":[{"href":"https:\/\/testvet.brainmarketing.ca\/en\/wp-json\/wp\/v2\/product\/3028","targetHints":{"allow":["GET"]}}],"collection":[{"href":"https:\/\/testvet.brainmarketing.ca\/en\/wp-json\/wp\/v2\/product"}],"about":[{"href":"https:\/\/testvet.brainmarketing.ca\/en\/wp-json\/wp\/v2\/types\/product"}],"version-history":[{"count":1,"href":"https:\/\/testvet.brainmarketing.ca\/en\/wp-json\/wp\/v2\/product\/3028\/revisions"}],"predecessor-version":[{"id":3497,"href":"https:\/\/testvet.brainmarketing.ca\/en\/wp-json\/wp\/v2\/product\/3028\/revisions\/3497"}],"wp:featuredmedia":[{"embeddable":true,"href":"https:\/\/testvet.brainmarketing.ca\/en\/wp-json\/wp\/v2\/media\/3029"}],"wp:attachment":[{"href":"https:\/\/testvet.brainmarketing.ca\/en\/wp-json\/wp\/v2\/media?parent=3028"}],"wp:term":[{"taxonomy":"product_brand","embeddable":true,"href":"https:\/\/testvet.brainmarketing.ca\/en\/wp-json\/wp\/v2\/product_brand?post=3028"},{"taxonomy":"product_cat","embeddable":true,"href":"https:\/\/testvet.brainmarketing.ca\/en\/wp-json\/wp\/v2\/product_cat?post=3028"},{"taxonomy":"product_tag","embeddable":true,"href":"https:\/\/testvet.brainmarketing.ca\/en\/wp-json\/wp\/v2\/product_tag?post=3028"}],"curies":[{"name":"wp","href":"https:\/\/api.w.org\/{rel}","templated":true}]}}