{"id":3026,"date":"2024-07-10T11:59:56","date_gmt":"2024-07-10T11:59:56","guid":{"rendered":"https:\/\/testvet.brainmarketing.ca\/?post_type=product&#038;p=3026"},"modified":"2024-07-11T22:10:04","modified_gmt":"2024-07-11T22:10:04","slug":"avi-cakes-gourmet-bird-food-classic","status":"publish","type":"product","link":"https:\/\/testvet.brainmarketing.ca\/en\/produit\/avi-cakes-gourmet-bird-food-classic\/","title":{"rendered":"Avi-Cakes\u00ae Gourmet Bird Food\u00ae Classic"},"content":{"rendered":"<p>Faite d\u2019aliments naturels nutritifs et compos\u00e9e de 50% de granules et de 50% de graines agglutin\u00e9s ensemble par de la m\u00e9lasse pour former des cubes que les oiseaux peuvent tenir facilement et mettre en pi\u00e8ces.<\/p>\n<p>Balanc\u00e9e en om\u00e9gas-3 et 6 pour soutenir une bonne fonction immunitaire et am\u00e9liorer la qualit\u00e9 de la peau et du plumage.<\/p>\n<p>Aucun agent de conservation ou saveur artificiels ajout\u00e9s.<\/p>\n","protected":false},"excerpt":{"rendered":"<p>Nourriture compl\u00e8te pour petits oiseaux tels que perruches, cockatiels, ins\u00e9parables et conures.<\/p>\n","protected":false},"featured_media":3027,"template":"","meta":{"_acf_changed":false},"product_brand":[],"product_cat":[208,217],"product_tag":[210],"class_list":{"0":"post-3026","1":"product","2":"type-product","3":"status-publish","4":"has-post-thumbnail","6":"product_cat-nourritures","7":"product_cat-lafebers","8":"product_tag-oiseaux","10":"first","11":"instock","12":"shipping-taxable","13":"product-type-simple"},"acf":[],"yoast_head":"<!-- This site is optimized with the Yoast SEO plugin v24.6 - https:\/\/yoast.com\/wordpress\/plugins\/seo\/ -->\n<title>Avi-Cakes\u00ae Gourmet Bird Food\u00ae Classic - MonVet<\/title>\n<meta name=\"robots\" content=\"noindex, follow, max-snippet:-1, max-image-preview:large, max-video-preview:-1\" \/>\n<meta property=\"og:locale\" content=\"en_US\" \/>\n<meta property=\"og:type\" content=\"article\" \/>\n<meta property=\"og:title\" content=\"Avi-Cakes\u00ae Gourmet Bird Food\u00ae Classic - MonVet\" \/>\n<meta property=\"og:description\" content=\"Nourriture compl\u00e8te pour petits oiseaux tels que perruches, cockatiels, ins\u00e9parables et conures.\" \/>\n<meta property=\"og:url\" content=\"https:\/\/testvet.brainmarketing.ca\/en\/produit\/avi-cakes-gourmet-bird-food-classic\/\" \/>\n<meta property=\"og:site_name\" content=\"MonVet\" \/>\n<meta property=\"article:modified_time\" content=\"2024-07-11T22:10:04+00:00\" \/>\n<meta property=\"og:image\" content=\"https:\/\/testvet.brainmarketing.ca\/wp-content\/uploads\/2024\/07\/Avi-Cakes-Gourmet-Bird-Food-Classic.jpeg\" \/>\n\t<meta property=\"og:image:width\" content=\"480\" \/>\n\t<meta property=\"og:image:height\" content=\"480\" \/>\n\t<meta property=\"og:image:type\" content=\"image\/jpeg\" \/>\n<meta name=\"twitter:card\" content=\"summary_large_image\" \/>\n<meta name=\"twitter:label1\" content=\"Est. reading time\" \/>\n\t<meta name=\"twitter:data1\" content=\"1 minute\" \/>\n<script type=\"application\/ld+json\" class=\"yoast-schema-graph\">{\"@context\":\"https:\/\/schema.org\",\"@graph\":[{\"@type\":\"WebPage\",\"@id\":\"https:\/\/testvet.brainmarketing.ca\/en\/produit\/avi-cakes-gourmet-bird-food-classic\/\",\"url\":\"https:\/\/testvet.brainmarketing.ca\/en\/produit\/avi-cakes-gourmet-bird-food-classic\/\",\"name\":\"Avi-Cakes\u00ae Gourmet Bird Food\u00ae Classic - MonVet\",\"isPartOf\":{\"@id\":\"https:\/\/testvet.brainmarketing.ca\/en\/#website\"},\"primaryImageOfPage\":{\"@id\":\"https:\/\/testvet.brainmarketing.ca\/en\/produit\/avi-cakes-gourmet-bird-food-classic\/#primaryimage\"},\"image\":{\"@id\":\"https:\/\/testvet.brainmarketing.ca\/en\/produit\/avi-cakes-gourmet-bird-food-classic\/#primaryimage\"},\"thumbnailUrl\":\"https:\/\/testvet.brainmarketing.ca\/wp-content\/uploads\/2024\/07\/Avi-Cakes-Gourmet-Bird-Food-Classic.jpeg\",\"datePublished\":\"2024-07-10T11:59:56+00:00\",\"dateModified\":\"2024-07-11T22:10:04+00:00\",\"breadcrumb\":{\"@id\":\"https:\/\/testvet.brainmarketing.ca\/en\/produit\/avi-cakes-gourmet-bird-food-classic\/#breadcrumb\"},\"inLanguage\":\"en-US\",\"potentialAction\":[{\"@type\":\"ReadAction\",\"target\":[\"https:\/\/testvet.brainmarketing.ca\/en\/produit\/avi-cakes-gourmet-bird-food-classic\/\"]}]},{\"@type\":\"ImageObject\",\"inLanguage\":\"en-US\",\"@id\":\"https:\/\/testvet.brainmarketing.ca\/en\/produit\/avi-cakes-gourmet-bird-food-classic\/#primaryimage\",\"url\":\"https:\/\/testvet.brainmarketing.ca\/wp-content\/uploads\/2024\/07\/Avi-Cakes-Gourmet-Bird-Food-Classic.jpeg\",\"contentUrl\":\"https:\/\/testvet.brainmarketing.ca\/wp-content\/uploads\/2024\/07\/Avi-Cakes-Gourmet-Bird-Food-Classic.jpeg\",\"width\":480,\"height\":480},{\"@type\":\"BreadcrumbList\",\"@id\":\"https:\/\/testvet.brainmarketing.ca\/en\/produit\/avi-cakes-gourmet-bird-food-classic\/#breadcrumb\",\"itemListElement\":[{\"@type\":\"ListItem\",\"position\":1,\"name\":\"Catalogue\",\"item\":\"https:\/\/testvet.brainmarketing.ca\/catalogue\/\"},{\"@type\":\"ListItem\",\"position\":2,\"name\":\"Foods\",\"item\":\"https:\/\/testvet.brainmarketing.ca\/en\/product-category\/foods\/\"},{\"@type\":\"ListItem\",\"position\":3,\"name\":\"Avi-Cakes\u00ae Gourmet Bird Food\u00ae Classic\"}]},{\"@type\":\"WebSite\",\"@id\":\"https:\/\/testvet.brainmarketing.ca\/en\/#website\",\"url\":\"https:\/\/testvet.brainmarketing.ca\/en\/\",\"name\":\"MonVet\",\"description\":\"R\u00e9seau v\u00e9t\u00e9rinaires\",\"publisher\":{\"@id\":\"https:\/\/testvet.brainmarketing.ca\/en\/#organization\"},\"potentialAction\":[{\"@type\":\"SearchAction\",\"target\":{\"@type\":\"EntryPoint\",\"urlTemplate\":\"https:\/\/testvet.brainmarketing.ca\/en\/?s={search_term_string}\"},\"query-input\":{\"@type\":\"PropertyValueSpecification\",\"valueRequired\":true,\"valueName\":\"search_term_string\"}}],\"inLanguage\":\"en-US\"},{\"@type\":\"Organization\",\"@id\":\"https:\/\/testvet.brainmarketing.ca\/en\/#organization\",\"name\":\"Brainmarketing\",\"alternateName\":\"Test\",\"url\":\"https:\/\/testvet.brainmarketing.ca\/en\/\",\"logo\":{\"@type\":\"ImageObject\",\"inLanguage\":\"en-US\",\"@id\":\"https:\/\/testvet.brainmarketing.ca\/en\/#\/schema\/logo\/image\/\",\"url\":\"https:\/\/testvet.brainmarketing.ca\/wp-content\/uploads\/Logos-icones\/MonVet.svg\",\"contentUrl\":\"https:\/\/testvet.brainmarketing.ca\/wp-content\/uploads\/Logos-icones\/MonVet.svg\",\"width\":1811,\"height\":603,\"caption\":\"Brainmarketing\"},\"image\":{\"@id\":\"https:\/\/testvet.brainmarketing.ca\/en\/#\/schema\/logo\/image\/\"}}]}<\/script>\n<!-- \/ Yoast SEO plugin. -->","yoast_head_json":{"title":"Avi-Cakes\u00ae Gourmet Bird Food\u00ae Classic - MonVet","robots":{"index":"noindex","follow":"follow","max-snippet":"max-snippet:-1","max-image-preview":"max-image-preview:large","max-video-preview":"max-video-preview:-1"},"og_locale":"en_US","og_type":"article","og_title":"Avi-Cakes\u00ae Gourmet Bird Food\u00ae Classic - MonVet","og_description":"Nourriture compl\u00e8te pour petits oiseaux tels que perruches, cockatiels, ins\u00e9parables et conures.","og_url":"https:\/\/testvet.brainmarketing.ca\/en\/produit\/avi-cakes-gourmet-bird-food-classic\/","og_site_name":"MonVet","article_modified_time":"2024-07-11T22:10:04+00:00","og_image":[{"width":480,"height":480,"url":"https:\/\/testvet.brainmarketing.ca\/wp-content\/uploads\/2024\/07\/Avi-Cakes-Gourmet-Bird-Food-Classic.jpeg","type":"image\/jpeg"}],"twitter_card":"summary_large_image","twitter_misc":{"Est. reading time":"1 minute"},"schema":{"@context":"https:\/\/schema.org","@graph":[{"@type":"WebPage","@id":"https:\/\/testvet.brainmarketing.ca\/en\/produit\/avi-cakes-gourmet-bird-food-classic\/","url":"https:\/\/testvet.brainmarketing.ca\/en\/produit\/avi-cakes-gourmet-bird-food-classic\/","name":"Avi-Cakes\u00ae Gourmet Bird Food\u00ae Classic - MonVet","isPartOf":{"@id":"https:\/\/testvet.brainmarketing.ca\/en\/#website"},"primaryImageOfPage":{"@id":"https:\/\/testvet.brainmarketing.ca\/en\/produit\/avi-cakes-gourmet-bird-food-classic\/#primaryimage"},"image":{"@id":"https:\/\/testvet.brainmarketing.ca\/en\/produit\/avi-cakes-gourmet-bird-food-classic\/#primaryimage"},"thumbnailUrl":"https:\/\/testvet.brainmarketing.ca\/wp-content\/uploads\/2024\/07\/Avi-Cakes-Gourmet-Bird-Food-Classic.jpeg","datePublished":"2024-07-10T11:59:56+00:00","dateModified":"2024-07-11T22:10:04+00:00","breadcrumb":{"@id":"https:\/\/testvet.brainmarketing.ca\/en\/produit\/avi-cakes-gourmet-bird-food-classic\/#breadcrumb"},"inLanguage":"en-US","potentialAction":[{"@type":"ReadAction","target":["https:\/\/testvet.brainmarketing.ca\/en\/produit\/avi-cakes-gourmet-bird-food-classic\/"]}]},{"@type":"ImageObject","inLanguage":"en-US","@id":"https:\/\/testvet.brainmarketing.ca\/en\/produit\/avi-cakes-gourmet-bird-food-classic\/#primaryimage","url":"https:\/\/testvet.brainmarketing.ca\/wp-content\/uploads\/2024\/07\/Avi-Cakes-Gourmet-Bird-Food-Classic.jpeg","contentUrl":"https:\/\/testvet.brainmarketing.ca\/wp-content\/uploads\/2024\/07\/Avi-Cakes-Gourmet-Bird-Food-Classic.jpeg","width":480,"height":480},{"@type":"BreadcrumbList","@id":"https:\/\/testvet.brainmarketing.ca\/en\/produit\/avi-cakes-gourmet-bird-food-classic\/#breadcrumb","itemListElement":[{"@type":"ListItem","position":1,"name":"Catalogue","item":"https:\/\/testvet.brainmarketing.ca\/catalogue\/"},{"@type":"ListItem","position":2,"name":"Foods","item":"https:\/\/testvet.brainmarketing.ca\/en\/product-category\/foods\/"},{"@type":"ListItem","position":3,"name":"Avi-Cakes\u00ae Gourmet Bird Food\u00ae Classic"}]},{"@type":"WebSite","@id":"https:\/\/testvet.brainmarketing.ca\/en\/#website","url":"https:\/\/testvet.brainmarketing.ca\/en\/","name":"MonVet","description":"R\u00e9seau v\u00e9t\u00e9rinaires","publisher":{"@id":"https:\/\/testvet.brainmarketing.ca\/en\/#organization"},"potentialAction":[{"@type":"SearchAction","target":{"@type":"EntryPoint","urlTemplate":"https:\/\/testvet.brainmarketing.ca\/en\/?s={search_term_string}"},"query-input":{"@type":"PropertyValueSpecification","valueRequired":true,"valueName":"search_term_string"}}],"inLanguage":"en-US"},{"@type":"Organization","@id":"https:\/\/testvet.brainmarketing.ca\/en\/#organization","name":"Brainmarketing","alternateName":"Test","url":"https:\/\/testvet.brainmarketing.ca\/en\/","logo":{"@type":"ImageObject","inLanguage":"en-US","@id":"https:\/\/testvet.brainmarketing.ca\/en\/#\/schema\/logo\/image\/","url":"https:\/\/testvet.brainmarketing.ca\/wp-content\/uploads\/Logos-icones\/MonVet.svg","contentUrl":"https:\/\/testvet.brainmarketing.ca\/wp-content\/uploads\/Logos-icones\/MonVet.svg","width":1811,"height":603,"caption":"Brainmarketing"},"image":{"@id":"https:\/\/testvet.brainmarketing.ca\/en\/#\/schema\/logo\/image\/"}}]}},"_links":{"self":[{"href":"https:\/\/testvet.brainmarketing.ca\/en\/wp-json\/wp\/v2\/product\/3026","targetHints":{"allow":["GET"]}}],"collection":[{"href":"https:\/\/testvet.brainmarketing.ca\/en\/wp-json\/wp\/v2\/product"}],"about":[{"href":"https:\/\/testvet.brainmarketing.ca\/en\/wp-json\/wp\/v2\/types\/product"}],"version-history":[{"count":0,"href":"https:\/\/testvet.brainmarketing.ca\/en\/wp-json\/wp\/v2\/product\/3026\/revisions"}],"wp:featuredmedia":[{"embeddable":true,"href":"https:\/\/testvet.brainmarketing.ca\/en\/wp-json\/wp\/v2\/media\/3027"}],"wp:attachment":[{"href":"https:\/\/testvet.brainmarketing.ca\/en\/wp-json\/wp\/v2\/media?parent=3026"}],"wp:term":[{"taxonomy":"product_brand","embeddable":true,"href":"https:\/\/testvet.brainmarketing.ca\/en\/wp-json\/wp\/v2\/product_brand?post=3026"},{"taxonomy":"product_cat","embeddable":true,"href":"https:\/\/testvet.brainmarketing.ca\/en\/wp-json\/wp\/v2\/product_cat?post=3026"},{"taxonomy":"product_tag","embeddable":true,"href":"https:\/\/testvet.brainmarketing.ca\/en\/wp-json\/wp\/v2\/product_tag?post=3026"}],"curies":[{"name":"wp","href":"https:\/\/api.w.org\/{rel}","templated":true}]}}