{"id":3023,"date":"2024-07-10T11:46:42","date_gmt":"2024-07-10T11:46:42","guid":{"rendered":"https:\/\/testvet.brainmarketing.ca\/?post_type=product&#038;p=3023"},"modified":"2024-07-11T18:52:09","modified_gmt":"2024-07-11T18:52:09","slug":"c-d-multicare-chien","status":"publish","type":"product","link":"https:\/\/testvet.brainmarketing.ca\/en\/produit\/c-d-multicare-chien\/","title":{"rendered":"c\/d Multicare"},"content":{"rendered":"<p>Teneurs contr\u00f4l\u00e9es en magn\u00e9sium, calcium et phosphore ce qui r\u00e9duit les \u00e9l\u00e9ments constitutifs des cristaux et des urolithes (pierres urinaires).<\/p>\n<p>Citrate de potassium ajout\u00e9 ce qui aide \u00e0 r\u00e9duire la formation de cristaux et d\u2019urolithes d\u2019oxalate de calcium.<\/p>\n<p>Suppl\u00e9ments d\u2019antioxydants et d\u2019acides gras om\u00e9ga-3 visant \u00e0 cr\u00e9er un milieu peu propice au d\u00e9veloppement des urolithes et \u00e0 diminuer l\u2019inflammation associ\u00e9e \u00e0 l\u2019infection du tractus urinaire et \u00e0 la pr\u00e9sence d\u2019urolithes.<\/p>\n<p>Le sodium en quantit\u00e9 contr\u00f4l\u00e9e permet de diminuer l\u2019excr\u00e9tion de calcium dans l\u2019urine aidant ainsi \u00e0 pr\u00e9venir la formation de calculs d\u2019oxalate de calcium.<\/p>\n<p>Suppl\u00e9ment de glycosaminoglycans (GAG) qui aident la muqueuse v\u00e9sicale \u00e0 se r\u00e9tablir et se fortifier.<\/p>\n","protected":false},"excerpt":{"rendered":"<p>Teneurs contr\u00f4l\u00e9es en magn\u00e9sium, calcium et phosphore ce qui r\u00e9duit les \u00e9l\u00e9ments constitutifs des cristaux et des urolithes (pierres urinaires). Citrate de potassium ajout\u00e9 ce qui aide \u00e0 r\u00e9duire la formation de cristaux et d\u2019urolithes d\u2019oxalate de calcium. Suppl\u00e9ments d\u2019antioxydants et d\u2019acides gras om\u00e9ga-3 visant \u00e0 cr\u00e9er un milieu peu propice au d\u00e9veloppement des urolithes [&hellip;]<\/p>\n","protected":false},"featured_media":3356,"template":"","meta":{"_acf_changed":false},"product_brand":[],"product_cat":[208,214],"product_tag":[209],"class_list":{"0":"post-3023","1":"product","2":"type-product","3":"status-publish","4":"has-post-thumbnail","6":"product_cat-nourritures","7":"product_cat-hills-prescription-diet","8":"product_tag-chiens","10":"first","11":"instock","12":"shipping-taxable","13":"product-type-simple"},"acf":[],"yoast_head":"<!-- This site is optimized with the Yoast SEO plugin v24.6 - https:\/\/yoast.com\/wordpress\/plugins\/seo\/ -->\n<title>c\/d Multicare - MonVet<\/title>\n<meta name=\"robots\" content=\"noindex, follow, max-snippet:-1, max-image-preview:large, max-video-preview:-1\" \/>\n<meta property=\"og:locale\" content=\"en_US\" \/>\n<meta property=\"og:type\" content=\"article\" \/>\n<meta property=\"og:title\" content=\"c\/d Multicare - MonVet\" \/>\n<meta property=\"og:description\" content=\"Teneurs contr\u00f4l\u00e9es en magn\u00e9sium, calcium et phosphore ce qui r\u00e9duit les \u00e9l\u00e9ments constitutifs des cristaux et des urolithes (pierres urinaires). Citrate de potassium ajout\u00e9 ce qui aide \u00e0 r\u00e9duire la formation de cristaux et d\u2019urolithes d\u2019oxalate de calcium. Suppl\u00e9ments d\u2019antioxydants et d\u2019acides gras om\u00e9ga-3 visant \u00e0 cr\u00e9er un milieu peu propice au d\u00e9veloppement des urolithes [&hellip;]\" \/>\n<meta property=\"og:url\" content=\"https:\/\/testvet.brainmarketing.ca\/en\/produit\/c-d-multicare-chien\/\" \/>\n<meta property=\"og:site_name\" content=\"MonVet\" \/>\n<meta property=\"article:modified_time\" content=\"2024-07-11T18:52:09+00:00\" \/>\n<meta property=\"og:image\" content=\"https:\/\/testvet.brainmarketing.ca\/wp-content\/uploads\/2024\/07\/pd-cd-multicare-canine-group.webp\" \/>\n\t<meta property=\"og:image:width\" content=\"600\" \/>\n\t<meta property=\"og:image:height\" content=\"600\" \/>\n\t<meta property=\"og:image:type\" content=\"image\/webp\" \/>\n<meta name=\"twitter:card\" content=\"summary_large_image\" \/>\n<meta name=\"twitter:label1\" content=\"Est. reading time\" \/>\n\t<meta name=\"twitter:data1\" content=\"1 minute\" \/>\n<script type=\"application\/ld+json\" class=\"yoast-schema-graph\">{\"@context\":\"https:\/\/schema.org\",\"@graph\":[{\"@type\":\"WebPage\",\"@id\":\"https:\/\/testvet.brainmarketing.ca\/en\/produit\/c-d-multicare-chien\/\",\"url\":\"https:\/\/testvet.brainmarketing.ca\/en\/produit\/c-d-multicare-chien\/\",\"name\":\"c\/d Multicare - MonVet\",\"isPartOf\":{\"@id\":\"https:\/\/testvet.brainmarketing.ca\/en\/#website\"},\"primaryImageOfPage\":{\"@id\":\"https:\/\/testvet.brainmarketing.ca\/en\/produit\/c-d-multicare-chien\/#primaryimage\"},\"image\":{\"@id\":\"https:\/\/testvet.brainmarketing.ca\/en\/produit\/c-d-multicare-chien\/#primaryimage\"},\"thumbnailUrl\":\"https:\/\/testvet.brainmarketing.ca\/wp-content\/uploads\/2024\/07\/pd-cd-multicare-canine-group.webp\",\"datePublished\":\"2024-07-10T11:46:42+00:00\",\"dateModified\":\"2024-07-11T18:52:09+00:00\",\"breadcrumb\":{\"@id\":\"https:\/\/testvet.brainmarketing.ca\/en\/produit\/c-d-multicare-chien\/#breadcrumb\"},\"inLanguage\":\"en-US\",\"potentialAction\":[{\"@type\":\"ReadAction\",\"target\":[\"https:\/\/testvet.brainmarketing.ca\/en\/produit\/c-d-multicare-chien\/\"]}]},{\"@type\":\"ImageObject\",\"inLanguage\":\"en-US\",\"@id\":\"https:\/\/testvet.brainmarketing.ca\/en\/produit\/c-d-multicare-chien\/#primaryimage\",\"url\":\"https:\/\/testvet.brainmarketing.ca\/wp-content\/uploads\/2024\/07\/pd-cd-multicare-canine-group.webp\",\"contentUrl\":\"https:\/\/testvet.brainmarketing.ca\/wp-content\/uploads\/2024\/07\/pd-cd-multicare-canine-group.webp\",\"width\":600,\"height\":600},{\"@type\":\"BreadcrumbList\",\"@id\":\"https:\/\/testvet.brainmarketing.ca\/en\/produit\/c-d-multicare-chien\/#breadcrumb\",\"itemListElement\":[{\"@type\":\"ListItem\",\"position\":1,\"name\":\"Catalogue\",\"item\":\"https:\/\/testvet.brainmarketing.ca\/catalogue\/\"},{\"@type\":\"ListItem\",\"position\":2,\"name\":\"Foods\",\"item\":\"https:\/\/testvet.brainmarketing.ca\/en\/product-category\/foods\/\"},{\"@type\":\"ListItem\",\"position\":3,\"name\":\"c\/d Multicare\"}]},{\"@type\":\"WebSite\",\"@id\":\"https:\/\/testvet.brainmarketing.ca\/en\/#website\",\"url\":\"https:\/\/testvet.brainmarketing.ca\/en\/\",\"name\":\"MonVet\",\"description\":\"R\u00e9seau v\u00e9t\u00e9rinaires\",\"publisher\":{\"@id\":\"https:\/\/testvet.brainmarketing.ca\/en\/#organization\"},\"potentialAction\":[{\"@type\":\"SearchAction\",\"target\":{\"@type\":\"EntryPoint\",\"urlTemplate\":\"https:\/\/testvet.brainmarketing.ca\/en\/?s={search_term_string}\"},\"query-input\":{\"@type\":\"PropertyValueSpecification\",\"valueRequired\":true,\"valueName\":\"search_term_string\"}}],\"inLanguage\":\"en-US\"},{\"@type\":\"Organization\",\"@id\":\"https:\/\/testvet.brainmarketing.ca\/en\/#organization\",\"name\":\"Brainmarketing\",\"alternateName\":\"Test\",\"url\":\"https:\/\/testvet.brainmarketing.ca\/en\/\",\"logo\":{\"@type\":\"ImageObject\",\"inLanguage\":\"en-US\",\"@id\":\"https:\/\/testvet.brainmarketing.ca\/en\/#\/schema\/logo\/image\/\",\"url\":\"https:\/\/testvet.brainmarketing.ca\/wp-content\/uploads\/Logos-icones\/MonVet.svg\",\"contentUrl\":\"https:\/\/testvet.brainmarketing.ca\/wp-content\/uploads\/Logos-icones\/MonVet.svg\",\"width\":1811,\"height\":603,\"caption\":\"Brainmarketing\"},\"image\":{\"@id\":\"https:\/\/testvet.brainmarketing.ca\/en\/#\/schema\/logo\/image\/\"}}]}<\/script>\n<!-- \/ Yoast SEO plugin. -->","yoast_head_json":{"title":"c\/d Multicare - MonVet","robots":{"index":"noindex","follow":"follow","max-snippet":"max-snippet:-1","max-image-preview":"max-image-preview:large","max-video-preview":"max-video-preview:-1"},"og_locale":"en_US","og_type":"article","og_title":"c\/d Multicare - MonVet","og_description":"Teneurs contr\u00f4l\u00e9es en magn\u00e9sium, calcium et phosphore ce qui r\u00e9duit les \u00e9l\u00e9ments constitutifs des cristaux et des urolithes (pierres urinaires). Citrate de potassium ajout\u00e9 ce qui aide \u00e0 r\u00e9duire la formation de cristaux et d\u2019urolithes d\u2019oxalate de calcium. Suppl\u00e9ments d\u2019antioxydants et d\u2019acides gras om\u00e9ga-3 visant \u00e0 cr\u00e9er un milieu peu propice au d\u00e9veloppement des urolithes [&hellip;]","og_url":"https:\/\/testvet.brainmarketing.ca\/en\/produit\/c-d-multicare-chien\/","og_site_name":"MonVet","article_modified_time":"2024-07-11T18:52:09+00:00","og_image":[{"width":600,"height":600,"url":"https:\/\/testvet.brainmarketing.ca\/wp-content\/uploads\/2024\/07\/pd-cd-multicare-canine-group.webp","type":"image\/webp"}],"twitter_card":"summary_large_image","twitter_misc":{"Est. reading time":"1 minute"},"schema":{"@context":"https:\/\/schema.org","@graph":[{"@type":"WebPage","@id":"https:\/\/testvet.brainmarketing.ca\/en\/produit\/c-d-multicare-chien\/","url":"https:\/\/testvet.brainmarketing.ca\/en\/produit\/c-d-multicare-chien\/","name":"c\/d Multicare - MonVet","isPartOf":{"@id":"https:\/\/testvet.brainmarketing.ca\/en\/#website"},"primaryImageOfPage":{"@id":"https:\/\/testvet.brainmarketing.ca\/en\/produit\/c-d-multicare-chien\/#primaryimage"},"image":{"@id":"https:\/\/testvet.brainmarketing.ca\/en\/produit\/c-d-multicare-chien\/#primaryimage"},"thumbnailUrl":"https:\/\/testvet.brainmarketing.ca\/wp-content\/uploads\/2024\/07\/pd-cd-multicare-canine-group.webp","datePublished":"2024-07-10T11:46:42+00:00","dateModified":"2024-07-11T18:52:09+00:00","breadcrumb":{"@id":"https:\/\/testvet.brainmarketing.ca\/en\/produit\/c-d-multicare-chien\/#breadcrumb"},"inLanguage":"en-US","potentialAction":[{"@type":"ReadAction","target":["https:\/\/testvet.brainmarketing.ca\/en\/produit\/c-d-multicare-chien\/"]}]},{"@type":"ImageObject","inLanguage":"en-US","@id":"https:\/\/testvet.brainmarketing.ca\/en\/produit\/c-d-multicare-chien\/#primaryimage","url":"https:\/\/testvet.brainmarketing.ca\/wp-content\/uploads\/2024\/07\/pd-cd-multicare-canine-group.webp","contentUrl":"https:\/\/testvet.brainmarketing.ca\/wp-content\/uploads\/2024\/07\/pd-cd-multicare-canine-group.webp","width":600,"height":600},{"@type":"BreadcrumbList","@id":"https:\/\/testvet.brainmarketing.ca\/en\/produit\/c-d-multicare-chien\/#breadcrumb","itemListElement":[{"@type":"ListItem","position":1,"name":"Catalogue","item":"https:\/\/testvet.brainmarketing.ca\/catalogue\/"},{"@type":"ListItem","position":2,"name":"Foods","item":"https:\/\/testvet.brainmarketing.ca\/en\/product-category\/foods\/"},{"@type":"ListItem","position":3,"name":"c\/d Multicare"}]},{"@type":"WebSite","@id":"https:\/\/testvet.brainmarketing.ca\/en\/#website","url":"https:\/\/testvet.brainmarketing.ca\/en\/","name":"MonVet","description":"R\u00e9seau v\u00e9t\u00e9rinaires","publisher":{"@id":"https:\/\/testvet.brainmarketing.ca\/en\/#organization"},"potentialAction":[{"@type":"SearchAction","target":{"@type":"EntryPoint","urlTemplate":"https:\/\/testvet.brainmarketing.ca\/en\/?s={search_term_string}"},"query-input":{"@type":"PropertyValueSpecification","valueRequired":true,"valueName":"search_term_string"}}],"inLanguage":"en-US"},{"@type":"Organization","@id":"https:\/\/testvet.brainmarketing.ca\/en\/#organization","name":"Brainmarketing","alternateName":"Test","url":"https:\/\/testvet.brainmarketing.ca\/en\/","logo":{"@type":"ImageObject","inLanguage":"en-US","@id":"https:\/\/testvet.brainmarketing.ca\/en\/#\/schema\/logo\/image\/","url":"https:\/\/testvet.brainmarketing.ca\/wp-content\/uploads\/Logos-icones\/MonVet.svg","contentUrl":"https:\/\/testvet.brainmarketing.ca\/wp-content\/uploads\/Logos-icones\/MonVet.svg","width":1811,"height":603,"caption":"Brainmarketing"},"image":{"@id":"https:\/\/testvet.brainmarketing.ca\/en\/#\/schema\/logo\/image\/"}}]}},"_links":{"self":[{"href":"https:\/\/testvet.brainmarketing.ca\/en\/wp-json\/wp\/v2\/product\/3023","targetHints":{"allow":["GET"]}}],"collection":[{"href":"https:\/\/testvet.brainmarketing.ca\/en\/wp-json\/wp\/v2\/product"}],"about":[{"href":"https:\/\/testvet.brainmarketing.ca\/en\/wp-json\/wp\/v2\/types\/product"}],"version-history":[{"count":1,"href":"https:\/\/testvet.brainmarketing.ca\/en\/wp-json\/wp\/v2\/product\/3023\/revisions"}],"predecessor-version":[{"id":3345,"href":"https:\/\/testvet.brainmarketing.ca\/en\/wp-json\/wp\/v2\/product\/3023\/revisions\/3345"}],"wp:featuredmedia":[{"embeddable":true,"href":"https:\/\/testvet.brainmarketing.ca\/en\/wp-json\/wp\/v2\/media\/3356"}],"wp:attachment":[{"href":"https:\/\/testvet.brainmarketing.ca\/en\/wp-json\/wp\/v2\/media?parent=3023"}],"wp:term":[{"taxonomy":"product_brand","embeddable":true,"href":"https:\/\/testvet.brainmarketing.ca\/en\/wp-json\/wp\/v2\/product_brand?post=3023"},{"taxonomy":"product_cat","embeddable":true,"href":"https:\/\/testvet.brainmarketing.ca\/en\/wp-json\/wp\/v2\/product_cat?post=3023"},{"taxonomy":"product_tag","embeddable":true,"href":"https:\/\/testvet.brainmarketing.ca\/en\/wp-json\/wp\/v2\/product_tag?post=3023"}],"curies":[{"name":"wp","href":"https:\/\/api.w.org\/{rel}","templated":true}]}}