{"id":3005,"date":"2024-07-09T19:48:26","date_gmt":"2024-07-09T19:48:26","guid":{"rendered":"https:\/\/testvet.brainmarketing.ca\/?post_type=product&#038;p=3005"},"modified":"2024-07-11T18:09:33","modified_gmt":"2024-07-11T18:09:33","slug":"c-d-multicare","status":"publish","type":"product","link":"https:\/\/testvet.brainmarketing.ca\/en\/produit\/c-d-multicare\/","title":{"rendered":"c\/d Multicare et Multicare Stress"},"content":{"rendered":"<p>Teneurs contr\u00f4l\u00e9es en magn\u00e9sium, calcium et phosphore ce qui r\u00e9duit les \u00e9l\u00e9ments constitutifs des cristaux et des urolithes (pierres urinaires).<\/p>\n<p>Citrate de potassium ajout\u00e9 ce qui aide \u00e0 r\u00e9duire la formation de cristaux et d\u2019urolithes d\u2019oxalate de calcium.<\/p>\n<p>Teneur \u00e9lev\u00e9e en antioxydants cr\u00e9ant un milieu d\u00e9favorable au d\u00e9veloppement des urolithes.<\/p>\n<p>Teneur \u00e9lev\u00e9e en acides gras om\u00e9ga-3 aidant \u00e0 rompre le cycle inflammatoire associ\u00e9 aux urolithes, aux cristaux et \u00e0 la cystite idiopathique f\u00e9line.<\/p>\n<p>Aide \u00e0 maintenir un pH urinaire entre 6,2 et 6,4 contribuant ainsi \u00e0 pr\u00e9venir la formation de struvite tout en ayant avec un impact minimal sur la formation d\u2019oxalate de calcium.<\/p>\n<p>Les nutritionnistes et les v\u00e9t\u00e9rinaires de Hill\u2019s ont \u00e9labor\u00e9 la nourriture clinique\u00a0<b><span class=\"nowrap\">Prescription\u00a0Diet<\/span>\u00a0c\/d Multicare Stress,<\/b>\u00a0sp\u00e9cialement formul\u00e9e pour fortifier la sant\u00e9 urinaire des chats tout en g\u00e9rant leur stress. Dans les faits, la nourriture\u00a0<b>c\/d Multicare Stress<\/b>\u00a0est test\u00e9e en clinique et formul\u00e9e pour r\u00e9duire de 89\u00a0% le taux de r\u00e9currence des signes urinaires les plus fr\u00e9quents.<\/p>\n","protected":false},"excerpt":{"rendered":"<p>Teneurs contr\u00f4l\u00e9es en magn\u00e9sium, calcium et phosphore ce qui r\u00e9duit les \u00e9l\u00e9ments constitutifs des cristaux et des urolithes (pierres urinaires). Citrate de potassium ajout\u00e9 ce qui aide \u00e0 r\u00e9duire la formation de cristaux et d\u2019urolithes d\u2019oxalate de calcium. Teneur \u00e9lev\u00e9e en antioxydants cr\u00e9ant un milieu d\u00e9favorable au d\u00e9veloppement des urolithes. Teneur \u00e9lev\u00e9e en acides gras [&hellip;]<\/p>\n","protected":false},"featured_media":3351,"template":"","meta":{"_acf_changed":false},"product_brand":[],"product_cat":[208,214],"product_tag":[207],"class_list":{"0":"post-3005","1":"product","2":"type-product","3":"status-publish","4":"has-post-thumbnail","6":"product_cat-nourritures","7":"product_cat-hills-prescription-diet","8":"product_tag-chats","10":"first","11":"instock","12":"shipping-taxable","13":"product-type-simple"},"acf":[],"yoast_head":"<!-- This site is optimized with the Yoast SEO plugin v24.6 - https:\/\/yoast.com\/wordpress\/plugins\/seo\/ -->\n<title>c\/d Multicare et Multicare Stress - MonVet<\/title>\n<meta name=\"robots\" content=\"noindex, follow, max-snippet:-1, max-image-preview:large, max-video-preview:-1\" \/>\n<meta property=\"og:locale\" content=\"en_US\" \/>\n<meta property=\"og:type\" content=\"article\" \/>\n<meta property=\"og:title\" content=\"c\/d Multicare et Multicare Stress - MonVet\" \/>\n<meta property=\"og:description\" content=\"Teneurs contr\u00f4l\u00e9es en magn\u00e9sium, calcium et phosphore ce qui r\u00e9duit les \u00e9l\u00e9ments constitutifs des cristaux et des urolithes (pierres urinaires). Citrate de potassium ajout\u00e9 ce qui aide \u00e0 r\u00e9duire la formation de cristaux et d\u2019urolithes d\u2019oxalate de calcium. Teneur \u00e9lev\u00e9e en antioxydants cr\u00e9ant un milieu d\u00e9favorable au d\u00e9veloppement des urolithes. Teneur \u00e9lev\u00e9e en acides gras [&hellip;]\" \/>\n<meta property=\"og:url\" content=\"https:\/\/testvet.brainmarketing.ca\/en\/produit\/c-d-multicare\/\" \/>\n<meta property=\"og:site_name\" content=\"MonVet\" \/>\n<meta property=\"article:modified_time\" content=\"2024-07-11T18:09:33+00:00\" \/>\n<meta property=\"og:image\" content=\"https:\/\/testvet.brainmarketing.ca\/wp-content\/uploads\/2024\/07\/Hills_product_group-feline-urinary-multi.webp\" \/>\n\t<meta property=\"og:image:width\" content=\"600\" \/>\n\t<meta property=\"og:image:height\" content=\"600\" \/>\n\t<meta property=\"og:image:type\" content=\"image\/webp\" \/>\n<meta name=\"twitter:card\" content=\"summary_large_image\" \/>\n<meta name=\"twitter:label1\" content=\"Est. reading time\" \/>\n\t<meta name=\"twitter:data1\" content=\"1 minute\" \/>\n<script type=\"application\/ld+json\" class=\"yoast-schema-graph\">{\"@context\":\"https:\/\/schema.org\",\"@graph\":[{\"@type\":\"WebPage\",\"@id\":\"https:\/\/testvet.brainmarketing.ca\/en\/produit\/c-d-multicare\/\",\"url\":\"https:\/\/testvet.brainmarketing.ca\/en\/produit\/c-d-multicare\/\",\"name\":\"c\/d Multicare et Multicare Stress - MonVet\",\"isPartOf\":{\"@id\":\"https:\/\/testvet.brainmarketing.ca\/en\/#website\"},\"primaryImageOfPage\":{\"@id\":\"https:\/\/testvet.brainmarketing.ca\/en\/produit\/c-d-multicare\/#primaryimage\"},\"image\":{\"@id\":\"https:\/\/testvet.brainmarketing.ca\/en\/produit\/c-d-multicare\/#primaryimage\"},\"thumbnailUrl\":\"https:\/\/testvet.brainmarketing.ca\/wp-content\/uploads\/2024\/07\/Hills_product_group-feline-urinary-multi.webp\",\"datePublished\":\"2024-07-09T19:48:26+00:00\",\"dateModified\":\"2024-07-11T18:09:33+00:00\",\"breadcrumb\":{\"@id\":\"https:\/\/testvet.brainmarketing.ca\/en\/produit\/c-d-multicare\/#breadcrumb\"},\"inLanguage\":\"en-US\",\"potentialAction\":[{\"@type\":\"ReadAction\",\"target\":[\"https:\/\/testvet.brainmarketing.ca\/en\/produit\/c-d-multicare\/\"]}]},{\"@type\":\"ImageObject\",\"inLanguage\":\"en-US\",\"@id\":\"https:\/\/testvet.brainmarketing.ca\/en\/produit\/c-d-multicare\/#primaryimage\",\"url\":\"https:\/\/testvet.brainmarketing.ca\/wp-content\/uploads\/2024\/07\/Hills_product_group-feline-urinary-multi.webp\",\"contentUrl\":\"https:\/\/testvet.brainmarketing.ca\/wp-content\/uploads\/2024\/07\/Hills_product_group-feline-urinary-multi.webp\",\"width\":600,\"height\":600},{\"@type\":\"BreadcrumbList\",\"@id\":\"https:\/\/testvet.brainmarketing.ca\/en\/produit\/c-d-multicare\/#breadcrumb\",\"itemListElement\":[{\"@type\":\"ListItem\",\"position\":1,\"name\":\"Catalogue\",\"item\":\"https:\/\/testvet.brainmarketing.ca\/catalogue\/\"},{\"@type\":\"ListItem\",\"position\":2,\"name\":\"Foods\",\"item\":\"https:\/\/testvet.brainmarketing.ca\/en\/product-category\/foods\/\"},{\"@type\":\"ListItem\",\"position\":3,\"name\":\"c\/d Multicare et Multicare Stress\"}]},{\"@type\":\"WebSite\",\"@id\":\"https:\/\/testvet.brainmarketing.ca\/en\/#website\",\"url\":\"https:\/\/testvet.brainmarketing.ca\/en\/\",\"name\":\"MonVet\",\"description\":\"R\u00e9seau v\u00e9t\u00e9rinaires\",\"publisher\":{\"@id\":\"https:\/\/testvet.brainmarketing.ca\/en\/#organization\"},\"potentialAction\":[{\"@type\":\"SearchAction\",\"target\":{\"@type\":\"EntryPoint\",\"urlTemplate\":\"https:\/\/testvet.brainmarketing.ca\/en\/?s={search_term_string}\"},\"query-input\":{\"@type\":\"PropertyValueSpecification\",\"valueRequired\":true,\"valueName\":\"search_term_string\"}}],\"inLanguage\":\"en-US\"},{\"@type\":\"Organization\",\"@id\":\"https:\/\/testvet.brainmarketing.ca\/en\/#organization\",\"name\":\"Brainmarketing\",\"alternateName\":\"Test\",\"url\":\"https:\/\/testvet.brainmarketing.ca\/en\/\",\"logo\":{\"@type\":\"ImageObject\",\"inLanguage\":\"en-US\",\"@id\":\"https:\/\/testvet.brainmarketing.ca\/en\/#\/schema\/logo\/image\/\",\"url\":\"https:\/\/testvet.brainmarketing.ca\/wp-content\/uploads\/Logos-icones\/MonVet.svg\",\"contentUrl\":\"https:\/\/testvet.brainmarketing.ca\/wp-content\/uploads\/Logos-icones\/MonVet.svg\",\"width\":1811,\"height\":603,\"caption\":\"Brainmarketing\"},\"image\":{\"@id\":\"https:\/\/testvet.brainmarketing.ca\/en\/#\/schema\/logo\/image\/\"}}]}<\/script>\n<!-- \/ Yoast SEO plugin. -->","yoast_head_json":{"title":"c\/d Multicare et Multicare Stress - MonVet","robots":{"index":"noindex","follow":"follow","max-snippet":"max-snippet:-1","max-image-preview":"max-image-preview:large","max-video-preview":"max-video-preview:-1"},"og_locale":"en_US","og_type":"article","og_title":"c\/d Multicare et Multicare Stress - MonVet","og_description":"Teneurs contr\u00f4l\u00e9es en magn\u00e9sium, calcium et phosphore ce qui r\u00e9duit les \u00e9l\u00e9ments constitutifs des cristaux et des urolithes (pierres urinaires). Citrate de potassium ajout\u00e9 ce qui aide \u00e0 r\u00e9duire la formation de cristaux et d\u2019urolithes d\u2019oxalate de calcium. Teneur \u00e9lev\u00e9e en antioxydants cr\u00e9ant un milieu d\u00e9favorable au d\u00e9veloppement des urolithes. Teneur \u00e9lev\u00e9e en acides gras [&hellip;]","og_url":"https:\/\/testvet.brainmarketing.ca\/en\/produit\/c-d-multicare\/","og_site_name":"MonVet","article_modified_time":"2024-07-11T18:09:33+00:00","og_image":[{"width":600,"height":600,"url":"https:\/\/testvet.brainmarketing.ca\/wp-content\/uploads\/2024\/07\/Hills_product_group-feline-urinary-multi.webp","type":"image\/webp"}],"twitter_card":"summary_large_image","twitter_misc":{"Est. reading time":"1 minute"},"schema":{"@context":"https:\/\/schema.org","@graph":[{"@type":"WebPage","@id":"https:\/\/testvet.brainmarketing.ca\/en\/produit\/c-d-multicare\/","url":"https:\/\/testvet.brainmarketing.ca\/en\/produit\/c-d-multicare\/","name":"c\/d Multicare et Multicare Stress - MonVet","isPartOf":{"@id":"https:\/\/testvet.brainmarketing.ca\/en\/#website"},"primaryImageOfPage":{"@id":"https:\/\/testvet.brainmarketing.ca\/en\/produit\/c-d-multicare\/#primaryimage"},"image":{"@id":"https:\/\/testvet.brainmarketing.ca\/en\/produit\/c-d-multicare\/#primaryimage"},"thumbnailUrl":"https:\/\/testvet.brainmarketing.ca\/wp-content\/uploads\/2024\/07\/Hills_product_group-feline-urinary-multi.webp","datePublished":"2024-07-09T19:48:26+00:00","dateModified":"2024-07-11T18:09:33+00:00","breadcrumb":{"@id":"https:\/\/testvet.brainmarketing.ca\/en\/produit\/c-d-multicare\/#breadcrumb"},"inLanguage":"en-US","potentialAction":[{"@type":"ReadAction","target":["https:\/\/testvet.brainmarketing.ca\/en\/produit\/c-d-multicare\/"]}]},{"@type":"ImageObject","inLanguage":"en-US","@id":"https:\/\/testvet.brainmarketing.ca\/en\/produit\/c-d-multicare\/#primaryimage","url":"https:\/\/testvet.brainmarketing.ca\/wp-content\/uploads\/2024\/07\/Hills_product_group-feline-urinary-multi.webp","contentUrl":"https:\/\/testvet.brainmarketing.ca\/wp-content\/uploads\/2024\/07\/Hills_product_group-feline-urinary-multi.webp","width":600,"height":600},{"@type":"BreadcrumbList","@id":"https:\/\/testvet.brainmarketing.ca\/en\/produit\/c-d-multicare\/#breadcrumb","itemListElement":[{"@type":"ListItem","position":1,"name":"Catalogue","item":"https:\/\/testvet.brainmarketing.ca\/catalogue\/"},{"@type":"ListItem","position":2,"name":"Foods","item":"https:\/\/testvet.brainmarketing.ca\/en\/product-category\/foods\/"},{"@type":"ListItem","position":3,"name":"c\/d Multicare et Multicare Stress"}]},{"@type":"WebSite","@id":"https:\/\/testvet.brainmarketing.ca\/en\/#website","url":"https:\/\/testvet.brainmarketing.ca\/en\/","name":"MonVet","description":"R\u00e9seau v\u00e9t\u00e9rinaires","publisher":{"@id":"https:\/\/testvet.brainmarketing.ca\/en\/#organization"},"potentialAction":[{"@type":"SearchAction","target":{"@type":"EntryPoint","urlTemplate":"https:\/\/testvet.brainmarketing.ca\/en\/?s={search_term_string}"},"query-input":{"@type":"PropertyValueSpecification","valueRequired":true,"valueName":"search_term_string"}}],"inLanguage":"en-US"},{"@type":"Organization","@id":"https:\/\/testvet.brainmarketing.ca\/en\/#organization","name":"Brainmarketing","alternateName":"Test","url":"https:\/\/testvet.brainmarketing.ca\/en\/","logo":{"@type":"ImageObject","inLanguage":"en-US","@id":"https:\/\/testvet.brainmarketing.ca\/en\/#\/schema\/logo\/image\/","url":"https:\/\/testvet.brainmarketing.ca\/wp-content\/uploads\/Logos-icones\/MonVet.svg","contentUrl":"https:\/\/testvet.brainmarketing.ca\/wp-content\/uploads\/Logos-icones\/MonVet.svg","width":1811,"height":603,"caption":"Brainmarketing"},"image":{"@id":"https:\/\/testvet.brainmarketing.ca\/en\/#\/schema\/logo\/image\/"}}]}},"_links":{"self":[{"href":"https:\/\/testvet.brainmarketing.ca\/en\/wp-json\/wp\/v2\/product\/3005","targetHints":{"allow":["GET"]}}],"collection":[{"href":"https:\/\/testvet.brainmarketing.ca\/en\/wp-json\/wp\/v2\/product"}],"about":[{"href":"https:\/\/testvet.brainmarketing.ca\/en\/wp-json\/wp\/v2\/types\/product"}],"version-history":[{"count":1,"href":"https:\/\/testvet.brainmarketing.ca\/en\/wp-json\/wp\/v2\/product\/3005\/revisions"}],"predecessor-version":[{"id":3346,"href":"https:\/\/testvet.brainmarketing.ca\/en\/wp-json\/wp\/v2\/product\/3005\/revisions\/3346"}],"wp:featuredmedia":[{"embeddable":true,"href":"https:\/\/testvet.brainmarketing.ca\/en\/wp-json\/wp\/v2\/media\/3351"}],"wp:attachment":[{"href":"https:\/\/testvet.brainmarketing.ca\/en\/wp-json\/wp\/v2\/media?parent=3005"}],"wp:term":[{"taxonomy":"product_brand","embeddable":true,"href":"https:\/\/testvet.brainmarketing.ca\/en\/wp-json\/wp\/v2\/product_brand?post=3005"},{"taxonomy":"product_cat","embeddable":true,"href":"https:\/\/testvet.brainmarketing.ca\/en\/wp-json\/wp\/v2\/product_cat?post=3005"},{"taxonomy":"product_tag","embeddable":true,"href":"https:\/\/testvet.brainmarketing.ca\/en\/wp-json\/wp\/v2\/product_tag?post=3005"}],"curies":[{"name":"wp","href":"https:\/\/api.w.org\/{rel}","templated":true}]}}