{"id":2269,"date":"2024-07-02T19:40:08","date_gmt":"2024-07-02T19:40:08","guid":{"rendered":"https:\/\/testvet.brainmarketing.ca\/?post_type=product&#038;p=2269"},"modified":"2024-07-12T12:41:24","modified_gmt":"2024-07-12T12:41:24","slug":"feliway-diffuseur","status":"publish","type":"product","link":"https:\/\/testvet.brainmarketing.ca\/en\/produit\/feliway-diffuseur\/","title":{"rendered":"FELIWAY Classic Diffuseur"},"content":{"rendered":"<p>Il s\u2019agit de ph\u00e9romones synth\u00e9tiques cr\u00e9\u00e9es pour imiter l\u2019action des ph\u00e9romones faciales produites naturellement par les chats dans le but de marquer le territoire qui leur est s\u00e9curitaire et familier ainsi que celles produites par les chattes allaitantes pour aider leurs chatons \u00e0 se sentir en s\u00e9curit\u00e9 et cr\u00e9er un lien harmonieux entre eux.<\/p>\n","protected":false},"excerpt":{"rendered":"<p>Le diffuseur FELIWAY CLASSIC repr\u00e9sente une solution id\u00e9ale pour aider les chats \u00e0 se sentir bien dans leur environnement et aide \u00e0 corriger les comportements comme le marquage urinaire, les griffades ou la tendance \u00e0 se cacher.<\/p>\n","protected":false},"featured_media":3174,"template":"","meta":{"_acf_changed":false},"product_brand":[],"product_cat":[174,175],"product_tag":[207],"class_list":{"0":"post-2269","1":"product","2":"type-product","3":"status-publish","4":"has-post-thumbnail","6":"product_cat-comportement","7":"product_cat-pheromones-et-produits-naturels","8":"product_tag-chats","10":"first","11":"instock","12":"shipping-taxable","13":"product-type-simple"},"acf":[],"yoast_head":"<!-- This site is optimized with the Yoast SEO plugin v24.6 - https:\/\/yoast.com\/wordpress\/plugins\/seo\/ -->\n<title>FELIWAY Classic Diffuseur - MonVet<\/title>\n<meta name=\"robots\" content=\"noindex, follow, max-snippet:-1, max-image-preview:large, max-video-preview:-1\" \/>\n<meta property=\"og:locale\" content=\"en_US\" \/>\n<meta property=\"og:type\" content=\"article\" \/>\n<meta property=\"og:title\" content=\"FELIWAY Classic Diffuseur - MonVet\" \/>\n<meta property=\"og:description\" content=\"Le diffuseur FELIWAY CLASSIC repr\u00e9sente une solution id\u00e9ale pour aider les chats \u00e0 se sentir bien dans leur environnement et aide \u00e0 corriger les comportements comme le marquage urinaire, les griffades ou la tendance \u00e0 se cacher.\" \/>\n<meta property=\"og:url\" content=\"https:\/\/testvet.brainmarketing.ca\/en\/produit\/feliway-diffuseur\/\" \/>\n<meta property=\"og:site_name\" content=\"MonVet\" \/>\n<meta property=\"article:modified_time\" content=\"2024-07-12T12:41:24+00:00\" \/>\n<meta property=\"og:image\" content=\"https:\/\/testvet.brainmarketing.ca\/wp-content\/uploads\/2024\/07\/feliway-diffuseur-classic.webp\" \/>\n\t<meta property=\"og:image:width\" content=\"1200\" \/>\n\t<meta property=\"og:image:height\" content=\"1200\" \/>\n\t<meta property=\"og:image:type\" content=\"image\/webp\" \/>\n<meta name=\"twitter:card\" content=\"summary_large_image\" \/>\n<meta name=\"twitter:label1\" content=\"Est. reading time\" \/>\n\t<meta name=\"twitter:data1\" content=\"1 minute\" \/>\n<script type=\"application\/ld+json\" class=\"yoast-schema-graph\">{\"@context\":\"https:\/\/schema.org\",\"@graph\":[{\"@type\":\"WebPage\",\"@id\":\"https:\/\/testvet.brainmarketing.ca\/en\/produit\/feliway-diffuseur\/\",\"url\":\"https:\/\/testvet.brainmarketing.ca\/en\/produit\/feliway-diffuseur\/\",\"name\":\"FELIWAY Classic Diffuseur - MonVet\",\"isPartOf\":{\"@id\":\"https:\/\/testvet.brainmarketing.ca\/en\/#website\"},\"primaryImageOfPage\":{\"@id\":\"https:\/\/testvet.brainmarketing.ca\/en\/produit\/feliway-diffuseur\/#primaryimage\"},\"image\":{\"@id\":\"https:\/\/testvet.brainmarketing.ca\/en\/produit\/feliway-diffuseur\/#primaryimage\"},\"thumbnailUrl\":\"https:\/\/testvet.brainmarketing.ca\/wp-content\/uploads\/2024\/07\/feliway-diffuseur-classic.webp\",\"datePublished\":\"2024-07-02T19:40:08+00:00\",\"dateModified\":\"2024-07-12T12:41:24+00:00\",\"breadcrumb\":{\"@id\":\"https:\/\/testvet.brainmarketing.ca\/en\/produit\/feliway-diffuseur\/#breadcrumb\"},\"inLanguage\":\"en-US\",\"potentialAction\":[{\"@type\":\"ReadAction\",\"target\":[\"https:\/\/testvet.brainmarketing.ca\/en\/produit\/feliway-diffuseur\/\"]}]},{\"@type\":\"ImageObject\",\"inLanguage\":\"en-US\",\"@id\":\"https:\/\/testvet.brainmarketing.ca\/en\/produit\/feliway-diffuseur\/#primaryimage\",\"url\":\"https:\/\/testvet.brainmarketing.ca\/wp-content\/uploads\/2024\/07\/feliway-diffuseur-classic.webp\",\"contentUrl\":\"https:\/\/testvet.brainmarketing.ca\/wp-content\/uploads\/2024\/07\/feliway-diffuseur-classic.webp\",\"width\":1200,\"height\":1200},{\"@type\":\"BreadcrumbList\",\"@id\":\"https:\/\/testvet.brainmarketing.ca\/en\/produit\/feliway-diffuseur\/#breadcrumb\",\"itemListElement\":[{\"@type\":\"ListItem\",\"position\":1,\"name\":\"Catalogue\",\"item\":\"https:\/\/testvet.brainmarketing.ca\/catalogue\/\"},{\"@type\":\"ListItem\",\"position\":2,\"name\":\"Behavior\",\"item\":\"https:\/\/testvet.brainmarketing.ca\/en\/product-category\/behavior\/\"},{\"@type\":\"ListItem\",\"position\":3,\"name\":\"FELIWAY Classic Diffuseur\"}]},{\"@type\":\"WebSite\",\"@id\":\"https:\/\/testvet.brainmarketing.ca\/en\/#website\",\"url\":\"https:\/\/testvet.brainmarketing.ca\/en\/\",\"name\":\"MonVet\",\"description\":\"R\u00e9seau v\u00e9t\u00e9rinaires\",\"publisher\":{\"@id\":\"https:\/\/testvet.brainmarketing.ca\/en\/#organization\"},\"potentialAction\":[{\"@type\":\"SearchAction\",\"target\":{\"@type\":\"EntryPoint\",\"urlTemplate\":\"https:\/\/testvet.brainmarketing.ca\/en\/?s={search_term_string}\"},\"query-input\":{\"@type\":\"PropertyValueSpecification\",\"valueRequired\":true,\"valueName\":\"search_term_string\"}}],\"inLanguage\":\"en-US\"},{\"@type\":\"Organization\",\"@id\":\"https:\/\/testvet.brainmarketing.ca\/en\/#organization\",\"name\":\"Brainmarketing\",\"alternateName\":\"Test\",\"url\":\"https:\/\/testvet.brainmarketing.ca\/en\/\",\"logo\":{\"@type\":\"ImageObject\",\"inLanguage\":\"en-US\",\"@id\":\"https:\/\/testvet.brainmarketing.ca\/en\/#\/schema\/logo\/image\/\",\"url\":\"https:\/\/testvet.brainmarketing.ca\/wp-content\/uploads\/Logos-icones\/MonVet.svg\",\"contentUrl\":\"https:\/\/testvet.brainmarketing.ca\/wp-content\/uploads\/Logos-icones\/MonVet.svg\",\"width\":1811,\"height\":603,\"caption\":\"Brainmarketing\"},\"image\":{\"@id\":\"https:\/\/testvet.brainmarketing.ca\/en\/#\/schema\/logo\/image\/\"}}]}<\/script>\n<!-- \/ Yoast SEO plugin. -->","yoast_head_json":{"title":"FELIWAY Classic Diffuseur - MonVet","robots":{"index":"noindex","follow":"follow","max-snippet":"max-snippet:-1","max-image-preview":"max-image-preview:large","max-video-preview":"max-video-preview:-1"},"og_locale":"en_US","og_type":"article","og_title":"FELIWAY Classic Diffuseur - MonVet","og_description":"Le diffuseur FELIWAY CLASSIC repr\u00e9sente une solution id\u00e9ale pour aider les chats \u00e0 se sentir bien dans leur environnement et aide \u00e0 corriger les comportements comme le marquage urinaire, les griffades ou la tendance \u00e0 se cacher.","og_url":"https:\/\/testvet.brainmarketing.ca\/en\/produit\/feliway-diffuseur\/","og_site_name":"MonVet","article_modified_time":"2024-07-12T12:41:24+00:00","og_image":[{"width":1200,"height":1200,"url":"https:\/\/testvet.brainmarketing.ca\/wp-content\/uploads\/2024\/07\/feliway-diffuseur-classic.webp","type":"image\/webp"}],"twitter_card":"summary_large_image","twitter_misc":{"Est. reading time":"1 minute"},"schema":{"@context":"https:\/\/schema.org","@graph":[{"@type":"WebPage","@id":"https:\/\/testvet.brainmarketing.ca\/en\/produit\/feliway-diffuseur\/","url":"https:\/\/testvet.brainmarketing.ca\/en\/produit\/feliway-diffuseur\/","name":"FELIWAY Classic Diffuseur - MonVet","isPartOf":{"@id":"https:\/\/testvet.brainmarketing.ca\/en\/#website"},"primaryImageOfPage":{"@id":"https:\/\/testvet.brainmarketing.ca\/en\/produit\/feliway-diffuseur\/#primaryimage"},"image":{"@id":"https:\/\/testvet.brainmarketing.ca\/en\/produit\/feliway-diffuseur\/#primaryimage"},"thumbnailUrl":"https:\/\/testvet.brainmarketing.ca\/wp-content\/uploads\/2024\/07\/feliway-diffuseur-classic.webp","datePublished":"2024-07-02T19:40:08+00:00","dateModified":"2024-07-12T12:41:24+00:00","breadcrumb":{"@id":"https:\/\/testvet.brainmarketing.ca\/en\/produit\/feliway-diffuseur\/#breadcrumb"},"inLanguage":"en-US","potentialAction":[{"@type":"ReadAction","target":["https:\/\/testvet.brainmarketing.ca\/en\/produit\/feliway-diffuseur\/"]}]},{"@type":"ImageObject","inLanguage":"en-US","@id":"https:\/\/testvet.brainmarketing.ca\/en\/produit\/feliway-diffuseur\/#primaryimage","url":"https:\/\/testvet.brainmarketing.ca\/wp-content\/uploads\/2024\/07\/feliway-diffuseur-classic.webp","contentUrl":"https:\/\/testvet.brainmarketing.ca\/wp-content\/uploads\/2024\/07\/feliway-diffuseur-classic.webp","width":1200,"height":1200},{"@type":"BreadcrumbList","@id":"https:\/\/testvet.brainmarketing.ca\/en\/produit\/feliway-diffuseur\/#breadcrumb","itemListElement":[{"@type":"ListItem","position":1,"name":"Catalogue","item":"https:\/\/testvet.brainmarketing.ca\/catalogue\/"},{"@type":"ListItem","position":2,"name":"Behavior","item":"https:\/\/testvet.brainmarketing.ca\/en\/product-category\/behavior\/"},{"@type":"ListItem","position":3,"name":"FELIWAY Classic Diffuseur"}]},{"@type":"WebSite","@id":"https:\/\/testvet.brainmarketing.ca\/en\/#website","url":"https:\/\/testvet.brainmarketing.ca\/en\/","name":"MonVet","description":"R\u00e9seau v\u00e9t\u00e9rinaires","publisher":{"@id":"https:\/\/testvet.brainmarketing.ca\/en\/#organization"},"potentialAction":[{"@type":"SearchAction","target":{"@type":"EntryPoint","urlTemplate":"https:\/\/testvet.brainmarketing.ca\/en\/?s={search_term_string}"},"query-input":{"@type":"PropertyValueSpecification","valueRequired":true,"valueName":"search_term_string"}}],"inLanguage":"en-US"},{"@type":"Organization","@id":"https:\/\/testvet.brainmarketing.ca\/en\/#organization","name":"Brainmarketing","alternateName":"Test","url":"https:\/\/testvet.brainmarketing.ca\/en\/","logo":{"@type":"ImageObject","inLanguage":"en-US","@id":"https:\/\/testvet.brainmarketing.ca\/en\/#\/schema\/logo\/image\/","url":"https:\/\/testvet.brainmarketing.ca\/wp-content\/uploads\/Logos-icones\/MonVet.svg","contentUrl":"https:\/\/testvet.brainmarketing.ca\/wp-content\/uploads\/Logos-icones\/MonVet.svg","width":1811,"height":603,"caption":"Brainmarketing"},"image":{"@id":"https:\/\/testvet.brainmarketing.ca\/en\/#\/schema\/logo\/image\/"}}]}},"_links":{"self":[{"href":"https:\/\/testvet.brainmarketing.ca\/en\/wp-json\/wp\/v2\/product\/2269","targetHints":{"allow":["GET"]}}],"collection":[{"href":"https:\/\/testvet.brainmarketing.ca\/en\/wp-json\/wp\/v2\/product"}],"about":[{"href":"https:\/\/testvet.brainmarketing.ca\/en\/wp-json\/wp\/v2\/types\/product"}],"version-history":[{"count":1,"href":"https:\/\/testvet.brainmarketing.ca\/en\/wp-json\/wp\/v2\/product\/2269\/revisions"}],"predecessor-version":[{"id":2287,"href":"https:\/\/testvet.brainmarketing.ca\/en\/wp-json\/wp\/v2\/product\/2269\/revisions\/2287"}],"wp:featuredmedia":[{"embeddable":true,"href":"https:\/\/testvet.brainmarketing.ca\/en\/wp-json\/wp\/v2\/media\/3174"}],"wp:attachment":[{"href":"https:\/\/testvet.brainmarketing.ca\/en\/wp-json\/wp\/v2\/media?parent=2269"}],"wp:term":[{"taxonomy":"product_brand","embeddable":true,"href":"https:\/\/testvet.brainmarketing.ca\/en\/wp-json\/wp\/v2\/product_brand?post=2269"},{"taxonomy":"product_cat","embeddable":true,"href":"https:\/\/testvet.brainmarketing.ca\/en\/wp-json\/wp\/v2\/product_cat?post=2269"},{"taxonomy":"product_tag","embeddable":true,"href":"https:\/\/testvet.brainmarketing.ca\/en\/wp-json\/wp\/v2\/product_tag?post=2269"}],"curies":[{"name":"wp","href":"https:\/\/api.w.org\/{rel}","templated":true}]}}