{"id":19609,"date":"2024-07-09T19:37:02","date_gmt":"2024-07-09T23:37:02","guid":{"rendered":"https:\/\/testvet.brainmarketing.ca\/product\/a-d-intensive-care\/"},"modified":"2024-07-09T19:37:02","modified_gmt":"2024-07-09T23:37:02","slug":"a-d-intensive-care","status":"publish","type":"product","link":"https:\/\/testvet.brainmarketing.ca\/en\/product\/a-d-intensive-care\/","title":{"rendered":"A\/D Intensive Care"},"content":{"rendered":"<p>Teneurs \u00e9lev\u00e9es de prot\u00e9ines, de mati\u00e8res grasses, de glucides hautement digestibles, d\u2019acides gras om\u00e9ga-3 et d\u2019acides amin\u00e9s \u00e0 cha\u00eenes ramifi\u00e9es aidant \u00e0 favoriser la gu\u00e9rison des blessures et des tissus, \u00e0 conserver la masse musculaire et \u00e0 favoriser un syst\u00e8me immunitaire en sant\u00e9.<\/p>\n<p>Contient des ingr\u00e9dients tr\u00e8s digestibles et des calories suppl\u00e9mentaires pour aider l\u2019organisme durant la convalescence.<\/p>\n<p>Pr\u00e9sence de glutamine en grandes quantit\u00e9s visant \u00e0 combler les besoins m\u00e9taboliques de l\u2019intestin gr\u00eale et qui aident \u00e0 soutenir la fonction du syst\u00e8me immunitaire.<\/p>\n<p>Les antioxydants ajout\u00e9s prot\u00e8gent les cellules de l\u2019organisme contre l\u2019oxydation par les radicaux libres, favorisant ainsi un syst\u00e8me immunitaire en sant\u00e9.<\/p>\n<p>Teneur \u00e9lev\u00e9e de potassium pour aider \u00e0 remplacer les pertes occasionn\u00e9es par la maladie.<\/p>\n<p>App\u00e9tence et texture am\u00e9lior\u00e9es visant \u00e0 stimuler l\u2019app\u00e9tit des patients et \u00e0 faciliter l\u2019administration de la nourriture respectivement. Elle peut \u00eatre servie dans un bol, \u00e0 la cuill\u00e8re, \u00e0 la seringue ou par une sonde d\u2019alimentation.<\/p>\n","protected":false},"excerpt":{"rendered":"<p>Soutien nutritionnel des animaux r\u00e9cup\u00e9rant d\u2019une op\u00e9ration, d\u2019une maladie ou d\u2019une blessure.<\/p>\n<p>Les chats et les chiens peuvent subir des changements m\u00e9taboliques consid\u00e9rables lorsqu\u2019ils se rel\u00e8vent d\u2019une maladie, d\u2019une blessure ou d\u2019une op\u00e9ration. Dans ces conditions stressantes, l\u2019organisme de votre animal domestique est mis au d\u00e9fi de maintenir de fortes d\u00e9fenses naturelles, de sorte qu\u2019il est encore plus important de servir la nourriture appropri\u00e9e pour aider votre animal \u00e0 se remettre de ces situations difficiles. <\/p>\n","protected":false},"featured_media":14390,"template":"","meta":{"_acf_changed":false},"product_brand":[],"product_cat":[683,686],"product_tag":[711,712],"class_list":{"0":"post-19609","1":"product","2":"type-product","3":"status-publish","4":"has-post-thumbnail","6":"product_cat-foods","7":"product_cat-hills-prescription-diet-en","8":"product_tag-cats","9":"product_tag-dogs","11":"first","12":"instock","13":"shipping-taxable","14":"product-type-simple"},"acf":[],"yoast_head":"<!-- This site is optimized with the Yoast SEO plugin v24.6 - https:\/\/yoast.com\/wordpress\/plugins\/seo\/ -->\n<title>A\/D Intensive Care - MonVet<\/title>\n<meta name=\"robots\" content=\"noindex, follow, max-snippet:-1, max-image-preview:large, max-video-preview:-1\" \/>\n<meta property=\"og:locale\" content=\"en_US\" \/>\n<meta property=\"og:type\" content=\"article\" \/>\n<meta property=\"og:title\" content=\"A\/D Intensive Care - MonVet\" \/>\n<meta property=\"og:description\" content=\"Soutien nutritionnel des animaux r\u00e9cup\u00e9rant d\u2019une op\u00e9ration, d\u2019une maladie ou d\u2019une blessure. Les chats et les chiens peuvent subir des changements m\u00e9taboliques consid\u00e9rables lorsqu\u2019ils se rel\u00e8vent d\u2019une maladie, d\u2019une blessure ou d\u2019une op\u00e9ration. Dans ces conditions stressantes, l\u2019organisme de votre animal domestique est mis au d\u00e9fi de maintenir de fortes d\u00e9fenses naturelles, de sorte qu\u2019il est encore plus important de servir la nourriture appropri\u00e9e pour aider votre animal \u00e0 se remettre de ces situations difficiles.\" \/>\n<meta property=\"og:url\" content=\"https:\/\/testvet.brainmarketing.ca\/en\/product\/a-d-intensive-care\/\" \/>\n<meta property=\"og:site_name\" content=\"MonVet\" \/>\n<meta name=\"twitter:card\" content=\"summary_large_image\" \/>\n<meta name=\"twitter:label1\" content=\"Est. reading time\" \/>\n\t<meta name=\"twitter:data1\" content=\"1 minute\" \/>\n<script type=\"application\/ld+json\" class=\"yoast-schema-graph\">{\"@context\":\"https:\/\/schema.org\",\"@graph\":[{\"@type\":\"WebPage\",\"@id\":\"https:\/\/testvet.brainmarketing.ca\/en\/product\/a-d-intensive-care\/\",\"url\":\"https:\/\/testvet.brainmarketing.ca\/en\/product\/a-d-intensive-care\/\",\"name\":\"A\/D Intensive Care - MonVet\",\"isPartOf\":{\"@id\":\"https:\/\/testvet.brainmarketing.ca\/en\/#website\"},\"primaryImageOfPage\":{\"@id\":\"https:\/\/testvet.brainmarketing.ca\/en\/product\/a-d-intensive-care\/#primaryimage\"},\"image\":{\"@id\":\"https:\/\/testvet.brainmarketing.ca\/en\/product\/a-d-intensive-care\/#primaryimage\"},\"thumbnailUrl\":\"https:\/\/testvet.brainmarketing.ca\/wp-content\/uploads\/2024\/07\/pd-ad-canine-feline-canned-productShot_zoom.avif\",\"datePublished\":\"2024-07-09T23:37:02+00:00\",\"breadcrumb\":{\"@id\":\"https:\/\/testvet.brainmarketing.ca\/en\/product\/a-d-intensive-care\/#breadcrumb\"},\"inLanguage\":\"en-US\",\"potentialAction\":[{\"@type\":\"ReadAction\",\"target\":[\"https:\/\/testvet.brainmarketing.ca\/en\/product\/a-d-intensive-care\/\"]}]},{\"@type\":\"ImageObject\",\"inLanguage\":\"en-US\",\"@id\":\"https:\/\/testvet.brainmarketing.ca\/en\/product\/a-d-intensive-care\/#primaryimage\",\"url\":\"https:\/\/testvet.brainmarketing.ca\/wp-content\/uploads\/2024\/07\/pd-ad-canine-feline-canned-productShot_zoom.avif\",\"contentUrl\":\"https:\/\/testvet.brainmarketing.ca\/wp-content\/uploads\/2024\/07\/pd-ad-canine-feline-canned-productShot_zoom.avif\",\"width\":1500,\"height\":1500},{\"@type\":\"BreadcrumbList\",\"@id\":\"https:\/\/testvet.brainmarketing.ca\/en\/product\/a-d-intensive-care\/#breadcrumb\",\"itemListElement\":[{\"@type\":\"ListItem\",\"position\":1,\"name\":\"Catalogue\",\"item\":\"https:\/\/testvet.brainmarketing.ca\/catalogue\/\"},{\"@type\":\"ListItem\",\"position\":2,\"name\":\"Foods\",\"item\":\"https:\/\/testvet.brainmarketing.ca\/en\/product-category\/foods\/\"},{\"@type\":\"ListItem\",\"position\":3,\"name\":\"A\/D Intensive Care\"}]},{\"@type\":\"WebSite\",\"@id\":\"https:\/\/testvet.brainmarketing.ca\/en\/#website\",\"url\":\"https:\/\/testvet.brainmarketing.ca\/en\/\",\"name\":\"MonVet\",\"description\":\"R\u00e9seau v\u00e9t\u00e9rinaires\",\"publisher\":{\"@id\":\"https:\/\/testvet.brainmarketing.ca\/en\/#organization\"},\"potentialAction\":[{\"@type\":\"SearchAction\",\"target\":{\"@type\":\"EntryPoint\",\"urlTemplate\":\"https:\/\/testvet.brainmarketing.ca\/en\/?s={search_term_string}\"},\"query-input\":{\"@type\":\"PropertyValueSpecification\",\"valueRequired\":true,\"valueName\":\"search_term_string\"}}],\"inLanguage\":\"en-US\"},{\"@type\":\"Organization\",\"@id\":\"https:\/\/testvet.brainmarketing.ca\/en\/#organization\",\"name\":\"Brainmarketing\",\"alternateName\":\"Test\",\"url\":\"https:\/\/testvet.brainmarketing.ca\/en\/\",\"logo\":{\"@type\":\"ImageObject\",\"inLanguage\":\"en-US\",\"@id\":\"https:\/\/testvet.brainmarketing.ca\/en\/#\/schema\/logo\/image\/\",\"url\":\"https:\/\/testvet.brainmarketing.ca\/wp-content\/uploads\/Logos-icones\/MonVet.svg\",\"contentUrl\":\"https:\/\/testvet.brainmarketing.ca\/wp-content\/uploads\/Logos-icones\/MonVet.svg\",\"width\":1811,\"height\":603,\"caption\":\"Brainmarketing\"},\"image\":{\"@id\":\"https:\/\/testvet.brainmarketing.ca\/en\/#\/schema\/logo\/image\/\"}}]}<\/script>\n<!-- \/ Yoast SEO plugin. -->","yoast_head_json":{"title":"A\/D Intensive Care - MonVet","robots":{"index":"noindex","follow":"follow","max-snippet":"max-snippet:-1","max-image-preview":"max-image-preview:large","max-video-preview":"max-video-preview:-1"},"og_locale":"en_US","og_type":"article","og_title":"A\/D Intensive Care - MonVet","og_description":"Soutien nutritionnel des animaux r\u00e9cup\u00e9rant d\u2019une op\u00e9ration, d\u2019une maladie ou d\u2019une blessure. Les chats et les chiens peuvent subir des changements m\u00e9taboliques consid\u00e9rables lorsqu\u2019ils se rel\u00e8vent d\u2019une maladie, d\u2019une blessure ou d\u2019une op\u00e9ration. Dans ces conditions stressantes, l\u2019organisme de votre animal domestique est mis au d\u00e9fi de maintenir de fortes d\u00e9fenses naturelles, de sorte qu\u2019il est encore plus important de servir la nourriture appropri\u00e9e pour aider votre animal \u00e0 se remettre de ces situations difficiles.","og_url":"https:\/\/testvet.brainmarketing.ca\/en\/product\/a-d-intensive-care\/","og_site_name":"MonVet","twitter_card":"summary_large_image","twitter_misc":{"Est. reading time":"1 minute"},"schema":{"@context":"https:\/\/schema.org","@graph":[{"@type":"WebPage","@id":"https:\/\/testvet.brainmarketing.ca\/en\/product\/a-d-intensive-care\/","url":"https:\/\/testvet.brainmarketing.ca\/en\/product\/a-d-intensive-care\/","name":"A\/D Intensive Care - MonVet","isPartOf":{"@id":"https:\/\/testvet.brainmarketing.ca\/en\/#website"},"primaryImageOfPage":{"@id":"https:\/\/testvet.brainmarketing.ca\/en\/product\/a-d-intensive-care\/#primaryimage"},"image":{"@id":"https:\/\/testvet.brainmarketing.ca\/en\/product\/a-d-intensive-care\/#primaryimage"},"thumbnailUrl":"https:\/\/testvet.brainmarketing.ca\/wp-content\/uploads\/2024\/07\/pd-ad-canine-feline-canned-productShot_zoom.avif","datePublished":"2024-07-09T23:37:02+00:00","breadcrumb":{"@id":"https:\/\/testvet.brainmarketing.ca\/en\/product\/a-d-intensive-care\/#breadcrumb"},"inLanguage":"en-US","potentialAction":[{"@type":"ReadAction","target":["https:\/\/testvet.brainmarketing.ca\/en\/product\/a-d-intensive-care\/"]}]},{"@type":"ImageObject","inLanguage":"en-US","@id":"https:\/\/testvet.brainmarketing.ca\/en\/product\/a-d-intensive-care\/#primaryimage","url":"https:\/\/testvet.brainmarketing.ca\/wp-content\/uploads\/2024\/07\/pd-ad-canine-feline-canned-productShot_zoom.avif","contentUrl":"https:\/\/testvet.brainmarketing.ca\/wp-content\/uploads\/2024\/07\/pd-ad-canine-feline-canned-productShot_zoom.avif","width":1500,"height":1500},{"@type":"BreadcrumbList","@id":"https:\/\/testvet.brainmarketing.ca\/en\/product\/a-d-intensive-care\/#breadcrumb","itemListElement":[{"@type":"ListItem","position":1,"name":"Catalogue","item":"https:\/\/testvet.brainmarketing.ca\/catalogue\/"},{"@type":"ListItem","position":2,"name":"Foods","item":"https:\/\/testvet.brainmarketing.ca\/en\/product-category\/foods\/"},{"@type":"ListItem","position":3,"name":"A\/D Intensive Care"}]},{"@type":"WebSite","@id":"https:\/\/testvet.brainmarketing.ca\/en\/#website","url":"https:\/\/testvet.brainmarketing.ca\/en\/","name":"MonVet","description":"R\u00e9seau v\u00e9t\u00e9rinaires","publisher":{"@id":"https:\/\/testvet.brainmarketing.ca\/en\/#organization"},"potentialAction":[{"@type":"SearchAction","target":{"@type":"EntryPoint","urlTemplate":"https:\/\/testvet.brainmarketing.ca\/en\/?s={search_term_string}"},"query-input":{"@type":"PropertyValueSpecification","valueRequired":true,"valueName":"search_term_string"}}],"inLanguage":"en-US"},{"@type":"Organization","@id":"https:\/\/testvet.brainmarketing.ca\/en\/#organization","name":"Brainmarketing","alternateName":"Test","url":"https:\/\/testvet.brainmarketing.ca\/en\/","logo":{"@type":"ImageObject","inLanguage":"en-US","@id":"https:\/\/testvet.brainmarketing.ca\/en\/#\/schema\/logo\/image\/","url":"https:\/\/testvet.brainmarketing.ca\/wp-content\/uploads\/Logos-icones\/MonVet.svg","contentUrl":"https:\/\/testvet.brainmarketing.ca\/wp-content\/uploads\/Logos-icones\/MonVet.svg","width":1811,"height":603,"caption":"Brainmarketing"},"image":{"@id":"https:\/\/testvet.brainmarketing.ca\/en\/#\/schema\/logo\/image\/"}}]}},"_links":{"self":[{"href":"https:\/\/testvet.brainmarketing.ca\/en\/wp-json\/wp\/v2\/product\/19609","targetHints":{"allow":["GET"]}}],"collection":[{"href":"https:\/\/testvet.brainmarketing.ca\/en\/wp-json\/wp\/v2\/product"}],"about":[{"href":"https:\/\/testvet.brainmarketing.ca\/en\/wp-json\/wp\/v2\/types\/product"}],"version-history":[{"count":0,"href":"https:\/\/testvet.brainmarketing.ca\/en\/wp-json\/wp\/v2\/product\/19609\/revisions"}],"wp:featuredmedia":[{"embeddable":true,"href":"https:\/\/testvet.brainmarketing.ca\/en\/wp-json\/wp\/v2\/media\/14390"}],"wp:attachment":[{"href":"https:\/\/testvet.brainmarketing.ca\/en\/wp-json\/wp\/v2\/media?parent=19609"}],"wp:term":[{"taxonomy":"product_brand","embeddable":true,"href":"https:\/\/testvet.brainmarketing.ca\/en\/wp-json\/wp\/v2\/product_brand?post=19609"},{"taxonomy":"product_cat","embeddable":true,"href":"https:\/\/testvet.brainmarketing.ca\/en\/wp-json\/wp\/v2\/product_cat?post=19609"},{"taxonomy":"product_tag","embeddable":true,"href":"https:\/\/testvet.brainmarketing.ca\/en\/wp-json\/wp\/v2\/product_tag?post=19609"}],"curies":[{"name":"wp","href":"https:\/\/api.w.org\/{rel}","templated":true}]}}