{"id":13968,"date":"2025-02-24T08:30:56","date_gmt":"2025-02-24T13:30:56","guid":{"rendered":"https:\/\/testvet.brainmarketing.ca\/?post_type=product&#038;p=13968"},"modified":"2025-02-24T08:30:57","modified_gmt":"2025-02-24T13:30:57","slug":"clinacin-comme-traitement-des-infections-bacteriennes","status":"publish","type":"product","link":"https:\/\/testvet.brainmarketing.ca\/en\/produit\/clinacin-comme-traitement-des-infections-bacteriennes\/","title":{"rendered":"Clinacin"},"content":{"rendered":"<p>Le <strong data-start=\"124\" data-end=\"136\">Clinacin<\/strong> est un antibiotique utilis\u00e9 pour traiter les infections bact\u00e9riennes courantes chez les chiens et les chats. Il contient de la clindamycine, un puissant agent antibact\u00e9rien. Ce m\u00e9dicament est souvent prescrit pour des<a href=\"https:\/\/testvet.brainmarketing.ca\/symptomes-abces-dentaire-animaux\/\"> infections dentaires<\/a>, des abc\u00e8s ou des infections respiratoires. Il est important de suivre strictement la posologie prescrite pour \u00e9viter les effets secondaires comme les troubles gastro-intestinaux. Si votre animal pr\u00e9sente des sympt\u00f4mes inhabituels, consultez imm\u00e9diatement votre v\u00e9t\u00e9rinaire. Ne jamais interrompre le traitement sans avis m\u00e9dical pour \u00e9viter le risque de r\u00e9sistance bact\u00e9rienne.<\/p>\n","protected":false},"excerpt":{"rendered":"<p>Le Clinacin est un antibiotique v\u00e9t\u00e9rinaire \u00e0 base de clindamycine, utilis\u00e9 pour traiter les infections bact\u00e9riennes chez les chiens et les chats.<\/p>\n","protected":false},"featured_media":0,"template":"","meta":{"_acf_changed":false},"product_brand":[],"product_cat":[176],"product_tag":[207,209],"class_list":{"0":"post-13968","1":"product","2":"type-product","3":"status-publish","5":"product_cat-pharmacie","6":"product_tag-chats","7":"product_tag-chiens","9":"first","10":"instock","11":"shipping-taxable","12":"product-type-simple"},"acf":[],"yoast_head":"<!-- This site is optimized with the Yoast SEO plugin v24.6 - https:\/\/yoast.com\/wordpress\/plugins\/seo\/ -->\n<title>Clinacin comme traitement des infections bact\u00e9riennes animales<\/title>\n<meta name=\"description\" content=\"Clinacin comme traitement des infections bact\u00e9riennes : d\u00e9couvrez comment la clindamycine aide \u00e0 traiter les infections dentaires, respiratoires animales\" \/>\n<meta name=\"robots\" content=\"noindex, follow, max-snippet:-1, max-image-preview:large, max-video-preview:-1\" \/>\n<meta property=\"og:locale\" content=\"en_US\" \/>\n<meta property=\"og:type\" content=\"article\" \/>\n<meta property=\"og:title\" content=\"Clinacin comme traitement des infections bact\u00e9riennes animales\" \/>\n<meta property=\"og:description\" content=\"Clinacin comme traitement des infections bact\u00e9riennes : d\u00e9couvrez comment la clindamycine aide \u00e0 traiter les infections dentaires, respiratoires animales\" \/>\n<meta property=\"og:url\" content=\"https:\/\/testvet.brainmarketing.ca\/en\/produit\/clinacin-comme-traitement-des-infections-bacteriennes\/\" \/>\n<meta property=\"og:site_name\" content=\"MonVet\" \/>\n<meta property=\"article:modified_time\" content=\"2025-02-24T13:30:57+00:00\" \/>\n<meta name=\"twitter:card\" content=\"summary_large_image\" \/>\n<meta name=\"twitter:label1\" content=\"Est. reading time\" \/>\n\t<meta name=\"twitter:data1\" content=\"1 minute\" \/>\n<script type=\"application\/ld+json\" class=\"yoast-schema-graph\">{\"@context\":\"https:\/\/schema.org\",\"@graph\":[{\"@type\":\"WebPage\",\"@id\":\"https:\/\/testvet.brainmarketing.ca\/en\/produit\/clinacin-comme-traitement-des-infections-bacteriennes\/\",\"url\":\"https:\/\/testvet.brainmarketing.ca\/en\/produit\/clinacin-comme-traitement-des-infections-bacteriennes\/\",\"name\":\"Clinacin comme traitement des infections bact\u00e9riennes animales\",\"isPartOf\":{\"@id\":\"https:\/\/testvet.brainmarketing.ca\/en\/#website\"},\"datePublished\":\"2025-02-24T13:30:56+00:00\",\"dateModified\":\"2025-02-24T13:30:57+00:00\",\"description\":\"Clinacin comme traitement des infections bact\u00e9riennes : d\u00e9couvrez comment la clindamycine aide \u00e0 traiter les infections dentaires, respiratoires animales\",\"breadcrumb\":{\"@id\":\"https:\/\/testvet.brainmarketing.ca\/en\/produit\/clinacin-comme-traitement-des-infections-bacteriennes\/#breadcrumb\"},\"inLanguage\":\"en-US\",\"potentialAction\":[{\"@type\":\"ReadAction\",\"target\":[\"https:\/\/testvet.brainmarketing.ca\/en\/produit\/clinacin-comme-traitement-des-infections-bacteriennes\/\"]}]},{\"@type\":\"BreadcrumbList\",\"@id\":\"https:\/\/testvet.brainmarketing.ca\/en\/produit\/clinacin-comme-traitement-des-infections-bacteriennes\/#breadcrumb\",\"itemListElement\":[{\"@type\":\"ListItem\",\"position\":1,\"name\":\"Catalogue\",\"item\":\"https:\/\/testvet.brainmarketing.ca\/catalogue\/\"},{\"@type\":\"ListItem\",\"position\":2,\"name\":\"Pharmacy\",\"item\":\"https:\/\/testvet.brainmarketing.ca\/en\/product-category\/pharmacy\/\"},{\"@type\":\"ListItem\",\"position\":3,\"name\":\"Clinacin\"}]},{\"@type\":\"WebSite\",\"@id\":\"https:\/\/testvet.brainmarketing.ca\/en\/#website\",\"url\":\"https:\/\/testvet.brainmarketing.ca\/en\/\",\"name\":\"MonVet\",\"description\":\"R\u00e9seau v\u00e9t\u00e9rinaires\",\"publisher\":{\"@id\":\"https:\/\/testvet.brainmarketing.ca\/en\/#organization\"},\"potentialAction\":[{\"@type\":\"SearchAction\",\"target\":{\"@type\":\"EntryPoint\",\"urlTemplate\":\"https:\/\/testvet.brainmarketing.ca\/en\/?s={search_term_string}\"},\"query-input\":{\"@type\":\"PropertyValueSpecification\",\"valueRequired\":true,\"valueName\":\"search_term_string\"}}],\"inLanguage\":\"en-US\"},{\"@type\":\"Organization\",\"@id\":\"https:\/\/testvet.brainmarketing.ca\/en\/#organization\",\"name\":\"Brainmarketing\",\"alternateName\":\"Test\",\"url\":\"https:\/\/testvet.brainmarketing.ca\/en\/\",\"logo\":{\"@type\":\"ImageObject\",\"inLanguage\":\"en-US\",\"@id\":\"https:\/\/testvet.brainmarketing.ca\/en\/#\/schema\/logo\/image\/\",\"url\":\"https:\/\/testvet.brainmarketing.ca\/wp-content\/uploads\/Logos-icones\/MonVet.svg\",\"contentUrl\":\"https:\/\/testvet.brainmarketing.ca\/wp-content\/uploads\/Logos-icones\/MonVet.svg\",\"width\":1811,\"height\":603,\"caption\":\"Brainmarketing\"},\"image\":{\"@id\":\"https:\/\/testvet.brainmarketing.ca\/en\/#\/schema\/logo\/image\/\"}}]}<\/script>\n<!-- \/ Yoast SEO plugin. -->","yoast_head_json":{"title":"Clinacin comme traitement des infections bact\u00e9riennes animales","description":"Clinacin comme traitement des infections bact\u00e9riennes : d\u00e9couvrez comment la clindamycine aide \u00e0 traiter les infections dentaires, respiratoires animales","robots":{"index":"noindex","follow":"follow","max-snippet":"max-snippet:-1","max-image-preview":"max-image-preview:large","max-video-preview":"max-video-preview:-1"},"og_locale":"en_US","og_type":"article","og_title":"Clinacin comme traitement des infections bact\u00e9riennes animales","og_description":"Clinacin comme traitement des infections bact\u00e9riennes : d\u00e9couvrez comment la clindamycine aide \u00e0 traiter les infections dentaires, respiratoires animales","og_url":"https:\/\/testvet.brainmarketing.ca\/en\/produit\/clinacin-comme-traitement-des-infections-bacteriennes\/","og_site_name":"MonVet","article_modified_time":"2025-02-24T13:30:57+00:00","twitter_card":"summary_large_image","twitter_misc":{"Est. reading time":"1 minute"},"schema":{"@context":"https:\/\/schema.org","@graph":[{"@type":"WebPage","@id":"https:\/\/testvet.brainmarketing.ca\/en\/produit\/clinacin-comme-traitement-des-infections-bacteriennes\/","url":"https:\/\/testvet.brainmarketing.ca\/en\/produit\/clinacin-comme-traitement-des-infections-bacteriennes\/","name":"Clinacin comme traitement des infections bact\u00e9riennes animales","isPartOf":{"@id":"https:\/\/testvet.brainmarketing.ca\/en\/#website"},"datePublished":"2025-02-24T13:30:56+00:00","dateModified":"2025-02-24T13:30:57+00:00","description":"Clinacin comme traitement des infections bact\u00e9riennes : d\u00e9couvrez comment la clindamycine aide \u00e0 traiter les infections dentaires, respiratoires animales","breadcrumb":{"@id":"https:\/\/testvet.brainmarketing.ca\/en\/produit\/clinacin-comme-traitement-des-infections-bacteriennes\/#breadcrumb"},"inLanguage":"en-US","potentialAction":[{"@type":"ReadAction","target":["https:\/\/testvet.brainmarketing.ca\/en\/produit\/clinacin-comme-traitement-des-infections-bacteriennes\/"]}]},{"@type":"BreadcrumbList","@id":"https:\/\/testvet.brainmarketing.ca\/en\/produit\/clinacin-comme-traitement-des-infections-bacteriennes\/#breadcrumb","itemListElement":[{"@type":"ListItem","position":1,"name":"Catalogue","item":"https:\/\/testvet.brainmarketing.ca\/catalogue\/"},{"@type":"ListItem","position":2,"name":"Pharmacy","item":"https:\/\/testvet.brainmarketing.ca\/en\/product-category\/pharmacy\/"},{"@type":"ListItem","position":3,"name":"Clinacin"}]},{"@type":"WebSite","@id":"https:\/\/testvet.brainmarketing.ca\/en\/#website","url":"https:\/\/testvet.brainmarketing.ca\/en\/","name":"MonVet","description":"R\u00e9seau v\u00e9t\u00e9rinaires","publisher":{"@id":"https:\/\/testvet.brainmarketing.ca\/en\/#organization"},"potentialAction":[{"@type":"SearchAction","target":{"@type":"EntryPoint","urlTemplate":"https:\/\/testvet.brainmarketing.ca\/en\/?s={search_term_string}"},"query-input":{"@type":"PropertyValueSpecification","valueRequired":true,"valueName":"search_term_string"}}],"inLanguage":"en-US"},{"@type":"Organization","@id":"https:\/\/testvet.brainmarketing.ca\/en\/#organization","name":"Brainmarketing","alternateName":"Test","url":"https:\/\/testvet.brainmarketing.ca\/en\/","logo":{"@type":"ImageObject","inLanguage":"en-US","@id":"https:\/\/testvet.brainmarketing.ca\/en\/#\/schema\/logo\/image\/","url":"https:\/\/testvet.brainmarketing.ca\/wp-content\/uploads\/Logos-icones\/MonVet.svg","contentUrl":"https:\/\/testvet.brainmarketing.ca\/wp-content\/uploads\/Logos-icones\/MonVet.svg","width":1811,"height":603,"caption":"Brainmarketing"},"image":{"@id":"https:\/\/testvet.brainmarketing.ca\/en\/#\/schema\/logo\/image\/"}}]}},"_links":{"self":[{"href":"https:\/\/testvet.brainmarketing.ca\/en\/wp-json\/wp\/v2\/product\/13968","targetHints":{"allow":["GET"]}}],"collection":[{"href":"https:\/\/testvet.brainmarketing.ca\/en\/wp-json\/wp\/v2\/product"}],"about":[{"href":"https:\/\/testvet.brainmarketing.ca\/en\/wp-json\/wp\/v2\/types\/product"}],"version-history":[{"count":1,"href":"https:\/\/testvet.brainmarketing.ca\/en\/wp-json\/wp\/v2\/product\/13968\/revisions"}],"predecessor-version":[{"id":13981,"href":"https:\/\/testvet.brainmarketing.ca\/en\/wp-json\/wp\/v2\/product\/13968\/revisions\/13981"}],"wp:attachment":[{"href":"https:\/\/testvet.brainmarketing.ca\/en\/wp-json\/wp\/v2\/media?parent=13968"}],"wp:term":[{"taxonomy":"product_brand","embeddable":true,"href":"https:\/\/testvet.brainmarketing.ca\/en\/wp-json\/wp\/v2\/product_brand?post=13968"},{"taxonomy":"product_cat","embeddable":true,"href":"https:\/\/testvet.brainmarketing.ca\/en\/wp-json\/wp\/v2\/product_cat?post=13968"},{"taxonomy":"product_tag","embeddable":true,"href":"https:\/\/testvet.brainmarketing.ca\/en\/wp-json\/wp\/v2\/product_tag?post=13968"}],"curies":[{"name":"wp","href":"https:\/\/api.w.org\/{rel}","templated":true}]}}