{"id":13930,"date":"2025-02-24T08:14:00","date_gmt":"2025-02-24T13:14:00","guid":{"rendered":"https:\/\/testvet.brainmarketing.ca\/?post_type=product&#038;p=13930"},"modified":"2025-02-24T08:18:06","modified_gmt":"2025-02-24T13:18:06","slug":"oxalate-de-calcium-en-prevention","status":"publish","type":"product","link":"https:\/\/testvet.brainmarketing.ca\/en\/produit\/oxalate-de-calcium-en-prevention\/","title":{"rendered":"Citrate de potassium"},"content":{"rendered":"<p>Le citrate de potassium est un suppl\u00e9ment utilis\u00e9 pour pr\u00e9venir la formation de cristaux d&#8217;<a href=\"https:\/\/testvet.brainmarketing.ca\/oxalates-calcium-chez-les-animaux\/\">oxalate de calcium<\/a> dans les voies urinaires chez les chiens et les chats. En augmentant l&#8217;acidit\u00e9 urinaire, il aide \u00e0 r\u00e9duire la probabilit\u00e9 de cristallisation de l&#8217;oxalate de calcium, un type de calcul urinaire courant. Il est souvent prescrit pour les animaux ayant des ant\u00e9c\u00e9dents de calculs ou une pr\u00e9disposition \u00e0 cette condition. Ce traitement est g\u00e9n\u00e9ralement bien tol\u00e9r\u00e9.<\/p>\n","protected":false},"excerpt":{"rendered":"<p>Le citrate de potassium est un suppl\u00e9ment utilis\u00e9 pour pr\u00e9venir la formation de cristaux d&#8217;oxalate de calcium dans les voies urinaires des animaux pr\u00e9dispos\u00e9s<\/p>\n","protected":false},"featured_media":0,"template":"","meta":{"_acf_changed":false},"product_brand":[],"product_cat":[176],"product_tag":[],"class_list":{"0":"post-13930","1":"product","2":"type-product","3":"status-publish","5":"product_cat-pharmacie","7":"first","8":"instock","9":"shipping-taxable","10":"product-type-simple"},"acf":[],"yoast_head":"<!-- This site is optimized with the Yoast SEO plugin v24.6 - https:\/\/yoast.com\/wordpress\/plugins\/seo\/ -->\n<title>Oxalate de calcium en pr\u00e9vention des oxalates de calcium<\/title>\n<meta name=\"description\" content=\"Oxalate de calcium en pr\u00e9vention : apprenez comment pr\u00e9venir la formation de cristaux urinaires d&#039;oxalate de calcium chez votre animal\" \/>\n<meta name=\"robots\" content=\"noindex, follow, max-snippet:-1, max-image-preview:large, max-video-preview:-1\" \/>\n<meta property=\"og:locale\" content=\"en_US\" \/>\n<meta property=\"og:type\" content=\"article\" \/>\n<meta property=\"og:title\" content=\"Oxalate de calcium en pr\u00e9vention des oxalates de calcium\" \/>\n<meta property=\"og:description\" content=\"Oxalate de calcium en pr\u00e9vention : apprenez comment pr\u00e9venir la formation de cristaux urinaires d&#039;oxalate de calcium chez votre animal\" \/>\n<meta property=\"og:url\" content=\"https:\/\/testvet.brainmarketing.ca\/en\/produit\/oxalate-de-calcium-en-prevention\/\" \/>\n<meta property=\"og:site_name\" content=\"MonVet\" \/>\n<meta property=\"article:modified_time\" content=\"2025-02-24T13:18:06+00:00\" \/>\n<meta name=\"twitter:card\" content=\"summary_large_image\" \/>\n<meta name=\"twitter:label1\" content=\"Est. reading time\" \/>\n\t<meta name=\"twitter:data1\" content=\"1 minute\" \/>\n<script type=\"application\/ld+json\" class=\"yoast-schema-graph\">{\"@context\":\"https:\/\/schema.org\",\"@graph\":[{\"@type\":\"WebPage\",\"@id\":\"https:\/\/testvet.brainmarketing.ca\/en\/produit\/oxalate-de-calcium-en-prevention\/\",\"url\":\"https:\/\/testvet.brainmarketing.ca\/en\/produit\/oxalate-de-calcium-en-prevention\/\",\"name\":\"Oxalate de calcium en pr\u00e9vention des oxalates de calcium\",\"isPartOf\":{\"@id\":\"https:\/\/testvet.brainmarketing.ca\/en\/#website\"},\"datePublished\":\"2025-02-24T13:14:00+00:00\",\"dateModified\":\"2025-02-24T13:18:06+00:00\",\"description\":\"Oxalate de calcium en pr\u00e9vention : apprenez comment pr\u00e9venir la formation de cristaux urinaires d'oxalate de calcium chez votre animal\",\"breadcrumb\":{\"@id\":\"https:\/\/testvet.brainmarketing.ca\/en\/produit\/oxalate-de-calcium-en-prevention\/#breadcrumb\"},\"inLanguage\":\"en-US\",\"potentialAction\":[{\"@type\":\"ReadAction\",\"target\":[\"https:\/\/testvet.brainmarketing.ca\/en\/produit\/oxalate-de-calcium-en-prevention\/\"]}]},{\"@type\":\"BreadcrumbList\",\"@id\":\"https:\/\/testvet.brainmarketing.ca\/en\/produit\/oxalate-de-calcium-en-prevention\/#breadcrumb\",\"itemListElement\":[{\"@type\":\"ListItem\",\"position\":1,\"name\":\"Catalogue\",\"item\":\"https:\/\/testvet.brainmarketing.ca\/catalogue\/\"},{\"@type\":\"ListItem\",\"position\":2,\"name\":\"Pharmacy\",\"item\":\"https:\/\/testvet.brainmarketing.ca\/en\/product-category\/pharmacy\/\"},{\"@type\":\"ListItem\",\"position\":3,\"name\":\"Citrate de potassium\"}]},{\"@type\":\"WebSite\",\"@id\":\"https:\/\/testvet.brainmarketing.ca\/en\/#website\",\"url\":\"https:\/\/testvet.brainmarketing.ca\/en\/\",\"name\":\"MonVet\",\"description\":\"R\u00e9seau v\u00e9t\u00e9rinaires\",\"publisher\":{\"@id\":\"https:\/\/testvet.brainmarketing.ca\/en\/#organization\"},\"potentialAction\":[{\"@type\":\"SearchAction\",\"target\":{\"@type\":\"EntryPoint\",\"urlTemplate\":\"https:\/\/testvet.brainmarketing.ca\/en\/?s={search_term_string}\"},\"query-input\":{\"@type\":\"PropertyValueSpecification\",\"valueRequired\":true,\"valueName\":\"search_term_string\"}}],\"inLanguage\":\"en-US\"},{\"@type\":\"Organization\",\"@id\":\"https:\/\/testvet.brainmarketing.ca\/en\/#organization\",\"name\":\"Brainmarketing\",\"alternateName\":\"Test\",\"url\":\"https:\/\/testvet.brainmarketing.ca\/en\/\",\"logo\":{\"@type\":\"ImageObject\",\"inLanguage\":\"en-US\",\"@id\":\"https:\/\/testvet.brainmarketing.ca\/en\/#\/schema\/logo\/image\/\",\"url\":\"https:\/\/testvet.brainmarketing.ca\/wp-content\/uploads\/Logos-icones\/MonVet.svg\",\"contentUrl\":\"https:\/\/testvet.brainmarketing.ca\/wp-content\/uploads\/Logos-icones\/MonVet.svg\",\"width\":1811,\"height\":603,\"caption\":\"Brainmarketing\"},\"image\":{\"@id\":\"https:\/\/testvet.brainmarketing.ca\/en\/#\/schema\/logo\/image\/\"}}]}<\/script>\n<!-- \/ Yoast SEO plugin. -->","yoast_head_json":{"title":"Oxalate de calcium en pr\u00e9vention des oxalates de calcium","description":"Oxalate de calcium en pr\u00e9vention : apprenez comment pr\u00e9venir la formation de cristaux urinaires d'oxalate de calcium chez votre animal","robots":{"index":"noindex","follow":"follow","max-snippet":"max-snippet:-1","max-image-preview":"max-image-preview:large","max-video-preview":"max-video-preview:-1"},"og_locale":"en_US","og_type":"article","og_title":"Oxalate de calcium en pr\u00e9vention des oxalates de calcium","og_description":"Oxalate de calcium en pr\u00e9vention : apprenez comment pr\u00e9venir la formation de cristaux urinaires d'oxalate de calcium chez votre animal","og_url":"https:\/\/testvet.brainmarketing.ca\/en\/produit\/oxalate-de-calcium-en-prevention\/","og_site_name":"MonVet","article_modified_time":"2025-02-24T13:18:06+00:00","twitter_card":"summary_large_image","twitter_misc":{"Est. reading time":"1 minute"},"schema":{"@context":"https:\/\/schema.org","@graph":[{"@type":"WebPage","@id":"https:\/\/testvet.brainmarketing.ca\/en\/produit\/oxalate-de-calcium-en-prevention\/","url":"https:\/\/testvet.brainmarketing.ca\/en\/produit\/oxalate-de-calcium-en-prevention\/","name":"Oxalate de calcium en pr\u00e9vention des oxalates de calcium","isPartOf":{"@id":"https:\/\/testvet.brainmarketing.ca\/en\/#website"},"datePublished":"2025-02-24T13:14:00+00:00","dateModified":"2025-02-24T13:18:06+00:00","description":"Oxalate de calcium en pr\u00e9vention : apprenez comment pr\u00e9venir la formation de cristaux urinaires d'oxalate de calcium chez votre animal","breadcrumb":{"@id":"https:\/\/testvet.brainmarketing.ca\/en\/produit\/oxalate-de-calcium-en-prevention\/#breadcrumb"},"inLanguage":"en-US","potentialAction":[{"@type":"ReadAction","target":["https:\/\/testvet.brainmarketing.ca\/en\/produit\/oxalate-de-calcium-en-prevention\/"]}]},{"@type":"BreadcrumbList","@id":"https:\/\/testvet.brainmarketing.ca\/en\/produit\/oxalate-de-calcium-en-prevention\/#breadcrumb","itemListElement":[{"@type":"ListItem","position":1,"name":"Catalogue","item":"https:\/\/testvet.brainmarketing.ca\/catalogue\/"},{"@type":"ListItem","position":2,"name":"Pharmacy","item":"https:\/\/testvet.brainmarketing.ca\/en\/product-category\/pharmacy\/"},{"@type":"ListItem","position":3,"name":"Citrate de potassium"}]},{"@type":"WebSite","@id":"https:\/\/testvet.brainmarketing.ca\/en\/#website","url":"https:\/\/testvet.brainmarketing.ca\/en\/","name":"MonVet","description":"R\u00e9seau v\u00e9t\u00e9rinaires","publisher":{"@id":"https:\/\/testvet.brainmarketing.ca\/en\/#organization"},"potentialAction":[{"@type":"SearchAction","target":{"@type":"EntryPoint","urlTemplate":"https:\/\/testvet.brainmarketing.ca\/en\/?s={search_term_string}"},"query-input":{"@type":"PropertyValueSpecification","valueRequired":true,"valueName":"search_term_string"}}],"inLanguage":"en-US"},{"@type":"Organization","@id":"https:\/\/testvet.brainmarketing.ca\/en\/#organization","name":"Brainmarketing","alternateName":"Test","url":"https:\/\/testvet.brainmarketing.ca\/en\/","logo":{"@type":"ImageObject","inLanguage":"en-US","@id":"https:\/\/testvet.brainmarketing.ca\/en\/#\/schema\/logo\/image\/","url":"https:\/\/testvet.brainmarketing.ca\/wp-content\/uploads\/Logos-icones\/MonVet.svg","contentUrl":"https:\/\/testvet.brainmarketing.ca\/wp-content\/uploads\/Logos-icones\/MonVet.svg","width":1811,"height":603,"caption":"Brainmarketing"},"image":{"@id":"https:\/\/testvet.brainmarketing.ca\/en\/#\/schema\/logo\/image\/"}}]}},"_links":{"self":[{"href":"https:\/\/testvet.brainmarketing.ca\/en\/wp-json\/wp\/v2\/product\/13930","targetHints":{"allow":["GET"]}}],"collection":[{"href":"https:\/\/testvet.brainmarketing.ca\/en\/wp-json\/wp\/v2\/product"}],"about":[{"href":"https:\/\/testvet.brainmarketing.ca\/en\/wp-json\/wp\/v2\/types\/product"}],"version-history":[{"count":3,"href":"https:\/\/testvet.brainmarketing.ca\/en\/wp-json\/wp\/v2\/product\/13930\/revisions"}],"predecessor-version":[{"id":13962,"href":"https:\/\/testvet.brainmarketing.ca\/en\/wp-json\/wp\/v2\/product\/13930\/revisions\/13962"}],"wp:attachment":[{"href":"https:\/\/testvet.brainmarketing.ca\/en\/wp-json\/wp\/v2\/media?parent=13930"}],"wp:term":[{"taxonomy":"product_brand","embeddable":true,"href":"https:\/\/testvet.brainmarketing.ca\/en\/wp-json\/wp\/v2\/product_brand?post=13930"},{"taxonomy":"product_cat","embeddable":true,"href":"https:\/\/testvet.brainmarketing.ca\/en\/wp-json\/wp\/v2\/product_cat?post=13930"},{"taxonomy":"product_tag","embeddable":true,"href":"https:\/\/testvet.brainmarketing.ca\/en\/wp-json\/wp\/v2\/product_tag?post=13930"}],"curies":[{"name":"wp","href":"https:\/\/api.w.org\/{rel}","templated":true}]}}