{"id":13928,"date":"2025-02-24T07:42:58","date_gmt":"2025-02-24T12:42:58","guid":{"rendered":"https:\/\/testvet.brainmarketing.ca\/?post_type=product&#038;p=13928"},"modified":"2025-02-24T07:42:58","modified_gmt":"2025-02-24T12:42:58","slug":"cisapride-pour-traiter-la-constipation","status":"publish","type":"product","link":"https:\/\/testvet.brainmarketing.ca\/en\/produit\/cisapride-pour-traiter-la-constipation\/","title":{"rendered":"Cisapride"},"content":{"rendered":"<p>Le cisapride est un m\u00e9dicament utilis\u00e9 pour traiter les troubles gastro-intestinaux chez les chats et chiens, notamment la <a href=\"https:\/\/testvet.brainmarketing.ca\/constipation-chat-traitement\/\">constipation<\/a> ou la lenteur des mouvements intestinaux. Il agit en stimulant les muscles du tractus digestif, facilitant ainsi le transit intestinal. Ce m\u00e9dicament est souvent prescrit lorsqu\u2019un animal souffre d\u2019une motilit\u00e9 intestinale r\u00e9duite. Il est important de suivre les recommandations du v\u00e9t\u00e9rinaire concernant la posologie et la dur\u00e9e du traitement. Un suivi r\u00e9gulier est n\u00e9cessaire pour ajuster le traitement si besoin et \u00e9viter tout effet secondaire. Ne jamais administrer de cisapride sans l&#8217;avis de votre v\u00e9t\u00e9rinaire<\/p>\n","protected":false},"excerpt":{"rendered":"<p>Le cisapride est un m\u00e9dicament v\u00e9t\u00e9rinaire destin\u00e9 \u00e0 stimuler la motilit\u00e9 gastro-intestinale chez les chiens et les chats souffrant de troubles digestifs<\/p>\n","protected":false},"featured_media":0,"template":"","meta":{"_acf_changed":false},"product_brand":[],"product_cat":[176,251],"product_tag":[207,209],"class_list":{"0":"post-13928","1":"product","2":"type-product","3":"status-publish","5":"product_cat-pharmacie","6":"product_cat-supplements-et-produits-naturels","7":"product_tag-chats","8":"product_tag-chiens","10":"first","11":"instock","12":"shipping-taxable","13":"product-type-simple"},"acf":[],"yoast_head":"<!-- This site is optimized with the Yoast SEO plugin v24.6 - https:\/\/yoast.com\/wordpress\/plugins\/seo\/ -->\n<title>Cisapride pour traiter la constipation chez votre animal<\/title>\n<meta name=\"description\" content=\"Cisapride pour traiter la constipation chez votre animal : d\u00e9couvrez comment ce m\u00e9dicament peut am\u00e9liorer la motilit\u00e9 intestinale\" \/>\n<meta name=\"robots\" content=\"noindex, follow, max-snippet:-1, max-image-preview:large, max-video-preview:-1\" \/>\n<meta property=\"og:locale\" content=\"en_US\" \/>\n<meta property=\"og:type\" content=\"article\" \/>\n<meta property=\"og:title\" content=\"Cisapride pour traiter la constipation chez votre animal\" \/>\n<meta property=\"og:description\" content=\"Cisapride pour traiter la constipation chez votre animal : d\u00e9couvrez comment ce m\u00e9dicament peut am\u00e9liorer la motilit\u00e9 intestinale\" \/>\n<meta property=\"og:url\" content=\"https:\/\/testvet.brainmarketing.ca\/en\/produit\/cisapride-pour-traiter-la-constipation\/\" \/>\n<meta property=\"og:site_name\" content=\"MonVet\" \/>\n<meta name=\"twitter:card\" content=\"summary_large_image\" \/>\n<meta name=\"twitter:label1\" content=\"Est. reading time\" \/>\n\t<meta name=\"twitter:data1\" content=\"1 minute\" \/>\n<script type=\"application\/ld+json\" class=\"yoast-schema-graph\">{\"@context\":\"https:\/\/schema.org\",\"@graph\":[{\"@type\":\"WebPage\",\"@id\":\"https:\/\/testvet.brainmarketing.ca\/en\/produit\/cisapride-pour-traiter-la-constipation\/\",\"url\":\"https:\/\/testvet.brainmarketing.ca\/en\/produit\/cisapride-pour-traiter-la-constipation\/\",\"name\":\"Cisapride pour traiter la constipation chez votre animal\",\"isPartOf\":{\"@id\":\"https:\/\/testvet.brainmarketing.ca\/en\/#website\"},\"datePublished\":\"2025-02-24T12:42:58+00:00\",\"description\":\"Cisapride pour traiter la constipation chez votre animal : d\u00e9couvrez comment ce m\u00e9dicament peut am\u00e9liorer la motilit\u00e9 intestinale\",\"breadcrumb\":{\"@id\":\"https:\/\/testvet.brainmarketing.ca\/en\/produit\/cisapride-pour-traiter-la-constipation\/#breadcrumb\"},\"inLanguage\":\"en-US\",\"potentialAction\":[{\"@type\":\"ReadAction\",\"target\":[\"https:\/\/testvet.brainmarketing.ca\/en\/produit\/cisapride-pour-traiter-la-constipation\/\"]}]},{\"@type\":\"BreadcrumbList\",\"@id\":\"https:\/\/testvet.brainmarketing.ca\/en\/produit\/cisapride-pour-traiter-la-constipation\/#breadcrumb\",\"itemListElement\":[{\"@type\":\"ListItem\",\"position\":1,\"name\":\"Catalogue\",\"item\":\"https:\/\/testvet.brainmarketing.ca\/catalogue\/\"},{\"@type\":\"ListItem\",\"position\":2,\"name\":\"Supplements and natural products\",\"item\":\"https:\/\/testvet.brainmarketing.ca\/en\/product-category\/supplements-and-natural-products\/\"},{\"@type\":\"ListItem\",\"position\":3,\"name\":\"Cisapride\"}]},{\"@type\":\"WebSite\",\"@id\":\"https:\/\/testvet.brainmarketing.ca\/en\/#website\",\"url\":\"https:\/\/testvet.brainmarketing.ca\/en\/\",\"name\":\"MonVet\",\"description\":\"R\u00e9seau v\u00e9t\u00e9rinaires\",\"publisher\":{\"@id\":\"https:\/\/testvet.brainmarketing.ca\/en\/#organization\"},\"potentialAction\":[{\"@type\":\"SearchAction\",\"target\":{\"@type\":\"EntryPoint\",\"urlTemplate\":\"https:\/\/testvet.brainmarketing.ca\/en\/?s={search_term_string}\"},\"query-input\":{\"@type\":\"PropertyValueSpecification\",\"valueRequired\":true,\"valueName\":\"search_term_string\"}}],\"inLanguage\":\"en-US\"},{\"@type\":\"Organization\",\"@id\":\"https:\/\/testvet.brainmarketing.ca\/en\/#organization\",\"name\":\"Brainmarketing\",\"alternateName\":\"Test\",\"url\":\"https:\/\/testvet.brainmarketing.ca\/en\/\",\"logo\":{\"@type\":\"ImageObject\",\"inLanguage\":\"en-US\",\"@id\":\"https:\/\/testvet.brainmarketing.ca\/en\/#\/schema\/logo\/image\/\",\"url\":\"https:\/\/testvet.brainmarketing.ca\/wp-content\/uploads\/Logos-icones\/MonVet.svg\",\"contentUrl\":\"https:\/\/testvet.brainmarketing.ca\/wp-content\/uploads\/Logos-icones\/MonVet.svg\",\"width\":1811,\"height\":603,\"caption\":\"Brainmarketing\"},\"image\":{\"@id\":\"https:\/\/testvet.brainmarketing.ca\/en\/#\/schema\/logo\/image\/\"}}]}<\/script>\n<!-- \/ Yoast SEO plugin. -->","yoast_head_json":{"title":"Cisapride pour traiter la constipation chez votre animal","description":"Cisapride pour traiter la constipation chez votre animal : d\u00e9couvrez comment ce m\u00e9dicament peut am\u00e9liorer la motilit\u00e9 intestinale","robots":{"index":"noindex","follow":"follow","max-snippet":"max-snippet:-1","max-image-preview":"max-image-preview:large","max-video-preview":"max-video-preview:-1"},"og_locale":"en_US","og_type":"article","og_title":"Cisapride pour traiter la constipation chez votre animal","og_description":"Cisapride pour traiter la constipation chez votre animal : d\u00e9couvrez comment ce m\u00e9dicament peut am\u00e9liorer la motilit\u00e9 intestinale","og_url":"https:\/\/testvet.brainmarketing.ca\/en\/produit\/cisapride-pour-traiter-la-constipation\/","og_site_name":"MonVet","twitter_card":"summary_large_image","twitter_misc":{"Est. reading time":"1 minute"},"schema":{"@context":"https:\/\/schema.org","@graph":[{"@type":"WebPage","@id":"https:\/\/testvet.brainmarketing.ca\/en\/produit\/cisapride-pour-traiter-la-constipation\/","url":"https:\/\/testvet.brainmarketing.ca\/en\/produit\/cisapride-pour-traiter-la-constipation\/","name":"Cisapride pour traiter la constipation chez votre animal","isPartOf":{"@id":"https:\/\/testvet.brainmarketing.ca\/en\/#website"},"datePublished":"2025-02-24T12:42:58+00:00","description":"Cisapride pour traiter la constipation chez votre animal : d\u00e9couvrez comment ce m\u00e9dicament peut am\u00e9liorer la motilit\u00e9 intestinale","breadcrumb":{"@id":"https:\/\/testvet.brainmarketing.ca\/en\/produit\/cisapride-pour-traiter-la-constipation\/#breadcrumb"},"inLanguage":"en-US","potentialAction":[{"@type":"ReadAction","target":["https:\/\/testvet.brainmarketing.ca\/en\/produit\/cisapride-pour-traiter-la-constipation\/"]}]},{"@type":"BreadcrumbList","@id":"https:\/\/testvet.brainmarketing.ca\/en\/produit\/cisapride-pour-traiter-la-constipation\/#breadcrumb","itemListElement":[{"@type":"ListItem","position":1,"name":"Catalogue","item":"https:\/\/testvet.brainmarketing.ca\/catalogue\/"},{"@type":"ListItem","position":2,"name":"Supplements and natural products","item":"https:\/\/testvet.brainmarketing.ca\/en\/product-category\/supplements-and-natural-products\/"},{"@type":"ListItem","position":3,"name":"Cisapride"}]},{"@type":"WebSite","@id":"https:\/\/testvet.brainmarketing.ca\/en\/#website","url":"https:\/\/testvet.brainmarketing.ca\/en\/","name":"MonVet","description":"R\u00e9seau v\u00e9t\u00e9rinaires","publisher":{"@id":"https:\/\/testvet.brainmarketing.ca\/en\/#organization"},"potentialAction":[{"@type":"SearchAction","target":{"@type":"EntryPoint","urlTemplate":"https:\/\/testvet.brainmarketing.ca\/en\/?s={search_term_string}"},"query-input":{"@type":"PropertyValueSpecification","valueRequired":true,"valueName":"search_term_string"}}],"inLanguage":"en-US"},{"@type":"Organization","@id":"https:\/\/testvet.brainmarketing.ca\/en\/#organization","name":"Brainmarketing","alternateName":"Test","url":"https:\/\/testvet.brainmarketing.ca\/en\/","logo":{"@type":"ImageObject","inLanguage":"en-US","@id":"https:\/\/testvet.brainmarketing.ca\/en\/#\/schema\/logo\/image\/","url":"https:\/\/testvet.brainmarketing.ca\/wp-content\/uploads\/Logos-icones\/MonVet.svg","contentUrl":"https:\/\/testvet.brainmarketing.ca\/wp-content\/uploads\/Logos-icones\/MonVet.svg","width":1811,"height":603,"caption":"Brainmarketing"},"image":{"@id":"https:\/\/testvet.brainmarketing.ca\/en\/#\/schema\/logo\/image\/"}}]}},"_links":{"self":[{"href":"https:\/\/testvet.brainmarketing.ca\/en\/wp-json\/wp\/v2\/product\/13928","targetHints":{"allow":["GET"]}}],"collection":[{"href":"https:\/\/testvet.brainmarketing.ca\/en\/wp-json\/wp\/v2\/product"}],"about":[{"href":"https:\/\/testvet.brainmarketing.ca\/en\/wp-json\/wp\/v2\/types\/product"}],"version-history":[{"count":1,"href":"https:\/\/testvet.brainmarketing.ca\/en\/wp-json\/wp\/v2\/product\/13928\/revisions"}],"predecessor-version":[{"id":13929,"href":"https:\/\/testvet.brainmarketing.ca\/en\/wp-json\/wp\/v2\/product\/13928\/revisions\/13929"}],"wp:attachment":[{"href":"https:\/\/testvet.brainmarketing.ca\/en\/wp-json\/wp\/v2\/media?parent=13928"}],"wp:term":[{"taxonomy":"product_brand","embeddable":true,"href":"https:\/\/testvet.brainmarketing.ca\/en\/wp-json\/wp\/v2\/product_brand?post=13928"},{"taxonomy":"product_cat","embeddable":true,"href":"https:\/\/testvet.brainmarketing.ca\/en\/wp-json\/wp\/v2\/product_cat?post=13928"},{"taxonomy":"product_tag","embeddable":true,"href":"https:\/\/testvet.brainmarketing.ca\/en\/wp-json\/wp\/v2\/product_tag?post=13928"}],"curies":[{"name":"wp","href":"https:\/\/api.w.org\/{rel}","templated":true}]}}