{"id":13699,"date":"2025-02-23T09:32:14","date_gmt":"2025-02-23T14:32:14","guid":{"rendered":"https:\/\/testvet.brainmarketing.ca\/?post_type=product&#038;p=13699"},"modified":"2025-02-23T09:32:43","modified_gmt":"2025-02-23T14:32:43","slug":"ciloxan-ophtalmique-pour-infections-oculaires","status":"publish","type":"product","link":"https:\/\/testvet.brainmarketing.ca\/en\/produit\/ciloxan-ophtalmique-pour-infections-oculaires\/","title":{"rendered":"Ciloxan\u00ae"},"content":{"rendered":"<p>Le Ciloxan\u00ae est un m\u00e9dicament utilis\u00e9 pour traiter les infections bact\u00e9riennes oculaires chez les <a href=\"https:\/\/testvet.brainmarketing.ca\/syndrome-de-loeil-rouge\/\">chiens et les chats<\/a>. Il contient de la ciprofloxacine, un antibiotique qui agit en inhibant la croissance des bact\u00e9ries responsables des infections. Ce m\u00e9dicament est appliqu\u00e9 directement dans l&#8217;\u0153il sous forme de gouttes, et il est efficace contre un large \u00e9ventail de bact\u00e9ries. Il est g\u00e9n\u00e9ralement prescrit pour des conditions telles que la conjonctivite bact\u00e9rienne ou d&#8217;autres infections oculaires. Il est essentiel de suivre les instructions du v\u00e9t\u00e9rinaire pour garantir une gu\u00e9rison rapide et \u00e9viter toute complication<\/p>\n","protected":false},"excerpt":{"rendered":"<p>Ciloxan ophtalmique est une solution antibiotique utilis\u00e9e pour traiter les infections bact\u00e9riennes oculaires chez les chiens et les chats<\/p>\n","protected":false},"featured_media":0,"template":"","meta":{"_acf_changed":false},"product_brand":[],"product_cat":[176],"product_tag":[207,209],"class_list":{"0":"post-13699","1":"product","2":"type-product","3":"status-publish","5":"product_cat-pharmacie","6":"product_tag-chats","7":"product_tag-chiens","9":"first","10":"instock","11":"shipping-taxable","12":"product-type-simple"},"acf":[],"yoast_head":"<!-- This site is optimized with the Yoast SEO plugin v24.6 - https:\/\/yoast.com\/wordpress\/plugins\/seo\/ -->\n<title>Ciloxan\u00ae ophtalmique pour infections oculaires animales<\/title>\n<meta name=\"description\" content=\"Ciloxan\u00ae ophtalmique pour infections oculaires chez les animaux. Traite efficacement les infections bact\u00e9riennes des yeux chez chiens et chats\" \/>\n<meta name=\"robots\" content=\"noindex, follow, max-snippet:-1, max-image-preview:large, max-video-preview:-1\" \/>\n<meta property=\"og:locale\" content=\"en_US\" \/>\n<meta property=\"og:type\" content=\"article\" \/>\n<meta property=\"og:title\" content=\"Ciloxan\u00ae ophtalmique pour infections oculaires animales\" \/>\n<meta property=\"og:description\" content=\"Ciloxan\u00ae ophtalmique pour infections oculaires chez les animaux. Traite efficacement les infections bact\u00e9riennes des yeux chez chiens et chats\" \/>\n<meta property=\"og:url\" content=\"https:\/\/testvet.brainmarketing.ca\/en\/produit\/ciloxan-ophtalmique-pour-infections-oculaires\/\" \/>\n<meta property=\"og:site_name\" content=\"MonVet\" \/>\n<meta property=\"article:modified_time\" content=\"2025-02-23T14:32:43+00:00\" \/>\n<meta name=\"twitter:card\" content=\"summary_large_image\" \/>\n<meta name=\"twitter:label1\" content=\"Est. reading time\" \/>\n\t<meta name=\"twitter:data1\" content=\"1 minute\" \/>\n<script type=\"application\/ld+json\" class=\"yoast-schema-graph\">{\"@context\":\"https:\/\/schema.org\",\"@graph\":[{\"@type\":\"WebPage\",\"@id\":\"https:\/\/testvet.brainmarketing.ca\/en\/produit\/ciloxan-ophtalmique-pour-infections-oculaires\/\",\"url\":\"https:\/\/testvet.brainmarketing.ca\/en\/produit\/ciloxan-ophtalmique-pour-infections-oculaires\/\",\"name\":\"Ciloxan\u00ae ophtalmique pour infections oculaires animales\",\"isPartOf\":{\"@id\":\"https:\/\/testvet.brainmarketing.ca\/en\/#website\"},\"datePublished\":\"2025-02-23T14:32:14+00:00\",\"dateModified\":\"2025-02-23T14:32:43+00:00\",\"description\":\"Ciloxan\u00ae ophtalmique pour infections oculaires chez les animaux. Traite efficacement les infections bact\u00e9riennes des yeux chez chiens et chats\",\"breadcrumb\":{\"@id\":\"https:\/\/testvet.brainmarketing.ca\/en\/produit\/ciloxan-ophtalmique-pour-infections-oculaires\/#breadcrumb\"},\"inLanguage\":\"en-US\",\"potentialAction\":[{\"@type\":\"ReadAction\",\"target\":[\"https:\/\/testvet.brainmarketing.ca\/en\/produit\/ciloxan-ophtalmique-pour-infections-oculaires\/\"]}]},{\"@type\":\"BreadcrumbList\",\"@id\":\"https:\/\/testvet.brainmarketing.ca\/en\/produit\/ciloxan-ophtalmique-pour-infections-oculaires\/#breadcrumb\",\"itemListElement\":[{\"@type\":\"ListItem\",\"position\":1,\"name\":\"Catalogue\",\"item\":\"https:\/\/testvet.brainmarketing.ca\/catalogue\/\"},{\"@type\":\"ListItem\",\"position\":2,\"name\":\"Pharmacy\",\"item\":\"https:\/\/testvet.brainmarketing.ca\/en\/product-category\/pharmacy\/\"},{\"@type\":\"ListItem\",\"position\":3,\"name\":\"Ciloxan\u00ae\"}]},{\"@type\":\"WebSite\",\"@id\":\"https:\/\/testvet.brainmarketing.ca\/en\/#website\",\"url\":\"https:\/\/testvet.brainmarketing.ca\/en\/\",\"name\":\"MonVet\",\"description\":\"R\u00e9seau v\u00e9t\u00e9rinaires\",\"publisher\":{\"@id\":\"https:\/\/testvet.brainmarketing.ca\/en\/#organization\"},\"potentialAction\":[{\"@type\":\"SearchAction\",\"target\":{\"@type\":\"EntryPoint\",\"urlTemplate\":\"https:\/\/testvet.brainmarketing.ca\/en\/?s={search_term_string}\"},\"query-input\":{\"@type\":\"PropertyValueSpecification\",\"valueRequired\":true,\"valueName\":\"search_term_string\"}}],\"inLanguage\":\"en-US\"},{\"@type\":\"Organization\",\"@id\":\"https:\/\/testvet.brainmarketing.ca\/en\/#organization\",\"name\":\"Brainmarketing\",\"alternateName\":\"Test\",\"url\":\"https:\/\/testvet.brainmarketing.ca\/en\/\",\"logo\":{\"@type\":\"ImageObject\",\"inLanguage\":\"en-US\",\"@id\":\"https:\/\/testvet.brainmarketing.ca\/en\/#\/schema\/logo\/image\/\",\"url\":\"https:\/\/testvet.brainmarketing.ca\/wp-content\/uploads\/Logos-icones\/MonVet.svg\",\"contentUrl\":\"https:\/\/testvet.brainmarketing.ca\/wp-content\/uploads\/Logos-icones\/MonVet.svg\",\"width\":1811,\"height\":603,\"caption\":\"Brainmarketing\"},\"image\":{\"@id\":\"https:\/\/testvet.brainmarketing.ca\/en\/#\/schema\/logo\/image\/\"}}]}<\/script>\n<!-- \/ Yoast SEO plugin. -->","yoast_head_json":{"title":"Ciloxan\u00ae ophtalmique pour infections oculaires animales","description":"Ciloxan\u00ae ophtalmique pour infections oculaires chez les animaux. Traite efficacement les infections bact\u00e9riennes des yeux chez chiens et chats","robots":{"index":"noindex","follow":"follow","max-snippet":"max-snippet:-1","max-image-preview":"max-image-preview:large","max-video-preview":"max-video-preview:-1"},"og_locale":"en_US","og_type":"article","og_title":"Ciloxan\u00ae ophtalmique pour infections oculaires animales","og_description":"Ciloxan\u00ae ophtalmique pour infections oculaires chez les animaux. Traite efficacement les infections bact\u00e9riennes des yeux chez chiens et chats","og_url":"https:\/\/testvet.brainmarketing.ca\/en\/produit\/ciloxan-ophtalmique-pour-infections-oculaires\/","og_site_name":"MonVet","article_modified_time":"2025-02-23T14:32:43+00:00","twitter_card":"summary_large_image","twitter_misc":{"Est. reading time":"1 minute"},"schema":{"@context":"https:\/\/schema.org","@graph":[{"@type":"WebPage","@id":"https:\/\/testvet.brainmarketing.ca\/en\/produit\/ciloxan-ophtalmique-pour-infections-oculaires\/","url":"https:\/\/testvet.brainmarketing.ca\/en\/produit\/ciloxan-ophtalmique-pour-infections-oculaires\/","name":"Ciloxan\u00ae ophtalmique pour infections oculaires animales","isPartOf":{"@id":"https:\/\/testvet.brainmarketing.ca\/en\/#website"},"datePublished":"2025-02-23T14:32:14+00:00","dateModified":"2025-02-23T14:32:43+00:00","description":"Ciloxan\u00ae ophtalmique pour infections oculaires chez les animaux. Traite efficacement les infections bact\u00e9riennes des yeux chez chiens et chats","breadcrumb":{"@id":"https:\/\/testvet.brainmarketing.ca\/en\/produit\/ciloxan-ophtalmique-pour-infections-oculaires\/#breadcrumb"},"inLanguage":"en-US","potentialAction":[{"@type":"ReadAction","target":["https:\/\/testvet.brainmarketing.ca\/en\/produit\/ciloxan-ophtalmique-pour-infections-oculaires\/"]}]},{"@type":"BreadcrumbList","@id":"https:\/\/testvet.brainmarketing.ca\/en\/produit\/ciloxan-ophtalmique-pour-infections-oculaires\/#breadcrumb","itemListElement":[{"@type":"ListItem","position":1,"name":"Catalogue","item":"https:\/\/testvet.brainmarketing.ca\/catalogue\/"},{"@type":"ListItem","position":2,"name":"Pharmacy","item":"https:\/\/testvet.brainmarketing.ca\/en\/product-category\/pharmacy\/"},{"@type":"ListItem","position":3,"name":"Ciloxan\u00ae"}]},{"@type":"WebSite","@id":"https:\/\/testvet.brainmarketing.ca\/en\/#website","url":"https:\/\/testvet.brainmarketing.ca\/en\/","name":"MonVet","description":"R\u00e9seau v\u00e9t\u00e9rinaires","publisher":{"@id":"https:\/\/testvet.brainmarketing.ca\/en\/#organization"},"potentialAction":[{"@type":"SearchAction","target":{"@type":"EntryPoint","urlTemplate":"https:\/\/testvet.brainmarketing.ca\/en\/?s={search_term_string}"},"query-input":{"@type":"PropertyValueSpecification","valueRequired":true,"valueName":"search_term_string"}}],"inLanguage":"en-US"},{"@type":"Organization","@id":"https:\/\/testvet.brainmarketing.ca\/en\/#organization","name":"Brainmarketing","alternateName":"Test","url":"https:\/\/testvet.brainmarketing.ca\/en\/","logo":{"@type":"ImageObject","inLanguage":"en-US","@id":"https:\/\/testvet.brainmarketing.ca\/en\/#\/schema\/logo\/image\/","url":"https:\/\/testvet.brainmarketing.ca\/wp-content\/uploads\/Logos-icones\/MonVet.svg","contentUrl":"https:\/\/testvet.brainmarketing.ca\/wp-content\/uploads\/Logos-icones\/MonVet.svg","width":1811,"height":603,"caption":"Brainmarketing"},"image":{"@id":"https:\/\/testvet.brainmarketing.ca\/en\/#\/schema\/logo\/image\/"}}]}},"_links":{"self":[{"href":"https:\/\/testvet.brainmarketing.ca\/en\/wp-json\/wp\/v2\/product\/13699","targetHints":{"allow":["GET"]}}],"collection":[{"href":"https:\/\/testvet.brainmarketing.ca\/en\/wp-json\/wp\/v2\/product"}],"about":[{"href":"https:\/\/testvet.brainmarketing.ca\/en\/wp-json\/wp\/v2\/types\/product"}],"version-history":[{"count":1,"href":"https:\/\/testvet.brainmarketing.ca\/en\/wp-json\/wp\/v2\/product\/13699\/revisions"}],"predecessor-version":[{"id":13700,"href":"https:\/\/testvet.brainmarketing.ca\/en\/wp-json\/wp\/v2\/product\/13699\/revisions\/13700"}],"wp:attachment":[{"href":"https:\/\/testvet.brainmarketing.ca\/en\/wp-json\/wp\/v2\/media?parent=13699"}],"wp:term":[{"taxonomy":"product_brand","embeddable":true,"href":"https:\/\/testvet.brainmarketing.ca\/en\/wp-json\/wp\/v2\/product_brand?post=13699"},{"taxonomy":"product_cat","embeddable":true,"href":"https:\/\/testvet.brainmarketing.ca\/en\/wp-json\/wp\/v2\/product_cat?post=13699"},{"taxonomy":"product_tag","embeddable":true,"href":"https:\/\/testvet.brainmarketing.ca\/en\/wp-json\/wp\/v2\/product_tag?post=13699"}],"curies":[{"name":"wp","href":"https:\/\/api.w.org\/{rel}","templated":true}]}}