{"id":13697,"date":"2025-02-23T09:21:31","date_gmt":"2025-02-23T14:21:31","guid":{"rendered":"https:\/\/testvet.brainmarketing.ca\/?post_type=product&#038;p=13697"},"modified":"2025-02-23T09:21:31","modified_gmt":"2025-02-23T14:21:31","slug":"chlorpheniramine-pour-un-traitement-dallergies","status":"publish","type":"product","link":"https:\/\/testvet.brainmarketing.ca\/en\/produit\/chlorpheniramine-pour-un-traitement-dallergies\/","title":{"rendered":"Chlorph\u00e9niramine"},"content":{"rendered":"<p data-start=\"0\" data-end=\"616\">La chlorph\u00e9niramine est un antihistaminique utilis\u00e9 pour soulager les sympt\u00f4mes d&#8217;allergies chez les <a href=\"https:\/\/testvet.brainmarketing.ca\/allergies-saisonnieres-chiens-symptomes-traitements\/\">chiens<\/a> et les <a href=\"https:\/\/testvet.brainmarketing.ca\/allergies-chien-symptomes-solutions\/\">chats<\/a>, comme les d\u00e9mangeaisons, les \u00e9ternuements et les yeux larmoyants. Il est couramment prescrit pour traiter les r\u00e9actions allergiques caus\u00e9es par des piq\u00fbres d&#8217;insectes, des allergies alimentaires ou des allergies environnementales (pollen, poussi\u00e8re). Ce m\u00e9dicament aide \u00e0 bloquer l&#8217;histamine, une substance chimique qui provoque les sympt\u00f4mes d&#8217;allergies. Il peut \u00eatre administr\u00e9 par voie orale, mais la posologie doit \u00eatre suivie attentivement pour \u00e9viter les effets secondaires ind\u00e9sirables.<\/p>\n","protected":false},"excerpt":{"rendered":"<p>Chlorph\u00e9niramine est un antihistaminique utilis\u00e9 pour traiter les allergies et les d\u00e9mangeaisons chez les chiens et les chats<\/p>\n","protected":false},"featured_media":0,"template":"","meta":{"_acf_changed":false},"product_brand":[],"product_cat":[176],"product_tag":[207,209],"class_list":{"0":"post-13697","1":"product","2":"type-product","3":"status-publish","5":"product_cat-pharmacie","6":"product_tag-chats","7":"product_tag-chiens","9":"first","10":"instock","11":"shipping-taxable","12":"product-type-simple"},"acf":[],"yoast_head":"<!-- This site is optimized with the Yoast SEO plugin v24.6 - https:\/\/yoast.com\/wordpress\/plugins\/seo\/ -->\n<title>Chlorph\u00e9niramine pour un traitement contre les allergies<\/title>\n<meta name=\"description\" content=\"Chlorph\u00e9niramine pour un traitement contre les allergies chez les animaux. Soulage les d\u00e9mangeaisons et autres sympt\u00f4mes d&#039;allergies\" \/>\n<meta name=\"robots\" content=\"noindex, follow, max-snippet:-1, max-image-preview:large, max-video-preview:-1\" \/>\n<meta property=\"og:locale\" content=\"en_US\" \/>\n<meta property=\"og:type\" content=\"article\" \/>\n<meta property=\"og:title\" content=\"Chlorph\u00e9niramine pour un traitement contre les allergies\" \/>\n<meta property=\"og:description\" content=\"Chlorph\u00e9niramine pour un traitement contre les allergies chez les animaux. Soulage les d\u00e9mangeaisons et autres sympt\u00f4mes d&#039;allergies\" \/>\n<meta property=\"og:url\" content=\"https:\/\/testvet.brainmarketing.ca\/en\/produit\/chlorpheniramine-pour-un-traitement-dallergies\/\" \/>\n<meta property=\"og:site_name\" content=\"MonVet\" \/>\n<meta name=\"twitter:card\" content=\"summary_large_image\" \/>\n<meta name=\"twitter:label1\" content=\"Est. reading time\" \/>\n\t<meta name=\"twitter:data1\" content=\"1 minute\" \/>\n<script type=\"application\/ld+json\" class=\"yoast-schema-graph\">{\"@context\":\"https:\/\/schema.org\",\"@graph\":[{\"@type\":\"WebPage\",\"@id\":\"https:\/\/testvet.brainmarketing.ca\/en\/produit\/chlorpheniramine-pour-un-traitement-dallergies\/\",\"url\":\"https:\/\/testvet.brainmarketing.ca\/en\/produit\/chlorpheniramine-pour-un-traitement-dallergies\/\",\"name\":\"Chlorph\u00e9niramine pour un traitement contre les allergies\",\"isPartOf\":{\"@id\":\"https:\/\/testvet.brainmarketing.ca\/en\/#website\"},\"datePublished\":\"2025-02-23T14:21:31+00:00\",\"description\":\"Chlorph\u00e9niramine pour un traitement contre les allergies chez les animaux. Soulage les d\u00e9mangeaisons et autres sympt\u00f4mes d'allergies\",\"breadcrumb\":{\"@id\":\"https:\/\/testvet.brainmarketing.ca\/en\/produit\/chlorpheniramine-pour-un-traitement-dallergies\/#breadcrumb\"},\"inLanguage\":\"en-US\",\"potentialAction\":[{\"@type\":\"ReadAction\",\"target\":[\"https:\/\/testvet.brainmarketing.ca\/en\/produit\/chlorpheniramine-pour-un-traitement-dallergies\/\"]}]},{\"@type\":\"BreadcrumbList\",\"@id\":\"https:\/\/testvet.brainmarketing.ca\/en\/produit\/chlorpheniramine-pour-un-traitement-dallergies\/#breadcrumb\",\"itemListElement\":[{\"@type\":\"ListItem\",\"position\":1,\"name\":\"Catalogue\",\"item\":\"https:\/\/testvet.brainmarketing.ca\/catalogue\/\"},{\"@type\":\"ListItem\",\"position\":2,\"name\":\"Pharmacy\",\"item\":\"https:\/\/testvet.brainmarketing.ca\/en\/product-category\/pharmacy\/\"},{\"@type\":\"ListItem\",\"position\":3,\"name\":\"Chlorph\u00e9niramine\"}]},{\"@type\":\"WebSite\",\"@id\":\"https:\/\/testvet.brainmarketing.ca\/en\/#website\",\"url\":\"https:\/\/testvet.brainmarketing.ca\/en\/\",\"name\":\"MonVet\",\"description\":\"R\u00e9seau v\u00e9t\u00e9rinaires\",\"publisher\":{\"@id\":\"https:\/\/testvet.brainmarketing.ca\/en\/#organization\"},\"potentialAction\":[{\"@type\":\"SearchAction\",\"target\":{\"@type\":\"EntryPoint\",\"urlTemplate\":\"https:\/\/testvet.brainmarketing.ca\/en\/?s={search_term_string}\"},\"query-input\":{\"@type\":\"PropertyValueSpecification\",\"valueRequired\":true,\"valueName\":\"search_term_string\"}}],\"inLanguage\":\"en-US\"},{\"@type\":\"Organization\",\"@id\":\"https:\/\/testvet.brainmarketing.ca\/en\/#organization\",\"name\":\"Brainmarketing\",\"alternateName\":\"Test\",\"url\":\"https:\/\/testvet.brainmarketing.ca\/en\/\",\"logo\":{\"@type\":\"ImageObject\",\"inLanguage\":\"en-US\",\"@id\":\"https:\/\/testvet.brainmarketing.ca\/en\/#\/schema\/logo\/image\/\",\"url\":\"https:\/\/testvet.brainmarketing.ca\/wp-content\/uploads\/Logos-icones\/MonVet.svg\",\"contentUrl\":\"https:\/\/testvet.brainmarketing.ca\/wp-content\/uploads\/Logos-icones\/MonVet.svg\",\"width\":1811,\"height\":603,\"caption\":\"Brainmarketing\"},\"image\":{\"@id\":\"https:\/\/testvet.brainmarketing.ca\/en\/#\/schema\/logo\/image\/\"}}]}<\/script>\n<!-- \/ Yoast SEO plugin. -->","yoast_head_json":{"title":"Chlorph\u00e9niramine pour un traitement contre les allergies","description":"Chlorph\u00e9niramine pour un traitement contre les allergies chez les animaux. Soulage les d\u00e9mangeaisons et autres sympt\u00f4mes d'allergies","robots":{"index":"noindex","follow":"follow","max-snippet":"max-snippet:-1","max-image-preview":"max-image-preview:large","max-video-preview":"max-video-preview:-1"},"og_locale":"en_US","og_type":"article","og_title":"Chlorph\u00e9niramine pour un traitement contre les allergies","og_description":"Chlorph\u00e9niramine pour un traitement contre les allergies chez les animaux. Soulage les d\u00e9mangeaisons et autres sympt\u00f4mes d'allergies","og_url":"https:\/\/testvet.brainmarketing.ca\/en\/produit\/chlorpheniramine-pour-un-traitement-dallergies\/","og_site_name":"MonVet","twitter_card":"summary_large_image","twitter_misc":{"Est. reading time":"1 minute"},"schema":{"@context":"https:\/\/schema.org","@graph":[{"@type":"WebPage","@id":"https:\/\/testvet.brainmarketing.ca\/en\/produit\/chlorpheniramine-pour-un-traitement-dallergies\/","url":"https:\/\/testvet.brainmarketing.ca\/en\/produit\/chlorpheniramine-pour-un-traitement-dallergies\/","name":"Chlorph\u00e9niramine pour un traitement contre les allergies","isPartOf":{"@id":"https:\/\/testvet.brainmarketing.ca\/en\/#website"},"datePublished":"2025-02-23T14:21:31+00:00","description":"Chlorph\u00e9niramine pour un traitement contre les allergies chez les animaux. Soulage les d\u00e9mangeaisons et autres sympt\u00f4mes d'allergies","breadcrumb":{"@id":"https:\/\/testvet.brainmarketing.ca\/en\/produit\/chlorpheniramine-pour-un-traitement-dallergies\/#breadcrumb"},"inLanguage":"en-US","potentialAction":[{"@type":"ReadAction","target":["https:\/\/testvet.brainmarketing.ca\/en\/produit\/chlorpheniramine-pour-un-traitement-dallergies\/"]}]},{"@type":"BreadcrumbList","@id":"https:\/\/testvet.brainmarketing.ca\/en\/produit\/chlorpheniramine-pour-un-traitement-dallergies\/#breadcrumb","itemListElement":[{"@type":"ListItem","position":1,"name":"Catalogue","item":"https:\/\/testvet.brainmarketing.ca\/catalogue\/"},{"@type":"ListItem","position":2,"name":"Pharmacy","item":"https:\/\/testvet.brainmarketing.ca\/en\/product-category\/pharmacy\/"},{"@type":"ListItem","position":3,"name":"Chlorph\u00e9niramine"}]},{"@type":"WebSite","@id":"https:\/\/testvet.brainmarketing.ca\/en\/#website","url":"https:\/\/testvet.brainmarketing.ca\/en\/","name":"MonVet","description":"R\u00e9seau v\u00e9t\u00e9rinaires","publisher":{"@id":"https:\/\/testvet.brainmarketing.ca\/en\/#organization"},"potentialAction":[{"@type":"SearchAction","target":{"@type":"EntryPoint","urlTemplate":"https:\/\/testvet.brainmarketing.ca\/en\/?s={search_term_string}"},"query-input":{"@type":"PropertyValueSpecification","valueRequired":true,"valueName":"search_term_string"}}],"inLanguage":"en-US"},{"@type":"Organization","@id":"https:\/\/testvet.brainmarketing.ca\/en\/#organization","name":"Brainmarketing","alternateName":"Test","url":"https:\/\/testvet.brainmarketing.ca\/en\/","logo":{"@type":"ImageObject","inLanguage":"en-US","@id":"https:\/\/testvet.brainmarketing.ca\/en\/#\/schema\/logo\/image\/","url":"https:\/\/testvet.brainmarketing.ca\/wp-content\/uploads\/Logos-icones\/MonVet.svg","contentUrl":"https:\/\/testvet.brainmarketing.ca\/wp-content\/uploads\/Logos-icones\/MonVet.svg","width":1811,"height":603,"caption":"Brainmarketing"},"image":{"@id":"https:\/\/testvet.brainmarketing.ca\/en\/#\/schema\/logo\/image\/"}}]}},"_links":{"self":[{"href":"https:\/\/testvet.brainmarketing.ca\/en\/wp-json\/wp\/v2\/product\/13697","targetHints":{"allow":["GET"]}}],"collection":[{"href":"https:\/\/testvet.brainmarketing.ca\/en\/wp-json\/wp\/v2\/product"}],"about":[{"href":"https:\/\/testvet.brainmarketing.ca\/en\/wp-json\/wp\/v2\/types\/product"}],"version-history":[{"count":1,"href":"https:\/\/testvet.brainmarketing.ca\/en\/wp-json\/wp\/v2\/product\/13697\/revisions"}],"predecessor-version":[{"id":13698,"href":"https:\/\/testvet.brainmarketing.ca\/en\/wp-json\/wp\/v2\/product\/13697\/revisions\/13698"}],"wp:attachment":[{"href":"https:\/\/testvet.brainmarketing.ca\/en\/wp-json\/wp\/v2\/media?parent=13697"}],"wp:term":[{"taxonomy":"product_brand","embeddable":true,"href":"https:\/\/testvet.brainmarketing.ca\/en\/wp-json\/wp\/v2\/product_brand?post=13697"},{"taxonomy":"product_cat","embeddable":true,"href":"https:\/\/testvet.brainmarketing.ca\/en\/wp-json\/wp\/v2\/product_cat?post=13697"},{"taxonomy":"product_tag","embeddable":true,"href":"https:\/\/testvet.brainmarketing.ca\/en\/wp-json\/wp\/v2\/product_tag?post=13697"}],"curies":[{"name":"wp","href":"https:\/\/api.w.org\/{rel}","templated":true}]}}