{"id":13695,"date":"2025-02-23T08:59:19","date_gmt":"2025-02-23T13:59:19","guid":{"rendered":"https:\/\/testvet.brainmarketing.ca\/?post_type=product&#038;p=13695"},"modified":"2025-02-23T08:59:20","modified_gmt":"2025-02-23T13:59:20","slug":"chlorpalm-250-contre-les-infections-bacteriennes","status":"publish","type":"product","link":"https:\/\/testvet.brainmarketing.ca\/en\/produit\/chlorpalm-250-contre-les-infections-bacteriennes\/","title":{"rendered":"Chlorpalm 250\u00ae"},"content":{"rendered":"<p><strong data-start=\"70\" data-end=\"88\">Chlorpalm 250\u00ae<\/strong> est un antibiotique utilis\u00e9 chez les chiens et les chats pour traiter diverses infections bact\u00e9riennes. Il contient de la chloramph\u00e9nicol, un puissant antibiotique qui agit en inhibant la croissance des bact\u00e9ries responsables des infections. Ce m\u00e9dicament est prescrit \u00e0 l&#8217;occasion pour des infections des voies respiratoires, urinaires ou des tissus mous. Il est administr\u00e9 par voie orale, selon la posologie recommand\u00e9e par le v\u00e9t\u00e9rinaire. Il est essentiel de suivre les instructions pour garantir l&#8217;efficacit\u00e9 du traitement et \u00e9viter toute r\u00e9sistance bact\u00e9rienne.<\/p>\n","protected":false},"excerpt":{"rendered":"<p>Chlorpalm 250\u00ae est un antibiotique \u00e0 base de chloramph\u00e9nicol, utilis\u00e9 pour traiter les infections bact\u00e9riennes chez les chiens et les chats<\/p>\n","protected":false},"featured_media":0,"template":"","meta":{"_acf_changed":false},"product_brand":[],"product_cat":[176],"product_tag":[207,209],"class_list":{"0":"post-13695","1":"product","2":"type-product","3":"status-publish","5":"product_cat-pharmacie","6":"product_tag-chats","7":"product_tag-chiens","9":"first","10":"instock","11":"shipping-taxable","12":"product-type-simple"},"acf":[],"yoast_head":"<!-- This site is optimized with the Yoast SEO plugin v24.6 - https:\/\/yoast.com\/wordpress\/plugins\/seo\/ -->\n<title>Chlorpalm 250\u00ae contre les infections bact\u00e9riennes animales<\/title>\n<meta name=\"description\" content=\"Chlorpalm 250\u00ae contre les infections bact\u00e9riennes chez les animaux. Un antibiotique efficace pour traiter les infections courantes chez les chiens et chats\" \/>\n<meta name=\"robots\" content=\"noindex, follow, max-snippet:-1, max-image-preview:large, max-video-preview:-1\" \/>\n<meta property=\"og:locale\" content=\"en_US\" \/>\n<meta property=\"og:type\" content=\"article\" \/>\n<meta property=\"og:title\" content=\"Chlorpalm 250\u00ae contre les infections bact\u00e9riennes animales\" \/>\n<meta property=\"og:description\" content=\"Chlorpalm 250\u00ae contre les infections bact\u00e9riennes chez les animaux. Un antibiotique efficace pour traiter les infections courantes chez les chiens et chats\" \/>\n<meta property=\"og:url\" content=\"https:\/\/testvet.brainmarketing.ca\/en\/produit\/chlorpalm-250-contre-les-infections-bacteriennes\/\" \/>\n<meta property=\"og:site_name\" content=\"MonVet\" \/>\n<meta property=\"article:modified_time\" content=\"2025-02-23T13:59:20+00:00\" \/>\n<meta name=\"twitter:card\" content=\"summary_large_image\" \/>\n<meta name=\"twitter:label1\" content=\"Est. reading time\" \/>\n\t<meta name=\"twitter:data1\" content=\"1 minute\" \/>\n<script type=\"application\/ld+json\" class=\"yoast-schema-graph\">{\"@context\":\"https:\/\/schema.org\",\"@graph\":[{\"@type\":\"WebPage\",\"@id\":\"https:\/\/testvet.brainmarketing.ca\/en\/produit\/chlorpalm-250-contre-les-infections-bacteriennes\/\",\"url\":\"https:\/\/testvet.brainmarketing.ca\/en\/produit\/chlorpalm-250-contre-les-infections-bacteriennes\/\",\"name\":\"Chlorpalm 250\u00ae contre les infections bact\u00e9riennes animales\",\"isPartOf\":{\"@id\":\"https:\/\/testvet.brainmarketing.ca\/en\/#website\"},\"datePublished\":\"2025-02-23T13:59:19+00:00\",\"dateModified\":\"2025-02-23T13:59:20+00:00\",\"description\":\"Chlorpalm 250\u00ae contre les infections bact\u00e9riennes chez les animaux. Un antibiotique efficace pour traiter les infections courantes chez les chiens et chats\",\"breadcrumb\":{\"@id\":\"https:\/\/testvet.brainmarketing.ca\/en\/produit\/chlorpalm-250-contre-les-infections-bacteriennes\/#breadcrumb\"},\"inLanguage\":\"en-US\",\"potentialAction\":[{\"@type\":\"ReadAction\",\"target\":[\"https:\/\/testvet.brainmarketing.ca\/en\/produit\/chlorpalm-250-contre-les-infections-bacteriennes\/\"]}]},{\"@type\":\"BreadcrumbList\",\"@id\":\"https:\/\/testvet.brainmarketing.ca\/en\/produit\/chlorpalm-250-contre-les-infections-bacteriennes\/#breadcrumb\",\"itemListElement\":[{\"@type\":\"ListItem\",\"position\":1,\"name\":\"Catalogue\",\"item\":\"https:\/\/testvet.brainmarketing.ca\/catalogue\/\"},{\"@type\":\"ListItem\",\"position\":2,\"name\":\"Pharmacy\",\"item\":\"https:\/\/testvet.brainmarketing.ca\/en\/product-category\/pharmacy\/\"},{\"@type\":\"ListItem\",\"position\":3,\"name\":\"Chlorpalm 250\u00ae\"}]},{\"@type\":\"WebSite\",\"@id\":\"https:\/\/testvet.brainmarketing.ca\/en\/#website\",\"url\":\"https:\/\/testvet.brainmarketing.ca\/en\/\",\"name\":\"MonVet\",\"description\":\"R\u00e9seau v\u00e9t\u00e9rinaires\",\"publisher\":{\"@id\":\"https:\/\/testvet.brainmarketing.ca\/en\/#organization\"},\"potentialAction\":[{\"@type\":\"SearchAction\",\"target\":{\"@type\":\"EntryPoint\",\"urlTemplate\":\"https:\/\/testvet.brainmarketing.ca\/en\/?s={search_term_string}\"},\"query-input\":{\"@type\":\"PropertyValueSpecification\",\"valueRequired\":true,\"valueName\":\"search_term_string\"}}],\"inLanguage\":\"en-US\"},{\"@type\":\"Organization\",\"@id\":\"https:\/\/testvet.brainmarketing.ca\/en\/#organization\",\"name\":\"Brainmarketing\",\"alternateName\":\"Test\",\"url\":\"https:\/\/testvet.brainmarketing.ca\/en\/\",\"logo\":{\"@type\":\"ImageObject\",\"inLanguage\":\"en-US\",\"@id\":\"https:\/\/testvet.brainmarketing.ca\/en\/#\/schema\/logo\/image\/\",\"url\":\"https:\/\/testvet.brainmarketing.ca\/wp-content\/uploads\/Logos-icones\/MonVet.svg\",\"contentUrl\":\"https:\/\/testvet.brainmarketing.ca\/wp-content\/uploads\/Logos-icones\/MonVet.svg\",\"width\":1811,\"height\":603,\"caption\":\"Brainmarketing\"},\"image\":{\"@id\":\"https:\/\/testvet.brainmarketing.ca\/en\/#\/schema\/logo\/image\/\"}}]}<\/script>\n<!-- \/ Yoast SEO plugin. -->","yoast_head_json":{"title":"Chlorpalm 250\u00ae contre les infections bact\u00e9riennes animales","description":"Chlorpalm 250\u00ae contre les infections bact\u00e9riennes chez les animaux. Un antibiotique efficace pour traiter les infections courantes chez les chiens et chats","robots":{"index":"noindex","follow":"follow","max-snippet":"max-snippet:-1","max-image-preview":"max-image-preview:large","max-video-preview":"max-video-preview:-1"},"og_locale":"en_US","og_type":"article","og_title":"Chlorpalm 250\u00ae contre les infections bact\u00e9riennes animales","og_description":"Chlorpalm 250\u00ae contre les infections bact\u00e9riennes chez les animaux. Un antibiotique efficace pour traiter les infections courantes chez les chiens et chats","og_url":"https:\/\/testvet.brainmarketing.ca\/en\/produit\/chlorpalm-250-contre-les-infections-bacteriennes\/","og_site_name":"MonVet","article_modified_time":"2025-02-23T13:59:20+00:00","twitter_card":"summary_large_image","twitter_misc":{"Est. reading time":"1 minute"},"schema":{"@context":"https:\/\/schema.org","@graph":[{"@type":"WebPage","@id":"https:\/\/testvet.brainmarketing.ca\/en\/produit\/chlorpalm-250-contre-les-infections-bacteriennes\/","url":"https:\/\/testvet.brainmarketing.ca\/en\/produit\/chlorpalm-250-contre-les-infections-bacteriennes\/","name":"Chlorpalm 250\u00ae contre les infections bact\u00e9riennes animales","isPartOf":{"@id":"https:\/\/testvet.brainmarketing.ca\/en\/#website"},"datePublished":"2025-02-23T13:59:19+00:00","dateModified":"2025-02-23T13:59:20+00:00","description":"Chlorpalm 250\u00ae contre les infections bact\u00e9riennes chez les animaux. Un antibiotique efficace pour traiter les infections courantes chez les chiens et chats","breadcrumb":{"@id":"https:\/\/testvet.brainmarketing.ca\/en\/produit\/chlorpalm-250-contre-les-infections-bacteriennes\/#breadcrumb"},"inLanguage":"en-US","potentialAction":[{"@type":"ReadAction","target":["https:\/\/testvet.brainmarketing.ca\/en\/produit\/chlorpalm-250-contre-les-infections-bacteriennes\/"]}]},{"@type":"BreadcrumbList","@id":"https:\/\/testvet.brainmarketing.ca\/en\/produit\/chlorpalm-250-contre-les-infections-bacteriennes\/#breadcrumb","itemListElement":[{"@type":"ListItem","position":1,"name":"Catalogue","item":"https:\/\/testvet.brainmarketing.ca\/catalogue\/"},{"@type":"ListItem","position":2,"name":"Pharmacy","item":"https:\/\/testvet.brainmarketing.ca\/en\/product-category\/pharmacy\/"},{"@type":"ListItem","position":3,"name":"Chlorpalm 250\u00ae"}]},{"@type":"WebSite","@id":"https:\/\/testvet.brainmarketing.ca\/en\/#website","url":"https:\/\/testvet.brainmarketing.ca\/en\/","name":"MonVet","description":"R\u00e9seau v\u00e9t\u00e9rinaires","publisher":{"@id":"https:\/\/testvet.brainmarketing.ca\/en\/#organization"},"potentialAction":[{"@type":"SearchAction","target":{"@type":"EntryPoint","urlTemplate":"https:\/\/testvet.brainmarketing.ca\/en\/?s={search_term_string}"},"query-input":{"@type":"PropertyValueSpecification","valueRequired":true,"valueName":"search_term_string"}}],"inLanguage":"en-US"},{"@type":"Organization","@id":"https:\/\/testvet.brainmarketing.ca\/en\/#organization","name":"Brainmarketing","alternateName":"Test","url":"https:\/\/testvet.brainmarketing.ca\/en\/","logo":{"@type":"ImageObject","inLanguage":"en-US","@id":"https:\/\/testvet.brainmarketing.ca\/en\/#\/schema\/logo\/image\/","url":"https:\/\/testvet.brainmarketing.ca\/wp-content\/uploads\/Logos-icones\/MonVet.svg","contentUrl":"https:\/\/testvet.brainmarketing.ca\/wp-content\/uploads\/Logos-icones\/MonVet.svg","width":1811,"height":603,"caption":"Brainmarketing"},"image":{"@id":"https:\/\/testvet.brainmarketing.ca\/en\/#\/schema\/logo\/image\/"}}]}},"_links":{"self":[{"href":"https:\/\/testvet.brainmarketing.ca\/en\/wp-json\/wp\/v2\/product\/13695","targetHints":{"allow":["GET"]}}],"collection":[{"href":"https:\/\/testvet.brainmarketing.ca\/en\/wp-json\/wp\/v2\/product"}],"about":[{"href":"https:\/\/testvet.brainmarketing.ca\/en\/wp-json\/wp\/v2\/types\/product"}],"version-history":[{"count":1,"href":"https:\/\/testvet.brainmarketing.ca\/en\/wp-json\/wp\/v2\/product\/13695\/revisions"}],"predecessor-version":[{"id":13696,"href":"https:\/\/testvet.brainmarketing.ca\/en\/wp-json\/wp\/v2\/product\/13695\/revisions\/13696"}],"wp:attachment":[{"href":"https:\/\/testvet.brainmarketing.ca\/en\/wp-json\/wp\/v2\/media?parent=13695"}],"wp:term":[{"taxonomy":"product_brand","embeddable":true,"href":"https:\/\/testvet.brainmarketing.ca\/en\/wp-json\/wp\/v2\/product_brand?post=13695"},{"taxonomy":"product_cat","embeddable":true,"href":"https:\/\/testvet.brainmarketing.ca\/en\/wp-json\/wp\/v2\/product_cat?post=13695"},{"taxonomy":"product_tag","embeddable":true,"href":"https:\/\/testvet.brainmarketing.ca\/en\/wp-json\/wp\/v2\/product_tag?post=13695"}],"curies":[{"name":"wp","href":"https:\/\/api.w.org\/{rel}","templated":true}]}}