{"id":13693,"date":"2025-02-23T08:47:44","date_gmt":"2025-02-23T13:47:44","guid":{"rendered":"https:\/\/testvet.brainmarketing.ca\/?post_type=product&#038;p=13693"},"modified":"2025-02-23T08:47:44","modified_gmt":"2025-02-23T13:47:44","slug":"traitement-dune-intoxication-au-charbon-active","status":"publish","type":"product","link":"https:\/\/testvet.brainmarketing.ca\/en\/produit\/traitement-dune-intoxication-au-charbon-active\/","title":{"rendered":"Charbon Activ\u00e9"},"content":{"rendered":"<p>Le Charbon Activ\u00e9 est un m\u00e9dicament utilis\u00e9 pour traiter les <a href=\"https:\/\/testvet.brainmarketing.ca\/intoxications-animaux-soins-urgence\/\">intoxications chez les chiens et les chats<\/a>. Il agit en adsorbant les toxines pr\u00e9sentes dans le tractus gastro-intestinal, emp\u00eachant leur absorption dans le corps. Ce m\u00e9dicament est souvent administr\u00e9 apr\u00e8s une ingestion de substances toxiques pour limiter les effets nocifs. Le charbon activ\u00e9 ne doit pas \u00eatre utilis\u00e9 en cas de blocage intestinal ou si l&#8217;animal a des difficult\u00e9s \u00e0 vomir. Il est g\u00e9n\u00e9ralement administr\u00e9 sous forme de comprim\u00e9s ou de suspension orale, selon la gravit\u00e9 de l&#8217;intoxication. Consultez toujours un v\u00e9t\u00e9rinaire avant d&#8217;utiliser ce produit<\/p>\n","protected":false},"excerpt":{"rendered":"<p>Le charbon activ\u00e9 est un traitement efficace pour limiter l&#8217;absorption des toxines apr\u00e8s une ingestion accidentelle chez les animaux<\/p>\n","protected":false},"featured_media":0,"template":"","meta":{"_acf_changed":false},"product_brand":[],"product_cat":[176],"product_tag":[207,209],"class_list":{"0":"post-13693","1":"product","2":"type-product","3":"status-publish","5":"product_cat-pharmacie","6":"product_tag-chats","7":"product_tag-chiens","9":"first","10":"instock","11":"shipping-taxable","12":"product-type-simple"},"acf":[],"yoast_head":"<!-- This site is optimized with the Yoast SEO plugin v24.6 - https:\/\/yoast.com\/wordpress\/plugins\/seo\/ -->\n<title>Traitement d&#039;une intoxication au charbon activ\u00e9 animal<\/title>\n<meta name=\"description\" content=\"Traitement d&#039;une intoxication au charbon activ\u00e9 : Ce m\u00e9dicament aide \u00e0 adsorber les toxines et \u00e0 limiter leur absorption apr\u00e8s une intoxication.\" \/>\n<meta name=\"robots\" content=\"noindex, follow, max-snippet:-1, max-image-preview:large, max-video-preview:-1\" \/>\n<meta property=\"og:locale\" content=\"en_US\" \/>\n<meta property=\"og:type\" content=\"article\" \/>\n<meta property=\"og:title\" content=\"Traitement d&#039;une intoxication au charbon activ\u00e9 animal\" \/>\n<meta property=\"og:description\" content=\"Traitement d&#039;une intoxication au charbon activ\u00e9 : Ce m\u00e9dicament aide \u00e0 adsorber les toxines et \u00e0 limiter leur absorption apr\u00e8s une intoxication.\" \/>\n<meta property=\"og:url\" content=\"https:\/\/testvet.brainmarketing.ca\/en\/produit\/traitement-dune-intoxication-au-charbon-active\/\" \/>\n<meta property=\"og:site_name\" content=\"MonVet\" \/>\n<meta name=\"twitter:card\" content=\"summary_large_image\" \/>\n<meta name=\"twitter:label1\" content=\"Est. reading time\" \/>\n\t<meta name=\"twitter:data1\" content=\"1 minute\" \/>\n<script type=\"application\/ld+json\" class=\"yoast-schema-graph\">{\"@context\":\"https:\/\/schema.org\",\"@graph\":[{\"@type\":\"WebPage\",\"@id\":\"https:\/\/testvet.brainmarketing.ca\/en\/produit\/traitement-dune-intoxication-au-charbon-active\/\",\"url\":\"https:\/\/testvet.brainmarketing.ca\/en\/produit\/traitement-dune-intoxication-au-charbon-active\/\",\"name\":\"Traitement d'une intoxication au charbon activ\u00e9 animal\",\"isPartOf\":{\"@id\":\"https:\/\/testvet.brainmarketing.ca\/en\/#website\"},\"datePublished\":\"2025-02-23T13:47:44+00:00\",\"description\":\"Traitement d'une intoxication au charbon activ\u00e9 : Ce m\u00e9dicament aide \u00e0 adsorber les toxines et \u00e0 limiter leur absorption apr\u00e8s une intoxication.\",\"breadcrumb\":{\"@id\":\"https:\/\/testvet.brainmarketing.ca\/en\/produit\/traitement-dune-intoxication-au-charbon-active\/#breadcrumb\"},\"inLanguage\":\"en-US\",\"potentialAction\":[{\"@type\":\"ReadAction\",\"target\":[\"https:\/\/testvet.brainmarketing.ca\/en\/produit\/traitement-dune-intoxication-au-charbon-active\/\"]}]},{\"@type\":\"BreadcrumbList\",\"@id\":\"https:\/\/testvet.brainmarketing.ca\/en\/produit\/traitement-dune-intoxication-au-charbon-active\/#breadcrumb\",\"itemListElement\":[{\"@type\":\"ListItem\",\"position\":1,\"name\":\"Catalogue\",\"item\":\"https:\/\/testvet.brainmarketing.ca\/catalogue\/\"},{\"@type\":\"ListItem\",\"position\":2,\"name\":\"Pharmacy\",\"item\":\"https:\/\/testvet.brainmarketing.ca\/en\/product-category\/pharmacy\/\"},{\"@type\":\"ListItem\",\"position\":3,\"name\":\"Charbon Activ\u00e9\"}]},{\"@type\":\"WebSite\",\"@id\":\"https:\/\/testvet.brainmarketing.ca\/en\/#website\",\"url\":\"https:\/\/testvet.brainmarketing.ca\/en\/\",\"name\":\"MonVet\",\"description\":\"R\u00e9seau v\u00e9t\u00e9rinaires\",\"publisher\":{\"@id\":\"https:\/\/testvet.brainmarketing.ca\/en\/#organization\"},\"potentialAction\":[{\"@type\":\"SearchAction\",\"target\":{\"@type\":\"EntryPoint\",\"urlTemplate\":\"https:\/\/testvet.brainmarketing.ca\/en\/?s={search_term_string}\"},\"query-input\":{\"@type\":\"PropertyValueSpecification\",\"valueRequired\":true,\"valueName\":\"search_term_string\"}}],\"inLanguage\":\"en-US\"},{\"@type\":\"Organization\",\"@id\":\"https:\/\/testvet.brainmarketing.ca\/en\/#organization\",\"name\":\"Brainmarketing\",\"alternateName\":\"Test\",\"url\":\"https:\/\/testvet.brainmarketing.ca\/en\/\",\"logo\":{\"@type\":\"ImageObject\",\"inLanguage\":\"en-US\",\"@id\":\"https:\/\/testvet.brainmarketing.ca\/en\/#\/schema\/logo\/image\/\",\"url\":\"https:\/\/testvet.brainmarketing.ca\/wp-content\/uploads\/Logos-icones\/MonVet.svg\",\"contentUrl\":\"https:\/\/testvet.brainmarketing.ca\/wp-content\/uploads\/Logos-icones\/MonVet.svg\",\"width\":1811,\"height\":603,\"caption\":\"Brainmarketing\"},\"image\":{\"@id\":\"https:\/\/testvet.brainmarketing.ca\/en\/#\/schema\/logo\/image\/\"}}]}<\/script>\n<!-- \/ Yoast SEO plugin. -->","yoast_head_json":{"title":"Traitement d'une intoxication au charbon activ\u00e9 animal","description":"Traitement d'une intoxication au charbon activ\u00e9 : Ce m\u00e9dicament aide \u00e0 adsorber les toxines et \u00e0 limiter leur absorption apr\u00e8s une intoxication.","robots":{"index":"noindex","follow":"follow","max-snippet":"max-snippet:-1","max-image-preview":"max-image-preview:large","max-video-preview":"max-video-preview:-1"},"og_locale":"en_US","og_type":"article","og_title":"Traitement d'une intoxication au charbon activ\u00e9 animal","og_description":"Traitement d'une intoxication au charbon activ\u00e9 : Ce m\u00e9dicament aide \u00e0 adsorber les toxines et \u00e0 limiter leur absorption apr\u00e8s une intoxication.","og_url":"https:\/\/testvet.brainmarketing.ca\/en\/produit\/traitement-dune-intoxication-au-charbon-active\/","og_site_name":"MonVet","twitter_card":"summary_large_image","twitter_misc":{"Est. reading time":"1 minute"},"schema":{"@context":"https:\/\/schema.org","@graph":[{"@type":"WebPage","@id":"https:\/\/testvet.brainmarketing.ca\/en\/produit\/traitement-dune-intoxication-au-charbon-active\/","url":"https:\/\/testvet.brainmarketing.ca\/en\/produit\/traitement-dune-intoxication-au-charbon-active\/","name":"Traitement d'une intoxication au charbon activ\u00e9 animal","isPartOf":{"@id":"https:\/\/testvet.brainmarketing.ca\/en\/#website"},"datePublished":"2025-02-23T13:47:44+00:00","description":"Traitement d'une intoxication au charbon activ\u00e9 : Ce m\u00e9dicament aide \u00e0 adsorber les toxines et \u00e0 limiter leur absorption apr\u00e8s une intoxication.","breadcrumb":{"@id":"https:\/\/testvet.brainmarketing.ca\/en\/produit\/traitement-dune-intoxication-au-charbon-active\/#breadcrumb"},"inLanguage":"en-US","potentialAction":[{"@type":"ReadAction","target":["https:\/\/testvet.brainmarketing.ca\/en\/produit\/traitement-dune-intoxication-au-charbon-active\/"]}]},{"@type":"BreadcrumbList","@id":"https:\/\/testvet.brainmarketing.ca\/en\/produit\/traitement-dune-intoxication-au-charbon-active\/#breadcrumb","itemListElement":[{"@type":"ListItem","position":1,"name":"Catalogue","item":"https:\/\/testvet.brainmarketing.ca\/catalogue\/"},{"@type":"ListItem","position":2,"name":"Pharmacy","item":"https:\/\/testvet.brainmarketing.ca\/en\/product-category\/pharmacy\/"},{"@type":"ListItem","position":3,"name":"Charbon Activ\u00e9"}]},{"@type":"WebSite","@id":"https:\/\/testvet.brainmarketing.ca\/en\/#website","url":"https:\/\/testvet.brainmarketing.ca\/en\/","name":"MonVet","description":"R\u00e9seau v\u00e9t\u00e9rinaires","publisher":{"@id":"https:\/\/testvet.brainmarketing.ca\/en\/#organization"},"potentialAction":[{"@type":"SearchAction","target":{"@type":"EntryPoint","urlTemplate":"https:\/\/testvet.brainmarketing.ca\/en\/?s={search_term_string}"},"query-input":{"@type":"PropertyValueSpecification","valueRequired":true,"valueName":"search_term_string"}}],"inLanguage":"en-US"},{"@type":"Organization","@id":"https:\/\/testvet.brainmarketing.ca\/en\/#organization","name":"Brainmarketing","alternateName":"Test","url":"https:\/\/testvet.brainmarketing.ca\/en\/","logo":{"@type":"ImageObject","inLanguage":"en-US","@id":"https:\/\/testvet.brainmarketing.ca\/en\/#\/schema\/logo\/image\/","url":"https:\/\/testvet.brainmarketing.ca\/wp-content\/uploads\/Logos-icones\/MonVet.svg","contentUrl":"https:\/\/testvet.brainmarketing.ca\/wp-content\/uploads\/Logos-icones\/MonVet.svg","width":1811,"height":603,"caption":"Brainmarketing"},"image":{"@id":"https:\/\/testvet.brainmarketing.ca\/en\/#\/schema\/logo\/image\/"}}]}},"_links":{"self":[{"href":"https:\/\/testvet.brainmarketing.ca\/en\/wp-json\/wp\/v2\/product\/13693","targetHints":{"allow":["GET"]}}],"collection":[{"href":"https:\/\/testvet.brainmarketing.ca\/en\/wp-json\/wp\/v2\/product"}],"about":[{"href":"https:\/\/testvet.brainmarketing.ca\/en\/wp-json\/wp\/v2\/types\/product"}],"version-history":[{"count":1,"href":"https:\/\/testvet.brainmarketing.ca\/en\/wp-json\/wp\/v2\/product\/13693\/revisions"}],"predecessor-version":[{"id":13694,"href":"https:\/\/testvet.brainmarketing.ca\/en\/wp-json\/wp\/v2\/product\/13693\/revisions\/13694"}],"wp:attachment":[{"href":"https:\/\/testvet.brainmarketing.ca\/en\/wp-json\/wp\/v2\/media?parent=13693"}],"wp:term":[{"taxonomy":"product_brand","embeddable":true,"href":"https:\/\/testvet.brainmarketing.ca\/en\/wp-json\/wp\/v2\/product_brand?post=13693"},{"taxonomy":"product_cat","embeddable":true,"href":"https:\/\/testvet.brainmarketing.ca\/en\/wp-json\/wp\/v2\/product_cat?post=13693"},{"taxonomy":"product_tag","embeddable":true,"href":"https:\/\/testvet.brainmarketing.ca\/en\/wp-json\/wp\/v2\/product_tag?post=13693"}],"curies":[{"name":"wp","href":"https:\/\/api.w.org\/{rel}","templated":true}]}}