{"id":13690,"date":"2025-02-23T08:32:20","date_gmt":"2025-02-23T13:32:20","guid":{"rendered":"https:\/\/testvet.brainmarketing.ca\/?post_type=product&#038;p=13690"},"modified":"2025-02-23T08:35:15","modified_gmt":"2025-02-23T13:35:15","slug":"cerenia-pour-le-traitement-des-vomissements","status":"publish","type":"product","link":"https:\/\/testvet.brainmarketing.ca\/en\/produit\/cerenia-pour-le-traitement-des-vomissements\/","title":{"rendered":"Cerenia\u00ae"},"content":{"rendered":"<p><strong data-start=\"0\" data-end=\"12\" data-is-only-node=\"\">Cerenia\u00ae<\/strong> pour le traitement des vomissements chez les chiens et les chats: Il bloque les r\u00e9cepteurs de la substance P, un neurotransmetteur responsable des vomissements. Ce m\u00e9dicament est souvent prescrit pour traiter les vomissements aigus, y compris ceux caus\u00e9s par le mal des transports, ainsi que pour pr\u00e9venir les vomissements li\u00e9s \u00e0 certains traitements comme la chimioth\u00e9rapie. Cerenia\u00ae se pr\u00e9sente sous forme de comprim\u00e9 ou d\u2019injection. Les effets secondaires sont rares, mais des r\u00e9actions au site d\u2019injection ou de la somnolence peuvent survenir. Ce m\u00e9dicament doit \u00eatre utilis\u00e9 sous la supervision d\u2019un v\u00e9t\u00e9rinaire.<\/p>\n","protected":false},"excerpt":{"rendered":"<p>Ce m\u00e9dicament est utilis\u00e9 pour arr\u00eater les vomissements chez les animaux domestiques.<\/p>\n<p>Chez les chiens, il sert \u00e9galement \u00e0 pr\u00e9venir les naus\u00e9es et les malaises li\u00e9s au mal des transports.<\/p>\n","protected":false},"featured_media":0,"template":"","meta":{"_acf_changed":false},"product_brand":[],"product_cat":[176],"product_tag":[207,209],"class_list":{"0":"post-13690","1":"product","2":"type-product","3":"status-publish","5":"product_cat-pharmacie","6":"product_tag-chats","7":"product_tag-chiens","9":"first","10":"instock","11":"shipping-taxable","12":"product-type-simple"},"acf":[],"yoast_head":"<!-- This site is optimized with the Yoast SEO plugin v24.6 - https:\/\/yoast.com\/wordpress\/plugins\/seo\/ -->\n<title>Cerenia\u00ae pour le traitement des vomissements du chien et du chat<\/title>\n<meta name=\"description\" content=\"Cerenia\u00ae pour le traitement des vomissements : Ce m\u00e9dicament efficace aide \u00e0 contr\u00f4ler les vomissements aigus chez les chiens et chats.\" \/>\n<meta name=\"robots\" content=\"noindex, follow, max-snippet:-1, max-image-preview:large, max-video-preview:-1\" \/>\n<meta property=\"og:locale\" content=\"en_US\" \/>\n<meta property=\"og:type\" content=\"article\" \/>\n<meta property=\"og:title\" content=\"Cerenia\u00ae pour le traitement des vomissements du chien et du chat\" \/>\n<meta property=\"og:description\" content=\"Cerenia\u00ae pour le traitement des vomissements : Ce m\u00e9dicament efficace aide \u00e0 contr\u00f4ler les vomissements aigus chez les chiens et chats.\" \/>\n<meta property=\"og:url\" content=\"https:\/\/testvet.brainmarketing.ca\/en\/produit\/cerenia-pour-le-traitement-des-vomissements\/\" \/>\n<meta property=\"og:site_name\" content=\"MonVet\" \/>\n<meta property=\"article:modified_time\" content=\"2025-02-23T13:35:15+00:00\" \/>\n<meta name=\"twitter:card\" content=\"summary_large_image\" \/>\n<meta name=\"twitter:label1\" content=\"Est. reading time\" \/>\n\t<meta name=\"twitter:data1\" content=\"1 minute\" \/>\n<script type=\"application\/ld+json\" class=\"yoast-schema-graph\">{\"@context\":\"https:\/\/schema.org\",\"@graph\":[{\"@type\":\"WebPage\",\"@id\":\"https:\/\/testvet.brainmarketing.ca\/en\/produit\/cerenia-pour-le-traitement-des-vomissements\/\",\"url\":\"https:\/\/testvet.brainmarketing.ca\/en\/produit\/cerenia-pour-le-traitement-des-vomissements\/\",\"name\":\"Cerenia\u00ae pour le traitement des vomissements du chien et du chat\",\"isPartOf\":{\"@id\":\"https:\/\/testvet.brainmarketing.ca\/en\/#website\"},\"datePublished\":\"2025-02-23T13:32:20+00:00\",\"dateModified\":\"2025-02-23T13:35:15+00:00\",\"description\":\"Cerenia\u00ae pour le traitement des vomissements : Ce m\u00e9dicament efficace aide \u00e0 contr\u00f4ler les vomissements aigus chez les chiens et chats.\",\"breadcrumb\":{\"@id\":\"https:\/\/testvet.brainmarketing.ca\/en\/produit\/cerenia-pour-le-traitement-des-vomissements\/#breadcrumb\"},\"inLanguage\":\"en-US\",\"potentialAction\":[{\"@type\":\"ReadAction\",\"target\":[\"https:\/\/testvet.brainmarketing.ca\/en\/produit\/cerenia-pour-le-traitement-des-vomissements\/\"]}]},{\"@type\":\"BreadcrumbList\",\"@id\":\"https:\/\/testvet.brainmarketing.ca\/en\/produit\/cerenia-pour-le-traitement-des-vomissements\/#breadcrumb\",\"itemListElement\":[{\"@type\":\"ListItem\",\"position\":1,\"name\":\"Catalogue\",\"item\":\"https:\/\/testvet.brainmarketing.ca\/catalogue\/\"},{\"@type\":\"ListItem\",\"position\":2,\"name\":\"Pharmacy\",\"item\":\"https:\/\/testvet.brainmarketing.ca\/en\/product-category\/pharmacy\/\"},{\"@type\":\"ListItem\",\"position\":3,\"name\":\"Cerenia\u00ae\"}]},{\"@type\":\"WebSite\",\"@id\":\"https:\/\/testvet.brainmarketing.ca\/en\/#website\",\"url\":\"https:\/\/testvet.brainmarketing.ca\/en\/\",\"name\":\"MonVet\",\"description\":\"R\u00e9seau v\u00e9t\u00e9rinaires\",\"publisher\":{\"@id\":\"https:\/\/testvet.brainmarketing.ca\/en\/#organization\"},\"potentialAction\":[{\"@type\":\"SearchAction\",\"target\":{\"@type\":\"EntryPoint\",\"urlTemplate\":\"https:\/\/testvet.brainmarketing.ca\/en\/?s={search_term_string}\"},\"query-input\":{\"@type\":\"PropertyValueSpecification\",\"valueRequired\":true,\"valueName\":\"search_term_string\"}}],\"inLanguage\":\"en-US\"},{\"@type\":\"Organization\",\"@id\":\"https:\/\/testvet.brainmarketing.ca\/en\/#organization\",\"name\":\"Brainmarketing\",\"alternateName\":\"Test\",\"url\":\"https:\/\/testvet.brainmarketing.ca\/en\/\",\"logo\":{\"@type\":\"ImageObject\",\"inLanguage\":\"en-US\",\"@id\":\"https:\/\/testvet.brainmarketing.ca\/en\/#\/schema\/logo\/image\/\",\"url\":\"https:\/\/testvet.brainmarketing.ca\/wp-content\/uploads\/Logos-icones\/MonVet.svg\",\"contentUrl\":\"https:\/\/testvet.brainmarketing.ca\/wp-content\/uploads\/Logos-icones\/MonVet.svg\",\"width\":1811,\"height\":603,\"caption\":\"Brainmarketing\"},\"image\":{\"@id\":\"https:\/\/testvet.brainmarketing.ca\/en\/#\/schema\/logo\/image\/\"}}]}<\/script>\n<!-- \/ Yoast SEO plugin. -->","yoast_head_json":{"title":"Cerenia\u00ae pour le traitement des vomissements du chien et du chat","description":"Cerenia\u00ae pour le traitement des vomissements : Ce m\u00e9dicament efficace aide \u00e0 contr\u00f4ler les vomissements aigus chez les chiens et chats.","robots":{"index":"noindex","follow":"follow","max-snippet":"max-snippet:-1","max-image-preview":"max-image-preview:large","max-video-preview":"max-video-preview:-1"},"og_locale":"en_US","og_type":"article","og_title":"Cerenia\u00ae pour le traitement des vomissements du chien et du chat","og_description":"Cerenia\u00ae pour le traitement des vomissements : Ce m\u00e9dicament efficace aide \u00e0 contr\u00f4ler les vomissements aigus chez les chiens et chats.","og_url":"https:\/\/testvet.brainmarketing.ca\/en\/produit\/cerenia-pour-le-traitement-des-vomissements\/","og_site_name":"MonVet","article_modified_time":"2025-02-23T13:35:15+00:00","twitter_card":"summary_large_image","twitter_misc":{"Est. reading time":"1 minute"},"schema":{"@context":"https:\/\/schema.org","@graph":[{"@type":"WebPage","@id":"https:\/\/testvet.brainmarketing.ca\/en\/produit\/cerenia-pour-le-traitement-des-vomissements\/","url":"https:\/\/testvet.brainmarketing.ca\/en\/produit\/cerenia-pour-le-traitement-des-vomissements\/","name":"Cerenia\u00ae pour le traitement des vomissements du chien et du chat","isPartOf":{"@id":"https:\/\/testvet.brainmarketing.ca\/en\/#website"},"datePublished":"2025-02-23T13:32:20+00:00","dateModified":"2025-02-23T13:35:15+00:00","description":"Cerenia\u00ae pour le traitement des vomissements : Ce m\u00e9dicament efficace aide \u00e0 contr\u00f4ler les vomissements aigus chez les chiens et chats.","breadcrumb":{"@id":"https:\/\/testvet.brainmarketing.ca\/en\/produit\/cerenia-pour-le-traitement-des-vomissements\/#breadcrumb"},"inLanguage":"en-US","potentialAction":[{"@type":"ReadAction","target":["https:\/\/testvet.brainmarketing.ca\/en\/produit\/cerenia-pour-le-traitement-des-vomissements\/"]}]},{"@type":"BreadcrumbList","@id":"https:\/\/testvet.brainmarketing.ca\/en\/produit\/cerenia-pour-le-traitement-des-vomissements\/#breadcrumb","itemListElement":[{"@type":"ListItem","position":1,"name":"Catalogue","item":"https:\/\/testvet.brainmarketing.ca\/catalogue\/"},{"@type":"ListItem","position":2,"name":"Pharmacy","item":"https:\/\/testvet.brainmarketing.ca\/en\/product-category\/pharmacy\/"},{"@type":"ListItem","position":3,"name":"Cerenia\u00ae"}]},{"@type":"WebSite","@id":"https:\/\/testvet.brainmarketing.ca\/en\/#website","url":"https:\/\/testvet.brainmarketing.ca\/en\/","name":"MonVet","description":"R\u00e9seau v\u00e9t\u00e9rinaires","publisher":{"@id":"https:\/\/testvet.brainmarketing.ca\/en\/#organization"},"potentialAction":[{"@type":"SearchAction","target":{"@type":"EntryPoint","urlTemplate":"https:\/\/testvet.brainmarketing.ca\/en\/?s={search_term_string}"},"query-input":{"@type":"PropertyValueSpecification","valueRequired":true,"valueName":"search_term_string"}}],"inLanguage":"en-US"},{"@type":"Organization","@id":"https:\/\/testvet.brainmarketing.ca\/en\/#organization","name":"Brainmarketing","alternateName":"Test","url":"https:\/\/testvet.brainmarketing.ca\/en\/","logo":{"@type":"ImageObject","inLanguage":"en-US","@id":"https:\/\/testvet.brainmarketing.ca\/en\/#\/schema\/logo\/image\/","url":"https:\/\/testvet.brainmarketing.ca\/wp-content\/uploads\/Logos-icones\/MonVet.svg","contentUrl":"https:\/\/testvet.brainmarketing.ca\/wp-content\/uploads\/Logos-icones\/MonVet.svg","width":1811,"height":603,"caption":"Brainmarketing"},"image":{"@id":"https:\/\/testvet.brainmarketing.ca\/en\/#\/schema\/logo\/image\/"}}]}},"_links":{"self":[{"href":"https:\/\/testvet.brainmarketing.ca\/en\/wp-json\/wp\/v2\/product\/13690","targetHints":{"allow":["GET"]}}],"collection":[{"href":"https:\/\/testvet.brainmarketing.ca\/en\/wp-json\/wp\/v2\/product"}],"about":[{"href":"https:\/\/testvet.brainmarketing.ca\/en\/wp-json\/wp\/v2\/types\/product"}],"version-history":[{"count":2,"href":"https:\/\/testvet.brainmarketing.ca\/en\/wp-json\/wp\/v2\/product\/13690\/revisions"}],"predecessor-version":[{"id":13692,"href":"https:\/\/testvet.brainmarketing.ca\/en\/wp-json\/wp\/v2\/product\/13690\/revisions\/13692"}],"wp:attachment":[{"href":"https:\/\/testvet.brainmarketing.ca\/en\/wp-json\/wp\/v2\/media?parent=13690"}],"wp:term":[{"taxonomy":"product_brand","embeddable":true,"href":"https:\/\/testvet.brainmarketing.ca\/en\/wp-json\/wp\/v2\/product_brand?post=13690"},{"taxonomy":"product_cat","embeddable":true,"href":"https:\/\/testvet.brainmarketing.ca\/en\/wp-json\/wp\/v2\/product_cat?post=13690"},{"taxonomy":"product_tag","embeddable":true,"href":"https:\/\/testvet.brainmarketing.ca\/en\/wp-json\/wp\/v2\/product_tag?post=13690"}],"curies":[{"name":"wp","href":"https:\/\/api.w.org\/{rel}","templated":true}]}}