{"id":13687,"date":"2025-02-23T08:17:22","date_gmt":"2025-02-23T13:17:22","guid":{"rendered":"https:\/\/testvet.brainmarketing.ca\/?post_type=product&#038;p=13687"},"modified":"2025-02-23T08:18:03","modified_gmt":"2025-02-23T13:18:03","slug":"cartrophen-pour-le-traitement-de-larthrose","status":"publish","type":"product","link":"https:\/\/testvet.brainmarketing.ca\/en\/produit\/cartrophen-pour-le-traitement-de-larthrose\/","title":{"rendered":"Cartrophen\u00ae"},"content":{"rendered":"<p>Cartrophen\u00ae est un m\u00e9dicament utilis\u00e9 pour prot\u00e9ger et pr\u00e9server le cartilage des articulations des chiens souffrant d&#8217;<a href=\"https:\/\/testvet.brainmarketing.ca\/losteoarthrose-chez-le-chien\/\">arthrose<\/a>. Il ralentit la destruction du cartilage, augmente la production de prot\u00e9oglycans et am\u00e9liore la viscosit\u00e9 du liquide articulaire, ce qui favorise une meilleure circulation sanguine dans les articulations. Cela permet d\u2019\u00e9liminer les mol\u00e9cules nuisibles et d&#8217;apporter les nutriments essentiels. Bien que g\u00e9n\u00e9ralement bien tol\u00e9r\u00e9, des effets secondaires comme des vomissements, une perte d\u2019app\u00e9tit ou de la d\u00e9pression peuvent survenir. Ce produit est injectable et doit \u00eatre conserv\u00e9 au r\u00e9frig\u00e9rateur, \u00e0 l\u2019abri de la lumi\u00e8re<\/p>\n","protected":false},"excerpt":{"rendered":"<p>Ce m\u00e9dicament prot\u00e8ge le cartilage des articulations chez le chien mais peut aussi \u00eatre utilis\u00e9 hors-homologation chez le chat<\/p>\n","protected":false},"featured_media":0,"template":"","meta":{"_acf_changed":false},"product_brand":[],"product_cat":[176],"product_tag":[207,209],"class_list":{"0":"post-13687","1":"product","2":"type-product","3":"status-publish","5":"product_cat-pharmacie","6":"product_tag-chats","7":"product_tag-chiens","9":"first","10":"instock","11":"shipping-taxable","12":"product-type-simple"},"acf":[],"yoast_head":"<!-- This site is optimized with the Yoast SEO plugin v24.6 - https:\/\/yoast.com\/wordpress\/plugins\/seo\/ -->\n<title>Cartrophen\u00ae pour le traitement de l&#039;arthrose chez les chiens<\/title>\n<meta name=\"description\" content=\"Cartrophen\u00ae pour le traitement de l&#039;arthrose aide \u00e0 prot\u00e9ger les articulations des chiens en ralentissant la d\u00e9g\u00e9n\u00e9rescence du cartilage\" \/>\n<meta name=\"robots\" content=\"noindex, follow, max-snippet:-1, max-image-preview:large, max-video-preview:-1\" \/>\n<meta property=\"og:locale\" content=\"en_US\" \/>\n<meta property=\"og:type\" content=\"article\" \/>\n<meta property=\"og:title\" content=\"Cartrophen\u00ae pour le traitement de l&#039;arthrose chez les chiens\" \/>\n<meta property=\"og:description\" content=\"Cartrophen\u00ae pour le traitement de l&#039;arthrose aide \u00e0 prot\u00e9ger les articulations des chiens en ralentissant la d\u00e9g\u00e9n\u00e9rescence du cartilage\" \/>\n<meta property=\"og:url\" content=\"https:\/\/testvet.brainmarketing.ca\/en\/produit\/cartrophen-pour-le-traitement-de-larthrose\/\" \/>\n<meta property=\"og:site_name\" content=\"MonVet\" \/>\n<meta property=\"article:modified_time\" content=\"2025-02-23T13:18:03+00:00\" \/>\n<meta name=\"twitter:card\" content=\"summary_large_image\" \/>\n<meta name=\"twitter:label1\" content=\"Est. reading time\" \/>\n\t<meta name=\"twitter:data1\" content=\"1 minute\" \/>\n<script type=\"application\/ld+json\" class=\"yoast-schema-graph\">{\"@context\":\"https:\/\/schema.org\",\"@graph\":[{\"@type\":\"WebPage\",\"@id\":\"https:\/\/testvet.brainmarketing.ca\/en\/produit\/cartrophen-pour-le-traitement-de-larthrose\/\",\"url\":\"https:\/\/testvet.brainmarketing.ca\/en\/produit\/cartrophen-pour-le-traitement-de-larthrose\/\",\"name\":\"Cartrophen\u00ae pour le traitement de l'arthrose chez les chiens\",\"isPartOf\":{\"@id\":\"https:\/\/testvet.brainmarketing.ca\/en\/#website\"},\"datePublished\":\"2025-02-23T13:17:22+00:00\",\"dateModified\":\"2025-02-23T13:18:03+00:00\",\"description\":\"Cartrophen\u00ae pour le traitement de l'arthrose aide \u00e0 prot\u00e9ger les articulations des chiens en ralentissant la d\u00e9g\u00e9n\u00e9rescence du cartilage\",\"breadcrumb\":{\"@id\":\"https:\/\/testvet.brainmarketing.ca\/en\/produit\/cartrophen-pour-le-traitement-de-larthrose\/#breadcrumb\"},\"inLanguage\":\"en-US\",\"potentialAction\":[{\"@type\":\"ReadAction\",\"target\":[\"https:\/\/testvet.brainmarketing.ca\/en\/produit\/cartrophen-pour-le-traitement-de-larthrose\/\"]}]},{\"@type\":\"BreadcrumbList\",\"@id\":\"https:\/\/testvet.brainmarketing.ca\/en\/produit\/cartrophen-pour-le-traitement-de-larthrose\/#breadcrumb\",\"itemListElement\":[{\"@type\":\"ListItem\",\"position\":1,\"name\":\"Catalogue\",\"item\":\"https:\/\/testvet.brainmarketing.ca\/catalogue\/\"},{\"@type\":\"ListItem\",\"position\":2,\"name\":\"Pharmacy\",\"item\":\"https:\/\/testvet.brainmarketing.ca\/en\/product-category\/pharmacy\/\"},{\"@type\":\"ListItem\",\"position\":3,\"name\":\"Cartrophen\u00ae\"}]},{\"@type\":\"WebSite\",\"@id\":\"https:\/\/testvet.brainmarketing.ca\/en\/#website\",\"url\":\"https:\/\/testvet.brainmarketing.ca\/en\/\",\"name\":\"MonVet\",\"description\":\"R\u00e9seau v\u00e9t\u00e9rinaires\",\"publisher\":{\"@id\":\"https:\/\/testvet.brainmarketing.ca\/en\/#organization\"},\"potentialAction\":[{\"@type\":\"SearchAction\",\"target\":{\"@type\":\"EntryPoint\",\"urlTemplate\":\"https:\/\/testvet.brainmarketing.ca\/en\/?s={search_term_string}\"},\"query-input\":{\"@type\":\"PropertyValueSpecification\",\"valueRequired\":true,\"valueName\":\"search_term_string\"}}],\"inLanguage\":\"en-US\"},{\"@type\":\"Organization\",\"@id\":\"https:\/\/testvet.brainmarketing.ca\/en\/#organization\",\"name\":\"Brainmarketing\",\"alternateName\":\"Test\",\"url\":\"https:\/\/testvet.brainmarketing.ca\/en\/\",\"logo\":{\"@type\":\"ImageObject\",\"inLanguage\":\"en-US\",\"@id\":\"https:\/\/testvet.brainmarketing.ca\/en\/#\/schema\/logo\/image\/\",\"url\":\"https:\/\/testvet.brainmarketing.ca\/wp-content\/uploads\/Logos-icones\/MonVet.svg\",\"contentUrl\":\"https:\/\/testvet.brainmarketing.ca\/wp-content\/uploads\/Logos-icones\/MonVet.svg\",\"width\":1811,\"height\":603,\"caption\":\"Brainmarketing\"},\"image\":{\"@id\":\"https:\/\/testvet.brainmarketing.ca\/en\/#\/schema\/logo\/image\/\"}}]}<\/script>\n<!-- \/ Yoast SEO plugin. -->","yoast_head_json":{"title":"Cartrophen\u00ae pour le traitement de l'arthrose chez les chiens","description":"Cartrophen\u00ae pour le traitement de l'arthrose aide \u00e0 prot\u00e9ger les articulations des chiens en ralentissant la d\u00e9g\u00e9n\u00e9rescence du cartilage","robots":{"index":"noindex","follow":"follow","max-snippet":"max-snippet:-1","max-image-preview":"max-image-preview:large","max-video-preview":"max-video-preview:-1"},"og_locale":"en_US","og_type":"article","og_title":"Cartrophen\u00ae pour le traitement de l'arthrose chez les chiens","og_description":"Cartrophen\u00ae pour le traitement de l'arthrose aide \u00e0 prot\u00e9ger les articulations des chiens en ralentissant la d\u00e9g\u00e9n\u00e9rescence du cartilage","og_url":"https:\/\/testvet.brainmarketing.ca\/en\/produit\/cartrophen-pour-le-traitement-de-larthrose\/","og_site_name":"MonVet","article_modified_time":"2025-02-23T13:18:03+00:00","twitter_card":"summary_large_image","twitter_misc":{"Est. reading time":"1 minute"},"schema":{"@context":"https:\/\/schema.org","@graph":[{"@type":"WebPage","@id":"https:\/\/testvet.brainmarketing.ca\/en\/produit\/cartrophen-pour-le-traitement-de-larthrose\/","url":"https:\/\/testvet.brainmarketing.ca\/en\/produit\/cartrophen-pour-le-traitement-de-larthrose\/","name":"Cartrophen\u00ae pour le traitement de l'arthrose chez les chiens","isPartOf":{"@id":"https:\/\/testvet.brainmarketing.ca\/en\/#website"},"datePublished":"2025-02-23T13:17:22+00:00","dateModified":"2025-02-23T13:18:03+00:00","description":"Cartrophen\u00ae pour le traitement de l'arthrose aide \u00e0 prot\u00e9ger les articulations des chiens en ralentissant la d\u00e9g\u00e9n\u00e9rescence du cartilage","breadcrumb":{"@id":"https:\/\/testvet.brainmarketing.ca\/en\/produit\/cartrophen-pour-le-traitement-de-larthrose\/#breadcrumb"},"inLanguage":"en-US","potentialAction":[{"@type":"ReadAction","target":["https:\/\/testvet.brainmarketing.ca\/en\/produit\/cartrophen-pour-le-traitement-de-larthrose\/"]}]},{"@type":"BreadcrumbList","@id":"https:\/\/testvet.brainmarketing.ca\/en\/produit\/cartrophen-pour-le-traitement-de-larthrose\/#breadcrumb","itemListElement":[{"@type":"ListItem","position":1,"name":"Catalogue","item":"https:\/\/testvet.brainmarketing.ca\/catalogue\/"},{"@type":"ListItem","position":2,"name":"Pharmacy","item":"https:\/\/testvet.brainmarketing.ca\/en\/product-category\/pharmacy\/"},{"@type":"ListItem","position":3,"name":"Cartrophen\u00ae"}]},{"@type":"WebSite","@id":"https:\/\/testvet.brainmarketing.ca\/en\/#website","url":"https:\/\/testvet.brainmarketing.ca\/en\/","name":"MonVet","description":"R\u00e9seau v\u00e9t\u00e9rinaires","publisher":{"@id":"https:\/\/testvet.brainmarketing.ca\/en\/#organization"},"potentialAction":[{"@type":"SearchAction","target":{"@type":"EntryPoint","urlTemplate":"https:\/\/testvet.brainmarketing.ca\/en\/?s={search_term_string}"},"query-input":{"@type":"PropertyValueSpecification","valueRequired":true,"valueName":"search_term_string"}}],"inLanguage":"en-US"},{"@type":"Organization","@id":"https:\/\/testvet.brainmarketing.ca\/en\/#organization","name":"Brainmarketing","alternateName":"Test","url":"https:\/\/testvet.brainmarketing.ca\/en\/","logo":{"@type":"ImageObject","inLanguage":"en-US","@id":"https:\/\/testvet.brainmarketing.ca\/en\/#\/schema\/logo\/image\/","url":"https:\/\/testvet.brainmarketing.ca\/wp-content\/uploads\/Logos-icones\/MonVet.svg","contentUrl":"https:\/\/testvet.brainmarketing.ca\/wp-content\/uploads\/Logos-icones\/MonVet.svg","width":1811,"height":603,"caption":"Brainmarketing"},"image":{"@id":"https:\/\/testvet.brainmarketing.ca\/en\/#\/schema\/logo\/image\/"}}]}},"_links":{"self":[{"href":"https:\/\/testvet.brainmarketing.ca\/en\/wp-json\/wp\/v2\/product\/13687","targetHints":{"allow":["GET"]}}],"collection":[{"href":"https:\/\/testvet.brainmarketing.ca\/en\/wp-json\/wp\/v2\/product"}],"about":[{"href":"https:\/\/testvet.brainmarketing.ca\/en\/wp-json\/wp\/v2\/types\/product"}],"version-history":[{"count":2,"href":"https:\/\/testvet.brainmarketing.ca\/en\/wp-json\/wp\/v2\/product\/13687\/revisions"}],"predecessor-version":[{"id":13689,"href":"https:\/\/testvet.brainmarketing.ca\/en\/wp-json\/wp\/v2\/product\/13687\/revisions\/13689"}],"wp:attachment":[{"href":"https:\/\/testvet.brainmarketing.ca\/en\/wp-json\/wp\/v2\/media?parent=13687"}],"wp:term":[{"taxonomy":"product_brand","embeddable":true,"href":"https:\/\/testvet.brainmarketing.ca\/en\/wp-json\/wp\/v2\/product_brand?post=13687"},{"taxonomy":"product_cat","embeddable":true,"href":"https:\/\/testvet.brainmarketing.ca\/en\/wp-json\/wp\/v2\/product_cat?post=13687"},{"taxonomy":"product_tag","embeddable":true,"href":"https:\/\/testvet.brainmarketing.ca\/en\/wp-json\/wp\/v2\/product_tag?post=13687"}],"curies":[{"name":"wp","href":"https:\/\/api.w.org\/{rel}","templated":true}]}}