{"id":13684,"date":"2025-02-23T08:04:41","date_gmt":"2025-02-23T13:04:41","guid":{"rendered":"https:\/\/testvet.brainmarketing.ca\/?post_type=product&#038;p=13684"},"modified":"2025-02-23T08:05:59","modified_gmt":"2025-02-23T13:05:59","slug":"capstar-pour-eliminer-les-puces","status":"publish","type":"product","link":"https:\/\/testvet.brainmarketing.ca\/en\/produit\/capstar-pour-eliminer-les-puces\/","title":{"rendered":"Capstar\u00ae"},"content":{"rendered":"<p><strong data-start=\"0\" data-end=\"35\" data-is-only-node=\"\">Capstar pour \u00e9liminer les<a href=\"https:\/\/testvet.brainmarketing.ca\/traitement-puces-animaux-domestiques\/\"> puces<\/a><\/strong> rapidement! C&#8217;est un m\u00e9dicament efficace qui tue rapidement les puces adultes pr\u00e9sentes sur les chiens et les chats. Agissant en quelques heures, il permet de r\u00e9duire la population de puces sur l\u2019animal, mais ne traite pas les larves ni les cocons dans l\u2019environnement. Il est contre-indiqu\u00e9 chez les animaux de moins de 4 semaines. Les effets secondaires sont rares, et Capstar\u00ae est g\u00e9n\u00e9ralement bien tol\u00e9r\u00e9. Il se pr\u00e9sente sous forme de comprim\u00e9s et doit \u00eatre conserv\u00e9 \u00e0 temp\u00e9rature ambiante. Pour un contr\u00f4le complet des puces, il est recommand\u00e9 de combiner Capstar\u00ae avec d\u2019autres traitements.<\/p>\n","protected":false},"excerpt":{"rendered":"<p>Ce m\u00e9dicament tue les puces adultes vivant sur les animaux<\/p>\n","protected":false},"featured_media":0,"template":"","meta":{"_acf_changed":false},"product_brand":[],"product_cat":[176],"product_tag":[207,209],"class_list":{"0":"post-13684","1":"product","2":"type-product","3":"status-publish","5":"product_cat-pharmacie","6":"product_tag-chats","7":"product_tag-chiens","9":"first","10":"instock","11":"shipping-taxable","12":"product-type-simple"},"acf":[],"yoast_head":"<!-- This site is optimized with the Yoast SEO plugin v24.6 - https:\/\/yoast.com\/wordpress\/plugins\/seo\/ -->\n<title>Capstar pour \u00e9liminer les puces \u2013 Traitement rapide chiens et chats<\/title>\n<meta name=\"description\" content=\"Capstar pour \u00e9liminer les puces : Ce m\u00e9dicament tue rapidement les puces adultes chez les chiens et chats. Consultez votre v\u00e9t\u00e9rinaire\" \/>\n<meta name=\"robots\" content=\"noindex, follow, max-snippet:-1, max-image-preview:large, max-video-preview:-1\" \/>\n<meta property=\"og:locale\" content=\"en_US\" \/>\n<meta property=\"og:type\" content=\"article\" \/>\n<meta property=\"og:title\" content=\"Capstar pour \u00e9liminer les puces \u2013 Traitement rapide chiens et chats\" \/>\n<meta property=\"og:description\" content=\"Capstar pour \u00e9liminer les puces : Ce m\u00e9dicament tue rapidement les puces adultes chez les chiens et chats. Consultez votre v\u00e9t\u00e9rinaire\" \/>\n<meta property=\"og:url\" content=\"https:\/\/testvet.brainmarketing.ca\/en\/produit\/capstar-pour-eliminer-les-puces\/\" \/>\n<meta property=\"og:site_name\" content=\"MonVet\" \/>\n<meta property=\"article:modified_time\" content=\"2025-02-23T13:05:59+00:00\" \/>\n<meta name=\"twitter:card\" content=\"summary_large_image\" \/>\n<meta name=\"twitter:label1\" content=\"Est. reading time\" \/>\n\t<meta name=\"twitter:data1\" content=\"1 minute\" \/>\n<script type=\"application\/ld+json\" class=\"yoast-schema-graph\">{\"@context\":\"https:\/\/schema.org\",\"@graph\":[{\"@type\":\"WebPage\",\"@id\":\"https:\/\/testvet.brainmarketing.ca\/en\/produit\/capstar-pour-eliminer-les-puces\/\",\"url\":\"https:\/\/testvet.brainmarketing.ca\/en\/produit\/capstar-pour-eliminer-les-puces\/\",\"name\":\"Capstar pour \u00e9liminer les puces \u2013 Traitement rapide chiens et chats\",\"isPartOf\":{\"@id\":\"https:\/\/testvet.brainmarketing.ca\/en\/#website\"},\"datePublished\":\"2025-02-23T13:04:41+00:00\",\"dateModified\":\"2025-02-23T13:05:59+00:00\",\"description\":\"Capstar pour \u00e9liminer les puces : Ce m\u00e9dicament tue rapidement les puces adultes chez les chiens et chats. Consultez votre v\u00e9t\u00e9rinaire\",\"breadcrumb\":{\"@id\":\"https:\/\/testvet.brainmarketing.ca\/en\/produit\/capstar-pour-eliminer-les-puces\/#breadcrumb\"},\"inLanguage\":\"en-US\",\"potentialAction\":[{\"@type\":\"ReadAction\",\"target\":[\"https:\/\/testvet.brainmarketing.ca\/en\/produit\/capstar-pour-eliminer-les-puces\/\"]}]},{\"@type\":\"BreadcrumbList\",\"@id\":\"https:\/\/testvet.brainmarketing.ca\/en\/produit\/capstar-pour-eliminer-les-puces\/#breadcrumb\",\"itemListElement\":[{\"@type\":\"ListItem\",\"position\":1,\"name\":\"Catalogue\",\"item\":\"https:\/\/testvet.brainmarketing.ca\/catalogue\/\"},{\"@type\":\"ListItem\",\"position\":2,\"name\":\"Pharmacy\",\"item\":\"https:\/\/testvet.brainmarketing.ca\/en\/product-category\/pharmacy\/\"},{\"@type\":\"ListItem\",\"position\":3,\"name\":\"Capstar\u00ae\"}]},{\"@type\":\"WebSite\",\"@id\":\"https:\/\/testvet.brainmarketing.ca\/en\/#website\",\"url\":\"https:\/\/testvet.brainmarketing.ca\/en\/\",\"name\":\"MonVet\",\"description\":\"R\u00e9seau v\u00e9t\u00e9rinaires\",\"publisher\":{\"@id\":\"https:\/\/testvet.brainmarketing.ca\/en\/#organization\"},\"potentialAction\":[{\"@type\":\"SearchAction\",\"target\":{\"@type\":\"EntryPoint\",\"urlTemplate\":\"https:\/\/testvet.brainmarketing.ca\/en\/?s={search_term_string}\"},\"query-input\":{\"@type\":\"PropertyValueSpecification\",\"valueRequired\":true,\"valueName\":\"search_term_string\"}}],\"inLanguage\":\"en-US\"},{\"@type\":\"Organization\",\"@id\":\"https:\/\/testvet.brainmarketing.ca\/en\/#organization\",\"name\":\"Brainmarketing\",\"alternateName\":\"Test\",\"url\":\"https:\/\/testvet.brainmarketing.ca\/en\/\",\"logo\":{\"@type\":\"ImageObject\",\"inLanguage\":\"en-US\",\"@id\":\"https:\/\/testvet.brainmarketing.ca\/en\/#\/schema\/logo\/image\/\",\"url\":\"https:\/\/testvet.brainmarketing.ca\/wp-content\/uploads\/Logos-icones\/MonVet.svg\",\"contentUrl\":\"https:\/\/testvet.brainmarketing.ca\/wp-content\/uploads\/Logos-icones\/MonVet.svg\",\"width\":1811,\"height\":603,\"caption\":\"Brainmarketing\"},\"image\":{\"@id\":\"https:\/\/testvet.brainmarketing.ca\/en\/#\/schema\/logo\/image\/\"}}]}<\/script>\n<!-- \/ Yoast SEO plugin. -->","yoast_head_json":{"title":"Capstar pour \u00e9liminer les puces \u2013 Traitement rapide chiens et chats","description":"Capstar pour \u00e9liminer les puces : Ce m\u00e9dicament tue rapidement les puces adultes chez les chiens et chats. Consultez votre v\u00e9t\u00e9rinaire","robots":{"index":"noindex","follow":"follow","max-snippet":"max-snippet:-1","max-image-preview":"max-image-preview:large","max-video-preview":"max-video-preview:-1"},"og_locale":"en_US","og_type":"article","og_title":"Capstar pour \u00e9liminer les puces \u2013 Traitement rapide chiens et chats","og_description":"Capstar pour \u00e9liminer les puces : Ce m\u00e9dicament tue rapidement les puces adultes chez les chiens et chats. Consultez votre v\u00e9t\u00e9rinaire","og_url":"https:\/\/testvet.brainmarketing.ca\/en\/produit\/capstar-pour-eliminer-les-puces\/","og_site_name":"MonVet","article_modified_time":"2025-02-23T13:05:59+00:00","twitter_card":"summary_large_image","twitter_misc":{"Est. reading time":"1 minute"},"schema":{"@context":"https:\/\/schema.org","@graph":[{"@type":"WebPage","@id":"https:\/\/testvet.brainmarketing.ca\/en\/produit\/capstar-pour-eliminer-les-puces\/","url":"https:\/\/testvet.brainmarketing.ca\/en\/produit\/capstar-pour-eliminer-les-puces\/","name":"Capstar pour \u00e9liminer les puces \u2013 Traitement rapide chiens et chats","isPartOf":{"@id":"https:\/\/testvet.brainmarketing.ca\/en\/#website"},"datePublished":"2025-02-23T13:04:41+00:00","dateModified":"2025-02-23T13:05:59+00:00","description":"Capstar pour \u00e9liminer les puces : Ce m\u00e9dicament tue rapidement les puces adultes chez les chiens et chats. Consultez votre v\u00e9t\u00e9rinaire","breadcrumb":{"@id":"https:\/\/testvet.brainmarketing.ca\/en\/produit\/capstar-pour-eliminer-les-puces\/#breadcrumb"},"inLanguage":"en-US","potentialAction":[{"@type":"ReadAction","target":["https:\/\/testvet.brainmarketing.ca\/en\/produit\/capstar-pour-eliminer-les-puces\/"]}]},{"@type":"BreadcrumbList","@id":"https:\/\/testvet.brainmarketing.ca\/en\/produit\/capstar-pour-eliminer-les-puces\/#breadcrumb","itemListElement":[{"@type":"ListItem","position":1,"name":"Catalogue","item":"https:\/\/testvet.brainmarketing.ca\/catalogue\/"},{"@type":"ListItem","position":2,"name":"Pharmacy","item":"https:\/\/testvet.brainmarketing.ca\/en\/product-category\/pharmacy\/"},{"@type":"ListItem","position":3,"name":"Capstar\u00ae"}]},{"@type":"WebSite","@id":"https:\/\/testvet.brainmarketing.ca\/en\/#website","url":"https:\/\/testvet.brainmarketing.ca\/en\/","name":"MonVet","description":"R\u00e9seau v\u00e9t\u00e9rinaires","publisher":{"@id":"https:\/\/testvet.brainmarketing.ca\/en\/#organization"},"potentialAction":[{"@type":"SearchAction","target":{"@type":"EntryPoint","urlTemplate":"https:\/\/testvet.brainmarketing.ca\/en\/?s={search_term_string}"},"query-input":{"@type":"PropertyValueSpecification","valueRequired":true,"valueName":"search_term_string"}}],"inLanguage":"en-US"},{"@type":"Organization","@id":"https:\/\/testvet.brainmarketing.ca\/en\/#organization","name":"Brainmarketing","alternateName":"Test","url":"https:\/\/testvet.brainmarketing.ca\/en\/","logo":{"@type":"ImageObject","inLanguage":"en-US","@id":"https:\/\/testvet.brainmarketing.ca\/en\/#\/schema\/logo\/image\/","url":"https:\/\/testvet.brainmarketing.ca\/wp-content\/uploads\/Logos-icones\/MonVet.svg","contentUrl":"https:\/\/testvet.brainmarketing.ca\/wp-content\/uploads\/Logos-icones\/MonVet.svg","width":1811,"height":603,"caption":"Brainmarketing"},"image":{"@id":"https:\/\/testvet.brainmarketing.ca\/en\/#\/schema\/logo\/image\/"}}]}},"_links":{"self":[{"href":"https:\/\/testvet.brainmarketing.ca\/en\/wp-json\/wp\/v2\/product\/13684","targetHints":{"allow":["GET"]}}],"collection":[{"href":"https:\/\/testvet.brainmarketing.ca\/en\/wp-json\/wp\/v2\/product"}],"about":[{"href":"https:\/\/testvet.brainmarketing.ca\/en\/wp-json\/wp\/v2\/types\/product"}],"version-history":[{"count":2,"href":"https:\/\/testvet.brainmarketing.ca\/en\/wp-json\/wp\/v2\/product\/13684\/revisions"}],"predecessor-version":[{"id":13686,"href":"https:\/\/testvet.brainmarketing.ca\/en\/wp-json\/wp\/v2\/product\/13684\/revisions\/13686"}],"wp:attachment":[{"href":"https:\/\/testvet.brainmarketing.ca\/en\/wp-json\/wp\/v2\/media?parent=13684"}],"wp:term":[{"taxonomy":"product_brand","embeddable":true,"href":"https:\/\/testvet.brainmarketing.ca\/en\/wp-json\/wp\/v2\/product_brand?post=13684"},{"taxonomy":"product_cat","embeddable":true,"href":"https:\/\/testvet.brainmarketing.ca\/en\/wp-json\/wp\/v2\/product_cat?post=13684"},{"taxonomy":"product_tag","embeddable":true,"href":"https:\/\/testvet.brainmarketing.ca\/en\/wp-json\/wp\/v2\/product_tag?post=13684"}],"curies":[{"name":"wp","href":"https:\/\/api.w.org\/{rel}","templated":true}]}}