{"id":13682,"date":"2025-02-23T07:51:46","date_gmt":"2025-02-23T12:51:46","guid":{"rendered":"https:\/\/testvet.brainmarketing.ca\/?post_type=product&#038;p=13682"},"modified":"2025-02-23T07:51:47","modified_gmt":"2025-02-23T12:51:47","slug":"traitement-du-diabete-canin","status":"publish","type":"product","link":"https:\/\/testvet.brainmarketing.ca\/en\/produit\/traitement-du-diabete-canin\/","title":{"rendered":"Caninsulin\u00ae"},"content":{"rendered":"<p>Caninsulin\u00ae est un <strong data-start=\"71\" data-end=\"102\">traitement du <a href=\"https:\/\/testvet.brainmarketing.ca\/diabete-chez-le-chien\/\">diab\u00e8te canin<\/a><\/strong> qui permet de r\u00e9guler leur glyc\u00e9mie. Cette insuline aide le glucose \u00e0 entrer dans les cellules pour \u00eatre utilis\u00e9 comme source d\u2019\u00e9nergie. Un suivi v\u00e9t\u00e9rinaire est essentiel pour ajuster la dose et pr\u00e9venir l\u2019hypoglyc\u00e9mie, qui peut causer faiblesse, convulsions ou coma. Il est important d\u2019alterner les sites d\u2019injection et de conserver la fiole au r\u00e9frig\u00e9rateur. En cas d\u2019effets secondaires ou d\u2019interactions m\u00e9dicamenteuses, consultez votre v\u00e9t\u00e9rinaire pour assurer un traitement s\u00e9curitaire et efficace \u00e0 votre compagnon.<\/p>\n","protected":false},"excerpt":{"rendered":"<p>L\u2019insuline est une hormone produite par le pancr\u00e9as qui fait entrer le glucose dans les cellules des organes afin qu\u2019il soit utilis\u00e9 comme source d\u2019\u00e9nergie.<\/p>\n","protected":false},"featured_media":0,"template":"","meta":{"_acf_changed":false},"product_brand":[],"product_cat":[176],"product_tag":[209],"class_list":{"0":"post-13682","1":"product","2":"type-product","3":"status-publish","5":"product_cat-pharmacie","6":"product_tag-chiens","8":"first","9":"instock","10":"shipping-taxable","11":"product-type-simple"},"acf":[],"yoast_head":"<!-- This site is optimized with the Yoast SEO plugin v24.6 - https:\/\/yoast.com\/wordpress\/plugins\/seo\/ -->\n<title>Traitement du diab\u00e8te canin \u2013 Contr\u00f4le et utilisation de Caninsulin\u00ae<\/title>\n<meta name=\"description\" content=\"Traitement du diab\u00e8te canin : Caninsulin\u00ae aide \u00e0 r\u00e9guler la glyc\u00e9mie chez les chiens diab\u00e9tiques. Consultez votre v\u00e9t\u00e9rinaire pour un suivi et un dosage\" \/>\n<meta name=\"robots\" content=\"noindex, follow, max-snippet:-1, max-image-preview:large, max-video-preview:-1\" \/>\n<meta property=\"og:locale\" content=\"en_US\" \/>\n<meta property=\"og:type\" content=\"article\" \/>\n<meta property=\"og:title\" content=\"Traitement du diab\u00e8te canin \u2013 Contr\u00f4le et utilisation de Caninsulin\u00ae\" \/>\n<meta property=\"og:description\" content=\"Traitement du diab\u00e8te canin : Caninsulin\u00ae aide \u00e0 r\u00e9guler la glyc\u00e9mie chez les chiens diab\u00e9tiques. Consultez votre v\u00e9t\u00e9rinaire pour un suivi et un dosage\" \/>\n<meta property=\"og:url\" content=\"https:\/\/testvet.brainmarketing.ca\/en\/produit\/traitement-du-diabete-canin\/\" \/>\n<meta property=\"og:site_name\" content=\"MonVet\" \/>\n<meta property=\"article:modified_time\" content=\"2025-02-23T12:51:47+00:00\" \/>\n<meta name=\"twitter:card\" content=\"summary_large_image\" \/>\n<meta name=\"twitter:label1\" content=\"Est. reading time\" \/>\n\t<meta name=\"twitter:data1\" content=\"1 minute\" \/>\n<script type=\"application\/ld+json\" class=\"yoast-schema-graph\">{\"@context\":\"https:\/\/schema.org\",\"@graph\":[{\"@type\":\"WebPage\",\"@id\":\"https:\/\/testvet.brainmarketing.ca\/en\/produit\/traitement-du-diabete-canin\/\",\"url\":\"https:\/\/testvet.brainmarketing.ca\/en\/produit\/traitement-du-diabete-canin\/\",\"name\":\"Traitement du diab\u00e8te canin \u2013 Contr\u00f4le et utilisation de Caninsulin\u00ae\",\"isPartOf\":{\"@id\":\"https:\/\/testvet.brainmarketing.ca\/en\/#website\"},\"datePublished\":\"2025-02-23T12:51:46+00:00\",\"dateModified\":\"2025-02-23T12:51:47+00:00\",\"description\":\"Traitement du diab\u00e8te canin : Caninsulin\u00ae aide \u00e0 r\u00e9guler la glyc\u00e9mie chez les chiens diab\u00e9tiques. Consultez votre v\u00e9t\u00e9rinaire pour un suivi et un dosage\",\"breadcrumb\":{\"@id\":\"https:\/\/testvet.brainmarketing.ca\/en\/produit\/traitement-du-diabete-canin\/#breadcrumb\"},\"inLanguage\":\"en-US\",\"potentialAction\":[{\"@type\":\"ReadAction\",\"target\":[\"https:\/\/testvet.brainmarketing.ca\/en\/produit\/traitement-du-diabete-canin\/\"]}]},{\"@type\":\"BreadcrumbList\",\"@id\":\"https:\/\/testvet.brainmarketing.ca\/en\/produit\/traitement-du-diabete-canin\/#breadcrumb\",\"itemListElement\":[{\"@type\":\"ListItem\",\"position\":1,\"name\":\"Catalogue\",\"item\":\"https:\/\/testvet.brainmarketing.ca\/catalogue\/\"},{\"@type\":\"ListItem\",\"position\":2,\"name\":\"Pharmacy\",\"item\":\"https:\/\/testvet.brainmarketing.ca\/en\/product-category\/pharmacy\/\"},{\"@type\":\"ListItem\",\"position\":3,\"name\":\"Caninsulin\u00ae\"}]},{\"@type\":\"WebSite\",\"@id\":\"https:\/\/testvet.brainmarketing.ca\/en\/#website\",\"url\":\"https:\/\/testvet.brainmarketing.ca\/en\/\",\"name\":\"MonVet\",\"description\":\"R\u00e9seau v\u00e9t\u00e9rinaires\",\"publisher\":{\"@id\":\"https:\/\/testvet.brainmarketing.ca\/en\/#organization\"},\"potentialAction\":[{\"@type\":\"SearchAction\",\"target\":{\"@type\":\"EntryPoint\",\"urlTemplate\":\"https:\/\/testvet.brainmarketing.ca\/en\/?s={search_term_string}\"},\"query-input\":{\"@type\":\"PropertyValueSpecification\",\"valueRequired\":true,\"valueName\":\"search_term_string\"}}],\"inLanguage\":\"en-US\"},{\"@type\":\"Organization\",\"@id\":\"https:\/\/testvet.brainmarketing.ca\/en\/#organization\",\"name\":\"Brainmarketing\",\"alternateName\":\"Test\",\"url\":\"https:\/\/testvet.brainmarketing.ca\/en\/\",\"logo\":{\"@type\":\"ImageObject\",\"inLanguage\":\"en-US\",\"@id\":\"https:\/\/testvet.brainmarketing.ca\/en\/#\/schema\/logo\/image\/\",\"url\":\"https:\/\/testvet.brainmarketing.ca\/wp-content\/uploads\/Logos-icones\/MonVet.svg\",\"contentUrl\":\"https:\/\/testvet.brainmarketing.ca\/wp-content\/uploads\/Logos-icones\/MonVet.svg\",\"width\":1811,\"height\":603,\"caption\":\"Brainmarketing\"},\"image\":{\"@id\":\"https:\/\/testvet.brainmarketing.ca\/en\/#\/schema\/logo\/image\/\"}}]}<\/script>\n<!-- \/ Yoast SEO plugin. -->","yoast_head_json":{"title":"Traitement du diab\u00e8te canin \u2013 Contr\u00f4le et utilisation de Caninsulin\u00ae","description":"Traitement du diab\u00e8te canin : Caninsulin\u00ae aide \u00e0 r\u00e9guler la glyc\u00e9mie chez les chiens diab\u00e9tiques. Consultez votre v\u00e9t\u00e9rinaire pour un suivi et un dosage","robots":{"index":"noindex","follow":"follow","max-snippet":"max-snippet:-1","max-image-preview":"max-image-preview:large","max-video-preview":"max-video-preview:-1"},"og_locale":"en_US","og_type":"article","og_title":"Traitement du diab\u00e8te canin \u2013 Contr\u00f4le et utilisation de Caninsulin\u00ae","og_description":"Traitement du diab\u00e8te canin : Caninsulin\u00ae aide \u00e0 r\u00e9guler la glyc\u00e9mie chez les chiens diab\u00e9tiques. Consultez votre v\u00e9t\u00e9rinaire pour un suivi et un dosage","og_url":"https:\/\/testvet.brainmarketing.ca\/en\/produit\/traitement-du-diabete-canin\/","og_site_name":"MonVet","article_modified_time":"2025-02-23T12:51:47+00:00","twitter_card":"summary_large_image","twitter_misc":{"Est. reading time":"1 minute"},"schema":{"@context":"https:\/\/schema.org","@graph":[{"@type":"WebPage","@id":"https:\/\/testvet.brainmarketing.ca\/en\/produit\/traitement-du-diabete-canin\/","url":"https:\/\/testvet.brainmarketing.ca\/en\/produit\/traitement-du-diabete-canin\/","name":"Traitement du diab\u00e8te canin \u2013 Contr\u00f4le et utilisation de Caninsulin\u00ae","isPartOf":{"@id":"https:\/\/testvet.brainmarketing.ca\/en\/#website"},"datePublished":"2025-02-23T12:51:46+00:00","dateModified":"2025-02-23T12:51:47+00:00","description":"Traitement du diab\u00e8te canin : Caninsulin\u00ae aide \u00e0 r\u00e9guler la glyc\u00e9mie chez les chiens diab\u00e9tiques. Consultez votre v\u00e9t\u00e9rinaire pour un suivi et un dosage","breadcrumb":{"@id":"https:\/\/testvet.brainmarketing.ca\/en\/produit\/traitement-du-diabete-canin\/#breadcrumb"},"inLanguage":"en-US","potentialAction":[{"@type":"ReadAction","target":["https:\/\/testvet.brainmarketing.ca\/en\/produit\/traitement-du-diabete-canin\/"]}]},{"@type":"BreadcrumbList","@id":"https:\/\/testvet.brainmarketing.ca\/en\/produit\/traitement-du-diabete-canin\/#breadcrumb","itemListElement":[{"@type":"ListItem","position":1,"name":"Catalogue","item":"https:\/\/testvet.brainmarketing.ca\/catalogue\/"},{"@type":"ListItem","position":2,"name":"Pharmacy","item":"https:\/\/testvet.brainmarketing.ca\/en\/product-category\/pharmacy\/"},{"@type":"ListItem","position":3,"name":"Caninsulin\u00ae"}]},{"@type":"WebSite","@id":"https:\/\/testvet.brainmarketing.ca\/en\/#website","url":"https:\/\/testvet.brainmarketing.ca\/en\/","name":"MonVet","description":"R\u00e9seau v\u00e9t\u00e9rinaires","publisher":{"@id":"https:\/\/testvet.brainmarketing.ca\/en\/#organization"},"potentialAction":[{"@type":"SearchAction","target":{"@type":"EntryPoint","urlTemplate":"https:\/\/testvet.brainmarketing.ca\/en\/?s={search_term_string}"},"query-input":{"@type":"PropertyValueSpecification","valueRequired":true,"valueName":"search_term_string"}}],"inLanguage":"en-US"},{"@type":"Organization","@id":"https:\/\/testvet.brainmarketing.ca\/en\/#organization","name":"Brainmarketing","alternateName":"Test","url":"https:\/\/testvet.brainmarketing.ca\/en\/","logo":{"@type":"ImageObject","inLanguage":"en-US","@id":"https:\/\/testvet.brainmarketing.ca\/en\/#\/schema\/logo\/image\/","url":"https:\/\/testvet.brainmarketing.ca\/wp-content\/uploads\/Logos-icones\/MonVet.svg","contentUrl":"https:\/\/testvet.brainmarketing.ca\/wp-content\/uploads\/Logos-icones\/MonVet.svg","width":1811,"height":603,"caption":"Brainmarketing"},"image":{"@id":"https:\/\/testvet.brainmarketing.ca\/en\/#\/schema\/logo\/image\/"}}]}},"_links":{"self":[{"href":"https:\/\/testvet.brainmarketing.ca\/en\/wp-json\/wp\/v2\/product\/13682","targetHints":{"allow":["GET"]}}],"collection":[{"href":"https:\/\/testvet.brainmarketing.ca\/en\/wp-json\/wp\/v2\/product"}],"about":[{"href":"https:\/\/testvet.brainmarketing.ca\/en\/wp-json\/wp\/v2\/types\/product"}],"version-history":[{"count":1,"href":"https:\/\/testvet.brainmarketing.ca\/en\/wp-json\/wp\/v2\/product\/13682\/revisions"}],"predecessor-version":[{"id":13683,"href":"https:\/\/testvet.brainmarketing.ca\/en\/wp-json\/wp\/v2\/product\/13682\/revisions\/13683"}],"wp:attachment":[{"href":"https:\/\/testvet.brainmarketing.ca\/en\/wp-json\/wp\/v2\/media?parent=13682"}],"wp:term":[{"taxonomy":"product_brand","embeddable":true,"href":"https:\/\/testvet.brainmarketing.ca\/en\/wp-json\/wp\/v2\/product_brand?post=13682"},{"taxonomy":"product_cat","embeddable":true,"href":"https:\/\/testvet.brainmarketing.ca\/en\/wp-json\/wp\/v2\/product_cat?post=13682"},{"taxonomy":"product_tag","embeddable":true,"href":"https:\/\/testvet.brainmarketing.ca\/en\/wp-json\/wp\/v2\/product_tag?post=13682"}],"curies":[{"name":"wp","href":"https:\/\/api.w.org\/{rel}","templated":true}]}}