{"id":13617,"date":"2025-02-22T17:10:47","date_gmt":"2025-02-22T22:10:47","guid":{"rendered":"https:\/\/testvet.brainmarketing.ca\/?post_type=product&#038;p=13617"},"modified":"2025-02-22T17:16:00","modified_gmt":"2025-02-22T22:16:00","slug":"buprenorphine-pour-soulagement-douleur","status":"publish","type":"product","link":"https:\/\/testvet.brainmarketing.ca\/en\/produit\/buprenorphine-pour-soulagement-douleur\/","title":{"rendered":"Bupr\u00e9norphine"},"content":{"rendered":"<p>La bupr\u00e9norphine est un analg\u00e9sique utilis\u00e9 pour soulager la douleur, surtout chez le chat. Elle est disponible sous forme injectable ou en liquide \u00e0 appliquer sur les gencives. Pour une efficacit\u00e9 optimale, \u00e9vitez que l\u2019animal ne l\u2019avale directement. Entreposez-la \u00e0 temp\u00e9rature ambiante. Les effets secondaires incluent une s\u00e9dation l\u00e9g\u00e8re, des pupilles dilat\u00e9es et des ronronnements excessifs chez le chat, tandis que les chiens peuvent pr\u00e9senter de la salivation, une baisse du rythme cardiaque et de l\u2019agitation. Consultez votre v\u00e9t\u00e9rinaire en cas d\u2019effets ind\u00e9sirables ou si la douleur persiste. Informez-le \u00e9galement de tout autre m\u00e9dicament pris par votre animal<\/p>\n","protected":false},"excerpt":{"rendered":"<p>La bupr\u00e9norphine est un analg\u00e9sique agoniste partiel des opiac\u00e9s utilis\u00e9e chez les chats<\/p>\n","protected":false},"featured_media":0,"template":"","meta":{"_acf_changed":false},"product_brand":[],"product_cat":[176],"product_tag":[207],"class_list":{"0":"post-13617","1":"product","2":"type-product","3":"status-publish","5":"product_cat-pharmacie","6":"product_tag-chats","8":"first","9":"instock","10":"shipping-taxable","11":"product-type-simple"},"acf":[],"yoast_head":"<!-- This site is optimized with the Yoast SEO plugin v24.6 - https:\/\/yoast.com\/wordpress\/plugins\/seo\/ -->\n<title>Bupr\u00e9norphine pour soulagement de la douleur chez les animaux<\/title>\n<meta name=\"description\" content=\"Bupr\u00e9norphine : Un analg\u00e9sique efficace pour soulager la douleur chez les animaux, surtout les chats. Disponible en injection et en liquide\" \/>\n<meta name=\"robots\" content=\"noindex, follow, max-snippet:-1, max-image-preview:large, max-video-preview:-1\" \/>\n<meta property=\"og:locale\" content=\"en_US\" \/>\n<meta property=\"og:type\" content=\"article\" \/>\n<meta property=\"og:title\" content=\"Bupr\u00e9norphine pour soulagement de la douleur chez les animaux\" \/>\n<meta property=\"og:description\" content=\"Bupr\u00e9norphine : Un analg\u00e9sique efficace pour soulager la douleur chez les animaux, surtout les chats. Disponible en injection et en liquide\" \/>\n<meta property=\"og:url\" content=\"https:\/\/testvet.brainmarketing.ca\/en\/produit\/buprenorphine-pour-soulagement-douleur\/\" \/>\n<meta property=\"og:site_name\" content=\"MonVet\" \/>\n<meta property=\"article:modified_time\" content=\"2025-02-22T22:16:00+00:00\" \/>\n<meta name=\"twitter:card\" content=\"summary_large_image\" \/>\n<meta name=\"twitter:label1\" content=\"Est. reading time\" \/>\n\t<meta name=\"twitter:data1\" content=\"1 minute\" \/>\n<script type=\"application\/ld+json\" class=\"yoast-schema-graph\">{\"@context\":\"https:\/\/schema.org\",\"@graph\":[{\"@type\":\"WebPage\",\"@id\":\"https:\/\/testvet.brainmarketing.ca\/en\/produit\/buprenorphine-pour-soulagement-douleur\/\",\"url\":\"https:\/\/testvet.brainmarketing.ca\/en\/produit\/buprenorphine-pour-soulagement-douleur\/\",\"name\":\"Bupr\u00e9norphine pour soulagement de la douleur chez les animaux\",\"isPartOf\":{\"@id\":\"https:\/\/testvet.brainmarketing.ca\/en\/#website\"},\"datePublished\":\"2025-02-22T22:10:47+00:00\",\"dateModified\":\"2025-02-22T22:16:00+00:00\",\"description\":\"Bupr\u00e9norphine : Un analg\u00e9sique efficace pour soulager la douleur chez les animaux, surtout les chats. Disponible en injection et en liquide\",\"breadcrumb\":{\"@id\":\"https:\/\/testvet.brainmarketing.ca\/en\/produit\/buprenorphine-pour-soulagement-douleur\/#breadcrumb\"},\"inLanguage\":\"en-US\",\"potentialAction\":[{\"@type\":\"ReadAction\",\"target\":[\"https:\/\/testvet.brainmarketing.ca\/en\/produit\/buprenorphine-pour-soulagement-douleur\/\"]}]},{\"@type\":\"BreadcrumbList\",\"@id\":\"https:\/\/testvet.brainmarketing.ca\/en\/produit\/buprenorphine-pour-soulagement-douleur\/#breadcrumb\",\"itemListElement\":[{\"@type\":\"ListItem\",\"position\":1,\"name\":\"Catalogue\",\"item\":\"https:\/\/testvet.brainmarketing.ca\/catalogue\/\"},{\"@type\":\"ListItem\",\"position\":2,\"name\":\"Pharmacy\",\"item\":\"https:\/\/testvet.brainmarketing.ca\/en\/product-category\/pharmacy\/\"},{\"@type\":\"ListItem\",\"position\":3,\"name\":\"Bupr\u00e9norphine\"}]},{\"@type\":\"WebSite\",\"@id\":\"https:\/\/testvet.brainmarketing.ca\/en\/#website\",\"url\":\"https:\/\/testvet.brainmarketing.ca\/en\/\",\"name\":\"MonVet\",\"description\":\"R\u00e9seau v\u00e9t\u00e9rinaires\",\"publisher\":{\"@id\":\"https:\/\/testvet.brainmarketing.ca\/en\/#organization\"},\"potentialAction\":[{\"@type\":\"SearchAction\",\"target\":{\"@type\":\"EntryPoint\",\"urlTemplate\":\"https:\/\/testvet.brainmarketing.ca\/en\/?s={search_term_string}\"},\"query-input\":{\"@type\":\"PropertyValueSpecification\",\"valueRequired\":true,\"valueName\":\"search_term_string\"}}],\"inLanguage\":\"en-US\"},{\"@type\":\"Organization\",\"@id\":\"https:\/\/testvet.brainmarketing.ca\/en\/#organization\",\"name\":\"Brainmarketing\",\"alternateName\":\"Test\",\"url\":\"https:\/\/testvet.brainmarketing.ca\/en\/\",\"logo\":{\"@type\":\"ImageObject\",\"inLanguage\":\"en-US\",\"@id\":\"https:\/\/testvet.brainmarketing.ca\/en\/#\/schema\/logo\/image\/\",\"url\":\"https:\/\/testvet.brainmarketing.ca\/wp-content\/uploads\/Logos-icones\/MonVet.svg\",\"contentUrl\":\"https:\/\/testvet.brainmarketing.ca\/wp-content\/uploads\/Logos-icones\/MonVet.svg\",\"width\":1811,\"height\":603,\"caption\":\"Brainmarketing\"},\"image\":{\"@id\":\"https:\/\/testvet.brainmarketing.ca\/en\/#\/schema\/logo\/image\/\"}}]}<\/script>\n<!-- \/ Yoast SEO plugin. -->","yoast_head_json":{"title":"Bupr\u00e9norphine pour soulagement de la douleur chez les animaux","description":"Bupr\u00e9norphine : Un analg\u00e9sique efficace pour soulager la douleur chez les animaux, surtout les chats. Disponible en injection et en liquide","robots":{"index":"noindex","follow":"follow","max-snippet":"max-snippet:-1","max-image-preview":"max-image-preview:large","max-video-preview":"max-video-preview:-1"},"og_locale":"en_US","og_type":"article","og_title":"Bupr\u00e9norphine pour soulagement de la douleur chez les animaux","og_description":"Bupr\u00e9norphine : Un analg\u00e9sique efficace pour soulager la douleur chez les animaux, surtout les chats. Disponible en injection et en liquide","og_url":"https:\/\/testvet.brainmarketing.ca\/en\/produit\/buprenorphine-pour-soulagement-douleur\/","og_site_name":"MonVet","article_modified_time":"2025-02-22T22:16:00+00:00","twitter_card":"summary_large_image","twitter_misc":{"Est. reading time":"1 minute"},"schema":{"@context":"https:\/\/schema.org","@graph":[{"@type":"WebPage","@id":"https:\/\/testvet.brainmarketing.ca\/en\/produit\/buprenorphine-pour-soulagement-douleur\/","url":"https:\/\/testvet.brainmarketing.ca\/en\/produit\/buprenorphine-pour-soulagement-douleur\/","name":"Bupr\u00e9norphine pour soulagement de la douleur chez les animaux","isPartOf":{"@id":"https:\/\/testvet.brainmarketing.ca\/en\/#website"},"datePublished":"2025-02-22T22:10:47+00:00","dateModified":"2025-02-22T22:16:00+00:00","description":"Bupr\u00e9norphine : Un analg\u00e9sique efficace pour soulager la douleur chez les animaux, surtout les chats. Disponible en injection et en liquide","breadcrumb":{"@id":"https:\/\/testvet.brainmarketing.ca\/en\/produit\/buprenorphine-pour-soulagement-douleur\/#breadcrumb"},"inLanguage":"en-US","potentialAction":[{"@type":"ReadAction","target":["https:\/\/testvet.brainmarketing.ca\/en\/produit\/buprenorphine-pour-soulagement-douleur\/"]}]},{"@type":"BreadcrumbList","@id":"https:\/\/testvet.brainmarketing.ca\/en\/produit\/buprenorphine-pour-soulagement-douleur\/#breadcrumb","itemListElement":[{"@type":"ListItem","position":1,"name":"Catalogue","item":"https:\/\/testvet.brainmarketing.ca\/catalogue\/"},{"@type":"ListItem","position":2,"name":"Pharmacy","item":"https:\/\/testvet.brainmarketing.ca\/en\/product-category\/pharmacy\/"},{"@type":"ListItem","position":3,"name":"Bupr\u00e9norphine"}]},{"@type":"WebSite","@id":"https:\/\/testvet.brainmarketing.ca\/en\/#website","url":"https:\/\/testvet.brainmarketing.ca\/en\/","name":"MonVet","description":"R\u00e9seau v\u00e9t\u00e9rinaires","publisher":{"@id":"https:\/\/testvet.brainmarketing.ca\/en\/#organization"},"potentialAction":[{"@type":"SearchAction","target":{"@type":"EntryPoint","urlTemplate":"https:\/\/testvet.brainmarketing.ca\/en\/?s={search_term_string}"},"query-input":{"@type":"PropertyValueSpecification","valueRequired":true,"valueName":"search_term_string"}}],"inLanguage":"en-US"},{"@type":"Organization","@id":"https:\/\/testvet.brainmarketing.ca\/en\/#organization","name":"Brainmarketing","alternateName":"Test","url":"https:\/\/testvet.brainmarketing.ca\/en\/","logo":{"@type":"ImageObject","inLanguage":"en-US","@id":"https:\/\/testvet.brainmarketing.ca\/en\/#\/schema\/logo\/image\/","url":"https:\/\/testvet.brainmarketing.ca\/wp-content\/uploads\/Logos-icones\/MonVet.svg","contentUrl":"https:\/\/testvet.brainmarketing.ca\/wp-content\/uploads\/Logos-icones\/MonVet.svg","width":1811,"height":603,"caption":"Brainmarketing"},"image":{"@id":"https:\/\/testvet.brainmarketing.ca\/en\/#\/schema\/logo\/image\/"}}]}},"_links":{"self":[{"href":"https:\/\/testvet.brainmarketing.ca\/en\/wp-json\/wp\/v2\/product\/13617","targetHints":{"allow":["GET"]}}],"collection":[{"href":"https:\/\/testvet.brainmarketing.ca\/en\/wp-json\/wp\/v2\/product"}],"about":[{"href":"https:\/\/testvet.brainmarketing.ca\/en\/wp-json\/wp\/v2\/types\/product"}],"version-history":[{"count":3,"href":"https:\/\/testvet.brainmarketing.ca\/en\/wp-json\/wp\/v2\/product\/13617\/revisions"}],"predecessor-version":[{"id":13625,"href":"https:\/\/testvet.brainmarketing.ca\/en\/wp-json\/wp\/v2\/product\/13617\/revisions\/13625"}],"wp:attachment":[{"href":"https:\/\/testvet.brainmarketing.ca\/en\/wp-json\/wp\/v2\/media?parent=13617"}],"wp:term":[{"taxonomy":"product_brand","embeddable":true,"href":"https:\/\/testvet.brainmarketing.ca\/en\/wp-json\/wp\/v2\/product_brand?post=13617"},{"taxonomy":"product_cat","embeddable":true,"href":"https:\/\/testvet.brainmarketing.ca\/en\/wp-json\/wp\/v2\/product_cat?post=13617"},{"taxonomy":"product_tag","embeddable":true,"href":"https:\/\/testvet.brainmarketing.ca\/en\/wp-json\/wp\/v2\/product_tag?post=13617"}],"curies":[{"name":"wp","href":"https:\/\/api.w.org\/{rel}","templated":true}]}}