{"id":13608,"date":"2025-02-22T16:06:50","date_gmt":"2025-02-22T21:06:50","guid":{"rendered":"https:\/\/testvet.brainmarketing.ca\/?post_type=product&#038;p=13608"},"modified":"2025-02-22T16:08:24","modified_gmt":"2025-02-22T21:08:24","slug":"bravecto-protection-3-mois","status":"publish","type":"product","link":"https:\/\/testvet.brainmarketing.ca\/en\/produit\/bravecto-protection-3-mois\/","title":{"rendered":"Bravecto\u00ae"},"content":{"rendered":"<p>Bravecto\u00ae est un antiparasitaire efficace contre les <a href=\"https:\/\/testvet.brainmarketing.ca\/parasites-externes-chez-les-animaux\/\">puces<\/a> et les<a href=\"https:\/\/testvet.brainmarketing.ca\/tiques-chien-risques-prevention\/\"> tiques<\/a> chez les chiens et les chats. Il se pr\u00e9sente sous forme de liquide \u00e0 appliquer sur la peau pour les chats et les chiens ou de comprim\u00e9s aromatis\u00e9s pour chiens. Pour l\u2019administration topique, s\u00e9parez les poils et appliquez directement sur la peau en \u00e9vitant tout contact jusqu\u2019\u00e0 s\u00e9chage complet. Entreposez-le \u00e0 temp\u00e9rature ambiante. Bien tol\u00e9r\u00e9, il peut parfois causer des vomissements chez le chien. En cas d\u2019effets ind\u00e9sirables, consultez un v\u00e9t\u00e9rinaire. \u00c9vitez le contact avec la peau humaine et lavez-vous les mains apr\u00e8s utilisation. Bravecto\u00ae prot\u00e8ge votre animal jusqu\u2019\u00e0 trois mois contre ces parasites.<\/p>\n","protected":false},"excerpt":{"rendered":"<p>Bravecto<sup>\u00ae<\/sup>\u00a0est un m\u00e9dicament qui tue certains parasites habitant sur la peau des animaux domestiques.<\/p>\n","protected":false},"featured_media":13614,"template":"","meta":{"_acf_changed":false},"product_brand":[],"product_cat":[176],"product_tag":[207,209],"class_list":{"0":"post-13608","1":"product","2":"type-product","3":"status-publish","4":"has-post-thumbnail","6":"product_cat-pharmacie","7":"product_tag-chats","8":"product_tag-chiens","10":"first","11":"instock","12":"shipping-taxable","13":"product-type-simple"},"acf":[],"yoast_head":"<!-- This site is optimized with the Yoast SEO plugin v24.6 - https:\/\/yoast.com\/wordpress\/plugins\/seo\/ -->\n<title>Bravecto\u00ae : Protection 3 mois contre puces et tiques<\/title>\n<meta name=\"description\" content=\"Bravecto\u00ae : Protection 3 mois pour chiens et chats contre les puces et les tiques. Facile \u00e0 administrer, en comprim\u00e9 ou spot-on. Commandez d\u00e8s maintenant\" \/>\n<meta name=\"robots\" content=\"noindex, follow, max-snippet:-1, max-image-preview:large, max-video-preview:-1\" \/>\n<meta property=\"og:locale\" content=\"en_US\" \/>\n<meta property=\"og:type\" content=\"article\" \/>\n<meta property=\"og:title\" content=\"Bravecto\u00ae : Protection 3 mois contre puces et tiques\" \/>\n<meta property=\"og:description\" content=\"Bravecto\u00ae : Protection 3 mois pour chiens et chats contre les puces et les tiques. Facile \u00e0 administrer, en comprim\u00e9 ou spot-on. Commandez d\u00e8s maintenant\" \/>\n<meta property=\"og:url\" content=\"https:\/\/testvet.brainmarketing.ca\/en\/produit\/bravecto-protection-3-mois\/\" \/>\n<meta property=\"og:site_name\" content=\"MonVet\" \/>\n<meta property=\"article:modified_time\" content=\"2025-02-22T21:08:24+00:00\" \/>\n<meta property=\"og:image\" content=\"https:\/\/testvet.brainmarketing.ca\/wp-content\/uploads\/2025\/02\/bravecto-feline.webp\" \/>\n\t<meta property=\"og:image:width\" content=\"500\" \/>\n\t<meta property=\"og:image:height\" content=\"500\" \/>\n\t<meta property=\"og:image:type\" content=\"image\/webp\" \/>\n<meta name=\"twitter:card\" content=\"summary_large_image\" \/>\n<meta name=\"twitter:label1\" content=\"Est. reading time\" \/>\n\t<meta name=\"twitter:data1\" content=\"1 minute\" \/>\n<script type=\"application\/ld+json\" class=\"yoast-schema-graph\">{\"@context\":\"https:\/\/schema.org\",\"@graph\":[{\"@type\":\"WebPage\",\"@id\":\"https:\/\/testvet.brainmarketing.ca\/en\/produit\/bravecto-protection-3-mois\/\",\"url\":\"https:\/\/testvet.brainmarketing.ca\/en\/produit\/bravecto-protection-3-mois\/\",\"name\":\"Bravecto\u00ae : Protection 3 mois contre puces et tiques\",\"isPartOf\":{\"@id\":\"https:\/\/testvet.brainmarketing.ca\/en\/#website\"},\"primaryImageOfPage\":{\"@id\":\"https:\/\/testvet.brainmarketing.ca\/en\/produit\/bravecto-protection-3-mois\/#primaryimage\"},\"image\":{\"@id\":\"https:\/\/testvet.brainmarketing.ca\/en\/produit\/bravecto-protection-3-mois\/#primaryimage\"},\"thumbnailUrl\":\"https:\/\/testvet.brainmarketing.ca\/wp-content\/uploads\/2025\/02\/bravecto-feline.webp\",\"datePublished\":\"2025-02-22T21:06:50+00:00\",\"dateModified\":\"2025-02-22T21:08:24+00:00\",\"description\":\"Bravecto\u00ae : Protection 3 mois pour chiens et chats contre les puces et les tiques. Facile \u00e0 administrer, en comprim\u00e9 ou spot-on. Commandez d\u00e8s maintenant\",\"breadcrumb\":{\"@id\":\"https:\/\/testvet.brainmarketing.ca\/en\/produit\/bravecto-protection-3-mois\/#breadcrumb\"},\"inLanguage\":\"en-US\",\"potentialAction\":[{\"@type\":\"ReadAction\",\"target\":[\"https:\/\/testvet.brainmarketing.ca\/en\/produit\/bravecto-protection-3-mois\/\"]}]},{\"@type\":\"ImageObject\",\"inLanguage\":\"en-US\",\"@id\":\"https:\/\/testvet.brainmarketing.ca\/en\/produit\/bravecto-protection-3-mois\/#primaryimage\",\"url\":\"https:\/\/testvet.brainmarketing.ca\/wp-content\/uploads\/2025\/02\/bravecto-feline.webp\",\"contentUrl\":\"https:\/\/testvet.brainmarketing.ca\/wp-content\/uploads\/2025\/02\/bravecto-feline.webp\",\"width\":500,\"height\":500},{\"@type\":\"BreadcrumbList\",\"@id\":\"https:\/\/testvet.brainmarketing.ca\/en\/produit\/bravecto-protection-3-mois\/#breadcrumb\",\"itemListElement\":[{\"@type\":\"ListItem\",\"position\":1,\"name\":\"Catalogue\",\"item\":\"https:\/\/testvet.brainmarketing.ca\/catalogue\/\"},{\"@type\":\"ListItem\",\"position\":2,\"name\":\"Pharmacy\",\"item\":\"https:\/\/testvet.brainmarketing.ca\/en\/product-category\/pharmacy\/\"},{\"@type\":\"ListItem\",\"position\":3,\"name\":\"Bravecto\u00ae\"}]},{\"@type\":\"WebSite\",\"@id\":\"https:\/\/testvet.brainmarketing.ca\/en\/#website\",\"url\":\"https:\/\/testvet.brainmarketing.ca\/en\/\",\"name\":\"MonVet\",\"description\":\"R\u00e9seau v\u00e9t\u00e9rinaires\",\"publisher\":{\"@id\":\"https:\/\/testvet.brainmarketing.ca\/en\/#organization\"},\"potentialAction\":[{\"@type\":\"SearchAction\",\"target\":{\"@type\":\"EntryPoint\",\"urlTemplate\":\"https:\/\/testvet.brainmarketing.ca\/en\/?s={search_term_string}\"},\"query-input\":{\"@type\":\"PropertyValueSpecification\",\"valueRequired\":true,\"valueName\":\"search_term_string\"}}],\"inLanguage\":\"en-US\"},{\"@type\":\"Organization\",\"@id\":\"https:\/\/testvet.brainmarketing.ca\/en\/#organization\",\"name\":\"Brainmarketing\",\"alternateName\":\"Test\",\"url\":\"https:\/\/testvet.brainmarketing.ca\/en\/\",\"logo\":{\"@type\":\"ImageObject\",\"inLanguage\":\"en-US\",\"@id\":\"https:\/\/testvet.brainmarketing.ca\/en\/#\/schema\/logo\/image\/\",\"url\":\"https:\/\/testvet.brainmarketing.ca\/wp-content\/uploads\/Logos-icones\/MonVet.svg\",\"contentUrl\":\"https:\/\/testvet.brainmarketing.ca\/wp-content\/uploads\/Logos-icones\/MonVet.svg\",\"width\":1811,\"height\":603,\"caption\":\"Brainmarketing\"},\"image\":{\"@id\":\"https:\/\/testvet.brainmarketing.ca\/en\/#\/schema\/logo\/image\/\"}}]}<\/script>\n<!-- \/ Yoast SEO plugin. -->","yoast_head_json":{"title":"Bravecto\u00ae : Protection 3 mois contre puces et tiques","description":"Bravecto\u00ae : Protection 3 mois pour chiens et chats contre les puces et les tiques. Facile \u00e0 administrer, en comprim\u00e9 ou spot-on. Commandez d\u00e8s maintenant","robots":{"index":"noindex","follow":"follow","max-snippet":"max-snippet:-1","max-image-preview":"max-image-preview:large","max-video-preview":"max-video-preview:-1"},"og_locale":"en_US","og_type":"article","og_title":"Bravecto\u00ae : Protection 3 mois contre puces et tiques","og_description":"Bravecto\u00ae : Protection 3 mois pour chiens et chats contre les puces et les tiques. Facile \u00e0 administrer, en comprim\u00e9 ou spot-on. Commandez d\u00e8s maintenant","og_url":"https:\/\/testvet.brainmarketing.ca\/en\/produit\/bravecto-protection-3-mois\/","og_site_name":"MonVet","article_modified_time":"2025-02-22T21:08:24+00:00","og_image":[{"width":500,"height":500,"url":"https:\/\/testvet.brainmarketing.ca\/wp-content\/uploads\/2025\/02\/bravecto-feline.webp","type":"image\/webp"}],"twitter_card":"summary_large_image","twitter_misc":{"Est. reading time":"1 minute"},"schema":{"@context":"https:\/\/schema.org","@graph":[{"@type":"WebPage","@id":"https:\/\/testvet.brainmarketing.ca\/en\/produit\/bravecto-protection-3-mois\/","url":"https:\/\/testvet.brainmarketing.ca\/en\/produit\/bravecto-protection-3-mois\/","name":"Bravecto\u00ae : Protection 3 mois contre puces et tiques","isPartOf":{"@id":"https:\/\/testvet.brainmarketing.ca\/en\/#website"},"primaryImageOfPage":{"@id":"https:\/\/testvet.brainmarketing.ca\/en\/produit\/bravecto-protection-3-mois\/#primaryimage"},"image":{"@id":"https:\/\/testvet.brainmarketing.ca\/en\/produit\/bravecto-protection-3-mois\/#primaryimage"},"thumbnailUrl":"https:\/\/testvet.brainmarketing.ca\/wp-content\/uploads\/2025\/02\/bravecto-feline.webp","datePublished":"2025-02-22T21:06:50+00:00","dateModified":"2025-02-22T21:08:24+00:00","description":"Bravecto\u00ae : Protection 3 mois pour chiens et chats contre les puces et les tiques. Facile \u00e0 administrer, en comprim\u00e9 ou spot-on. Commandez d\u00e8s maintenant","breadcrumb":{"@id":"https:\/\/testvet.brainmarketing.ca\/en\/produit\/bravecto-protection-3-mois\/#breadcrumb"},"inLanguage":"en-US","potentialAction":[{"@type":"ReadAction","target":["https:\/\/testvet.brainmarketing.ca\/en\/produit\/bravecto-protection-3-mois\/"]}]},{"@type":"ImageObject","inLanguage":"en-US","@id":"https:\/\/testvet.brainmarketing.ca\/en\/produit\/bravecto-protection-3-mois\/#primaryimage","url":"https:\/\/testvet.brainmarketing.ca\/wp-content\/uploads\/2025\/02\/bravecto-feline.webp","contentUrl":"https:\/\/testvet.brainmarketing.ca\/wp-content\/uploads\/2025\/02\/bravecto-feline.webp","width":500,"height":500},{"@type":"BreadcrumbList","@id":"https:\/\/testvet.brainmarketing.ca\/en\/produit\/bravecto-protection-3-mois\/#breadcrumb","itemListElement":[{"@type":"ListItem","position":1,"name":"Catalogue","item":"https:\/\/testvet.brainmarketing.ca\/catalogue\/"},{"@type":"ListItem","position":2,"name":"Pharmacy","item":"https:\/\/testvet.brainmarketing.ca\/en\/product-category\/pharmacy\/"},{"@type":"ListItem","position":3,"name":"Bravecto\u00ae"}]},{"@type":"WebSite","@id":"https:\/\/testvet.brainmarketing.ca\/en\/#website","url":"https:\/\/testvet.brainmarketing.ca\/en\/","name":"MonVet","description":"R\u00e9seau v\u00e9t\u00e9rinaires","publisher":{"@id":"https:\/\/testvet.brainmarketing.ca\/en\/#organization"},"potentialAction":[{"@type":"SearchAction","target":{"@type":"EntryPoint","urlTemplate":"https:\/\/testvet.brainmarketing.ca\/en\/?s={search_term_string}"},"query-input":{"@type":"PropertyValueSpecification","valueRequired":true,"valueName":"search_term_string"}}],"inLanguage":"en-US"},{"@type":"Organization","@id":"https:\/\/testvet.brainmarketing.ca\/en\/#organization","name":"Brainmarketing","alternateName":"Test","url":"https:\/\/testvet.brainmarketing.ca\/en\/","logo":{"@type":"ImageObject","inLanguage":"en-US","@id":"https:\/\/testvet.brainmarketing.ca\/en\/#\/schema\/logo\/image\/","url":"https:\/\/testvet.brainmarketing.ca\/wp-content\/uploads\/Logos-icones\/MonVet.svg","contentUrl":"https:\/\/testvet.brainmarketing.ca\/wp-content\/uploads\/Logos-icones\/MonVet.svg","width":1811,"height":603,"caption":"Brainmarketing"},"image":{"@id":"https:\/\/testvet.brainmarketing.ca\/en\/#\/schema\/logo\/image\/"}}]}},"_links":{"self":[{"href":"https:\/\/testvet.brainmarketing.ca\/en\/wp-json\/wp\/v2\/product\/13608","targetHints":{"allow":["GET"]}}],"collection":[{"href":"https:\/\/testvet.brainmarketing.ca\/en\/wp-json\/wp\/v2\/product"}],"about":[{"href":"https:\/\/testvet.brainmarketing.ca\/en\/wp-json\/wp\/v2\/types\/product"}],"version-history":[{"count":2,"href":"https:\/\/testvet.brainmarketing.ca\/en\/wp-json\/wp\/v2\/product\/13608\/revisions"}],"predecessor-version":[{"id":13616,"href":"https:\/\/testvet.brainmarketing.ca\/en\/wp-json\/wp\/v2\/product\/13608\/revisions\/13616"}],"wp:featuredmedia":[{"embeddable":true,"href":"https:\/\/testvet.brainmarketing.ca\/en\/wp-json\/wp\/v2\/media\/13614"}],"wp:attachment":[{"href":"https:\/\/testvet.brainmarketing.ca\/en\/wp-json\/wp\/v2\/media?parent=13608"}],"wp:term":[{"taxonomy":"product_brand","embeddable":true,"href":"https:\/\/testvet.brainmarketing.ca\/en\/wp-json\/wp\/v2\/product_brand?post=13608"},{"taxonomy":"product_cat","embeddable":true,"href":"https:\/\/testvet.brainmarketing.ca\/en\/wp-json\/wp\/v2\/product_cat?post=13608"},{"taxonomy":"product_tag","embeddable":true,"href":"https:\/\/testvet.brainmarketing.ca\/en\/wp-json\/wp\/v2\/product_tag?post=13608"}],"curies":[{"name":"wp","href":"https:\/\/api.w.org\/{rel}","templated":true}]}}