{"id":13075,"date":"2025-02-18T20:39:38","date_gmt":"2025-02-19T01:39:38","guid":{"rendered":"https:\/\/testvet.brainmarketing.ca\/?post_type=product&#038;p=13075"},"modified":"2025-02-18T20:39:38","modified_gmt":"2025-02-19T01:39:38","slug":"bicarbonate-de-sodium-veterinaire","status":"publish","type":"product","link":"https:\/\/testvet.brainmarketing.ca\/en\/produit\/bicarbonate-de-sodium-veterinaire\/","title":{"rendered":"Bicarbonate de sodium"},"content":{"rendered":"<p>Le <strong>bicarbonate de sodium<\/strong> est un m\u00e9dicament utilis\u00e9 en m\u00e9decine v\u00e9t\u00e9rinaire pour corriger l\u2019acidose m\u00e9tabolique, une condition o\u00f9 le sang devient trop acide. Il est \u00e9galement employ\u00e9 pour traiter l\u2019hypercalc\u00e9mie et l\u2019hyperkali\u00e9mie. Administr\u00e9 sous forme de solution injectable, son usage doit \u00eatre encadr\u00e9 par un v\u00e9t\u00e9rinaire, notamment chez les animaux souffrant de maladies cardiaques, r\u00e9nales ou d\u2019hypertension. Un surdosage peut entra\u00eener une baisse excessive du calcium et du potassium sanguins. Il peut aussi interagir avec plusieurs m\u00e9dicaments, comme les corticost\u00e9ro\u00efdes et certains antifongiques. Un suivi rigoureux des \u00e9lectrolytes et du pH sanguin est essentiel lors du traitement.<\/p>\n","protected":false},"excerpt":{"rendered":"<p>Ce produit rend le sang moins acide.<\/p>\n","protected":false},"featured_media":8649,"template":"","meta":{"_acf_changed":false},"product_brand":[],"product_cat":[176],"product_tag":[207,209],"class_list":{"0":"post-13075","1":"product","2":"type-product","3":"status-publish","4":"has-post-thumbnail","6":"product_cat-pharmacie","7":"product_tag-chats","8":"product_tag-chiens","10":"first","11":"instock","12":"shipping-taxable","13":"product-type-simple"},"acf":[],"yoast_head":"<!-- This site is optimized with the Yoast SEO plugin v24.6 - https:\/\/yoast.com\/wordpress\/plugins\/seo\/ -->\n<title>Bicarbonate de sodium v\u00e9t\u00e9rinaire \u2013 Utilisation et pr\u00e9cautions<\/title>\n<meta name=\"description\" content=\"D\u00e9couvrez l&#039;utilisation du bicarbonate de sodium v\u00e9t\u00e9rinaire, ses indications, contre-indications et pr\u00e9cautions pour un traitement efficace et s\u00e9curis\u00e9.\" \/>\n<meta name=\"robots\" content=\"noindex, follow, max-snippet:-1, max-image-preview:large, max-video-preview:-1\" \/>\n<meta property=\"og:locale\" content=\"en_US\" \/>\n<meta property=\"og:type\" content=\"article\" \/>\n<meta property=\"og:title\" content=\"Bicarbonate de sodium v\u00e9t\u00e9rinaire \u2013 Utilisation et pr\u00e9cautions\" \/>\n<meta property=\"og:description\" content=\"D\u00e9couvrez l&#039;utilisation du bicarbonate de sodium v\u00e9t\u00e9rinaire, ses indications, contre-indications et pr\u00e9cautions pour un traitement efficace et s\u00e9curis\u00e9.\" \/>\n<meta property=\"og:url\" content=\"https:\/\/testvet.brainmarketing.ca\/en\/produit\/bicarbonate-de-sodium-veterinaire\/\" \/>\n<meta property=\"og:site_name\" content=\"MonVet\" \/>\n<meta property=\"og:image\" content=\"https:\/\/testvet.brainmarketing.ca\/wp-content\/uploads\/2025\/01\/Bicarbonate-de-sodium-3x2-1.jpg\" \/>\n\t<meta property=\"og:image:width\" content=\"343\" \/>\n\t<meta property=\"og:image:height\" content=\"229\" \/>\n\t<meta property=\"og:image:type\" content=\"image\/jpeg\" \/>\n<meta name=\"twitter:card\" content=\"summary_large_image\" \/>\n<meta name=\"twitter:label1\" content=\"Est. reading time\" \/>\n\t<meta name=\"twitter:data1\" content=\"1 minute\" \/>\n<script type=\"application\/ld+json\" class=\"yoast-schema-graph\">{\"@context\":\"https:\/\/schema.org\",\"@graph\":[{\"@type\":\"WebPage\",\"@id\":\"https:\/\/testvet.brainmarketing.ca\/en\/produit\/bicarbonate-de-sodium-veterinaire\/\",\"url\":\"https:\/\/testvet.brainmarketing.ca\/en\/produit\/bicarbonate-de-sodium-veterinaire\/\",\"name\":\"Bicarbonate de sodium v\u00e9t\u00e9rinaire \u2013 Utilisation et pr\u00e9cautions\",\"isPartOf\":{\"@id\":\"https:\/\/testvet.brainmarketing.ca\/en\/#website\"},\"primaryImageOfPage\":{\"@id\":\"https:\/\/testvet.brainmarketing.ca\/en\/produit\/bicarbonate-de-sodium-veterinaire\/#primaryimage\"},\"image\":{\"@id\":\"https:\/\/testvet.brainmarketing.ca\/en\/produit\/bicarbonate-de-sodium-veterinaire\/#primaryimage\"},\"thumbnailUrl\":\"https:\/\/testvet.brainmarketing.ca\/wp-content\/uploads\/2025\/01\/Bicarbonate-de-sodium-3x2-1.jpg\",\"datePublished\":\"2025-02-19T01:39:38+00:00\",\"description\":\"D\u00e9couvrez l'utilisation du bicarbonate de sodium v\u00e9t\u00e9rinaire, ses indications, contre-indications et pr\u00e9cautions pour un traitement efficace et s\u00e9curis\u00e9.\",\"breadcrumb\":{\"@id\":\"https:\/\/testvet.brainmarketing.ca\/en\/produit\/bicarbonate-de-sodium-veterinaire\/#breadcrumb\"},\"inLanguage\":\"en-US\",\"potentialAction\":[{\"@type\":\"ReadAction\",\"target\":[\"https:\/\/testvet.brainmarketing.ca\/en\/produit\/bicarbonate-de-sodium-veterinaire\/\"]}]},{\"@type\":\"ImageObject\",\"inLanguage\":\"en-US\",\"@id\":\"https:\/\/testvet.brainmarketing.ca\/en\/produit\/bicarbonate-de-sodium-veterinaire\/#primaryimage\",\"url\":\"https:\/\/testvet.brainmarketing.ca\/wp-content\/uploads\/2025\/01\/Bicarbonate-de-sodium-3x2-1.jpg\",\"contentUrl\":\"https:\/\/testvet.brainmarketing.ca\/wp-content\/uploads\/2025\/01\/Bicarbonate-de-sodium-3x2-1.jpg\",\"width\":343,\"height\":229,\"caption\":\"Bicarbonate de sodium v\u00e9t\u00e9rinaire\"},{\"@type\":\"BreadcrumbList\",\"@id\":\"https:\/\/testvet.brainmarketing.ca\/en\/produit\/bicarbonate-de-sodium-veterinaire\/#breadcrumb\",\"itemListElement\":[{\"@type\":\"ListItem\",\"position\":1,\"name\":\"Catalogue\",\"item\":\"https:\/\/testvet.brainmarketing.ca\/catalogue\/\"},{\"@type\":\"ListItem\",\"position\":2,\"name\":\"Pharmacy\",\"item\":\"https:\/\/testvet.brainmarketing.ca\/en\/product-category\/pharmacy\/\"},{\"@type\":\"ListItem\",\"position\":3,\"name\":\"Bicarbonate de sodium\"}]},{\"@type\":\"WebSite\",\"@id\":\"https:\/\/testvet.brainmarketing.ca\/en\/#website\",\"url\":\"https:\/\/testvet.brainmarketing.ca\/en\/\",\"name\":\"MonVet\",\"description\":\"R\u00e9seau v\u00e9t\u00e9rinaires\",\"publisher\":{\"@id\":\"https:\/\/testvet.brainmarketing.ca\/en\/#organization\"},\"potentialAction\":[{\"@type\":\"SearchAction\",\"target\":{\"@type\":\"EntryPoint\",\"urlTemplate\":\"https:\/\/testvet.brainmarketing.ca\/en\/?s={search_term_string}\"},\"query-input\":{\"@type\":\"PropertyValueSpecification\",\"valueRequired\":true,\"valueName\":\"search_term_string\"}}],\"inLanguage\":\"en-US\"},{\"@type\":\"Organization\",\"@id\":\"https:\/\/testvet.brainmarketing.ca\/en\/#organization\",\"name\":\"Brainmarketing\",\"alternateName\":\"Test\",\"url\":\"https:\/\/testvet.brainmarketing.ca\/en\/\",\"logo\":{\"@type\":\"ImageObject\",\"inLanguage\":\"en-US\",\"@id\":\"https:\/\/testvet.brainmarketing.ca\/en\/#\/schema\/logo\/image\/\",\"url\":\"https:\/\/testvet.brainmarketing.ca\/wp-content\/uploads\/Logos-icones\/MonVet.svg\",\"contentUrl\":\"https:\/\/testvet.brainmarketing.ca\/wp-content\/uploads\/Logos-icones\/MonVet.svg\",\"width\":1811,\"height\":603,\"caption\":\"Brainmarketing\"},\"image\":{\"@id\":\"https:\/\/testvet.brainmarketing.ca\/en\/#\/schema\/logo\/image\/\"}}]}<\/script>\n<!-- \/ Yoast SEO plugin. -->","yoast_head_json":{"title":"Bicarbonate de sodium v\u00e9t\u00e9rinaire \u2013 Utilisation et pr\u00e9cautions","description":"D\u00e9couvrez l'utilisation du bicarbonate de sodium v\u00e9t\u00e9rinaire, ses indications, contre-indications et pr\u00e9cautions pour un traitement efficace et s\u00e9curis\u00e9.","robots":{"index":"noindex","follow":"follow","max-snippet":"max-snippet:-1","max-image-preview":"max-image-preview:large","max-video-preview":"max-video-preview:-1"},"og_locale":"en_US","og_type":"article","og_title":"Bicarbonate de sodium v\u00e9t\u00e9rinaire \u2013 Utilisation et pr\u00e9cautions","og_description":"D\u00e9couvrez l'utilisation du bicarbonate de sodium v\u00e9t\u00e9rinaire, ses indications, contre-indications et pr\u00e9cautions pour un traitement efficace et s\u00e9curis\u00e9.","og_url":"https:\/\/testvet.brainmarketing.ca\/en\/produit\/bicarbonate-de-sodium-veterinaire\/","og_site_name":"MonVet","og_image":[{"width":343,"height":229,"url":"https:\/\/testvet.brainmarketing.ca\/wp-content\/uploads\/2025\/01\/Bicarbonate-de-sodium-3x2-1.jpg","type":"image\/jpeg"}],"twitter_card":"summary_large_image","twitter_misc":{"Est. reading time":"1 minute"},"schema":{"@context":"https:\/\/schema.org","@graph":[{"@type":"WebPage","@id":"https:\/\/testvet.brainmarketing.ca\/en\/produit\/bicarbonate-de-sodium-veterinaire\/","url":"https:\/\/testvet.brainmarketing.ca\/en\/produit\/bicarbonate-de-sodium-veterinaire\/","name":"Bicarbonate de sodium v\u00e9t\u00e9rinaire \u2013 Utilisation et pr\u00e9cautions","isPartOf":{"@id":"https:\/\/testvet.brainmarketing.ca\/en\/#website"},"primaryImageOfPage":{"@id":"https:\/\/testvet.brainmarketing.ca\/en\/produit\/bicarbonate-de-sodium-veterinaire\/#primaryimage"},"image":{"@id":"https:\/\/testvet.brainmarketing.ca\/en\/produit\/bicarbonate-de-sodium-veterinaire\/#primaryimage"},"thumbnailUrl":"https:\/\/testvet.brainmarketing.ca\/wp-content\/uploads\/2025\/01\/Bicarbonate-de-sodium-3x2-1.jpg","datePublished":"2025-02-19T01:39:38+00:00","description":"D\u00e9couvrez l'utilisation du bicarbonate de sodium v\u00e9t\u00e9rinaire, ses indications, contre-indications et pr\u00e9cautions pour un traitement efficace et s\u00e9curis\u00e9.","breadcrumb":{"@id":"https:\/\/testvet.brainmarketing.ca\/en\/produit\/bicarbonate-de-sodium-veterinaire\/#breadcrumb"},"inLanguage":"en-US","potentialAction":[{"@type":"ReadAction","target":["https:\/\/testvet.brainmarketing.ca\/en\/produit\/bicarbonate-de-sodium-veterinaire\/"]}]},{"@type":"ImageObject","inLanguage":"en-US","@id":"https:\/\/testvet.brainmarketing.ca\/en\/produit\/bicarbonate-de-sodium-veterinaire\/#primaryimage","url":"https:\/\/testvet.brainmarketing.ca\/wp-content\/uploads\/2025\/01\/Bicarbonate-de-sodium-3x2-1.jpg","contentUrl":"https:\/\/testvet.brainmarketing.ca\/wp-content\/uploads\/2025\/01\/Bicarbonate-de-sodium-3x2-1.jpg","width":343,"height":229,"caption":"Bicarbonate de sodium v\u00e9t\u00e9rinaire"},{"@type":"BreadcrumbList","@id":"https:\/\/testvet.brainmarketing.ca\/en\/produit\/bicarbonate-de-sodium-veterinaire\/#breadcrumb","itemListElement":[{"@type":"ListItem","position":1,"name":"Catalogue","item":"https:\/\/testvet.brainmarketing.ca\/catalogue\/"},{"@type":"ListItem","position":2,"name":"Pharmacy","item":"https:\/\/testvet.brainmarketing.ca\/en\/product-category\/pharmacy\/"},{"@type":"ListItem","position":3,"name":"Bicarbonate de sodium"}]},{"@type":"WebSite","@id":"https:\/\/testvet.brainmarketing.ca\/en\/#website","url":"https:\/\/testvet.brainmarketing.ca\/en\/","name":"MonVet","description":"R\u00e9seau v\u00e9t\u00e9rinaires","publisher":{"@id":"https:\/\/testvet.brainmarketing.ca\/en\/#organization"},"potentialAction":[{"@type":"SearchAction","target":{"@type":"EntryPoint","urlTemplate":"https:\/\/testvet.brainmarketing.ca\/en\/?s={search_term_string}"},"query-input":{"@type":"PropertyValueSpecification","valueRequired":true,"valueName":"search_term_string"}}],"inLanguage":"en-US"},{"@type":"Organization","@id":"https:\/\/testvet.brainmarketing.ca\/en\/#organization","name":"Brainmarketing","alternateName":"Test","url":"https:\/\/testvet.brainmarketing.ca\/en\/","logo":{"@type":"ImageObject","inLanguage":"en-US","@id":"https:\/\/testvet.brainmarketing.ca\/en\/#\/schema\/logo\/image\/","url":"https:\/\/testvet.brainmarketing.ca\/wp-content\/uploads\/Logos-icones\/MonVet.svg","contentUrl":"https:\/\/testvet.brainmarketing.ca\/wp-content\/uploads\/Logos-icones\/MonVet.svg","width":1811,"height":603,"caption":"Brainmarketing"},"image":{"@id":"https:\/\/testvet.brainmarketing.ca\/en\/#\/schema\/logo\/image\/"}}]}},"_links":{"self":[{"href":"https:\/\/testvet.brainmarketing.ca\/en\/wp-json\/wp\/v2\/product\/13075","targetHints":{"allow":["GET"]}}],"collection":[{"href":"https:\/\/testvet.brainmarketing.ca\/en\/wp-json\/wp\/v2\/product"}],"about":[{"href":"https:\/\/testvet.brainmarketing.ca\/en\/wp-json\/wp\/v2\/types\/product"}],"version-history":[{"count":1,"href":"https:\/\/testvet.brainmarketing.ca\/en\/wp-json\/wp\/v2\/product\/13075\/revisions"}],"predecessor-version":[{"id":13076,"href":"https:\/\/testvet.brainmarketing.ca\/en\/wp-json\/wp\/v2\/product\/13075\/revisions\/13076"}],"wp:featuredmedia":[{"embeddable":true,"href":"https:\/\/testvet.brainmarketing.ca\/en\/wp-json\/wp\/v2\/media\/8649"}],"wp:attachment":[{"href":"https:\/\/testvet.brainmarketing.ca\/en\/wp-json\/wp\/v2\/media?parent=13075"}],"wp:term":[{"taxonomy":"product_brand","embeddable":true,"href":"https:\/\/testvet.brainmarketing.ca\/en\/wp-json\/wp\/v2\/product_brand?post=13075"},{"taxonomy":"product_cat","embeddable":true,"href":"https:\/\/testvet.brainmarketing.ca\/en\/wp-json\/wp\/v2\/product_cat?post=13075"},{"taxonomy":"product_tag","embeddable":true,"href":"https:\/\/testvet.brainmarketing.ca\/en\/wp-json\/wp\/v2\/product_tag?post=13075"}],"curies":[{"name":"wp","href":"https:\/\/api.w.org\/{rel}","templated":true}]}}