{"id":13073,"date":"2025-02-18T20:33:27","date_gmt":"2025-02-19T01:33:27","guid":{"rendered":"https:\/\/testvet.brainmarketing.ca\/?post_type=product&#038;p=13073"},"modified":"2025-02-18T20:33:29","modified_gmt":"2025-02-19T01:33:29","slug":"baytril-en-medecine-veterinaire","status":"publish","type":"product","link":"https:\/\/testvet.brainmarketing.ca\/en\/produit\/baytril-en-medecine-veterinaire\/","title":{"rendered":"Baytril\u00ae (enrofloxacin)"},"content":{"rendered":"<p>Le <strong>Baytril<\/strong> est un antibiotique \u00e0 large spectre utilis\u00e9 en m\u00e9decine v\u00e9t\u00e9rinaire pour traiter diverses infections bact\u00e9riennes chez les animaux. Son ingr\u00e9dient actif, l&#8217;\u00e9nrofloxacine, appartient \u00e0 la famille des fluoroquinolones et agit en inhibant la croissance des bact\u00e9ries. Il est couramment prescrit pour les infections respiratoires, urinaires et cutan\u00e9es chez les chiens, chats, oiseaux et animaux d\u2019\u00e9levage. Son usage doit \u00eatre strictement encadr\u00e9 par un v\u00e9t\u00e9rinaire, car une mauvaise utilisation peut favoriser l\u2019apparition de r\u00e9sistances bact\u00e9riennes. Les effets secondaires possibles incluent des troubles digestifs et, chez certaines esp\u00e8ces, des atteintes articulaires. Une surveillance est recommand\u00e9e pendant le traitement.<\/p>\n","protected":false},"excerpt":{"rendered":"<p>Le Baytril est un antibiotique \u00e0 large spectre utilis\u00e9 en m\u00e9decine v\u00e9t\u00e9rinaire pour traiter diverses infections bact\u00e9riennes chez les animaux. Son ingr\u00e9dient actif, l&#8217;\u00e9nrofloxacine, appartient \u00e0 la famille des fluoroquinolones et agit en inhibant la croissance des bact\u00e9ries. Il est couramment prescrit pour les infections respiratoires, urinaires et cutan\u00e9es chez les chiens, chats, oiseaux et [&hellip;]<\/p>\n","protected":false},"featured_media":8601,"template":"","meta":{"_acf_changed":false},"product_brand":[],"product_cat":[176],"product_tag":[207,209,210,211],"class_list":{"0":"post-13073","1":"product","2":"type-product","3":"status-publish","4":"has-post-thumbnail","6":"product_cat-pharmacie","7":"product_tag-chats","8":"product_tag-chiens","9":"product_tag-oiseaux","10":"product_tag-petits-mammiferes","12":"first","13":"instock","14":"shipping-taxable","15":"product-type-simple"},"acf":[],"yoast_head":"<!-- This site is optimized with the Yoast SEO plugin v24.6 - https:\/\/yoast.com\/wordpress\/plugins\/seo\/ -->\n<title>Baytril en m\u00e9decine v\u00e9t\u00e9rinaire: indications et pr\u00e9cautions<\/title>\n<meta name=\"description\" content=\"D\u00e9couvrez le Baytril en m\u00e9decine v\u00e9t\u00e9rinaire : indications, pr\u00e9cautions et effets secondaires pour un traitement antibiotique efficace\" \/>\n<meta name=\"robots\" content=\"noindex, follow, max-snippet:-1, max-image-preview:large, max-video-preview:-1\" \/>\n<meta property=\"og:locale\" content=\"en_US\" \/>\n<meta property=\"og:type\" content=\"article\" \/>\n<meta property=\"og:title\" content=\"Baytril en m\u00e9decine v\u00e9t\u00e9rinaire: indications et pr\u00e9cautions\" \/>\n<meta property=\"og:description\" content=\"D\u00e9couvrez le Baytril en m\u00e9decine v\u00e9t\u00e9rinaire : indications, pr\u00e9cautions et effets secondaires pour un traitement antibiotique efficace\" \/>\n<meta property=\"og:url\" content=\"https:\/\/testvet.brainmarketing.ca\/en\/produit\/baytril-en-medecine-veterinaire\/\" \/>\n<meta property=\"og:site_name\" content=\"MonVet\" \/>\n<meta property=\"article:modified_time\" content=\"2025-02-19T01:33:29+00:00\" \/>\n<meta property=\"og:image\" content=\"https:\/\/testvet.brainmarketing.ca\/wp-content\/uploads\/2025\/01\/baytril.jpg\" \/>\n\t<meta property=\"og:image:width\" content=\"640\" \/>\n\t<meta property=\"og:image:height\" content=\"427\" \/>\n\t<meta property=\"og:image:type\" content=\"image\/jpeg\" \/>\n<meta name=\"twitter:card\" content=\"summary_large_image\" \/>\n<meta name=\"twitter:label1\" content=\"Est. reading time\" \/>\n\t<meta name=\"twitter:data1\" content=\"1 minute\" \/>\n<script type=\"application\/ld+json\" class=\"yoast-schema-graph\">{\"@context\":\"https:\/\/schema.org\",\"@graph\":[{\"@type\":\"WebPage\",\"@id\":\"https:\/\/testvet.brainmarketing.ca\/en\/produit\/baytril-en-medecine-veterinaire\/\",\"url\":\"https:\/\/testvet.brainmarketing.ca\/en\/produit\/baytril-en-medecine-veterinaire\/\",\"name\":\"Baytril en m\u00e9decine v\u00e9t\u00e9rinaire: indications et pr\u00e9cautions\",\"isPartOf\":{\"@id\":\"https:\/\/testvet.brainmarketing.ca\/en\/#website\"},\"primaryImageOfPage\":{\"@id\":\"https:\/\/testvet.brainmarketing.ca\/en\/produit\/baytril-en-medecine-veterinaire\/#primaryimage\"},\"image\":{\"@id\":\"https:\/\/testvet.brainmarketing.ca\/en\/produit\/baytril-en-medecine-veterinaire\/#primaryimage\"},\"thumbnailUrl\":\"https:\/\/testvet.brainmarketing.ca\/wp-content\/uploads\/2025\/01\/baytril.jpg\",\"datePublished\":\"2025-02-19T01:33:27+00:00\",\"dateModified\":\"2025-02-19T01:33:29+00:00\",\"description\":\"D\u00e9couvrez le Baytril en m\u00e9decine v\u00e9t\u00e9rinaire : indications, pr\u00e9cautions et effets secondaires pour un traitement antibiotique efficace\",\"breadcrumb\":{\"@id\":\"https:\/\/testvet.brainmarketing.ca\/en\/produit\/baytril-en-medecine-veterinaire\/#breadcrumb\"},\"inLanguage\":\"en-US\",\"potentialAction\":[{\"@type\":\"ReadAction\",\"target\":[\"https:\/\/testvet.brainmarketing.ca\/en\/produit\/baytril-en-medecine-veterinaire\/\"]}]},{\"@type\":\"ImageObject\",\"inLanguage\":\"en-US\",\"@id\":\"https:\/\/testvet.brainmarketing.ca\/en\/produit\/baytril-en-medecine-veterinaire\/#primaryimage\",\"url\":\"https:\/\/testvet.brainmarketing.ca\/wp-content\/uploads\/2025\/01\/baytril.jpg\",\"contentUrl\":\"https:\/\/testvet.brainmarketing.ca\/wp-content\/uploads\/2025\/01\/baytril.jpg\",\"width\":640,\"height\":427,\"caption\":\"Baytril en m\u00e9decine v\u00e9t\u00e9rinaire\"},{\"@type\":\"BreadcrumbList\",\"@id\":\"https:\/\/testvet.brainmarketing.ca\/en\/produit\/baytril-en-medecine-veterinaire\/#breadcrumb\",\"itemListElement\":[{\"@type\":\"ListItem\",\"position\":1,\"name\":\"Catalogue\",\"item\":\"https:\/\/testvet.brainmarketing.ca\/catalogue\/\"},{\"@type\":\"ListItem\",\"position\":2,\"name\":\"Pharmacy\",\"item\":\"https:\/\/testvet.brainmarketing.ca\/en\/product-category\/pharmacy\/\"},{\"@type\":\"ListItem\",\"position\":3,\"name\":\"Baytril\u00ae (enrofloxacin)\"}]},{\"@type\":\"WebSite\",\"@id\":\"https:\/\/testvet.brainmarketing.ca\/en\/#website\",\"url\":\"https:\/\/testvet.brainmarketing.ca\/en\/\",\"name\":\"MonVet\",\"description\":\"R\u00e9seau v\u00e9t\u00e9rinaires\",\"publisher\":{\"@id\":\"https:\/\/testvet.brainmarketing.ca\/en\/#organization\"},\"potentialAction\":[{\"@type\":\"SearchAction\",\"target\":{\"@type\":\"EntryPoint\",\"urlTemplate\":\"https:\/\/testvet.brainmarketing.ca\/en\/?s={search_term_string}\"},\"query-input\":{\"@type\":\"PropertyValueSpecification\",\"valueRequired\":true,\"valueName\":\"search_term_string\"}}],\"inLanguage\":\"en-US\"},{\"@type\":\"Organization\",\"@id\":\"https:\/\/testvet.brainmarketing.ca\/en\/#organization\",\"name\":\"Brainmarketing\",\"alternateName\":\"Test\",\"url\":\"https:\/\/testvet.brainmarketing.ca\/en\/\",\"logo\":{\"@type\":\"ImageObject\",\"inLanguage\":\"en-US\",\"@id\":\"https:\/\/testvet.brainmarketing.ca\/en\/#\/schema\/logo\/image\/\",\"url\":\"https:\/\/testvet.brainmarketing.ca\/wp-content\/uploads\/Logos-icones\/MonVet.svg\",\"contentUrl\":\"https:\/\/testvet.brainmarketing.ca\/wp-content\/uploads\/Logos-icones\/MonVet.svg\",\"width\":1811,\"height\":603,\"caption\":\"Brainmarketing\"},\"image\":{\"@id\":\"https:\/\/testvet.brainmarketing.ca\/en\/#\/schema\/logo\/image\/\"}}]}<\/script>\n<!-- \/ Yoast SEO plugin. -->","yoast_head_json":{"title":"Baytril en m\u00e9decine v\u00e9t\u00e9rinaire: indications et pr\u00e9cautions","description":"D\u00e9couvrez le Baytril en m\u00e9decine v\u00e9t\u00e9rinaire : indications, pr\u00e9cautions et effets secondaires pour un traitement antibiotique efficace","robots":{"index":"noindex","follow":"follow","max-snippet":"max-snippet:-1","max-image-preview":"max-image-preview:large","max-video-preview":"max-video-preview:-1"},"og_locale":"en_US","og_type":"article","og_title":"Baytril en m\u00e9decine v\u00e9t\u00e9rinaire: indications et pr\u00e9cautions","og_description":"D\u00e9couvrez le Baytril en m\u00e9decine v\u00e9t\u00e9rinaire : indications, pr\u00e9cautions et effets secondaires pour un traitement antibiotique efficace","og_url":"https:\/\/testvet.brainmarketing.ca\/en\/produit\/baytril-en-medecine-veterinaire\/","og_site_name":"MonVet","article_modified_time":"2025-02-19T01:33:29+00:00","og_image":[{"width":640,"height":427,"url":"https:\/\/testvet.brainmarketing.ca\/wp-content\/uploads\/2025\/01\/baytril.jpg","type":"image\/jpeg"}],"twitter_card":"summary_large_image","twitter_misc":{"Est. reading time":"1 minute"},"schema":{"@context":"https:\/\/schema.org","@graph":[{"@type":"WebPage","@id":"https:\/\/testvet.brainmarketing.ca\/en\/produit\/baytril-en-medecine-veterinaire\/","url":"https:\/\/testvet.brainmarketing.ca\/en\/produit\/baytril-en-medecine-veterinaire\/","name":"Baytril en m\u00e9decine v\u00e9t\u00e9rinaire: indications et pr\u00e9cautions","isPartOf":{"@id":"https:\/\/testvet.brainmarketing.ca\/en\/#website"},"primaryImageOfPage":{"@id":"https:\/\/testvet.brainmarketing.ca\/en\/produit\/baytril-en-medecine-veterinaire\/#primaryimage"},"image":{"@id":"https:\/\/testvet.brainmarketing.ca\/en\/produit\/baytril-en-medecine-veterinaire\/#primaryimage"},"thumbnailUrl":"https:\/\/testvet.brainmarketing.ca\/wp-content\/uploads\/2025\/01\/baytril.jpg","datePublished":"2025-02-19T01:33:27+00:00","dateModified":"2025-02-19T01:33:29+00:00","description":"D\u00e9couvrez le Baytril en m\u00e9decine v\u00e9t\u00e9rinaire : indications, pr\u00e9cautions et effets secondaires pour un traitement antibiotique efficace","breadcrumb":{"@id":"https:\/\/testvet.brainmarketing.ca\/en\/produit\/baytril-en-medecine-veterinaire\/#breadcrumb"},"inLanguage":"en-US","potentialAction":[{"@type":"ReadAction","target":["https:\/\/testvet.brainmarketing.ca\/en\/produit\/baytril-en-medecine-veterinaire\/"]}]},{"@type":"ImageObject","inLanguage":"en-US","@id":"https:\/\/testvet.brainmarketing.ca\/en\/produit\/baytril-en-medecine-veterinaire\/#primaryimage","url":"https:\/\/testvet.brainmarketing.ca\/wp-content\/uploads\/2025\/01\/baytril.jpg","contentUrl":"https:\/\/testvet.brainmarketing.ca\/wp-content\/uploads\/2025\/01\/baytril.jpg","width":640,"height":427,"caption":"Baytril en m\u00e9decine v\u00e9t\u00e9rinaire"},{"@type":"BreadcrumbList","@id":"https:\/\/testvet.brainmarketing.ca\/en\/produit\/baytril-en-medecine-veterinaire\/#breadcrumb","itemListElement":[{"@type":"ListItem","position":1,"name":"Catalogue","item":"https:\/\/testvet.brainmarketing.ca\/catalogue\/"},{"@type":"ListItem","position":2,"name":"Pharmacy","item":"https:\/\/testvet.brainmarketing.ca\/en\/product-category\/pharmacy\/"},{"@type":"ListItem","position":3,"name":"Baytril\u00ae (enrofloxacin)"}]},{"@type":"WebSite","@id":"https:\/\/testvet.brainmarketing.ca\/en\/#website","url":"https:\/\/testvet.brainmarketing.ca\/en\/","name":"MonVet","description":"R\u00e9seau v\u00e9t\u00e9rinaires","publisher":{"@id":"https:\/\/testvet.brainmarketing.ca\/en\/#organization"},"potentialAction":[{"@type":"SearchAction","target":{"@type":"EntryPoint","urlTemplate":"https:\/\/testvet.brainmarketing.ca\/en\/?s={search_term_string}"},"query-input":{"@type":"PropertyValueSpecification","valueRequired":true,"valueName":"search_term_string"}}],"inLanguage":"en-US"},{"@type":"Organization","@id":"https:\/\/testvet.brainmarketing.ca\/en\/#organization","name":"Brainmarketing","alternateName":"Test","url":"https:\/\/testvet.brainmarketing.ca\/en\/","logo":{"@type":"ImageObject","inLanguage":"en-US","@id":"https:\/\/testvet.brainmarketing.ca\/en\/#\/schema\/logo\/image\/","url":"https:\/\/testvet.brainmarketing.ca\/wp-content\/uploads\/Logos-icones\/MonVet.svg","contentUrl":"https:\/\/testvet.brainmarketing.ca\/wp-content\/uploads\/Logos-icones\/MonVet.svg","width":1811,"height":603,"caption":"Brainmarketing"},"image":{"@id":"https:\/\/testvet.brainmarketing.ca\/en\/#\/schema\/logo\/image\/"}}]}},"_links":{"self":[{"href":"https:\/\/testvet.brainmarketing.ca\/en\/wp-json\/wp\/v2\/product\/13073","targetHints":{"allow":["GET"]}}],"collection":[{"href":"https:\/\/testvet.brainmarketing.ca\/en\/wp-json\/wp\/v2\/product"}],"about":[{"href":"https:\/\/testvet.brainmarketing.ca\/en\/wp-json\/wp\/v2\/types\/product"}],"version-history":[{"count":1,"href":"https:\/\/testvet.brainmarketing.ca\/en\/wp-json\/wp\/v2\/product\/13073\/revisions"}],"predecessor-version":[{"id":13074,"href":"https:\/\/testvet.brainmarketing.ca\/en\/wp-json\/wp\/v2\/product\/13073\/revisions\/13074"}],"wp:featuredmedia":[{"embeddable":true,"href":"https:\/\/testvet.brainmarketing.ca\/en\/wp-json\/wp\/v2\/media\/8601"}],"wp:attachment":[{"href":"https:\/\/testvet.brainmarketing.ca\/en\/wp-json\/wp\/v2\/media?parent=13073"}],"wp:term":[{"taxonomy":"product_brand","embeddable":true,"href":"https:\/\/testvet.brainmarketing.ca\/en\/wp-json\/wp\/v2\/product_brand?post=13073"},{"taxonomy":"product_cat","embeddable":true,"href":"https:\/\/testvet.brainmarketing.ca\/en\/wp-json\/wp\/v2\/product_cat?post=13073"},{"taxonomy":"product_tag","embeddable":true,"href":"https:\/\/testvet.brainmarketing.ca\/en\/wp-json\/wp\/v2\/product_tag?post=13073"}],"curies":[{"name":"wp","href":"https:\/\/api.w.org\/{rel}","templated":true}]}}