{"id":13071,"date":"2025-02-18T20:20:29","date_gmt":"2025-02-19T01:20:29","guid":{"rendered":"https:\/\/testvet.brainmarketing.ca\/?post_type=product&#038;p=13071"},"modified":"2025-02-18T20:20:29","modified_gmt":"2025-02-19T01:20:29","slug":"baycox-en-medecine-veterinaire","status":"publish","type":"product","link":"https:\/\/testvet.brainmarketing.ca\/en\/produit\/baycox-en-medecine-veterinaire\/","title":{"rendered":"Baycox\u00ae(Toltrazuril)"},"content":{"rendered":"<p>Le Baycox est un antiparasitaire utilis\u00e9 en m\u00e9decine v\u00e9t\u00e9rinaire pour traiter les infections caus\u00e9es par les coccidies chez plusieurs esp\u00e8ces animales, notamment les veaux, les porcelets et les oiseaux. Il est utilis\u00e9 hors homologation chez le <a href=\"https:\/\/testvet.brainmarketing.ca\/coccidies-chat-troubles-digestifs\/\">chat<\/a> et le <a href=\"https:\/\/testvet.brainmarketing.ca\/coccidies-chez-le-chien\/\">chien<\/a>. Son ingr\u00e9dient actif, le toltrazuril, agit en \u00e9liminant les parasites responsables de la coccidiose, une maladie intestinale pouvant provoquer diarrh\u00e9e, perte de poids et retard de croissance. Ce traitement est g\u00e9n\u00e9ralement administr\u00e9 par voie orale et doit \u00eatre utilis\u00e9 selon les recommandations du v\u00e9t\u00e9rinaire. Bien tol\u00e9r\u00e9, il peut n\u00e9anmoins causer des troubles digestifs chez certains animaux. Un suivi est conseill\u00e9 pour s&#8217;assurer de son efficacit\u00e9 et pr\u00e9venir les rechutes.<\/p>\n","protected":false},"excerpt":{"rendered":"<p>Le Baycox est un antiparasitaire utilis\u00e9 en m\u00e9decine v\u00e9t\u00e9rinaire pour traiter les infections caus\u00e9es par les coccidies chez plusieurs esp\u00e8ces animales, notamment les veaux, les porcelets et les oiseaux. Il est utilis\u00e9 hors homologation chez le chat et le chien. Son ingr\u00e9dient actif, le toltrazuril, agit en \u00e9liminant les parasites responsables de la coccidiose, une [&hellip;]<\/p>\n","protected":false},"featured_media":8600,"template":"","meta":{"_acf_changed":false},"product_brand":[],"product_cat":[176],"product_tag":[207,209],"class_list":{"0":"post-13071","1":"product","2":"type-product","3":"status-publish","4":"has-post-thumbnail","6":"product_cat-pharmacie","7":"product_tag-chats","8":"product_tag-chiens","10":"first","11":"instock","12":"shipping-taxable","13":"product-type-simple"},"acf":[],"yoast_head":"<!-- This site is optimized with the Yoast SEO plugin v24.6 - https:\/\/yoast.com\/wordpress\/plugins\/seo\/ -->\n<title>Baycox en m\u00e9decine v\u00e9t\u00e9rinaire \u2013 Traitement contre la coccidiose<\/title>\n<meta name=\"description\" content=\"D\u00e9couvrez le Baycox en m\u00e9decine v\u00e9t\u00e9rinaire : un traitement efficace contre la coccidiose chez diverses esp\u00e8ces animales.\" \/>\n<meta name=\"robots\" content=\"noindex, follow, max-snippet:-1, max-image-preview:large, max-video-preview:-1\" \/>\n<meta property=\"og:locale\" content=\"en_US\" \/>\n<meta property=\"og:type\" content=\"article\" \/>\n<meta property=\"og:title\" content=\"Baycox en m\u00e9decine v\u00e9t\u00e9rinaire \u2013 Traitement contre la coccidiose\" \/>\n<meta property=\"og:description\" content=\"D\u00e9couvrez le Baycox en m\u00e9decine v\u00e9t\u00e9rinaire : un traitement efficace contre la coccidiose chez diverses esp\u00e8ces animales.\" \/>\n<meta property=\"og:url\" content=\"https:\/\/testvet.brainmarketing.ca\/en\/produit\/baycox-en-medecine-veterinaire\/\" \/>\n<meta property=\"og:site_name\" content=\"MonVet\" \/>\n<meta property=\"og:image\" content=\"https:\/\/testvet.brainmarketing.ca\/wp-content\/uploads\/2025\/01\/Baycox.jpg\" \/>\n\t<meta property=\"og:image:width\" content=\"640\" \/>\n\t<meta property=\"og:image:height\" content=\"427\" \/>\n\t<meta property=\"og:image:type\" content=\"image\/jpeg\" \/>\n<meta name=\"twitter:card\" content=\"summary_large_image\" \/>\n<meta name=\"twitter:label1\" content=\"Est. reading time\" \/>\n\t<meta name=\"twitter:data1\" content=\"1 minute\" \/>\n<script type=\"application\/ld+json\" class=\"yoast-schema-graph\">{\"@context\":\"https:\/\/schema.org\",\"@graph\":[{\"@type\":\"WebPage\",\"@id\":\"https:\/\/testvet.brainmarketing.ca\/en\/produit\/baycox-en-medecine-veterinaire\/\",\"url\":\"https:\/\/testvet.brainmarketing.ca\/en\/produit\/baycox-en-medecine-veterinaire\/\",\"name\":\"Baycox en m\u00e9decine v\u00e9t\u00e9rinaire \u2013 Traitement contre la coccidiose\",\"isPartOf\":{\"@id\":\"https:\/\/testvet.brainmarketing.ca\/en\/#website\"},\"primaryImageOfPage\":{\"@id\":\"https:\/\/testvet.brainmarketing.ca\/en\/produit\/baycox-en-medecine-veterinaire\/#primaryimage\"},\"image\":{\"@id\":\"https:\/\/testvet.brainmarketing.ca\/en\/produit\/baycox-en-medecine-veterinaire\/#primaryimage\"},\"thumbnailUrl\":\"https:\/\/testvet.brainmarketing.ca\/wp-content\/uploads\/2025\/01\/Baycox.jpg\",\"datePublished\":\"2025-02-19T01:20:29+00:00\",\"description\":\"D\u00e9couvrez le Baycox en m\u00e9decine v\u00e9t\u00e9rinaire : un traitement efficace contre la coccidiose chez diverses esp\u00e8ces animales.\",\"breadcrumb\":{\"@id\":\"https:\/\/testvet.brainmarketing.ca\/en\/produit\/baycox-en-medecine-veterinaire\/#breadcrumb\"},\"inLanguage\":\"en-US\",\"potentialAction\":[{\"@type\":\"ReadAction\",\"target\":[\"https:\/\/testvet.brainmarketing.ca\/en\/produit\/baycox-en-medecine-veterinaire\/\"]}]},{\"@type\":\"ImageObject\",\"inLanguage\":\"en-US\",\"@id\":\"https:\/\/testvet.brainmarketing.ca\/en\/produit\/baycox-en-medecine-veterinaire\/#primaryimage\",\"url\":\"https:\/\/testvet.brainmarketing.ca\/wp-content\/uploads\/2025\/01\/Baycox.jpg\",\"contentUrl\":\"https:\/\/testvet.brainmarketing.ca\/wp-content\/uploads\/2025\/01\/Baycox.jpg\",\"width\":640,\"height\":427,\"caption\":\"Baycox en m\u00e9decine v\u00e9t\u00e9rinaire\"},{\"@type\":\"BreadcrumbList\",\"@id\":\"https:\/\/testvet.brainmarketing.ca\/en\/produit\/baycox-en-medecine-veterinaire\/#breadcrumb\",\"itemListElement\":[{\"@type\":\"ListItem\",\"position\":1,\"name\":\"Catalogue\",\"item\":\"https:\/\/testvet.brainmarketing.ca\/catalogue\/\"},{\"@type\":\"ListItem\",\"position\":2,\"name\":\"Pharmacy\",\"item\":\"https:\/\/testvet.brainmarketing.ca\/en\/product-category\/pharmacy\/\"},{\"@type\":\"ListItem\",\"position\":3,\"name\":\"Baycox\u00ae(Toltrazuril)\"}]},{\"@type\":\"WebSite\",\"@id\":\"https:\/\/testvet.brainmarketing.ca\/en\/#website\",\"url\":\"https:\/\/testvet.brainmarketing.ca\/en\/\",\"name\":\"MonVet\",\"description\":\"R\u00e9seau v\u00e9t\u00e9rinaires\",\"publisher\":{\"@id\":\"https:\/\/testvet.brainmarketing.ca\/en\/#organization\"},\"potentialAction\":[{\"@type\":\"SearchAction\",\"target\":{\"@type\":\"EntryPoint\",\"urlTemplate\":\"https:\/\/testvet.brainmarketing.ca\/en\/?s={search_term_string}\"},\"query-input\":{\"@type\":\"PropertyValueSpecification\",\"valueRequired\":true,\"valueName\":\"search_term_string\"}}],\"inLanguage\":\"en-US\"},{\"@type\":\"Organization\",\"@id\":\"https:\/\/testvet.brainmarketing.ca\/en\/#organization\",\"name\":\"Brainmarketing\",\"alternateName\":\"Test\",\"url\":\"https:\/\/testvet.brainmarketing.ca\/en\/\",\"logo\":{\"@type\":\"ImageObject\",\"inLanguage\":\"en-US\",\"@id\":\"https:\/\/testvet.brainmarketing.ca\/en\/#\/schema\/logo\/image\/\",\"url\":\"https:\/\/testvet.brainmarketing.ca\/wp-content\/uploads\/Logos-icones\/MonVet.svg\",\"contentUrl\":\"https:\/\/testvet.brainmarketing.ca\/wp-content\/uploads\/Logos-icones\/MonVet.svg\",\"width\":1811,\"height\":603,\"caption\":\"Brainmarketing\"},\"image\":{\"@id\":\"https:\/\/testvet.brainmarketing.ca\/en\/#\/schema\/logo\/image\/\"}}]}<\/script>\n<!-- \/ Yoast SEO plugin. -->","yoast_head_json":{"title":"Baycox en m\u00e9decine v\u00e9t\u00e9rinaire \u2013 Traitement contre la coccidiose","description":"D\u00e9couvrez le Baycox en m\u00e9decine v\u00e9t\u00e9rinaire : un traitement efficace contre la coccidiose chez diverses esp\u00e8ces animales.","robots":{"index":"noindex","follow":"follow","max-snippet":"max-snippet:-1","max-image-preview":"max-image-preview:large","max-video-preview":"max-video-preview:-1"},"og_locale":"en_US","og_type":"article","og_title":"Baycox en m\u00e9decine v\u00e9t\u00e9rinaire \u2013 Traitement contre la coccidiose","og_description":"D\u00e9couvrez le Baycox en m\u00e9decine v\u00e9t\u00e9rinaire : un traitement efficace contre la coccidiose chez diverses esp\u00e8ces animales.","og_url":"https:\/\/testvet.brainmarketing.ca\/en\/produit\/baycox-en-medecine-veterinaire\/","og_site_name":"MonVet","og_image":[{"width":640,"height":427,"url":"https:\/\/testvet.brainmarketing.ca\/wp-content\/uploads\/2025\/01\/Baycox.jpg","type":"image\/jpeg"}],"twitter_card":"summary_large_image","twitter_misc":{"Est. reading time":"1 minute"},"schema":{"@context":"https:\/\/schema.org","@graph":[{"@type":"WebPage","@id":"https:\/\/testvet.brainmarketing.ca\/en\/produit\/baycox-en-medecine-veterinaire\/","url":"https:\/\/testvet.brainmarketing.ca\/en\/produit\/baycox-en-medecine-veterinaire\/","name":"Baycox en m\u00e9decine v\u00e9t\u00e9rinaire \u2013 Traitement contre la coccidiose","isPartOf":{"@id":"https:\/\/testvet.brainmarketing.ca\/en\/#website"},"primaryImageOfPage":{"@id":"https:\/\/testvet.brainmarketing.ca\/en\/produit\/baycox-en-medecine-veterinaire\/#primaryimage"},"image":{"@id":"https:\/\/testvet.brainmarketing.ca\/en\/produit\/baycox-en-medecine-veterinaire\/#primaryimage"},"thumbnailUrl":"https:\/\/testvet.brainmarketing.ca\/wp-content\/uploads\/2025\/01\/Baycox.jpg","datePublished":"2025-02-19T01:20:29+00:00","description":"D\u00e9couvrez le Baycox en m\u00e9decine v\u00e9t\u00e9rinaire : un traitement efficace contre la coccidiose chez diverses esp\u00e8ces animales.","breadcrumb":{"@id":"https:\/\/testvet.brainmarketing.ca\/en\/produit\/baycox-en-medecine-veterinaire\/#breadcrumb"},"inLanguage":"en-US","potentialAction":[{"@type":"ReadAction","target":["https:\/\/testvet.brainmarketing.ca\/en\/produit\/baycox-en-medecine-veterinaire\/"]}]},{"@type":"ImageObject","inLanguage":"en-US","@id":"https:\/\/testvet.brainmarketing.ca\/en\/produit\/baycox-en-medecine-veterinaire\/#primaryimage","url":"https:\/\/testvet.brainmarketing.ca\/wp-content\/uploads\/2025\/01\/Baycox.jpg","contentUrl":"https:\/\/testvet.brainmarketing.ca\/wp-content\/uploads\/2025\/01\/Baycox.jpg","width":640,"height":427,"caption":"Baycox en m\u00e9decine v\u00e9t\u00e9rinaire"},{"@type":"BreadcrumbList","@id":"https:\/\/testvet.brainmarketing.ca\/en\/produit\/baycox-en-medecine-veterinaire\/#breadcrumb","itemListElement":[{"@type":"ListItem","position":1,"name":"Catalogue","item":"https:\/\/testvet.brainmarketing.ca\/catalogue\/"},{"@type":"ListItem","position":2,"name":"Pharmacy","item":"https:\/\/testvet.brainmarketing.ca\/en\/product-category\/pharmacy\/"},{"@type":"ListItem","position":3,"name":"Baycox\u00ae(Toltrazuril)"}]},{"@type":"WebSite","@id":"https:\/\/testvet.brainmarketing.ca\/en\/#website","url":"https:\/\/testvet.brainmarketing.ca\/en\/","name":"MonVet","description":"R\u00e9seau v\u00e9t\u00e9rinaires","publisher":{"@id":"https:\/\/testvet.brainmarketing.ca\/en\/#organization"},"potentialAction":[{"@type":"SearchAction","target":{"@type":"EntryPoint","urlTemplate":"https:\/\/testvet.brainmarketing.ca\/en\/?s={search_term_string}"},"query-input":{"@type":"PropertyValueSpecification","valueRequired":true,"valueName":"search_term_string"}}],"inLanguage":"en-US"},{"@type":"Organization","@id":"https:\/\/testvet.brainmarketing.ca\/en\/#organization","name":"Brainmarketing","alternateName":"Test","url":"https:\/\/testvet.brainmarketing.ca\/en\/","logo":{"@type":"ImageObject","inLanguage":"en-US","@id":"https:\/\/testvet.brainmarketing.ca\/en\/#\/schema\/logo\/image\/","url":"https:\/\/testvet.brainmarketing.ca\/wp-content\/uploads\/Logos-icones\/MonVet.svg","contentUrl":"https:\/\/testvet.brainmarketing.ca\/wp-content\/uploads\/Logos-icones\/MonVet.svg","width":1811,"height":603,"caption":"Brainmarketing"},"image":{"@id":"https:\/\/testvet.brainmarketing.ca\/en\/#\/schema\/logo\/image\/"}}]}},"_links":{"self":[{"href":"https:\/\/testvet.brainmarketing.ca\/en\/wp-json\/wp\/v2\/product\/13071","targetHints":{"allow":["GET"]}}],"collection":[{"href":"https:\/\/testvet.brainmarketing.ca\/en\/wp-json\/wp\/v2\/product"}],"about":[{"href":"https:\/\/testvet.brainmarketing.ca\/en\/wp-json\/wp\/v2\/types\/product"}],"version-history":[{"count":1,"href":"https:\/\/testvet.brainmarketing.ca\/en\/wp-json\/wp\/v2\/product\/13071\/revisions"}],"predecessor-version":[{"id":13072,"href":"https:\/\/testvet.brainmarketing.ca\/en\/wp-json\/wp\/v2\/product\/13071\/revisions\/13072"}],"wp:featuredmedia":[{"embeddable":true,"href":"https:\/\/testvet.brainmarketing.ca\/en\/wp-json\/wp\/v2\/media\/8600"}],"wp:attachment":[{"href":"https:\/\/testvet.brainmarketing.ca\/en\/wp-json\/wp\/v2\/media?parent=13071"}],"wp:term":[{"taxonomy":"product_brand","embeddable":true,"href":"https:\/\/testvet.brainmarketing.ca\/en\/wp-json\/wp\/v2\/product_brand?post=13071"},{"taxonomy":"product_cat","embeddable":true,"href":"https:\/\/testvet.brainmarketing.ca\/en\/wp-json\/wp\/v2\/product_cat?post=13071"},{"taxonomy":"product_tag","embeddable":true,"href":"https:\/\/testvet.brainmarketing.ca\/en\/wp-json\/wp\/v2\/product_tag?post=13071"}],"curies":[{"name":"wp","href":"https:\/\/api.w.org\/{rel}","templated":true}]}}