{"id":13069,"date":"2025-02-18T19:57:28","date_gmt":"2025-02-19T00:57:28","guid":{"rendered":"https:\/\/testvet.brainmarketing.ca\/?post_type=product&#038;p=13069"},"modified":"2025-02-18T19:57:29","modified_gmt":"2025-02-19T00:57:29","slug":"azithromycine-en-medecine-veterinaire","status":"publish","type":"product","link":"https:\/\/testvet.brainmarketing.ca\/en\/produit\/azithromycine-en-medecine-veterinaire\/","title":{"rendered":"Azithromycine"},"content":{"rendered":"<p>L\u2019azithromycine est un antibiotique de la classe des macrolides utilis\u00e9 en m\u00e9decine v\u00e9t\u00e9rinaire pour traiter certaines infections bact\u00e9riennes chez les animaux domestiques. Il est g\u00e9n\u00e9ralement prescrit pour les infections respiratoires,<a href=\"https:\/\/testvet.brainmarketing.ca\/folliculite-bacterienne-causes-traitements\/\"> cutan\u00e9es<\/a> ou autres affections sensibles \u00e0 cet antibiotique. Son utilisation est contre-indiqu\u00e9e chez les animaux souffrant de maladies du foie ou allergiques aux macrolides. Les effets secondaires les plus courants incluent des vomissements, de la diarrh\u00e9e et une perte d\u2019app\u00e9tit. Un suivi v\u00e9t\u00e9rinaire est recommand\u00e9 pour s\u2019assurer de l\u2019efficacit\u00e9 du traitement et pr\u00e9venir d\u2019\u00e9ventuelles complications. Il est essentiel de respecter la dur\u00e9e prescrite pour \u00e9viter les r\u00e9sistances bact\u00e9riennes.<\/p>\n","protected":false},"excerpt":{"rendered":"<p>C\u2019est un antibiotique faisant partie de la classe des macrolides.<\/p>\n","protected":false},"featured_media":8376,"template":"","meta":{"_acf_changed":false},"product_brand":[],"product_cat":[176],"product_tag":[207,209],"class_list":{"0":"post-13069","1":"product","2":"type-product","3":"status-publish","4":"has-post-thumbnail","6":"product_cat-pharmacie","7":"product_tag-chats","8":"product_tag-chiens","10":"first","11":"instock","12":"shipping-taxable","13":"product-type-simple"},"acf":[],"yoast_head":"<!-- This site is optimized with the Yoast SEO plugin v24.6 - https:\/\/yoast.com\/wordpress\/plugins\/seo\/ -->\n<title>Azithromycine en m\u00e9decine v\u00e9t\u00e9rinaire \u2013 Utilisation et pr\u00e9cautions<\/title>\n<meta name=\"description\" content=\"D\u00e9couvrez l&#039;azithromycine en m\u00e9decine v\u00e9t\u00e9rinaire : indications, pr\u00e9cautions et effets secondaires pour un traitement efficace et s\u00e9curis\u00e9.\" \/>\n<meta name=\"robots\" content=\"noindex, follow, max-snippet:-1, max-image-preview:large, max-video-preview:-1\" \/>\n<meta property=\"og:locale\" content=\"en_US\" \/>\n<meta property=\"og:type\" content=\"article\" \/>\n<meta property=\"og:title\" content=\"Azithromycine en m\u00e9decine v\u00e9t\u00e9rinaire \u2013 Utilisation et pr\u00e9cautions\" \/>\n<meta property=\"og:description\" content=\"D\u00e9couvrez l&#039;azithromycine en m\u00e9decine v\u00e9t\u00e9rinaire : indications, pr\u00e9cautions et effets secondaires pour un traitement efficace et s\u00e9curis\u00e9.\" \/>\n<meta property=\"og:url\" content=\"https:\/\/testvet.brainmarketing.ca\/en\/produit\/azithromycine-en-medecine-veterinaire\/\" \/>\n<meta property=\"og:site_name\" content=\"MonVet\" \/>\n<meta property=\"article:modified_time\" content=\"2025-02-19T00:57:29+00:00\" \/>\n<meta property=\"og:image\" content=\"https:\/\/testvet.brainmarketing.ca\/wp-content\/uploads\/2025\/01\/azithromicin-1.jpg\" \/>\n\t<meta property=\"og:image:width\" content=\"478\" \/>\n\t<meta property=\"og:image:height\" content=\"318\" \/>\n\t<meta property=\"og:image:type\" content=\"image\/jpeg\" \/>\n<meta name=\"twitter:card\" content=\"summary_large_image\" \/>\n<meta name=\"twitter:label1\" content=\"Est. reading time\" \/>\n\t<meta name=\"twitter:data1\" content=\"1 minute\" \/>\n<script type=\"application\/ld+json\" class=\"yoast-schema-graph\">{\"@context\":\"https:\/\/schema.org\",\"@graph\":[{\"@type\":\"WebPage\",\"@id\":\"https:\/\/testvet.brainmarketing.ca\/en\/produit\/azithromycine-en-medecine-veterinaire\/\",\"url\":\"https:\/\/testvet.brainmarketing.ca\/en\/produit\/azithromycine-en-medecine-veterinaire\/\",\"name\":\"Azithromycine en m\u00e9decine v\u00e9t\u00e9rinaire \u2013 Utilisation et pr\u00e9cautions\",\"isPartOf\":{\"@id\":\"https:\/\/testvet.brainmarketing.ca\/en\/#website\"},\"primaryImageOfPage\":{\"@id\":\"https:\/\/testvet.brainmarketing.ca\/en\/produit\/azithromycine-en-medecine-veterinaire\/#primaryimage\"},\"image\":{\"@id\":\"https:\/\/testvet.brainmarketing.ca\/en\/produit\/azithromycine-en-medecine-veterinaire\/#primaryimage\"},\"thumbnailUrl\":\"https:\/\/testvet.brainmarketing.ca\/wp-content\/uploads\/2025\/01\/azithromicin-1.jpg\",\"datePublished\":\"2025-02-19T00:57:28+00:00\",\"dateModified\":\"2025-02-19T00:57:29+00:00\",\"description\":\"D\u00e9couvrez l'azithromycine en m\u00e9decine v\u00e9t\u00e9rinaire : indications, pr\u00e9cautions et effets secondaires pour un traitement efficace et s\u00e9curis\u00e9.\",\"breadcrumb\":{\"@id\":\"https:\/\/testvet.brainmarketing.ca\/en\/produit\/azithromycine-en-medecine-veterinaire\/#breadcrumb\"},\"inLanguage\":\"en-US\",\"potentialAction\":[{\"@type\":\"ReadAction\",\"target\":[\"https:\/\/testvet.brainmarketing.ca\/en\/produit\/azithromycine-en-medecine-veterinaire\/\"]}]},{\"@type\":\"ImageObject\",\"inLanguage\":\"en-US\",\"@id\":\"https:\/\/testvet.brainmarketing.ca\/en\/produit\/azithromycine-en-medecine-veterinaire\/#primaryimage\",\"url\":\"https:\/\/testvet.brainmarketing.ca\/wp-content\/uploads\/2025\/01\/azithromicin-1.jpg\",\"contentUrl\":\"https:\/\/testvet.brainmarketing.ca\/wp-content\/uploads\/2025\/01\/azithromicin-1.jpg\",\"width\":478,\"height\":318,\"caption\":\"azithromycine en m\u00e9decine v\u00e9t\u00e9rinaire\"},{\"@type\":\"BreadcrumbList\",\"@id\":\"https:\/\/testvet.brainmarketing.ca\/en\/produit\/azithromycine-en-medecine-veterinaire\/#breadcrumb\",\"itemListElement\":[{\"@type\":\"ListItem\",\"position\":1,\"name\":\"Catalogue\",\"item\":\"https:\/\/testvet.brainmarketing.ca\/catalogue\/\"},{\"@type\":\"ListItem\",\"position\":2,\"name\":\"Pharmacy\",\"item\":\"https:\/\/testvet.brainmarketing.ca\/en\/product-category\/pharmacy\/\"},{\"@type\":\"ListItem\",\"position\":3,\"name\":\"Azithromycine\"}]},{\"@type\":\"WebSite\",\"@id\":\"https:\/\/testvet.brainmarketing.ca\/en\/#website\",\"url\":\"https:\/\/testvet.brainmarketing.ca\/en\/\",\"name\":\"MonVet\",\"description\":\"R\u00e9seau v\u00e9t\u00e9rinaires\",\"publisher\":{\"@id\":\"https:\/\/testvet.brainmarketing.ca\/en\/#organization\"},\"potentialAction\":[{\"@type\":\"SearchAction\",\"target\":{\"@type\":\"EntryPoint\",\"urlTemplate\":\"https:\/\/testvet.brainmarketing.ca\/en\/?s={search_term_string}\"},\"query-input\":{\"@type\":\"PropertyValueSpecification\",\"valueRequired\":true,\"valueName\":\"search_term_string\"}}],\"inLanguage\":\"en-US\"},{\"@type\":\"Organization\",\"@id\":\"https:\/\/testvet.brainmarketing.ca\/en\/#organization\",\"name\":\"Brainmarketing\",\"alternateName\":\"Test\",\"url\":\"https:\/\/testvet.brainmarketing.ca\/en\/\",\"logo\":{\"@type\":\"ImageObject\",\"inLanguage\":\"en-US\",\"@id\":\"https:\/\/testvet.brainmarketing.ca\/en\/#\/schema\/logo\/image\/\",\"url\":\"https:\/\/testvet.brainmarketing.ca\/wp-content\/uploads\/Logos-icones\/MonVet.svg\",\"contentUrl\":\"https:\/\/testvet.brainmarketing.ca\/wp-content\/uploads\/Logos-icones\/MonVet.svg\",\"width\":1811,\"height\":603,\"caption\":\"Brainmarketing\"},\"image\":{\"@id\":\"https:\/\/testvet.brainmarketing.ca\/en\/#\/schema\/logo\/image\/\"}}]}<\/script>\n<!-- \/ Yoast SEO plugin. -->","yoast_head_json":{"title":"Azithromycine en m\u00e9decine v\u00e9t\u00e9rinaire \u2013 Utilisation et pr\u00e9cautions","description":"D\u00e9couvrez l'azithromycine en m\u00e9decine v\u00e9t\u00e9rinaire : indications, pr\u00e9cautions et effets secondaires pour un traitement efficace et s\u00e9curis\u00e9.","robots":{"index":"noindex","follow":"follow","max-snippet":"max-snippet:-1","max-image-preview":"max-image-preview:large","max-video-preview":"max-video-preview:-1"},"og_locale":"en_US","og_type":"article","og_title":"Azithromycine en m\u00e9decine v\u00e9t\u00e9rinaire \u2013 Utilisation et pr\u00e9cautions","og_description":"D\u00e9couvrez l'azithromycine en m\u00e9decine v\u00e9t\u00e9rinaire : indications, pr\u00e9cautions et effets secondaires pour un traitement efficace et s\u00e9curis\u00e9.","og_url":"https:\/\/testvet.brainmarketing.ca\/en\/produit\/azithromycine-en-medecine-veterinaire\/","og_site_name":"MonVet","article_modified_time":"2025-02-19T00:57:29+00:00","og_image":[{"width":478,"height":318,"url":"https:\/\/testvet.brainmarketing.ca\/wp-content\/uploads\/2025\/01\/azithromicin-1.jpg","type":"image\/jpeg"}],"twitter_card":"summary_large_image","twitter_misc":{"Est. reading time":"1 minute"},"schema":{"@context":"https:\/\/schema.org","@graph":[{"@type":"WebPage","@id":"https:\/\/testvet.brainmarketing.ca\/en\/produit\/azithromycine-en-medecine-veterinaire\/","url":"https:\/\/testvet.brainmarketing.ca\/en\/produit\/azithromycine-en-medecine-veterinaire\/","name":"Azithromycine en m\u00e9decine v\u00e9t\u00e9rinaire \u2013 Utilisation et pr\u00e9cautions","isPartOf":{"@id":"https:\/\/testvet.brainmarketing.ca\/en\/#website"},"primaryImageOfPage":{"@id":"https:\/\/testvet.brainmarketing.ca\/en\/produit\/azithromycine-en-medecine-veterinaire\/#primaryimage"},"image":{"@id":"https:\/\/testvet.brainmarketing.ca\/en\/produit\/azithromycine-en-medecine-veterinaire\/#primaryimage"},"thumbnailUrl":"https:\/\/testvet.brainmarketing.ca\/wp-content\/uploads\/2025\/01\/azithromicin-1.jpg","datePublished":"2025-02-19T00:57:28+00:00","dateModified":"2025-02-19T00:57:29+00:00","description":"D\u00e9couvrez l'azithromycine en m\u00e9decine v\u00e9t\u00e9rinaire : indications, pr\u00e9cautions et effets secondaires pour un traitement efficace et s\u00e9curis\u00e9.","breadcrumb":{"@id":"https:\/\/testvet.brainmarketing.ca\/en\/produit\/azithromycine-en-medecine-veterinaire\/#breadcrumb"},"inLanguage":"en-US","potentialAction":[{"@type":"ReadAction","target":["https:\/\/testvet.brainmarketing.ca\/en\/produit\/azithromycine-en-medecine-veterinaire\/"]}]},{"@type":"ImageObject","inLanguage":"en-US","@id":"https:\/\/testvet.brainmarketing.ca\/en\/produit\/azithromycine-en-medecine-veterinaire\/#primaryimage","url":"https:\/\/testvet.brainmarketing.ca\/wp-content\/uploads\/2025\/01\/azithromicin-1.jpg","contentUrl":"https:\/\/testvet.brainmarketing.ca\/wp-content\/uploads\/2025\/01\/azithromicin-1.jpg","width":478,"height":318,"caption":"azithromycine en m\u00e9decine v\u00e9t\u00e9rinaire"},{"@type":"BreadcrumbList","@id":"https:\/\/testvet.brainmarketing.ca\/en\/produit\/azithromycine-en-medecine-veterinaire\/#breadcrumb","itemListElement":[{"@type":"ListItem","position":1,"name":"Catalogue","item":"https:\/\/testvet.brainmarketing.ca\/catalogue\/"},{"@type":"ListItem","position":2,"name":"Pharmacy","item":"https:\/\/testvet.brainmarketing.ca\/en\/product-category\/pharmacy\/"},{"@type":"ListItem","position":3,"name":"Azithromycine"}]},{"@type":"WebSite","@id":"https:\/\/testvet.brainmarketing.ca\/en\/#website","url":"https:\/\/testvet.brainmarketing.ca\/en\/","name":"MonVet","description":"R\u00e9seau v\u00e9t\u00e9rinaires","publisher":{"@id":"https:\/\/testvet.brainmarketing.ca\/en\/#organization"},"potentialAction":[{"@type":"SearchAction","target":{"@type":"EntryPoint","urlTemplate":"https:\/\/testvet.brainmarketing.ca\/en\/?s={search_term_string}"},"query-input":{"@type":"PropertyValueSpecification","valueRequired":true,"valueName":"search_term_string"}}],"inLanguage":"en-US"},{"@type":"Organization","@id":"https:\/\/testvet.brainmarketing.ca\/en\/#organization","name":"Brainmarketing","alternateName":"Test","url":"https:\/\/testvet.brainmarketing.ca\/en\/","logo":{"@type":"ImageObject","inLanguage":"en-US","@id":"https:\/\/testvet.brainmarketing.ca\/en\/#\/schema\/logo\/image\/","url":"https:\/\/testvet.brainmarketing.ca\/wp-content\/uploads\/Logos-icones\/MonVet.svg","contentUrl":"https:\/\/testvet.brainmarketing.ca\/wp-content\/uploads\/Logos-icones\/MonVet.svg","width":1811,"height":603,"caption":"Brainmarketing"},"image":{"@id":"https:\/\/testvet.brainmarketing.ca\/en\/#\/schema\/logo\/image\/"}}]}},"_links":{"self":[{"href":"https:\/\/testvet.brainmarketing.ca\/en\/wp-json\/wp\/v2\/product\/13069","targetHints":{"allow":["GET"]}}],"collection":[{"href":"https:\/\/testvet.brainmarketing.ca\/en\/wp-json\/wp\/v2\/product"}],"about":[{"href":"https:\/\/testvet.brainmarketing.ca\/en\/wp-json\/wp\/v2\/types\/product"}],"version-history":[{"count":1,"href":"https:\/\/testvet.brainmarketing.ca\/en\/wp-json\/wp\/v2\/product\/13069\/revisions"}],"predecessor-version":[{"id":13070,"href":"https:\/\/testvet.brainmarketing.ca\/en\/wp-json\/wp\/v2\/product\/13069\/revisions\/13070"}],"wp:featuredmedia":[{"embeddable":true,"href":"https:\/\/testvet.brainmarketing.ca\/en\/wp-json\/wp\/v2\/media\/8376"}],"wp:attachment":[{"href":"https:\/\/testvet.brainmarketing.ca\/en\/wp-json\/wp\/v2\/media?parent=13069"}],"wp:term":[{"taxonomy":"product_brand","embeddable":true,"href":"https:\/\/testvet.brainmarketing.ca\/en\/wp-json\/wp\/v2\/product_brand?post=13069"},{"taxonomy":"product_cat","embeddable":true,"href":"https:\/\/testvet.brainmarketing.ca\/en\/wp-json\/wp\/v2\/product_cat?post=13069"},{"taxonomy":"product_tag","embeddable":true,"href":"https:\/\/testvet.brainmarketing.ca\/en\/wp-json\/wp\/v2\/product_tag?post=13069"}],"curies":[{"name":"wp","href":"https:\/\/api.w.org\/{rel}","templated":true}]}}