{"id":12729,"date":"2025-02-17T17:08:47","date_gmt":"2025-02-17T22:08:47","guid":{"rendered":"https:\/\/testvet.brainmarketing.ca\/?post_type=product&#038;p=12729"},"modified":"2025-02-19T11:31:28","modified_gmt":"2025-02-19T16:31:28","slug":"aventiclav-pour-les-infections-animales","status":"publish","type":"product","link":"https:\/\/testvet.brainmarketing.ca\/en\/produit\/aventiclav-pour-les-infections-animales\/","title":{"rendered":"AventiCLAV\u00ae (amoxicilline et acide clavulinique)"},"content":{"rendered":"<p>L&#8217;Aventiclav est un antibiotique combinant de l&#8217;amoxicilline et de l&#8217;acide clavulanique, utilis\u00e9 en m\u00e9decine v\u00e9t\u00e9rinaire pour traiter diverses infections bact\u00e9riennes chez les animaux. Il est particuli\u00e8rement efficace contre les<strong><a href=\"https:\/\/testvet.brainmarketing.ca\/struvites-chez-le-chien\/\"> infections urinaires<\/a><\/strong>, respiratoires et cutan\u00e9es. L&#8217;amoxicilline, un antibiotique \u00e0 large spectre, est prot\u00e9g\u00e9e par l&#8217;acide clavulanique, qui inhibe les bact\u00e9ries produisant des b\u00eata-lactamases, rendant ainsi l&#8217;antibiotique plus puissant. L&#8217;Aventiclav est couramment prescrit pour les chiens et les chats, mais son utilisation doit \u00eatre surveill\u00e9e pour \u00e9viter le d\u00e9veloppement de r\u00e9sistances bact\u00e9riennes. Il est important de suivre la posologie et de consulter un v\u00e9t\u00e9rinaire en cas de doute ou d\u2019effets secondaires.<\/p>\n","protected":false},"excerpt":{"rendered":"<p>L&#8217;AventiCLAV<sup>\u00ae<\/sup>\u00a0est un antibiotique<\/p>\n","protected":false},"featured_media":8599,"template":"","meta":{"_acf_changed":false},"product_brand":[],"product_cat":[176],"product_tag":[207,209],"class_list":{"0":"post-12729","1":"product","2":"type-product","3":"status-publish","4":"has-post-thumbnail","6":"product_cat-pharmacie","7":"product_tag-chats","8":"product_tag-chiens","10":"first","11":"instock","12":"shipping-taxable","13":"product-type-simple"},"acf":[],"yoast_head":"<!-- This site is optimized with the Yoast SEO plugin v24.6 - https:\/\/yoast.com\/wordpress\/plugins\/seo\/ -->\n<title>Aventiclav pour les infections animales \u2013 Traitement et efficacit\u00e9<\/title>\n<meta name=\"description\" content=\"D\u00e9couvrez l&#039;Aventiclav pour traiter les infections animales : efficacit\u00e9, indications et pr\u00e9cautions pour un traitement optimal\" \/>\n<meta name=\"robots\" content=\"noindex, follow, max-snippet:-1, max-image-preview:large, max-video-preview:-1\" \/>\n<meta property=\"og:locale\" content=\"en_US\" \/>\n<meta property=\"og:type\" content=\"article\" \/>\n<meta property=\"og:title\" content=\"Aventiclav pour les infections animales \u2013 Traitement et efficacit\u00e9\" \/>\n<meta property=\"og:description\" content=\"D\u00e9couvrez l&#039;Aventiclav pour traiter les infections animales : efficacit\u00e9, indications et pr\u00e9cautions pour un traitement optimal\" \/>\n<meta property=\"og:url\" content=\"https:\/\/testvet.brainmarketing.ca\/en\/produit\/aventiclav-pour-les-infections-animales\/\" \/>\n<meta property=\"og:site_name\" content=\"MonVet\" \/>\n<meta property=\"article:modified_time\" content=\"2025-02-19T16:31:28+00:00\" \/>\n<meta property=\"og:image\" content=\"https:\/\/testvet.brainmarketing.ca\/wp-content\/uploads\/2025\/01\/aventiclav.jpg\" \/>\n\t<meta property=\"og:image:width\" content=\"640\" \/>\n\t<meta property=\"og:image:height\" content=\"427\" \/>\n\t<meta property=\"og:image:type\" content=\"image\/jpeg\" \/>\n<meta name=\"twitter:card\" content=\"summary_large_image\" \/>\n<meta name=\"twitter:label1\" content=\"Est. reading time\" \/>\n\t<meta name=\"twitter:data1\" content=\"1 minute\" \/>\n<script type=\"application\/ld+json\" class=\"yoast-schema-graph\">{\"@context\":\"https:\/\/schema.org\",\"@graph\":[{\"@type\":\"WebPage\",\"@id\":\"https:\/\/testvet.brainmarketing.ca\/en\/produit\/aventiclav-pour-les-infections-animales\/\",\"url\":\"https:\/\/testvet.brainmarketing.ca\/en\/produit\/aventiclav-pour-les-infections-animales\/\",\"name\":\"Aventiclav pour les infections animales \u2013 Traitement et efficacit\u00e9\",\"isPartOf\":{\"@id\":\"https:\/\/testvet.brainmarketing.ca\/en\/#website\"},\"primaryImageOfPage\":{\"@id\":\"https:\/\/testvet.brainmarketing.ca\/en\/produit\/aventiclav-pour-les-infections-animales\/#primaryimage\"},\"image\":{\"@id\":\"https:\/\/testvet.brainmarketing.ca\/en\/produit\/aventiclav-pour-les-infections-animales\/#primaryimage\"},\"thumbnailUrl\":\"https:\/\/testvet.brainmarketing.ca\/wp-content\/uploads\/2025\/01\/aventiclav.jpg\",\"datePublished\":\"2025-02-17T22:08:47+00:00\",\"dateModified\":\"2025-02-19T16:31:28+00:00\",\"description\":\"D\u00e9couvrez l'Aventiclav pour traiter les infections animales : efficacit\u00e9, indications et pr\u00e9cautions pour un traitement optimal\",\"breadcrumb\":{\"@id\":\"https:\/\/testvet.brainmarketing.ca\/en\/produit\/aventiclav-pour-les-infections-animales\/#breadcrumb\"},\"inLanguage\":\"en-US\",\"potentialAction\":[{\"@type\":\"ReadAction\",\"target\":[\"https:\/\/testvet.brainmarketing.ca\/en\/produit\/aventiclav-pour-les-infections-animales\/\"]}]},{\"@type\":\"ImageObject\",\"inLanguage\":\"en-US\",\"@id\":\"https:\/\/testvet.brainmarketing.ca\/en\/produit\/aventiclav-pour-les-infections-animales\/#primaryimage\",\"url\":\"https:\/\/testvet.brainmarketing.ca\/wp-content\/uploads\/2025\/01\/aventiclav.jpg\",\"contentUrl\":\"https:\/\/testvet.brainmarketing.ca\/wp-content\/uploads\/2025\/01\/aventiclav.jpg\",\"width\":640,\"height\":427,\"caption\":\"Aventiclav pour les infections animales\"},{\"@type\":\"BreadcrumbList\",\"@id\":\"https:\/\/testvet.brainmarketing.ca\/en\/produit\/aventiclav-pour-les-infections-animales\/#breadcrumb\",\"itemListElement\":[{\"@type\":\"ListItem\",\"position\":1,\"name\":\"Catalogue\",\"item\":\"https:\/\/testvet.brainmarketing.ca\/catalogue\/\"},{\"@type\":\"ListItem\",\"position\":2,\"name\":\"Pharmacy\",\"item\":\"https:\/\/testvet.brainmarketing.ca\/en\/product-category\/pharmacy\/\"},{\"@type\":\"ListItem\",\"position\":3,\"name\":\"AventiCLAV\u00ae (amoxicilline et acide clavulinique)\"}]},{\"@type\":\"WebSite\",\"@id\":\"https:\/\/testvet.brainmarketing.ca\/en\/#website\",\"url\":\"https:\/\/testvet.brainmarketing.ca\/en\/\",\"name\":\"MonVet\",\"description\":\"R\u00e9seau v\u00e9t\u00e9rinaires\",\"publisher\":{\"@id\":\"https:\/\/testvet.brainmarketing.ca\/en\/#organization\"},\"potentialAction\":[{\"@type\":\"SearchAction\",\"target\":{\"@type\":\"EntryPoint\",\"urlTemplate\":\"https:\/\/testvet.brainmarketing.ca\/en\/?s={search_term_string}\"},\"query-input\":{\"@type\":\"PropertyValueSpecification\",\"valueRequired\":true,\"valueName\":\"search_term_string\"}}],\"inLanguage\":\"en-US\"},{\"@type\":\"Organization\",\"@id\":\"https:\/\/testvet.brainmarketing.ca\/en\/#organization\",\"name\":\"Brainmarketing\",\"alternateName\":\"Test\",\"url\":\"https:\/\/testvet.brainmarketing.ca\/en\/\",\"logo\":{\"@type\":\"ImageObject\",\"inLanguage\":\"en-US\",\"@id\":\"https:\/\/testvet.brainmarketing.ca\/en\/#\/schema\/logo\/image\/\",\"url\":\"https:\/\/testvet.brainmarketing.ca\/wp-content\/uploads\/Logos-icones\/MonVet.svg\",\"contentUrl\":\"https:\/\/testvet.brainmarketing.ca\/wp-content\/uploads\/Logos-icones\/MonVet.svg\",\"width\":1811,\"height\":603,\"caption\":\"Brainmarketing\"},\"image\":{\"@id\":\"https:\/\/testvet.brainmarketing.ca\/en\/#\/schema\/logo\/image\/\"}}]}<\/script>\n<!-- \/ Yoast SEO plugin. -->","yoast_head_json":{"title":"Aventiclav pour les infections animales \u2013 Traitement et efficacit\u00e9","description":"D\u00e9couvrez l'Aventiclav pour traiter les infections animales : efficacit\u00e9, indications et pr\u00e9cautions pour un traitement optimal","robots":{"index":"noindex","follow":"follow","max-snippet":"max-snippet:-1","max-image-preview":"max-image-preview:large","max-video-preview":"max-video-preview:-1"},"og_locale":"en_US","og_type":"article","og_title":"Aventiclav pour les infections animales \u2013 Traitement et efficacit\u00e9","og_description":"D\u00e9couvrez l'Aventiclav pour traiter les infections animales : efficacit\u00e9, indications et pr\u00e9cautions pour un traitement optimal","og_url":"https:\/\/testvet.brainmarketing.ca\/en\/produit\/aventiclav-pour-les-infections-animales\/","og_site_name":"MonVet","article_modified_time":"2025-02-19T16:31:28+00:00","og_image":[{"width":640,"height":427,"url":"https:\/\/testvet.brainmarketing.ca\/wp-content\/uploads\/2025\/01\/aventiclav.jpg","type":"image\/jpeg"}],"twitter_card":"summary_large_image","twitter_misc":{"Est. reading time":"1 minute"},"schema":{"@context":"https:\/\/schema.org","@graph":[{"@type":"WebPage","@id":"https:\/\/testvet.brainmarketing.ca\/en\/produit\/aventiclav-pour-les-infections-animales\/","url":"https:\/\/testvet.brainmarketing.ca\/en\/produit\/aventiclav-pour-les-infections-animales\/","name":"Aventiclav pour les infections animales \u2013 Traitement et efficacit\u00e9","isPartOf":{"@id":"https:\/\/testvet.brainmarketing.ca\/en\/#website"},"primaryImageOfPage":{"@id":"https:\/\/testvet.brainmarketing.ca\/en\/produit\/aventiclav-pour-les-infections-animales\/#primaryimage"},"image":{"@id":"https:\/\/testvet.brainmarketing.ca\/en\/produit\/aventiclav-pour-les-infections-animales\/#primaryimage"},"thumbnailUrl":"https:\/\/testvet.brainmarketing.ca\/wp-content\/uploads\/2025\/01\/aventiclav.jpg","datePublished":"2025-02-17T22:08:47+00:00","dateModified":"2025-02-19T16:31:28+00:00","description":"D\u00e9couvrez l'Aventiclav pour traiter les infections animales : efficacit\u00e9, indications et pr\u00e9cautions pour un traitement optimal","breadcrumb":{"@id":"https:\/\/testvet.brainmarketing.ca\/en\/produit\/aventiclav-pour-les-infections-animales\/#breadcrumb"},"inLanguage":"en-US","potentialAction":[{"@type":"ReadAction","target":["https:\/\/testvet.brainmarketing.ca\/en\/produit\/aventiclav-pour-les-infections-animales\/"]}]},{"@type":"ImageObject","inLanguage":"en-US","@id":"https:\/\/testvet.brainmarketing.ca\/en\/produit\/aventiclav-pour-les-infections-animales\/#primaryimage","url":"https:\/\/testvet.brainmarketing.ca\/wp-content\/uploads\/2025\/01\/aventiclav.jpg","contentUrl":"https:\/\/testvet.brainmarketing.ca\/wp-content\/uploads\/2025\/01\/aventiclav.jpg","width":640,"height":427,"caption":"Aventiclav pour les infections animales"},{"@type":"BreadcrumbList","@id":"https:\/\/testvet.brainmarketing.ca\/en\/produit\/aventiclav-pour-les-infections-animales\/#breadcrumb","itemListElement":[{"@type":"ListItem","position":1,"name":"Catalogue","item":"https:\/\/testvet.brainmarketing.ca\/catalogue\/"},{"@type":"ListItem","position":2,"name":"Pharmacy","item":"https:\/\/testvet.brainmarketing.ca\/en\/product-category\/pharmacy\/"},{"@type":"ListItem","position":3,"name":"AventiCLAV\u00ae (amoxicilline et acide clavulinique)"}]},{"@type":"WebSite","@id":"https:\/\/testvet.brainmarketing.ca\/en\/#website","url":"https:\/\/testvet.brainmarketing.ca\/en\/","name":"MonVet","description":"R\u00e9seau v\u00e9t\u00e9rinaires","publisher":{"@id":"https:\/\/testvet.brainmarketing.ca\/en\/#organization"},"potentialAction":[{"@type":"SearchAction","target":{"@type":"EntryPoint","urlTemplate":"https:\/\/testvet.brainmarketing.ca\/en\/?s={search_term_string}"},"query-input":{"@type":"PropertyValueSpecification","valueRequired":true,"valueName":"search_term_string"}}],"inLanguage":"en-US"},{"@type":"Organization","@id":"https:\/\/testvet.brainmarketing.ca\/en\/#organization","name":"Brainmarketing","alternateName":"Test","url":"https:\/\/testvet.brainmarketing.ca\/en\/","logo":{"@type":"ImageObject","inLanguage":"en-US","@id":"https:\/\/testvet.brainmarketing.ca\/en\/#\/schema\/logo\/image\/","url":"https:\/\/testvet.brainmarketing.ca\/wp-content\/uploads\/Logos-icones\/MonVet.svg","contentUrl":"https:\/\/testvet.brainmarketing.ca\/wp-content\/uploads\/Logos-icones\/MonVet.svg","width":1811,"height":603,"caption":"Brainmarketing"},"image":{"@id":"https:\/\/testvet.brainmarketing.ca\/en\/#\/schema\/logo\/image\/"}}]}},"_links":{"self":[{"href":"https:\/\/testvet.brainmarketing.ca\/en\/wp-json\/wp\/v2\/product\/12729","targetHints":{"allow":["GET"]}}],"collection":[{"href":"https:\/\/testvet.brainmarketing.ca\/en\/wp-json\/wp\/v2\/product"}],"about":[{"href":"https:\/\/testvet.brainmarketing.ca\/en\/wp-json\/wp\/v2\/types\/product"}],"version-history":[{"count":4,"href":"https:\/\/testvet.brainmarketing.ca\/en\/wp-json\/wp\/v2\/product\/12729\/revisions"}],"predecessor-version":[{"id":14082,"href":"https:\/\/testvet.brainmarketing.ca\/en\/wp-json\/wp\/v2\/product\/12729\/revisions\/14082"}],"wp:featuredmedia":[{"embeddable":true,"href":"https:\/\/testvet.brainmarketing.ca\/en\/wp-json\/wp\/v2\/media\/8599"}],"wp:attachment":[{"href":"https:\/\/testvet.brainmarketing.ca\/en\/wp-json\/wp\/v2\/media?parent=12729"}],"wp:term":[{"taxonomy":"product_brand","embeddable":true,"href":"https:\/\/testvet.brainmarketing.ca\/en\/wp-json\/wp\/v2\/product_brand?post=12729"},{"taxonomy":"product_cat","embeddable":true,"href":"https:\/\/testvet.brainmarketing.ca\/en\/wp-json\/wp\/v2\/product_cat?post=12729"},{"taxonomy":"product_tag","embeddable":true,"href":"https:\/\/testvet.brainmarketing.ca\/en\/wp-json\/wp\/v2\/product_tag?post=12729"}],"curies":[{"name":"wp","href":"https:\/\/api.w.org\/{rel}","templated":true}]}}