{"id":12723,"date":"2025-02-17T16:59:43","date_gmt":"2025-02-17T21:59:43","guid":{"rendered":"https:\/\/testvet.brainmarketing.ca\/?post_type=product&#038;p=12723"},"modified":"2025-02-17T16:59:44","modified_gmt":"2025-02-17T21:59:44","slug":"atopica-pour-les-allergies-animales","status":"publish","type":"product","link":"https:\/\/testvet.brainmarketing.ca\/en\/produit\/atopica-pour-les-allergies-animales\/","title":{"rendered":"Atopica"},"content":{"rendered":"<p>L&#8217;Atopica\u00ae (cyclosporine) est un m\u00e9dicament immunosuppresseur utilis\u00e9 chez les chiens et les chats pour traiter les sympt\u00f4mes d<a href=\"https:\/\/testvet.brainmarketing.ca\/allergies-chien-symptomes-solutions\/\">&#8216;allergies<\/a>, comme les d\u00e9mangeaisons et les rougeurs cutan\u00e9es. En agissant sur le syst\u00e8me immunitaire, il aide \u00e0 r\u00e9duire les inflammations associ\u00e9es aux allergies. Cependant, ce m\u00e9dicament est contre-indiqu\u00e9 chez les animaux souffrant de maladies du foie, des reins, de diab\u00e8te, de tumeurs malignes ou d&#8217;une immunit\u00e9 affaiblie. Les effets secondaires incluent une perte d\u2019app\u00e9tit, des vomissements, des diarrh\u00e9es, et des risques de prolif\u00e9ration des gencives. Un suivi v\u00e9t\u00e9rinaire r\u00e9gulier est recommand\u00e9, surtout en cas de traitement prolong\u00e9.<\/p>\n","protected":false},"excerpt":{"rendered":"<p>La cyclosporine est un agent immunosuppresseur, c&#8217;est-\u00e0-dire qu&#8217;elle diminue l&#8217;activit\u00e9 du syst\u00e8me immunitaire<\/p>\n","protected":false},"featured_media":8598,"template":"","meta":{"_acf_changed":false},"product_brand":[],"product_cat":[176],"product_tag":[207,209],"class_list":{"0":"post-12723","1":"product","2":"type-product","3":"status-publish","4":"has-post-thumbnail","6":"product_cat-pharmacie","7":"product_tag-chats","8":"product_tag-chiens","10":"first","11":"instock","12":"shipping-taxable","13":"product-type-simple"},"acf":[],"yoast_head":"<!-- This site is optimized with the Yoast SEO plugin v24.6 - https:\/\/yoast.com\/wordpress\/plugins\/seo\/ -->\n<title>Atopica pour les allergies animales \u2013 Traitement et pr\u00e9cautions<\/title>\n<meta name=\"description\" content=\"Atopica pour les allergies animales : sympt\u00f4mes, effets secondaires et pr\u00e9cautions \u00e0 prendre pour un traitement efficace et s\u00e9curis\u00e9\" \/>\n<meta name=\"robots\" content=\"noindex, follow, max-snippet:-1, max-image-preview:large, max-video-preview:-1\" \/>\n<meta property=\"og:locale\" content=\"en_US\" \/>\n<meta property=\"og:type\" content=\"article\" \/>\n<meta property=\"og:title\" content=\"Atopica pour les allergies animales \u2013 Traitement et pr\u00e9cautions\" \/>\n<meta property=\"og:description\" content=\"Atopica pour les allergies animales : sympt\u00f4mes, effets secondaires et pr\u00e9cautions \u00e0 prendre pour un traitement efficace et s\u00e9curis\u00e9\" \/>\n<meta property=\"og:url\" content=\"https:\/\/testvet.brainmarketing.ca\/en\/produit\/atopica-pour-les-allergies-animales\/\" \/>\n<meta property=\"og:site_name\" content=\"MonVet\" \/>\n<meta property=\"article:modified_time\" content=\"2025-02-17T21:59:44+00:00\" \/>\n<meta property=\"og:image\" content=\"https:\/\/testvet.brainmarketing.ca\/wp-content\/uploads\/2025\/01\/atopica.jpg\" \/>\n\t<meta property=\"og:image:width\" content=\"640\" \/>\n\t<meta property=\"og:image:height\" content=\"427\" \/>\n\t<meta property=\"og:image:type\" content=\"image\/jpeg\" \/>\n<meta name=\"twitter:card\" content=\"summary_large_image\" \/>\n<meta name=\"twitter:label1\" content=\"Est. reading time\" \/>\n\t<meta name=\"twitter:data1\" content=\"1 minute\" \/>\n<script type=\"application\/ld+json\" class=\"yoast-schema-graph\">{\"@context\":\"https:\/\/schema.org\",\"@graph\":[{\"@type\":\"WebPage\",\"@id\":\"https:\/\/testvet.brainmarketing.ca\/en\/produit\/atopica-pour-les-allergies-animales\/\",\"url\":\"https:\/\/testvet.brainmarketing.ca\/en\/produit\/atopica-pour-les-allergies-animales\/\",\"name\":\"Atopica pour les allergies animales \u2013 Traitement et pr\u00e9cautions\",\"isPartOf\":{\"@id\":\"https:\/\/testvet.brainmarketing.ca\/en\/#website\"},\"primaryImageOfPage\":{\"@id\":\"https:\/\/testvet.brainmarketing.ca\/en\/produit\/atopica-pour-les-allergies-animales\/#primaryimage\"},\"image\":{\"@id\":\"https:\/\/testvet.brainmarketing.ca\/en\/produit\/atopica-pour-les-allergies-animales\/#primaryimage\"},\"thumbnailUrl\":\"https:\/\/testvet.brainmarketing.ca\/wp-content\/uploads\/2025\/01\/atopica.jpg\",\"datePublished\":\"2025-02-17T21:59:43+00:00\",\"dateModified\":\"2025-02-17T21:59:44+00:00\",\"description\":\"Atopica pour les allergies animales : sympt\u00f4mes, effets secondaires et pr\u00e9cautions \u00e0 prendre pour un traitement efficace et s\u00e9curis\u00e9\",\"breadcrumb\":{\"@id\":\"https:\/\/testvet.brainmarketing.ca\/en\/produit\/atopica-pour-les-allergies-animales\/#breadcrumb\"},\"inLanguage\":\"en-US\",\"potentialAction\":[{\"@type\":\"ReadAction\",\"target\":[\"https:\/\/testvet.brainmarketing.ca\/en\/produit\/atopica-pour-les-allergies-animales\/\"]}]},{\"@type\":\"ImageObject\",\"inLanguage\":\"en-US\",\"@id\":\"https:\/\/testvet.brainmarketing.ca\/en\/produit\/atopica-pour-les-allergies-animales\/#primaryimage\",\"url\":\"https:\/\/testvet.brainmarketing.ca\/wp-content\/uploads\/2025\/01\/atopica.jpg\",\"contentUrl\":\"https:\/\/testvet.brainmarketing.ca\/wp-content\/uploads\/2025\/01\/atopica.jpg\",\"width\":640,\"height\":427,\"caption\":\"Atopica pour les allergies animale\"},{\"@type\":\"BreadcrumbList\",\"@id\":\"https:\/\/testvet.brainmarketing.ca\/en\/produit\/atopica-pour-les-allergies-animales\/#breadcrumb\",\"itemListElement\":[{\"@type\":\"ListItem\",\"position\":1,\"name\":\"Catalogue\",\"item\":\"https:\/\/testvet.brainmarketing.ca\/catalogue\/\"},{\"@type\":\"ListItem\",\"position\":2,\"name\":\"Pharmacy\",\"item\":\"https:\/\/testvet.brainmarketing.ca\/en\/product-category\/pharmacy\/\"},{\"@type\":\"ListItem\",\"position\":3,\"name\":\"Atopica\"}]},{\"@type\":\"WebSite\",\"@id\":\"https:\/\/testvet.brainmarketing.ca\/en\/#website\",\"url\":\"https:\/\/testvet.brainmarketing.ca\/en\/\",\"name\":\"MonVet\",\"description\":\"R\u00e9seau v\u00e9t\u00e9rinaires\",\"publisher\":{\"@id\":\"https:\/\/testvet.brainmarketing.ca\/en\/#organization\"},\"potentialAction\":[{\"@type\":\"SearchAction\",\"target\":{\"@type\":\"EntryPoint\",\"urlTemplate\":\"https:\/\/testvet.brainmarketing.ca\/en\/?s={search_term_string}\"},\"query-input\":{\"@type\":\"PropertyValueSpecification\",\"valueRequired\":true,\"valueName\":\"search_term_string\"}}],\"inLanguage\":\"en-US\"},{\"@type\":\"Organization\",\"@id\":\"https:\/\/testvet.brainmarketing.ca\/en\/#organization\",\"name\":\"Brainmarketing\",\"alternateName\":\"Test\",\"url\":\"https:\/\/testvet.brainmarketing.ca\/en\/\",\"logo\":{\"@type\":\"ImageObject\",\"inLanguage\":\"en-US\",\"@id\":\"https:\/\/testvet.brainmarketing.ca\/en\/#\/schema\/logo\/image\/\",\"url\":\"https:\/\/testvet.brainmarketing.ca\/wp-content\/uploads\/Logos-icones\/MonVet.svg\",\"contentUrl\":\"https:\/\/testvet.brainmarketing.ca\/wp-content\/uploads\/Logos-icones\/MonVet.svg\",\"width\":1811,\"height\":603,\"caption\":\"Brainmarketing\"},\"image\":{\"@id\":\"https:\/\/testvet.brainmarketing.ca\/en\/#\/schema\/logo\/image\/\"}}]}<\/script>\n<!-- \/ Yoast SEO plugin. -->","yoast_head_json":{"title":"Atopica pour les allergies animales \u2013 Traitement et pr\u00e9cautions","description":"Atopica pour les allergies animales : sympt\u00f4mes, effets secondaires et pr\u00e9cautions \u00e0 prendre pour un traitement efficace et s\u00e9curis\u00e9","robots":{"index":"noindex","follow":"follow","max-snippet":"max-snippet:-1","max-image-preview":"max-image-preview:large","max-video-preview":"max-video-preview:-1"},"og_locale":"en_US","og_type":"article","og_title":"Atopica pour les allergies animales \u2013 Traitement et pr\u00e9cautions","og_description":"Atopica pour les allergies animales : sympt\u00f4mes, effets secondaires et pr\u00e9cautions \u00e0 prendre pour un traitement efficace et s\u00e9curis\u00e9","og_url":"https:\/\/testvet.brainmarketing.ca\/en\/produit\/atopica-pour-les-allergies-animales\/","og_site_name":"MonVet","article_modified_time":"2025-02-17T21:59:44+00:00","og_image":[{"width":640,"height":427,"url":"https:\/\/testvet.brainmarketing.ca\/wp-content\/uploads\/2025\/01\/atopica.jpg","type":"image\/jpeg"}],"twitter_card":"summary_large_image","twitter_misc":{"Est. reading time":"1 minute"},"schema":{"@context":"https:\/\/schema.org","@graph":[{"@type":"WebPage","@id":"https:\/\/testvet.brainmarketing.ca\/en\/produit\/atopica-pour-les-allergies-animales\/","url":"https:\/\/testvet.brainmarketing.ca\/en\/produit\/atopica-pour-les-allergies-animales\/","name":"Atopica pour les allergies animales \u2013 Traitement et pr\u00e9cautions","isPartOf":{"@id":"https:\/\/testvet.brainmarketing.ca\/en\/#website"},"primaryImageOfPage":{"@id":"https:\/\/testvet.brainmarketing.ca\/en\/produit\/atopica-pour-les-allergies-animales\/#primaryimage"},"image":{"@id":"https:\/\/testvet.brainmarketing.ca\/en\/produit\/atopica-pour-les-allergies-animales\/#primaryimage"},"thumbnailUrl":"https:\/\/testvet.brainmarketing.ca\/wp-content\/uploads\/2025\/01\/atopica.jpg","datePublished":"2025-02-17T21:59:43+00:00","dateModified":"2025-02-17T21:59:44+00:00","description":"Atopica pour les allergies animales : sympt\u00f4mes, effets secondaires et pr\u00e9cautions \u00e0 prendre pour un traitement efficace et s\u00e9curis\u00e9","breadcrumb":{"@id":"https:\/\/testvet.brainmarketing.ca\/en\/produit\/atopica-pour-les-allergies-animales\/#breadcrumb"},"inLanguage":"en-US","potentialAction":[{"@type":"ReadAction","target":["https:\/\/testvet.brainmarketing.ca\/en\/produit\/atopica-pour-les-allergies-animales\/"]}]},{"@type":"ImageObject","inLanguage":"en-US","@id":"https:\/\/testvet.brainmarketing.ca\/en\/produit\/atopica-pour-les-allergies-animales\/#primaryimage","url":"https:\/\/testvet.brainmarketing.ca\/wp-content\/uploads\/2025\/01\/atopica.jpg","contentUrl":"https:\/\/testvet.brainmarketing.ca\/wp-content\/uploads\/2025\/01\/atopica.jpg","width":640,"height":427,"caption":"Atopica pour les allergies animale"},{"@type":"BreadcrumbList","@id":"https:\/\/testvet.brainmarketing.ca\/en\/produit\/atopica-pour-les-allergies-animales\/#breadcrumb","itemListElement":[{"@type":"ListItem","position":1,"name":"Catalogue","item":"https:\/\/testvet.brainmarketing.ca\/catalogue\/"},{"@type":"ListItem","position":2,"name":"Pharmacy","item":"https:\/\/testvet.brainmarketing.ca\/en\/product-category\/pharmacy\/"},{"@type":"ListItem","position":3,"name":"Atopica"}]},{"@type":"WebSite","@id":"https:\/\/testvet.brainmarketing.ca\/en\/#website","url":"https:\/\/testvet.brainmarketing.ca\/en\/","name":"MonVet","description":"R\u00e9seau v\u00e9t\u00e9rinaires","publisher":{"@id":"https:\/\/testvet.brainmarketing.ca\/en\/#organization"},"potentialAction":[{"@type":"SearchAction","target":{"@type":"EntryPoint","urlTemplate":"https:\/\/testvet.brainmarketing.ca\/en\/?s={search_term_string}"},"query-input":{"@type":"PropertyValueSpecification","valueRequired":true,"valueName":"search_term_string"}}],"inLanguage":"en-US"},{"@type":"Organization","@id":"https:\/\/testvet.brainmarketing.ca\/en\/#organization","name":"Brainmarketing","alternateName":"Test","url":"https:\/\/testvet.brainmarketing.ca\/en\/","logo":{"@type":"ImageObject","inLanguage":"en-US","@id":"https:\/\/testvet.brainmarketing.ca\/en\/#\/schema\/logo\/image\/","url":"https:\/\/testvet.brainmarketing.ca\/wp-content\/uploads\/Logos-icones\/MonVet.svg","contentUrl":"https:\/\/testvet.brainmarketing.ca\/wp-content\/uploads\/Logos-icones\/MonVet.svg","width":1811,"height":603,"caption":"Brainmarketing"},"image":{"@id":"https:\/\/testvet.brainmarketing.ca\/en\/#\/schema\/logo\/image\/"}}]}},"_links":{"self":[{"href":"https:\/\/testvet.brainmarketing.ca\/en\/wp-json\/wp\/v2\/product\/12723","targetHints":{"allow":["GET"]}}],"collection":[{"href":"https:\/\/testvet.brainmarketing.ca\/en\/wp-json\/wp\/v2\/product"}],"about":[{"href":"https:\/\/testvet.brainmarketing.ca\/en\/wp-json\/wp\/v2\/types\/product"}],"version-history":[{"count":1,"href":"https:\/\/testvet.brainmarketing.ca\/en\/wp-json\/wp\/v2\/product\/12723\/revisions"}],"predecessor-version":[{"id":12727,"href":"https:\/\/testvet.brainmarketing.ca\/en\/wp-json\/wp\/v2\/product\/12723\/revisions\/12727"}],"wp:featuredmedia":[{"embeddable":true,"href":"https:\/\/testvet.brainmarketing.ca\/en\/wp-json\/wp\/v2\/media\/8598"}],"wp:attachment":[{"href":"https:\/\/testvet.brainmarketing.ca\/en\/wp-json\/wp\/v2\/media?parent=12723"}],"wp:term":[{"taxonomy":"product_brand","embeddable":true,"href":"https:\/\/testvet.brainmarketing.ca\/en\/wp-json\/wp\/v2\/product_brand?post=12723"},{"taxonomy":"product_cat","embeddable":true,"href":"https:\/\/testvet.brainmarketing.ca\/en\/wp-json\/wp\/v2\/product_cat?post=12723"},{"taxonomy":"product_tag","embeddable":true,"href":"https:\/\/testvet.brainmarketing.ca\/en\/wp-json\/wp\/v2\/product_tag?post=12723"}],"curies":[{"name":"wp","href":"https:\/\/api.w.org\/{rel}","templated":true}]}}