{"id":12717,"date":"2025-02-17T16:48:27","date_gmt":"2025-02-17T21:48:27","guid":{"rendered":"https:\/\/testvet.brainmarketing.ca\/?post_type=product&#038;p=12717"},"modified":"2025-02-17T16:48:27","modified_gmt":"2025-02-17T21:48:27","slug":"atenolol-chez-les-animaux","status":"publish","type":"product","link":"https:\/\/testvet.brainmarketing.ca\/en\/produit\/atenolol-chez-les-animaux\/","title":{"rendered":"Atenolol"},"content":{"rendered":"<p>L&#8217;atenolol est un b\u00eata-bloquant utilis\u00e9 en m\u00e9decine v\u00e9t\u00e9rinaire pour traiter diverses affections cardiaques chez les animaux, notamment l&#8217;hypertension et les <a href=\"https:\/\/testvet.brainmarketing.ca\/cardiomyopathie-hypertrophique-chat\/\">troubles du rythme cardiaque<\/a>. Ce m\u00e9dicament agit en bloquant les r\u00e9cepteurs b\u00eata-adr\u00e9nergiques, ce qui ralentit le rythme cardiaque et r\u00e9duit la pression art\u00e9rielle, permettant de soulager les sympt\u00f4mes associ\u00e9s aux maladies cardiaques. Il est souvent prescrit pour les chiens souffrant de maladies cardiaques chroniques comme la <a href=\"https:\/\/testvet.brainmarketing.ca\/cardiomyopathie-dilatee-canine\/\">cardiomyopathie<\/a>. Comme pour tout m\u00e9dicament, l\u2019atenolol doit \u00eatre administr\u00e9 sous surveillance v\u00e9t\u00e9rinaire, car il peut provoquer des effets secondaires tels que la bradycardie, la fatigue ou des troubles respiratoires. Un suivi r\u00e9gulier est essentiel.<\/p>\n","protected":false},"excerpt":{"rendered":"<p>L&#8217;atenolol est un m\u00e9dicament utilis\u00e9 chez les animaux pour traiter les troubles cardiaques, en r\u00e9duisant la fr\u00e9quence cardiaque et la pression art\u00e9rielle<\/p>\n","protected":false},"featured_media":8375,"template":"","meta":{"_acf_changed":false},"product_brand":[],"product_cat":[176],"product_tag":[207,209],"class_list":{"0":"post-12717","1":"product","2":"type-product","3":"status-publish","4":"has-post-thumbnail","6":"product_cat-pharmacie","7":"product_tag-chats","8":"product_tag-chiens","10":"first","11":"instock","12":"shipping-taxable","13":"product-type-simple"},"acf":[],"yoast_head":"<!-- This site is optimized with the Yoast SEO plugin v24.6 - https:\/\/yoast.com\/wordpress\/plugins\/seo\/ -->\n<title>Atenolol chez les animaux \u2013 Utilit\u00e9 et surveillance v\u00e9t\u00e9rinaire<\/title>\n<meta name=\"description\" content=\"D\u00e9couvrez l\u2019atenolol chez les animaux, son utilit\u00e9 pour traiter les maladies cardiaques et les pr\u00e9cautions \u00e0 prendre lors de son administration\" \/>\n<meta name=\"robots\" content=\"noindex, follow, max-snippet:-1, max-image-preview:large, max-video-preview:-1\" \/>\n<meta property=\"og:locale\" content=\"en_US\" \/>\n<meta property=\"og:type\" content=\"article\" \/>\n<meta property=\"og:title\" content=\"Atenolol chez les animaux \u2013 Utilit\u00e9 et surveillance v\u00e9t\u00e9rinaire\" \/>\n<meta property=\"og:description\" content=\"D\u00e9couvrez l\u2019atenolol chez les animaux, son utilit\u00e9 pour traiter les maladies cardiaques et les pr\u00e9cautions \u00e0 prendre lors de son administration\" \/>\n<meta property=\"og:url\" content=\"https:\/\/testvet.brainmarketing.ca\/en\/produit\/atenolol-chez-les-animaux\/\" \/>\n<meta property=\"og:site_name\" content=\"MonVet\" \/>\n<meta property=\"og:image\" content=\"https:\/\/testvet.brainmarketing.ca\/wp-content\/uploads\/2025\/01\/atenolol-1.jpg\" \/>\n\t<meta property=\"og:image:width\" content=\"311\" \/>\n\t<meta property=\"og:image:height\" content=\"207\" \/>\n\t<meta property=\"og:image:type\" content=\"image\/jpeg\" \/>\n<meta name=\"twitter:card\" content=\"summary_large_image\" \/>\n<meta name=\"twitter:label1\" content=\"Est. reading time\" \/>\n\t<meta name=\"twitter:data1\" content=\"1 minute\" \/>\n<script type=\"application\/ld+json\" class=\"yoast-schema-graph\">{\"@context\":\"https:\/\/schema.org\",\"@graph\":[{\"@type\":\"WebPage\",\"@id\":\"https:\/\/testvet.brainmarketing.ca\/en\/produit\/atenolol-chez-les-animaux\/\",\"url\":\"https:\/\/testvet.brainmarketing.ca\/en\/produit\/atenolol-chez-les-animaux\/\",\"name\":\"Atenolol chez les animaux \u2013 Utilit\u00e9 et surveillance v\u00e9t\u00e9rinaire\",\"isPartOf\":{\"@id\":\"https:\/\/testvet.brainmarketing.ca\/en\/#website\"},\"primaryImageOfPage\":{\"@id\":\"https:\/\/testvet.brainmarketing.ca\/en\/produit\/atenolol-chez-les-animaux\/#primaryimage\"},\"image\":{\"@id\":\"https:\/\/testvet.brainmarketing.ca\/en\/produit\/atenolol-chez-les-animaux\/#primaryimage\"},\"thumbnailUrl\":\"https:\/\/testvet.brainmarketing.ca\/wp-content\/uploads\/2025\/01\/atenolol-1.jpg\",\"datePublished\":\"2025-02-17T21:48:27+00:00\",\"description\":\"D\u00e9couvrez l\u2019atenolol chez les animaux, son utilit\u00e9 pour traiter les maladies cardiaques et les pr\u00e9cautions \u00e0 prendre lors de son administration\",\"breadcrumb\":{\"@id\":\"https:\/\/testvet.brainmarketing.ca\/en\/produit\/atenolol-chez-les-animaux\/#breadcrumb\"},\"inLanguage\":\"en-US\",\"potentialAction\":[{\"@type\":\"ReadAction\",\"target\":[\"https:\/\/testvet.brainmarketing.ca\/en\/produit\/atenolol-chez-les-animaux\/\"]}]},{\"@type\":\"ImageObject\",\"inLanguage\":\"en-US\",\"@id\":\"https:\/\/testvet.brainmarketing.ca\/en\/produit\/atenolol-chez-les-animaux\/#primaryimage\",\"url\":\"https:\/\/testvet.brainmarketing.ca\/wp-content\/uploads\/2025\/01\/atenolol-1.jpg\",\"contentUrl\":\"https:\/\/testvet.brainmarketing.ca\/wp-content\/uploads\/2025\/01\/atenolol-1.jpg\",\"width\":311,\"height\":207,\"caption\":\"atenolol chez les animaux\"},{\"@type\":\"BreadcrumbList\",\"@id\":\"https:\/\/testvet.brainmarketing.ca\/en\/produit\/atenolol-chez-les-animaux\/#breadcrumb\",\"itemListElement\":[{\"@type\":\"ListItem\",\"position\":1,\"name\":\"Catalogue\",\"item\":\"https:\/\/testvet.brainmarketing.ca\/catalogue\/\"},{\"@type\":\"ListItem\",\"position\":2,\"name\":\"Pharmacy\",\"item\":\"https:\/\/testvet.brainmarketing.ca\/en\/product-category\/pharmacy\/\"},{\"@type\":\"ListItem\",\"position\":3,\"name\":\"Atenolol\"}]},{\"@type\":\"WebSite\",\"@id\":\"https:\/\/testvet.brainmarketing.ca\/en\/#website\",\"url\":\"https:\/\/testvet.brainmarketing.ca\/en\/\",\"name\":\"MonVet\",\"description\":\"R\u00e9seau v\u00e9t\u00e9rinaires\",\"publisher\":{\"@id\":\"https:\/\/testvet.brainmarketing.ca\/en\/#organization\"},\"potentialAction\":[{\"@type\":\"SearchAction\",\"target\":{\"@type\":\"EntryPoint\",\"urlTemplate\":\"https:\/\/testvet.brainmarketing.ca\/en\/?s={search_term_string}\"},\"query-input\":{\"@type\":\"PropertyValueSpecification\",\"valueRequired\":true,\"valueName\":\"search_term_string\"}}],\"inLanguage\":\"en-US\"},{\"@type\":\"Organization\",\"@id\":\"https:\/\/testvet.brainmarketing.ca\/en\/#organization\",\"name\":\"Brainmarketing\",\"alternateName\":\"Test\",\"url\":\"https:\/\/testvet.brainmarketing.ca\/en\/\",\"logo\":{\"@type\":\"ImageObject\",\"inLanguage\":\"en-US\",\"@id\":\"https:\/\/testvet.brainmarketing.ca\/en\/#\/schema\/logo\/image\/\",\"url\":\"https:\/\/testvet.brainmarketing.ca\/wp-content\/uploads\/Logos-icones\/MonVet.svg\",\"contentUrl\":\"https:\/\/testvet.brainmarketing.ca\/wp-content\/uploads\/Logos-icones\/MonVet.svg\",\"width\":1811,\"height\":603,\"caption\":\"Brainmarketing\"},\"image\":{\"@id\":\"https:\/\/testvet.brainmarketing.ca\/en\/#\/schema\/logo\/image\/\"}}]}<\/script>\n<!-- \/ Yoast SEO plugin. -->","yoast_head_json":{"title":"Atenolol chez les animaux \u2013 Utilit\u00e9 et surveillance v\u00e9t\u00e9rinaire","description":"D\u00e9couvrez l\u2019atenolol chez les animaux, son utilit\u00e9 pour traiter les maladies cardiaques et les pr\u00e9cautions \u00e0 prendre lors de son administration","robots":{"index":"noindex","follow":"follow","max-snippet":"max-snippet:-1","max-image-preview":"max-image-preview:large","max-video-preview":"max-video-preview:-1"},"og_locale":"en_US","og_type":"article","og_title":"Atenolol chez les animaux \u2013 Utilit\u00e9 et surveillance v\u00e9t\u00e9rinaire","og_description":"D\u00e9couvrez l\u2019atenolol chez les animaux, son utilit\u00e9 pour traiter les maladies cardiaques et les pr\u00e9cautions \u00e0 prendre lors de son administration","og_url":"https:\/\/testvet.brainmarketing.ca\/en\/produit\/atenolol-chez-les-animaux\/","og_site_name":"MonVet","og_image":[{"width":311,"height":207,"url":"https:\/\/testvet.brainmarketing.ca\/wp-content\/uploads\/2025\/01\/atenolol-1.jpg","type":"image\/jpeg"}],"twitter_card":"summary_large_image","twitter_misc":{"Est. reading time":"1 minute"},"schema":{"@context":"https:\/\/schema.org","@graph":[{"@type":"WebPage","@id":"https:\/\/testvet.brainmarketing.ca\/en\/produit\/atenolol-chez-les-animaux\/","url":"https:\/\/testvet.brainmarketing.ca\/en\/produit\/atenolol-chez-les-animaux\/","name":"Atenolol chez les animaux \u2013 Utilit\u00e9 et surveillance v\u00e9t\u00e9rinaire","isPartOf":{"@id":"https:\/\/testvet.brainmarketing.ca\/en\/#website"},"primaryImageOfPage":{"@id":"https:\/\/testvet.brainmarketing.ca\/en\/produit\/atenolol-chez-les-animaux\/#primaryimage"},"image":{"@id":"https:\/\/testvet.brainmarketing.ca\/en\/produit\/atenolol-chez-les-animaux\/#primaryimage"},"thumbnailUrl":"https:\/\/testvet.brainmarketing.ca\/wp-content\/uploads\/2025\/01\/atenolol-1.jpg","datePublished":"2025-02-17T21:48:27+00:00","description":"D\u00e9couvrez l\u2019atenolol chez les animaux, son utilit\u00e9 pour traiter les maladies cardiaques et les pr\u00e9cautions \u00e0 prendre lors de son administration","breadcrumb":{"@id":"https:\/\/testvet.brainmarketing.ca\/en\/produit\/atenolol-chez-les-animaux\/#breadcrumb"},"inLanguage":"en-US","potentialAction":[{"@type":"ReadAction","target":["https:\/\/testvet.brainmarketing.ca\/en\/produit\/atenolol-chez-les-animaux\/"]}]},{"@type":"ImageObject","inLanguage":"en-US","@id":"https:\/\/testvet.brainmarketing.ca\/en\/produit\/atenolol-chez-les-animaux\/#primaryimage","url":"https:\/\/testvet.brainmarketing.ca\/wp-content\/uploads\/2025\/01\/atenolol-1.jpg","contentUrl":"https:\/\/testvet.brainmarketing.ca\/wp-content\/uploads\/2025\/01\/atenolol-1.jpg","width":311,"height":207,"caption":"atenolol chez les animaux"},{"@type":"BreadcrumbList","@id":"https:\/\/testvet.brainmarketing.ca\/en\/produit\/atenolol-chez-les-animaux\/#breadcrumb","itemListElement":[{"@type":"ListItem","position":1,"name":"Catalogue","item":"https:\/\/testvet.brainmarketing.ca\/catalogue\/"},{"@type":"ListItem","position":2,"name":"Pharmacy","item":"https:\/\/testvet.brainmarketing.ca\/en\/product-category\/pharmacy\/"},{"@type":"ListItem","position":3,"name":"Atenolol"}]},{"@type":"WebSite","@id":"https:\/\/testvet.brainmarketing.ca\/en\/#website","url":"https:\/\/testvet.brainmarketing.ca\/en\/","name":"MonVet","description":"R\u00e9seau v\u00e9t\u00e9rinaires","publisher":{"@id":"https:\/\/testvet.brainmarketing.ca\/en\/#organization"},"potentialAction":[{"@type":"SearchAction","target":{"@type":"EntryPoint","urlTemplate":"https:\/\/testvet.brainmarketing.ca\/en\/?s={search_term_string}"},"query-input":{"@type":"PropertyValueSpecification","valueRequired":true,"valueName":"search_term_string"}}],"inLanguage":"en-US"},{"@type":"Organization","@id":"https:\/\/testvet.brainmarketing.ca\/en\/#organization","name":"Brainmarketing","alternateName":"Test","url":"https:\/\/testvet.brainmarketing.ca\/en\/","logo":{"@type":"ImageObject","inLanguage":"en-US","@id":"https:\/\/testvet.brainmarketing.ca\/en\/#\/schema\/logo\/image\/","url":"https:\/\/testvet.brainmarketing.ca\/wp-content\/uploads\/Logos-icones\/MonVet.svg","contentUrl":"https:\/\/testvet.brainmarketing.ca\/wp-content\/uploads\/Logos-icones\/MonVet.svg","width":1811,"height":603,"caption":"Brainmarketing"},"image":{"@id":"https:\/\/testvet.brainmarketing.ca\/en\/#\/schema\/logo\/image\/"}}]}},"_links":{"self":[{"href":"https:\/\/testvet.brainmarketing.ca\/en\/wp-json\/wp\/v2\/product\/12717","targetHints":{"allow":["GET"]}}],"collection":[{"href":"https:\/\/testvet.brainmarketing.ca\/en\/wp-json\/wp\/v2\/product"}],"about":[{"href":"https:\/\/testvet.brainmarketing.ca\/en\/wp-json\/wp\/v2\/types\/product"}],"version-history":[{"count":1,"href":"https:\/\/testvet.brainmarketing.ca\/en\/wp-json\/wp\/v2\/product\/12717\/revisions"}],"predecessor-version":[{"id":12721,"href":"https:\/\/testvet.brainmarketing.ca\/en\/wp-json\/wp\/v2\/product\/12717\/revisions\/12721"}],"wp:featuredmedia":[{"embeddable":true,"href":"https:\/\/testvet.brainmarketing.ca\/en\/wp-json\/wp\/v2\/media\/8375"}],"wp:attachment":[{"href":"https:\/\/testvet.brainmarketing.ca\/en\/wp-json\/wp\/v2\/media?parent=12717"}],"wp:term":[{"taxonomy":"product_brand","embeddable":true,"href":"https:\/\/testvet.brainmarketing.ca\/en\/wp-json\/wp\/v2\/product_brand?post=12717"},{"taxonomy":"product_cat","embeddable":true,"href":"https:\/\/testvet.brainmarketing.ca\/en\/wp-json\/wp\/v2\/product_cat?post=12717"},{"taxonomy":"product_tag","embeddable":true,"href":"https:\/\/testvet.brainmarketing.ca\/en\/wp-json\/wp\/v2\/product_tag?post=12717"}],"curies":[{"name":"wp","href":"https:\/\/api.w.org\/{rel}","templated":true}]}}