{"id":12692,"date":"2025-02-17T15:03:39","date_gmt":"2025-02-17T20:03:39","guid":{"rendered":"https:\/\/testvet.brainmarketing.ca\/?post_type=product&#038;p=12692"},"modified":"2025-02-17T16:12:06","modified_gmt":"2025-02-17T21:12:06","slug":"lapoquel-contre-les-demangeaisons","status":"publish","type":"product","link":"https:\/\/testvet.brainmarketing.ca\/en\/produit\/lapoquel-contre-les-demangeaisons\/","title":{"rendered":"Apoquel"},"content":{"rendered":"<p>L\u2019Apoquel est un m\u00e9dicament v\u00e9t\u00e9rinaire utilis\u00e9 pour traiter les <a href=\"https:\/\/testvet.brainmarketing.ca\/allergies-chien-symptomes-solutions\/\">d\u00e9mangeaisons et l\u2019inflammation associ\u00e9es aux allergies chez les chiens.<\/a> Il agit en bloquant les r\u00e9cepteurs responsables des r\u00e9actions allergiques, offrant ainsi un soulagement rapide et efficace. Contrairement aux cortico\u00efdes, il provoque moins d\u2019effets secondaires et peut \u00eatre utilis\u00e9 \u00e0 long terme sous supervision v\u00e9t\u00e9rinaire. Disponible sous forme de comprim\u00e9s, il est g\u00e9n\u00e9ralement administr\u00e9 une \u00e0 deux fois par jour selon les besoins du chien. Bien que bien tol\u00e9r\u00e9, il peut parfois causer des effets secondaires comme des troubles gastro-intestinaux. Un suivi v\u00e9t\u00e9rinaire est recommand\u00e9 pour assurer son efficacit\u00e9 et sa s\u00e9curit\u00e9.<\/p>\n","protected":false},"excerpt":{"rendered":"<p>L&#8217;apoquel est utilis\u00e9 chez les chiens pour \u00e9liminer les d\u00e9mangeaisons caus\u00e9es par des allergies.<\/p>\n","protected":false},"featured_media":0,"template":"","meta":{"_acf_changed":false},"product_brand":[],"product_cat":[176],"product_tag":[209],"class_list":{"0":"post-12692","1":"product","2":"type-product","3":"status-publish","5":"product_cat-pharmacie","6":"product_tag-chiens","8":"first","9":"instock","10":"shipping-taxable","11":"product-type-simple"},"acf":[],"yoast_head":"<!-- This site is optimized with the Yoast SEO plugin v24.6 - https:\/\/yoast.com\/wordpress\/plugins\/seo\/ -->\n<title>l&#039;apoquel contre les d\u00e9mangeaisons chez le chien<\/title>\n<meta name=\"robots\" content=\"noindex, follow, max-snippet:-1, max-image-preview:large, max-video-preview:-1\" \/>\n<meta property=\"og:locale\" content=\"en_US\" \/>\n<meta property=\"og:type\" content=\"article\" \/>\n<meta property=\"og:title\" content=\"l&#039;apoquel contre les d\u00e9mangeaisons chez le chien\" \/>\n<meta property=\"og:description\" content=\"L&#039;apoquel est utilis\u00e9 chez les chiens pour \u00e9liminer les d\u00e9mangeaisons caus\u00e9es par des allergies.\" \/>\n<meta property=\"og:url\" content=\"https:\/\/testvet.brainmarketing.ca\/en\/produit\/lapoquel-contre-les-demangeaisons\/\" \/>\n<meta property=\"og:site_name\" content=\"MonVet\" \/>\n<meta property=\"article:modified_time\" content=\"2025-02-17T21:12:06+00:00\" \/>\n<meta name=\"twitter:card\" content=\"summary_large_image\" \/>\n<meta name=\"twitter:label1\" content=\"Est. reading time\" \/>\n\t<meta name=\"twitter:data1\" content=\"1 minute\" \/>\n<script type=\"application\/ld+json\" class=\"yoast-schema-graph\">{\"@context\":\"https:\/\/schema.org\",\"@graph\":[{\"@type\":\"WebPage\",\"@id\":\"https:\/\/testvet.brainmarketing.ca\/en\/produit\/lapoquel-contre-les-demangeaisons\/\",\"url\":\"https:\/\/testvet.brainmarketing.ca\/en\/produit\/lapoquel-contre-les-demangeaisons\/\",\"name\":\"l'apoquel contre les d\u00e9mangeaisons chez le chien\",\"isPartOf\":{\"@id\":\"https:\/\/testvet.brainmarketing.ca\/en\/#website\"},\"datePublished\":\"2025-02-17T20:03:39+00:00\",\"dateModified\":\"2025-02-17T21:12:06+00:00\",\"breadcrumb\":{\"@id\":\"https:\/\/testvet.brainmarketing.ca\/en\/produit\/lapoquel-contre-les-demangeaisons\/#breadcrumb\"},\"inLanguage\":\"en-US\",\"potentialAction\":[{\"@type\":\"ReadAction\",\"target\":[\"https:\/\/testvet.brainmarketing.ca\/en\/produit\/lapoquel-contre-les-demangeaisons\/\"]}]},{\"@type\":\"BreadcrumbList\",\"@id\":\"https:\/\/testvet.brainmarketing.ca\/en\/produit\/lapoquel-contre-les-demangeaisons\/#breadcrumb\",\"itemListElement\":[{\"@type\":\"ListItem\",\"position\":1,\"name\":\"Catalogue\",\"item\":\"https:\/\/testvet.brainmarketing.ca\/catalogue\/\"},{\"@type\":\"ListItem\",\"position\":2,\"name\":\"Pharmacy\",\"item\":\"https:\/\/testvet.brainmarketing.ca\/en\/product-category\/pharmacy\/\"},{\"@type\":\"ListItem\",\"position\":3,\"name\":\"Apoquel\"}]},{\"@type\":\"WebSite\",\"@id\":\"https:\/\/testvet.brainmarketing.ca\/en\/#website\",\"url\":\"https:\/\/testvet.brainmarketing.ca\/en\/\",\"name\":\"MonVet\",\"description\":\"R\u00e9seau v\u00e9t\u00e9rinaires\",\"publisher\":{\"@id\":\"https:\/\/testvet.brainmarketing.ca\/en\/#organization\"},\"potentialAction\":[{\"@type\":\"SearchAction\",\"target\":{\"@type\":\"EntryPoint\",\"urlTemplate\":\"https:\/\/testvet.brainmarketing.ca\/en\/?s={search_term_string}\"},\"query-input\":{\"@type\":\"PropertyValueSpecification\",\"valueRequired\":true,\"valueName\":\"search_term_string\"}}],\"inLanguage\":\"en-US\"},{\"@type\":\"Organization\",\"@id\":\"https:\/\/testvet.brainmarketing.ca\/en\/#organization\",\"name\":\"Brainmarketing\",\"alternateName\":\"Test\",\"url\":\"https:\/\/testvet.brainmarketing.ca\/en\/\",\"logo\":{\"@type\":\"ImageObject\",\"inLanguage\":\"en-US\",\"@id\":\"https:\/\/testvet.brainmarketing.ca\/en\/#\/schema\/logo\/image\/\",\"url\":\"https:\/\/testvet.brainmarketing.ca\/wp-content\/uploads\/Logos-icones\/MonVet.svg\",\"contentUrl\":\"https:\/\/testvet.brainmarketing.ca\/wp-content\/uploads\/Logos-icones\/MonVet.svg\",\"width\":1811,\"height\":603,\"caption\":\"Brainmarketing\"},\"image\":{\"@id\":\"https:\/\/testvet.brainmarketing.ca\/en\/#\/schema\/logo\/image\/\"}}]}<\/script>\n<!-- \/ Yoast SEO plugin. -->","yoast_head_json":{"title":"l'apoquel contre les d\u00e9mangeaisons chez le chien","robots":{"index":"noindex","follow":"follow","max-snippet":"max-snippet:-1","max-image-preview":"max-image-preview:large","max-video-preview":"max-video-preview:-1"},"og_locale":"en_US","og_type":"article","og_title":"l'apoquel contre les d\u00e9mangeaisons chez le chien","og_description":"L'apoquel est utilis\u00e9 chez les chiens pour \u00e9liminer les d\u00e9mangeaisons caus\u00e9es par des allergies.","og_url":"https:\/\/testvet.brainmarketing.ca\/en\/produit\/lapoquel-contre-les-demangeaisons\/","og_site_name":"MonVet","article_modified_time":"2025-02-17T21:12:06+00:00","twitter_card":"summary_large_image","twitter_misc":{"Est. reading time":"1 minute"},"schema":{"@context":"https:\/\/schema.org","@graph":[{"@type":"WebPage","@id":"https:\/\/testvet.brainmarketing.ca\/en\/produit\/lapoquel-contre-les-demangeaisons\/","url":"https:\/\/testvet.brainmarketing.ca\/en\/produit\/lapoquel-contre-les-demangeaisons\/","name":"l'apoquel contre les d\u00e9mangeaisons chez le chien","isPartOf":{"@id":"https:\/\/testvet.brainmarketing.ca\/en\/#website"},"datePublished":"2025-02-17T20:03:39+00:00","dateModified":"2025-02-17T21:12:06+00:00","breadcrumb":{"@id":"https:\/\/testvet.brainmarketing.ca\/en\/produit\/lapoquel-contre-les-demangeaisons\/#breadcrumb"},"inLanguage":"en-US","potentialAction":[{"@type":"ReadAction","target":["https:\/\/testvet.brainmarketing.ca\/en\/produit\/lapoquel-contre-les-demangeaisons\/"]}]},{"@type":"BreadcrumbList","@id":"https:\/\/testvet.brainmarketing.ca\/en\/produit\/lapoquel-contre-les-demangeaisons\/#breadcrumb","itemListElement":[{"@type":"ListItem","position":1,"name":"Catalogue","item":"https:\/\/testvet.brainmarketing.ca\/catalogue\/"},{"@type":"ListItem","position":2,"name":"Pharmacy","item":"https:\/\/testvet.brainmarketing.ca\/en\/product-category\/pharmacy\/"},{"@type":"ListItem","position":3,"name":"Apoquel"}]},{"@type":"WebSite","@id":"https:\/\/testvet.brainmarketing.ca\/en\/#website","url":"https:\/\/testvet.brainmarketing.ca\/en\/","name":"MonVet","description":"R\u00e9seau v\u00e9t\u00e9rinaires","publisher":{"@id":"https:\/\/testvet.brainmarketing.ca\/en\/#organization"},"potentialAction":[{"@type":"SearchAction","target":{"@type":"EntryPoint","urlTemplate":"https:\/\/testvet.brainmarketing.ca\/en\/?s={search_term_string}"},"query-input":{"@type":"PropertyValueSpecification","valueRequired":true,"valueName":"search_term_string"}}],"inLanguage":"en-US"},{"@type":"Organization","@id":"https:\/\/testvet.brainmarketing.ca\/en\/#organization","name":"Brainmarketing","alternateName":"Test","url":"https:\/\/testvet.brainmarketing.ca\/en\/","logo":{"@type":"ImageObject","inLanguage":"en-US","@id":"https:\/\/testvet.brainmarketing.ca\/en\/#\/schema\/logo\/image\/","url":"https:\/\/testvet.brainmarketing.ca\/wp-content\/uploads\/Logos-icones\/MonVet.svg","contentUrl":"https:\/\/testvet.brainmarketing.ca\/wp-content\/uploads\/Logos-icones\/MonVet.svg","width":1811,"height":603,"caption":"Brainmarketing"},"image":{"@id":"https:\/\/testvet.brainmarketing.ca\/en\/#\/schema\/logo\/image\/"}}]}},"_links":{"self":[{"href":"https:\/\/testvet.brainmarketing.ca\/en\/wp-json\/wp\/v2\/product\/12692","targetHints":{"allow":["GET"]}}],"collection":[{"href":"https:\/\/testvet.brainmarketing.ca\/en\/wp-json\/wp\/v2\/product"}],"about":[{"href":"https:\/\/testvet.brainmarketing.ca\/en\/wp-json\/wp\/v2\/types\/product"}],"version-history":[{"count":4,"href":"https:\/\/testvet.brainmarketing.ca\/en\/wp-json\/wp\/v2\/product\/12692\/revisions"}],"predecessor-version":[{"id":12709,"href":"https:\/\/testvet.brainmarketing.ca\/en\/wp-json\/wp\/v2\/product\/12692\/revisions\/12709"}],"wp:attachment":[{"href":"https:\/\/testvet.brainmarketing.ca\/en\/wp-json\/wp\/v2\/media?parent=12692"}],"wp:term":[{"taxonomy":"product_brand","embeddable":true,"href":"https:\/\/testvet.brainmarketing.ca\/en\/wp-json\/wp\/v2\/product_brand?post=12692"},{"taxonomy":"product_cat","embeddable":true,"href":"https:\/\/testvet.brainmarketing.ca\/en\/wp-json\/wp\/v2\/product_cat?post=12692"},{"taxonomy":"product_tag","embeddable":true,"href":"https:\/\/testvet.brainmarketing.ca\/en\/wp-json\/wp\/v2\/product_tag?post=12692"}],"curies":[{"name":"wp","href":"https:\/\/api.w.org\/{rel}","templated":true}]}}