{"id":12680,"date":"2025-02-17T14:46:44","date_gmt":"2025-02-17T19:46:44","guid":{"rendered":"https:\/\/testvet.brainmarketing.ca\/?post_type=product&#038;p=12680"},"modified":"2025-02-17T14:46:45","modified_gmt":"2025-02-17T19:46:45","slug":"advantage-multi-un-antiparasitaire-veterinaire","status":"publish","type":"product","link":"https:\/\/testvet.brainmarketing.ca\/en\/produit\/advantage-multi-un-antiparasitaire-veterinaire\/","title":{"rendered":"Advantage Multi"},"content":{"rendered":"<p>L\u2019Advantage Multi est un antiparasitaire \u00e0 large spectre utilis\u00e9 en m\u00e9decine v\u00e9t\u00e9rinaire pour prot\u00e9ger chiens et chats contre divers parasites <a href=\"https:\/\/testvet.brainmarketing.ca\/analyse-de-laboratoire-veterinaire\/\">internes<\/a> et <a href=\"https:\/\/testvet.brainmarketing.ca\/parasites-externes-chez-les-animaux\/\">externes<\/a>. Administr\u00e9 sous forme de solution topique, il agit contre les puces, les vers intestinaux, la <a href=\"https:\/\/testvet.brainmarketing.ca\/ver-coeur-parasite-animaux\/\">dirofilariose<\/a> et les acariens responsables de la <a href=\"https:\/\/testvet.brainmarketing.ca\/gale-sarcoptique-maladie-chien\/\">gale<\/a>. Son application mensuelle offre une protection continue et r\u00e9duit le risque d\u2019infestation. Facile \u00e0 utiliser, il p\u00e9n\u00e8tre rapidement la peau sans n\u00e9cessiter d\u2019ingestion. Toutefois, son usage doit \u00eatre supervis\u00e9 par un v\u00e9t\u00e9rinaire pour garantir un dosage adapt\u00e9 et \u00e9viter les r\u00e9actions ind\u00e9sirables.<\/p>\n","protected":false},"excerpt":{"rendered":"<p>Ces ingr\u00e9dients tuent certains parasites vivant \u00e0 l&#8217;int\u00e9rieur des animaux et sur leur peau.<\/p>\n","protected":false},"featured_media":8364,"template":"","meta":{"_acf_changed":false},"product_brand":[],"product_cat":[176],"product_tag":[207,209],"class_list":{"0":"post-12680","1":"product","2":"type-product","3":"status-publish","4":"has-post-thumbnail","6":"product_cat-pharmacie","7":"product_tag-chats","8":"product_tag-chiens","10":"first","11":"instock","12":"shipping-taxable","13":"product-type-simple"},"acf":[],"yoast_head":"<!-- This site is optimized with the Yoast SEO plugin v24.6 - https:\/\/yoast.com\/wordpress\/plugins\/seo\/ -->\n<title>Advantage Multi un antiparasitaire v\u00e9t\u00e9rinaire efficace<\/title>\n<meta name=\"description\" content=\"Advantage Multi un antiparasitaire v\u00e9t\u00e9rinaire efficace utilis\u00e9 comme traitement et comme pr\u00e9vention contre une multitude de parasite\" \/>\n<meta name=\"robots\" content=\"noindex, follow, max-snippet:-1, max-image-preview:large, max-video-preview:-1\" \/>\n<meta property=\"og:locale\" content=\"en_US\" \/>\n<meta property=\"og:type\" content=\"article\" \/>\n<meta property=\"og:title\" content=\"Advantage Multi un antiparasitaire v\u00e9t\u00e9rinaire efficace\" \/>\n<meta property=\"og:description\" content=\"Advantage Multi un antiparasitaire v\u00e9t\u00e9rinaire efficace utilis\u00e9 comme traitement et comme pr\u00e9vention contre une multitude de parasite\" \/>\n<meta property=\"og:url\" content=\"https:\/\/testvet.brainmarketing.ca\/en\/produit\/advantage-multi-un-antiparasitaire-veterinaire\/\" \/>\n<meta property=\"og:site_name\" content=\"MonVet\" \/>\n<meta property=\"article:modified_time\" content=\"2025-02-17T19:46:45+00:00\" \/>\n<meta property=\"og:image\" content=\"https:\/\/testvet.brainmarketing.ca\/wp-content\/uploads\/2025\/01\/Advantage-Multi-55-scaled.jpg\" \/>\n\t<meta property=\"og:image:width\" content=\"2560\" \/>\n\t<meta property=\"og:image:height\" content=\"1706\" \/>\n\t<meta property=\"og:image:type\" content=\"image\/jpeg\" \/>\n<meta name=\"twitter:card\" content=\"summary_large_image\" \/>\n<meta name=\"twitter:label1\" content=\"Est. reading time\" \/>\n\t<meta name=\"twitter:data1\" content=\"1 minute\" \/>\n<script type=\"application\/ld+json\" class=\"yoast-schema-graph\">{\"@context\":\"https:\/\/schema.org\",\"@graph\":[{\"@type\":\"WebPage\",\"@id\":\"https:\/\/testvet.brainmarketing.ca\/en\/produit\/advantage-multi-un-antiparasitaire-veterinaire\/\",\"url\":\"https:\/\/testvet.brainmarketing.ca\/en\/produit\/advantage-multi-un-antiparasitaire-veterinaire\/\",\"name\":\"Advantage Multi un antiparasitaire v\u00e9t\u00e9rinaire efficace\",\"isPartOf\":{\"@id\":\"https:\/\/testvet.brainmarketing.ca\/en\/#website\"},\"primaryImageOfPage\":{\"@id\":\"https:\/\/testvet.brainmarketing.ca\/en\/produit\/advantage-multi-un-antiparasitaire-veterinaire\/#primaryimage\"},\"image\":{\"@id\":\"https:\/\/testvet.brainmarketing.ca\/en\/produit\/advantage-multi-un-antiparasitaire-veterinaire\/#primaryimage\"},\"thumbnailUrl\":\"https:\/\/testvet.brainmarketing.ca\/wp-content\/uploads\/2025\/01\/Advantage-Multi-55-scaled.jpg\",\"datePublished\":\"2025-02-17T19:46:44+00:00\",\"dateModified\":\"2025-02-17T19:46:45+00:00\",\"description\":\"Advantage Multi un antiparasitaire v\u00e9t\u00e9rinaire efficace utilis\u00e9 comme traitement et comme pr\u00e9vention contre une multitude de parasite\",\"breadcrumb\":{\"@id\":\"https:\/\/testvet.brainmarketing.ca\/en\/produit\/advantage-multi-un-antiparasitaire-veterinaire\/#breadcrumb\"},\"inLanguage\":\"en-US\",\"potentialAction\":[{\"@type\":\"ReadAction\",\"target\":[\"https:\/\/testvet.brainmarketing.ca\/en\/produit\/advantage-multi-un-antiparasitaire-veterinaire\/\"]}]},{\"@type\":\"ImageObject\",\"inLanguage\":\"en-US\",\"@id\":\"https:\/\/testvet.brainmarketing.ca\/en\/produit\/advantage-multi-un-antiparasitaire-veterinaire\/#primaryimage\",\"url\":\"https:\/\/testvet.brainmarketing.ca\/wp-content\/uploads\/2025\/01\/Advantage-Multi-55-scaled.jpg\",\"contentUrl\":\"https:\/\/testvet.brainmarketing.ca\/wp-content\/uploads\/2025\/01\/Advantage-Multi-55-scaled.jpg\",\"width\":2560,\"height\":1706,\"caption\":\"Advantage Multi un antiparasitaire v\u00e9t\u00e9rinaire\"},{\"@type\":\"BreadcrumbList\",\"@id\":\"https:\/\/testvet.brainmarketing.ca\/en\/produit\/advantage-multi-un-antiparasitaire-veterinaire\/#breadcrumb\",\"itemListElement\":[{\"@type\":\"ListItem\",\"position\":1,\"name\":\"Catalogue\",\"item\":\"https:\/\/testvet.brainmarketing.ca\/catalogue\/\"},{\"@type\":\"ListItem\",\"position\":2,\"name\":\"Pharmacy\",\"item\":\"https:\/\/testvet.brainmarketing.ca\/en\/product-category\/pharmacy\/\"},{\"@type\":\"ListItem\",\"position\":3,\"name\":\"Advantage Multi\"}]},{\"@type\":\"WebSite\",\"@id\":\"https:\/\/testvet.brainmarketing.ca\/en\/#website\",\"url\":\"https:\/\/testvet.brainmarketing.ca\/en\/\",\"name\":\"MonVet\",\"description\":\"R\u00e9seau v\u00e9t\u00e9rinaires\",\"publisher\":{\"@id\":\"https:\/\/testvet.brainmarketing.ca\/en\/#organization\"},\"potentialAction\":[{\"@type\":\"SearchAction\",\"target\":{\"@type\":\"EntryPoint\",\"urlTemplate\":\"https:\/\/testvet.brainmarketing.ca\/en\/?s={search_term_string}\"},\"query-input\":{\"@type\":\"PropertyValueSpecification\",\"valueRequired\":true,\"valueName\":\"search_term_string\"}}],\"inLanguage\":\"en-US\"},{\"@type\":\"Organization\",\"@id\":\"https:\/\/testvet.brainmarketing.ca\/en\/#organization\",\"name\":\"Brainmarketing\",\"alternateName\":\"Test\",\"url\":\"https:\/\/testvet.brainmarketing.ca\/en\/\",\"logo\":{\"@type\":\"ImageObject\",\"inLanguage\":\"en-US\",\"@id\":\"https:\/\/testvet.brainmarketing.ca\/en\/#\/schema\/logo\/image\/\",\"url\":\"https:\/\/testvet.brainmarketing.ca\/wp-content\/uploads\/Logos-icones\/MonVet.svg\",\"contentUrl\":\"https:\/\/testvet.brainmarketing.ca\/wp-content\/uploads\/Logos-icones\/MonVet.svg\",\"width\":1811,\"height\":603,\"caption\":\"Brainmarketing\"},\"image\":{\"@id\":\"https:\/\/testvet.brainmarketing.ca\/en\/#\/schema\/logo\/image\/\"}}]}<\/script>\n<!-- \/ Yoast SEO plugin. -->","yoast_head_json":{"title":"Advantage Multi un antiparasitaire v\u00e9t\u00e9rinaire efficace","description":"Advantage Multi un antiparasitaire v\u00e9t\u00e9rinaire efficace utilis\u00e9 comme traitement et comme pr\u00e9vention contre une multitude de parasite","robots":{"index":"noindex","follow":"follow","max-snippet":"max-snippet:-1","max-image-preview":"max-image-preview:large","max-video-preview":"max-video-preview:-1"},"og_locale":"en_US","og_type":"article","og_title":"Advantage Multi un antiparasitaire v\u00e9t\u00e9rinaire efficace","og_description":"Advantage Multi un antiparasitaire v\u00e9t\u00e9rinaire efficace utilis\u00e9 comme traitement et comme pr\u00e9vention contre une multitude de parasite","og_url":"https:\/\/testvet.brainmarketing.ca\/en\/produit\/advantage-multi-un-antiparasitaire-veterinaire\/","og_site_name":"MonVet","article_modified_time":"2025-02-17T19:46:45+00:00","og_image":[{"width":2560,"height":1706,"url":"https:\/\/testvet.brainmarketing.ca\/wp-content\/uploads\/2025\/01\/Advantage-Multi-55-scaled.jpg","type":"image\/jpeg"}],"twitter_card":"summary_large_image","twitter_misc":{"Est. reading time":"1 minute"},"schema":{"@context":"https:\/\/schema.org","@graph":[{"@type":"WebPage","@id":"https:\/\/testvet.brainmarketing.ca\/en\/produit\/advantage-multi-un-antiparasitaire-veterinaire\/","url":"https:\/\/testvet.brainmarketing.ca\/en\/produit\/advantage-multi-un-antiparasitaire-veterinaire\/","name":"Advantage Multi un antiparasitaire v\u00e9t\u00e9rinaire efficace","isPartOf":{"@id":"https:\/\/testvet.brainmarketing.ca\/en\/#website"},"primaryImageOfPage":{"@id":"https:\/\/testvet.brainmarketing.ca\/en\/produit\/advantage-multi-un-antiparasitaire-veterinaire\/#primaryimage"},"image":{"@id":"https:\/\/testvet.brainmarketing.ca\/en\/produit\/advantage-multi-un-antiparasitaire-veterinaire\/#primaryimage"},"thumbnailUrl":"https:\/\/testvet.brainmarketing.ca\/wp-content\/uploads\/2025\/01\/Advantage-Multi-55-scaled.jpg","datePublished":"2025-02-17T19:46:44+00:00","dateModified":"2025-02-17T19:46:45+00:00","description":"Advantage Multi un antiparasitaire v\u00e9t\u00e9rinaire efficace utilis\u00e9 comme traitement et comme pr\u00e9vention contre une multitude de parasite","breadcrumb":{"@id":"https:\/\/testvet.brainmarketing.ca\/en\/produit\/advantage-multi-un-antiparasitaire-veterinaire\/#breadcrumb"},"inLanguage":"en-US","potentialAction":[{"@type":"ReadAction","target":["https:\/\/testvet.brainmarketing.ca\/en\/produit\/advantage-multi-un-antiparasitaire-veterinaire\/"]}]},{"@type":"ImageObject","inLanguage":"en-US","@id":"https:\/\/testvet.brainmarketing.ca\/en\/produit\/advantage-multi-un-antiparasitaire-veterinaire\/#primaryimage","url":"https:\/\/testvet.brainmarketing.ca\/wp-content\/uploads\/2025\/01\/Advantage-Multi-55-scaled.jpg","contentUrl":"https:\/\/testvet.brainmarketing.ca\/wp-content\/uploads\/2025\/01\/Advantage-Multi-55-scaled.jpg","width":2560,"height":1706,"caption":"Advantage Multi un antiparasitaire v\u00e9t\u00e9rinaire"},{"@type":"BreadcrumbList","@id":"https:\/\/testvet.brainmarketing.ca\/en\/produit\/advantage-multi-un-antiparasitaire-veterinaire\/#breadcrumb","itemListElement":[{"@type":"ListItem","position":1,"name":"Catalogue","item":"https:\/\/testvet.brainmarketing.ca\/catalogue\/"},{"@type":"ListItem","position":2,"name":"Pharmacy","item":"https:\/\/testvet.brainmarketing.ca\/en\/product-category\/pharmacy\/"},{"@type":"ListItem","position":3,"name":"Advantage Multi"}]},{"@type":"WebSite","@id":"https:\/\/testvet.brainmarketing.ca\/en\/#website","url":"https:\/\/testvet.brainmarketing.ca\/en\/","name":"MonVet","description":"R\u00e9seau v\u00e9t\u00e9rinaires","publisher":{"@id":"https:\/\/testvet.brainmarketing.ca\/en\/#organization"},"potentialAction":[{"@type":"SearchAction","target":{"@type":"EntryPoint","urlTemplate":"https:\/\/testvet.brainmarketing.ca\/en\/?s={search_term_string}"},"query-input":{"@type":"PropertyValueSpecification","valueRequired":true,"valueName":"search_term_string"}}],"inLanguage":"en-US"},{"@type":"Organization","@id":"https:\/\/testvet.brainmarketing.ca\/en\/#organization","name":"Brainmarketing","alternateName":"Test","url":"https:\/\/testvet.brainmarketing.ca\/en\/","logo":{"@type":"ImageObject","inLanguage":"en-US","@id":"https:\/\/testvet.brainmarketing.ca\/en\/#\/schema\/logo\/image\/","url":"https:\/\/testvet.brainmarketing.ca\/wp-content\/uploads\/Logos-icones\/MonVet.svg","contentUrl":"https:\/\/testvet.brainmarketing.ca\/wp-content\/uploads\/Logos-icones\/MonVet.svg","width":1811,"height":603,"caption":"Brainmarketing"},"image":{"@id":"https:\/\/testvet.brainmarketing.ca\/en\/#\/schema\/logo\/image\/"}}]}},"_links":{"self":[{"href":"https:\/\/testvet.brainmarketing.ca\/en\/wp-json\/wp\/v2\/product\/12680","targetHints":{"allow":["GET"]}}],"collection":[{"href":"https:\/\/testvet.brainmarketing.ca\/en\/wp-json\/wp\/v2\/product"}],"about":[{"href":"https:\/\/testvet.brainmarketing.ca\/en\/wp-json\/wp\/v2\/types\/product"}],"version-history":[{"count":1,"href":"https:\/\/testvet.brainmarketing.ca\/en\/wp-json\/wp\/v2\/product\/12680\/revisions"}],"predecessor-version":[{"id":12683,"href":"https:\/\/testvet.brainmarketing.ca\/en\/wp-json\/wp\/v2\/product\/12680\/revisions\/12683"}],"wp:featuredmedia":[{"embeddable":true,"href":"https:\/\/testvet.brainmarketing.ca\/en\/wp-json\/wp\/v2\/media\/8364"}],"wp:attachment":[{"href":"https:\/\/testvet.brainmarketing.ca\/en\/wp-json\/wp\/v2\/media?parent=12680"}],"wp:term":[{"taxonomy":"product_brand","embeddable":true,"href":"https:\/\/testvet.brainmarketing.ca\/en\/wp-json\/wp\/v2\/product_brand?post=12680"},{"taxonomy":"product_cat","embeddable":true,"href":"https:\/\/testvet.brainmarketing.ca\/en\/wp-json\/wp\/v2\/product_cat?post=12680"},{"taxonomy":"product_tag","embeddable":true,"href":"https:\/\/testvet.brainmarketing.ca\/en\/wp-json\/wp\/v2\/product_tag?post=12680"}],"curies":[{"name":"wp","href":"https:\/\/api.w.org\/{rel}","templated":true}]}}