{"id":12671,"date":"2025-02-17T14:31:36","date_gmt":"2025-02-17T19:31:36","guid":{"rendered":"https:\/\/testvet.brainmarketing.ca\/?post_type=product&#038;p=12671"},"modified":"2025-02-17T14:56:34","modified_gmt":"2025-02-17T19:56:34","slug":"lamlodipine-en-medecine-veterinaire","status":"publish","type":"product","link":"https:\/\/testvet.brainmarketing.ca\/en\/produit\/lamlodipine-en-medecine-veterinaire\/","title":{"rendered":"Amlodipine"},"content":{"rendered":"<p>L\u2019amlodipine en m\u00e9decine v\u00e9t\u00e9rinaire est un bloqueur de canaux calciques utilis\u00e9 pour traiter l\u2019<a href=\"https:\/\/testvet.brainmarketing.ca\/insuffisance-renale-chat-traitement\/\">hypertension chez les chats<\/a> et les chiens atteints d\u2019<a href=\"https:\/\/testvet.brainmarketing.ca\/insuffisance-renale-chronique-chien\/\">insuffisance r\u00e9nale<\/a>. Il agit en relaxant les vaisseaux sanguins, r\u00e9duisant ainsi la pression art\u00e9rielle et la charge du c\u0153ur. Administr\u00e9 sous forme de comprim\u00e9s, il doit \u00eatre pris r\u00e9guli\u00e8rement selon les recommandations v\u00e9t\u00e9rinaires. Ce m\u00e9dicament est d\u00e9conseill\u00e9 aux animaux souffrant de troubles cardiaques graves. Les effets secondaires possibles incluent l\u00e9thargie, perte de poids et hyperplasie gingivale chez le chien. Un suivi v\u00e9t\u00e9rinaire est essentiel pour ajuster la posologie et \u00e9viter les complications.<\/p>\n","protected":false},"excerpt":{"rendered":"<p>Il s&#8217;agit d&#8217;un bloqueur de canaux calciques.<\/p>\n","protected":false},"featured_media":8596,"template":"","meta":{"_acf_changed":false},"product_brand":[],"product_cat":[176],"product_tag":[207,209],"class_list":{"0":"post-12671","1":"product","2":"type-product","3":"status-publish","4":"has-post-thumbnail","6":"product_cat-pharmacie","7":"product_tag-chats","8":"product_tag-chiens","10":"first","11":"instock","12":"shipping-taxable","13":"product-type-simple"},"acf":[],"yoast_head":"<!-- This site is optimized with the Yoast SEO plugin v24.6 - https:\/\/yoast.com\/wordpress\/plugins\/seo\/ -->\n<title>L&#039;amlodipine en m\u00e9decine v\u00e9t\u00e9rinaire : traitement de l\u2019hypertension<\/title>\n<meta name=\"description\" content=\"L\u2019amlodipine en m\u00e9decine v\u00e9t\u00e9rinaire est utilis\u00e9e pour traiter l\u2019hypertension chez les chats et les chiens souffrant d\u2019insuffisance r\u00e9nale chronique.\" \/>\n<meta name=\"robots\" content=\"noindex, follow, max-snippet:-1, max-image-preview:large, max-video-preview:-1\" \/>\n<meta property=\"og:locale\" content=\"en_US\" \/>\n<meta property=\"og:type\" content=\"article\" \/>\n<meta property=\"og:title\" content=\"L&#039;amlodipine en m\u00e9decine v\u00e9t\u00e9rinaire : traitement de l\u2019hypertension\" \/>\n<meta property=\"og:description\" content=\"L\u2019amlodipine en m\u00e9decine v\u00e9t\u00e9rinaire est utilis\u00e9e pour traiter l\u2019hypertension chez les chats et les chiens souffrant d\u2019insuffisance r\u00e9nale chronique.\" \/>\n<meta property=\"og:url\" content=\"https:\/\/testvet.brainmarketing.ca\/en\/produit\/lamlodipine-en-medecine-veterinaire\/\" \/>\n<meta property=\"og:site_name\" content=\"MonVet\" \/>\n<meta property=\"article:modified_time\" content=\"2025-02-17T19:56:34+00:00\" \/>\n<meta property=\"og:image\" content=\"https:\/\/testvet.brainmarketing.ca\/wp-content\/uploads\/2025\/01\/amlodipine.jpg\" \/>\n\t<meta property=\"og:image:width\" content=\"640\" \/>\n\t<meta property=\"og:image:height\" content=\"427\" \/>\n\t<meta property=\"og:image:type\" content=\"image\/jpeg\" \/>\n<meta name=\"twitter:card\" content=\"summary_large_image\" \/>\n<meta name=\"twitter:label1\" content=\"Est. reading time\" \/>\n\t<meta name=\"twitter:data1\" content=\"1 minute\" \/>\n<script type=\"application\/ld+json\" class=\"yoast-schema-graph\">{\"@context\":\"https:\/\/schema.org\",\"@graph\":[{\"@type\":\"WebPage\",\"@id\":\"https:\/\/testvet.brainmarketing.ca\/en\/produit\/lamlodipine-en-medecine-veterinaire\/\",\"url\":\"https:\/\/testvet.brainmarketing.ca\/en\/produit\/lamlodipine-en-medecine-veterinaire\/\",\"name\":\"L'amlodipine en m\u00e9decine v\u00e9t\u00e9rinaire : traitement de l\u2019hypertension\",\"isPartOf\":{\"@id\":\"https:\/\/testvet.brainmarketing.ca\/en\/#website\"},\"primaryImageOfPage\":{\"@id\":\"https:\/\/testvet.brainmarketing.ca\/en\/produit\/lamlodipine-en-medecine-veterinaire\/#primaryimage\"},\"image\":{\"@id\":\"https:\/\/testvet.brainmarketing.ca\/en\/produit\/lamlodipine-en-medecine-veterinaire\/#primaryimage\"},\"thumbnailUrl\":\"https:\/\/testvet.brainmarketing.ca\/wp-content\/uploads\/2025\/01\/amlodipine.jpg\",\"datePublished\":\"2025-02-17T19:31:36+00:00\",\"dateModified\":\"2025-02-17T19:56:34+00:00\",\"description\":\"L\u2019amlodipine en m\u00e9decine v\u00e9t\u00e9rinaire est utilis\u00e9e pour traiter l\u2019hypertension chez les chats et les chiens souffrant d\u2019insuffisance r\u00e9nale chronique.\",\"breadcrumb\":{\"@id\":\"https:\/\/testvet.brainmarketing.ca\/en\/produit\/lamlodipine-en-medecine-veterinaire\/#breadcrumb\"},\"inLanguage\":\"en-US\",\"potentialAction\":[{\"@type\":\"ReadAction\",\"target\":[\"https:\/\/testvet.brainmarketing.ca\/en\/produit\/lamlodipine-en-medecine-veterinaire\/\"]}]},{\"@type\":\"ImageObject\",\"inLanguage\":\"en-US\",\"@id\":\"https:\/\/testvet.brainmarketing.ca\/en\/produit\/lamlodipine-en-medecine-veterinaire\/#primaryimage\",\"url\":\"https:\/\/testvet.brainmarketing.ca\/wp-content\/uploads\/2025\/01\/amlodipine.jpg\",\"contentUrl\":\"https:\/\/testvet.brainmarketing.ca\/wp-content\/uploads\/2025\/01\/amlodipine.jpg\",\"width\":640,\"height\":427,\"caption\":\"amlodipine\"},{\"@type\":\"BreadcrumbList\",\"@id\":\"https:\/\/testvet.brainmarketing.ca\/en\/produit\/lamlodipine-en-medecine-veterinaire\/#breadcrumb\",\"itemListElement\":[{\"@type\":\"ListItem\",\"position\":1,\"name\":\"Catalogue\",\"item\":\"https:\/\/testvet.brainmarketing.ca\/catalogue\/\"},{\"@type\":\"ListItem\",\"position\":2,\"name\":\"Pharmacy\",\"item\":\"https:\/\/testvet.brainmarketing.ca\/en\/product-category\/pharmacy\/\"},{\"@type\":\"ListItem\",\"position\":3,\"name\":\"Amlodipine\"}]},{\"@type\":\"WebSite\",\"@id\":\"https:\/\/testvet.brainmarketing.ca\/en\/#website\",\"url\":\"https:\/\/testvet.brainmarketing.ca\/en\/\",\"name\":\"MonVet\",\"description\":\"R\u00e9seau v\u00e9t\u00e9rinaires\",\"publisher\":{\"@id\":\"https:\/\/testvet.brainmarketing.ca\/en\/#organization\"},\"potentialAction\":[{\"@type\":\"SearchAction\",\"target\":{\"@type\":\"EntryPoint\",\"urlTemplate\":\"https:\/\/testvet.brainmarketing.ca\/en\/?s={search_term_string}\"},\"query-input\":{\"@type\":\"PropertyValueSpecification\",\"valueRequired\":true,\"valueName\":\"search_term_string\"}}],\"inLanguage\":\"en-US\"},{\"@type\":\"Organization\",\"@id\":\"https:\/\/testvet.brainmarketing.ca\/en\/#organization\",\"name\":\"Brainmarketing\",\"alternateName\":\"Test\",\"url\":\"https:\/\/testvet.brainmarketing.ca\/en\/\",\"logo\":{\"@type\":\"ImageObject\",\"inLanguage\":\"en-US\",\"@id\":\"https:\/\/testvet.brainmarketing.ca\/en\/#\/schema\/logo\/image\/\",\"url\":\"https:\/\/testvet.brainmarketing.ca\/wp-content\/uploads\/Logos-icones\/MonVet.svg\",\"contentUrl\":\"https:\/\/testvet.brainmarketing.ca\/wp-content\/uploads\/Logos-icones\/MonVet.svg\",\"width\":1811,\"height\":603,\"caption\":\"Brainmarketing\"},\"image\":{\"@id\":\"https:\/\/testvet.brainmarketing.ca\/en\/#\/schema\/logo\/image\/\"}}]}<\/script>\n<!-- \/ Yoast SEO plugin. -->","yoast_head_json":{"title":"L'amlodipine en m\u00e9decine v\u00e9t\u00e9rinaire : traitement de l\u2019hypertension","description":"L\u2019amlodipine en m\u00e9decine v\u00e9t\u00e9rinaire est utilis\u00e9e pour traiter l\u2019hypertension chez les chats et les chiens souffrant d\u2019insuffisance r\u00e9nale chronique.","robots":{"index":"noindex","follow":"follow","max-snippet":"max-snippet:-1","max-image-preview":"max-image-preview:large","max-video-preview":"max-video-preview:-1"},"og_locale":"en_US","og_type":"article","og_title":"L'amlodipine en m\u00e9decine v\u00e9t\u00e9rinaire : traitement de l\u2019hypertension","og_description":"L\u2019amlodipine en m\u00e9decine v\u00e9t\u00e9rinaire est utilis\u00e9e pour traiter l\u2019hypertension chez les chats et les chiens souffrant d\u2019insuffisance r\u00e9nale chronique.","og_url":"https:\/\/testvet.brainmarketing.ca\/en\/produit\/lamlodipine-en-medecine-veterinaire\/","og_site_name":"MonVet","article_modified_time":"2025-02-17T19:56:34+00:00","og_image":[{"width":640,"height":427,"url":"https:\/\/testvet.brainmarketing.ca\/wp-content\/uploads\/2025\/01\/amlodipine.jpg","type":"image\/jpeg"}],"twitter_card":"summary_large_image","twitter_misc":{"Est. reading time":"1 minute"},"schema":{"@context":"https:\/\/schema.org","@graph":[{"@type":"WebPage","@id":"https:\/\/testvet.brainmarketing.ca\/en\/produit\/lamlodipine-en-medecine-veterinaire\/","url":"https:\/\/testvet.brainmarketing.ca\/en\/produit\/lamlodipine-en-medecine-veterinaire\/","name":"L'amlodipine en m\u00e9decine v\u00e9t\u00e9rinaire : traitement de l\u2019hypertension","isPartOf":{"@id":"https:\/\/testvet.brainmarketing.ca\/en\/#website"},"primaryImageOfPage":{"@id":"https:\/\/testvet.brainmarketing.ca\/en\/produit\/lamlodipine-en-medecine-veterinaire\/#primaryimage"},"image":{"@id":"https:\/\/testvet.brainmarketing.ca\/en\/produit\/lamlodipine-en-medecine-veterinaire\/#primaryimage"},"thumbnailUrl":"https:\/\/testvet.brainmarketing.ca\/wp-content\/uploads\/2025\/01\/amlodipine.jpg","datePublished":"2025-02-17T19:31:36+00:00","dateModified":"2025-02-17T19:56:34+00:00","description":"L\u2019amlodipine en m\u00e9decine v\u00e9t\u00e9rinaire est utilis\u00e9e pour traiter l\u2019hypertension chez les chats et les chiens souffrant d\u2019insuffisance r\u00e9nale chronique.","breadcrumb":{"@id":"https:\/\/testvet.brainmarketing.ca\/en\/produit\/lamlodipine-en-medecine-veterinaire\/#breadcrumb"},"inLanguage":"en-US","potentialAction":[{"@type":"ReadAction","target":["https:\/\/testvet.brainmarketing.ca\/en\/produit\/lamlodipine-en-medecine-veterinaire\/"]}]},{"@type":"ImageObject","inLanguage":"en-US","@id":"https:\/\/testvet.brainmarketing.ca\/en\/produit\/lamlodipine-en-medecine-veterinaire\/#primaryimage","url":"https:\/\/testvet.brainmarketing.ca\/wp-content\/uploads\/2025\/01\/amlodipine.jpg","contentUrl":"https:\/\/testvet.brainmarketing.ca\/wp-content\/uploads\/2025\/01\/amlodipine.jpg","width":640,"height":427,"caption":"amlodipine"},{"@type":"BreadcrumbList","@id":"https:\/\/testvet.brainmarketing.ca\/en\/produit\/lamlodipine-en-medecine-veterinaire\/#breadcrumb","itemListElement":[{"@type":"ListItem","position":1,"name":"Catalogue","item":"https:\/\/testvet.brainmarketing.ca\/catalogue\/"},{"@type":"ListItem","position":2,"name":"Pharmacy","item":"https:\/\/testvet.brainmarketing.ca\/en\/product-category\/pharmacy\/"},{"@type":"ListItem","position":3,"name":"Amlodipine"}]},{"@type":"WebSite","@id":"https:\/\/testvet.brainmarketing.ca\/en\/#website","url":"https:\/\/testvet.brainmarketing.ca\/en\/","name":"MonVet","description":"R\u00e9seau v\u00e9t\u00e9rinaires","publisher":{"@id":"https:\/\/testvet.brainmarketing.ca\/en\/#organization"},"potentialAction":[{"@type":"SearchAction","target":{"@type":"EntryPoint","urlTemplate":"https:\/\/testvet.brainmarketing.ca\/en\/?s={search_term_string}"},"query-input":{"@type":"PropertyValueSpecification","valueRequired":true,"valueName":"search_term_string"}}],"inLanguage":"en-US"},{"@type":"Organization","@id":"https:\/\/testvet.brainmarketing.ca\/en\/#organization","name":"Brainmarketing","alternateName":"Test","url":"https:\/\/testvet.brainmarketing.ca\/en\/","logo":{"@type":"ImageObject","inLanguage":"en-US","@id":"https:\/\/testvet.brainmarketing.ca\/en\/#\/schema\/logo\/image\/","url":"https:\/\/testvet.brainmarketing.ca\/wp-content\/uploads\/Logos-icones\/MonVet.svg","contentUrl":"https:\/\/testvet.brainmarketing.ca\/wp-content\/uploads\/Logos-icones\/MonVet.svg","width":1811,"height":603,"caption":"Brainmarketing"},"image":{"@id":"https:\/\/testvet.brainmarketing.ca\/en\/#\/schema\/logo\/image\/"}}]}},"_links":{"self":[{"href":"https:\/\/testvet.brainmarketing.ca\/en\/wp-json\/wp\/v2\/product\/12671","targetHints":{"allow":["GET"]}}],"collection":[{"href":"https:\/\/testvet.brainmarketing.ca\/en\/wp-json\/wp\/v2\/product"}],"about":[{"href":"https:\/\/testvet.brainmarketing.ca\/en\/wp-json\/wp\/v2\/types\/product"}],"version-history":[{"count":3,"href":"https:\/\/testvet.brainmarketing.ca\/en\/wp-json\/wp\/v2\/product\/12671\/revisions"}],"predecessor-version":[{"id":12690,"href":"https:\/\/testvet.brainmarketing.ca\/en\/wp-json\/wp\/v2\/product\/12671\/revisions\/12690"}],"wp:featuredmedia":[{"embeddable":true,"href":"https:\/\/testvet.brainmarketing.ca\/en\/wp-json\/wp\/v2\/media\/8596"}],"wp:attachment":[{"href":"https:\/\/testvet.brainmarketing.ca\/en\/wp-json\/wp\/v2\/media?parent=12671"}],"wp:term":[{"taxonomy":"product_brand","embeddable":true,"href":"https:\/\/testvet.brainmarketing.ca\/en\/wp-json\/wp\/v2\/product_brand?post=12671"},{"taxonomy":"product_cat","embeddable":true,"href":"https:\/\/testvet.brainmarketing.ca\/en\/wp-json\/wp\/v2\/product_cat?post=12671"},{"taxonomy":"product_tag","embeddable":true,"href":"https:\/\/testvet.brainmarketing.ca\/en\/wp-json\/wp\/v2\/product_tag?post=12671"}],"curies":[{"name":"wp","href":"https:\/\/api.w.org\/{rel}","templated":true}]}}