{"id":12661,"date":"2025-02-17T13:56:11","date_gmt":"2025-02-17T18:56:11","guid":{"rendered":"https:\/\/testvet.brainmarketing.ca\/?post_type=product&#038;p=12661"},"modified":"2025-02-17T14:58:57","modified_gmt":"2025-02-17T19:58:57","slug":"utilisation-de-lacetylcysteine-veterinaire","status":"publish","type":"product","link":"https:\/\/testvet.brainmarketing.ca\/en\/produit\/utilisation-de-lacetylcysteine-veterinaire\/","title":{"rendered":"Ac\u00e9tylcyst\u00e9ine"},"content":{"rendered":"<p>L\u2019ac\u00e9tylcyst\u00e9ine v\u00e9t\u00e9rinaire fluidifie les s\u00e9cr\u00e9tions \u00e9paisses des poumons et des yeux, facilitant leur \u00e9limination. Elle est utilis\u00e9e pour traiter les troubles respiratoires et oculaires. Ce m\u00e9dicament est aussi un antidote efficace contre les intoxications au Tylenol\u00ae (ac\u00e9taminoph\u00e8ne) et au xylitol. Disponible en solution injectable, pour inhalation ou en capsules, sa forme d\u00e9pend des besoins de l\u2019animal. Il doit \u00eatre administr\u00e9 sous supervision v\u00e9t\u00e9rinaire. Les effets secondaires possibles incluent naus\u00e9es, vomissements et urticaire. Un suivi est n\u00e9cessaire pour surveiller l\u2019\u00e9tat de l\u2019animal. Son usage est d\u00e9conseill\u00e9 chez certains animaux souffrant de troubles bronchiques ou ayant des allergies.<\/p>\n","protected":false},"excerpt":{"rendered":"<p>Chez les animaux domestiques, l&#8217;ac\u00e9tylcyst\u00e9ine est utilis\u00e9e:<\/p>\n<ul>\n<li>Pour diminuer l&#8217;\u00e9paisseur des s\u00e9cr\u00e9tions dans les poumons et dans les yeux<\/li>\n<li>Comme antidote lors d&#8217;<a href=\"https:\/\/testvet.brainmarketing.ca\/intoxication-au-tylenol-chat\/\">intoxication au Tylenol<sup>\u00ae<\/sup><\/a>\u00a0(ac\u00e9taminoph\u00e8ne) et au\u00a0<a href=\"https:\/\/testvet.brainmarketing.ca\/intoxication-gomme-a-macher-avec-xylitol\/\">xylitol<\/a>.<\/li>\n<\/ul>\n","protected":false},"featured_media":8594,"template":"","meta":{"_acf_changed":false},"product_brand":[],"product_cat":[176],"product_tag":[],"class_list":{"0":"post-12661","1":"product","2":"type-product","3":"status-publish","4":"has-post-thumbnail","6":"product_cat-pharmacie","8":"first","9":"instock","10":"shipping-taxable","11":"product-type-simple"},"acf":[],"yoast_head":"<!-- This site is optimized with the Yoast SEO plugin v24.6 - https:\/\/yoast.com\/wordpress\/plugins\/seo\/ -->\n<title>Utilisation de l\u2019ac\u00e9tylcyst\u00e9ine v\u00e9t\u00e9rinaire chez les animaux<\/title>\n<meta name=\"description\" content=\"L\u2019utilisation de l\u2019ac\u00e9tylcyst\u00e9ine v\u00e9t\u00e9rinaire pour traiter les intoxications et fluidifier les s\u00e9cr\u00e9tions des animaux domestiques\" \/>\n<meta name=\"robots\" content=\"noindex, follow, max-snippet:-1, max-image-preview:large, max-video-preview:-1\" \/>\n<meta property=\"og:locale\" content=\"en_US\" \/>\n<meta property=\"og:type\" content=\"article\" \/>\n<meta property=\"og:title\" content=\"Utilisation de l\u2019ac\u00e9tylcyst\u00e9ine v\u00e9t\u00e9rinaire chez les animaux\" \/>\n<meta property=\"og:description\" content=\"L\u2019utilisation de l\u2019ac\u00e9tylcyst\u00e9ine v\u00e9t\u00e9rinaire pour traiter les intoxications et fluidifier les s\u00e9cr\u00e9tions des animaux domestiques\" \/>\n<meta property=\"og:url\" content=\"https:\/\/testvet.brainmarketing.ca\/en\/produit\/utilisation-de-lacetylcysteine-veterinaire\/\" \/>\n<meta property=\"og:site_name\" content=\"MonVet\" \/>\n<meta property=\"article:modified_time\" content=\"2025-02-17T19:58:57+00:00\" \/>\n<meta property=\"og:image\" content=\"https:\/\/testvet.brainmarketing.ca\/wp-content\/uploads\/2025\/01\/acetylcysteine.jpg\" \/>\n\t<meta property=\"og:image:width\" content=\"640\" \/>\n\t<meta property=\"og:image:height\" content=\"427\" \/>\n\t<meta property=\"og:image:type\" content=\"image\/jpeg\" \/>\n<meta name=\"twitter:card\" content=\"summary_large_image\" \/>\n<meta name=\"twitter:label1\" content=\"Est. reading time\" \/>\n\t<meta name=\"twitter:data1\" content=\"1 minute\" \/>\n<script type=\"application\/ld+json\" class=\"yoast-schema-graph\">{\"@context\":\"https:\/\/schema.org\",\"@graph\":[{\"@type\":\"WebPage\",\"@id\":\"https:\/\/testvet.brainmarketing.ca\/en\/produit\/utilisation-de-lacetylcysteine-veterinaire\/\",\"url\":\"https:\/\/testvet.brainmarketing.ca\/en\/produit\/utilisation-de-lacetylcysteine-veterinaire\/\",\"name\":\"Utilisation de l\u2019ac\u00e9tylcyst\u00e9ine v\u00e9t\u00e9rinaire chez les animaux\",\"isPartOf\":{\"@id\":\"https:\/\/testvet.brainmarketing.ca\/en\/#website\"},\"primaryImageOfPage\":{\"@id\":\"https:\/\/testvet.brainmarketing.ca\/en\/produit\/utilisation-de-lacetylcysteine-veterinaire\/#primaryimage\"},\"image\":{\"@id\":\"https:\/\/testvet.brainmarketing.ca\/en\/produit\/utilisation-de-lacetylcysteine-veterinaire\/#primaryimage\"},\"thumbnailUrl\":\"https:\/\/testvet.brainmarketing.ca\/wp-content\/uploads\/2025\/01\/acetylcysteine.jpg\",\"datePublished\":\"2025-02-17T18:56:11+00:00\",\"dateModified\":\"2025-02-17T19:58:57+00:00\",\"description\":\"L\u2019utilisation de l\u2019ac\u00e9tylcyst\u00e9ine v\u00e9t\u00e9rinaire pour traiter les intoxications et fluidifier les s\u00e9cr\u00e9tions des animaux domestiques\",\"breadcrumb\":{\"@id\":\"https:\/\/testvet.brainmarketing.ca\/en\/produit\/utilisation-de-lacetylcysteine-veterinaire\/#breadcrumb\"},\"inLanguage\":\"en-US\",\"potentialAction\":[{\"@type\":\"ReadAction\",\"target\":[\"https:\/\/testvet.brainmarketing.ca\/en\/produit\/utilisation-de-lacetylcysteine-veterinaire\/\"]}]},{\"@type\":\"ImageObject\",\"inLanguage\":\"en-US\",\"@id\":\"https:\/\/testvet.brainmarketing.ca\/en\/produit\/utilisation-de-lacetylcysteine-veterinaire\/#primaryimage\",\"url\":\"https:\/\/testvet.brainmarketing.ca\/wp-content\/uploads\/2025\/01\/acetylcysteine.jpg\",\"contentUrl\":\"https:\/\/testvet.brainmarketing.ca\/wp-content\/uploads\/2025\/01\/acetylcysteine.jpg\",\"width\":640,\"height\":427,\"caption\":\"utilisation de l\u2019ac\u00e9tylcyst\u00e9ine v\u00e9t\u00e9rinaire\"},{\"@type\":\"BreadcrumbList\",\"@id\":\"https:\/\/testvet.brainmarketing.ca\/en\/produit\/utilisation-de-lacetylcysteine-veterinaire\/#breadcrumb\",\"itemListElement\":[{\"@type\":\"ListItem\",\"position\":1,\"name\":\"Catalogue\",\"item\":\"https:\/\/testvet.brainmarketing.ca\/catalogue\/\"},{\"@type\":\"ListItem\",\"position\":2,\"name\":\"Pharmacy\",\"item\":\"https:\/\/testvet.brainmarketing.ca\/en\/product-category\/pharmacy\/\"},{\"@type\":\"ListItem\",\"position\":3,\"name\":\"Ac\u00e9tylcyst\u00e9ine\"}]},{\"@type\":\"WebSite\",\"@id\":\"https:\/\/testvet.brainmarketing.ca\/en\/#website\",\"url\":\"https:\/\/testvet.brainmarketing.ca\/en\/\",\"name\":\"MonVet\",\"description\":\"R\u00e9seau v\u00e9t\u00e9rinaires\",\"publisher\":{\"@id\":\"https:\/\/testvet.brainmarketing.ca\/en\/#organization\"},\"potentialAction\":[{\"@type\":\"SearchAction\",\"target\":{\"@type\":\"EntryPoint\",\"urlTemplate\":\"https:\/\/testvet.brainmarketing.ca\/en\/?s={search_term_string}\"},\"query-input\":{\"@type\":\"PropertyValueSpecification\",\"valueRequired\":true,\"valueName\":\"search_term_string\"}}],\"inLanguage\":\"en-US\"},{\"@type\":\"Organization\",\"@id\":\"https:\/\/testvet.brainmarketing.ca\/en\/#organization\",\"name\":\"Brainmarketing\",\"alternateName\":\"Test\",\"url\":\"https:\/\/testvet.brainmarketing.ca\/en\/\",\"logo\":{\"@type\":\"ImageObject\",\"inLanguage\":\"en-US\",\"@id\":\"https:\/\/testvet.brainmarketing.ca\/en\/#\/schema\/logo\/image\/\",\"url\":\"https:\/\/testvet.brainmarketing.ca\/wp-content\/uploads\/Logos-icones\/MonVet.svg\",\"contentUrl\":\"https:\/\/testvet.brainmarketing.ca\/wp-content\/uploads\/Logos-icones\/MonVet.svg\",\"width\":1811,\"height\":603,\"caption\":\"Brainmarketing\"},\"image\":{\"@id\":\"https:\/\/testvet.brainmarketing.ca\/en\/#\/schema\/logo\/image\/\"}}]}<\/script>\n<!-- \/ Yoast SEO plugin. -->","yoast_head_json":{"title":"Utilisation de l\u2019ac\u00e9tylcyst\u00e9ine v\u00e9t\u00e9rinaire chez les animaux","description":"L\u2019utilisation de l\u2019ac\u00e9tylcyst\u00e9ine v\u00e9t\u00e9rinaire pour traiter les intoxications et fluidifier les s\u00e9cr\u00e9tions des animaux domestiques","robots":{"index":"noindex","follow":"follow","max-snippet":"max-snippet:-1","max-image-preview":"max-image-preview:large","max-video-preview":"max-video-preview:-1"},"og_locale":"en_US","og_type":"article","og_title":"Utilisation de l\u2019ac\u00e9tylcyst\u00e9ine v\u00e9t\u00e9rinaire chez les animaux","og_description":"L\u2019utilisation de l\u2019ac\u00e9tylcyst\u00e9ine v\u00e9t\u00e9rinaire pour traiter les intoxications et fluidifier les s\u00e9cr\u00e9tions des animaux domestiques","og_url":"https:\/\/testvet.brainmarketing.ca\/en\/produit\/utilisation-de-lacetylcysteine-veterinaire\/","og_site_name":"MonVet","article_modified_time":"2025-02-17T19:58:57+00:00","og_image":[{"width":640,"height":427,"url":"https:\/\/testvet.brainmarketing.ca\/wp-content\/uploads\/2025\/01\/acetylcysteine.jpg","type":"image\/jpeg"}],"twitter_card":"summary_large_image","twitter_misc":{"Est. reading time":"1 minute"},"schema":{"@context":"https:\/\/schema.org","@graph":[{"@type":"WebPage","@id":"https:\/\/testvet.brainmarketing.ca\/en\/produit\/utilisation-de-lacetylcysteine-veterinaire\/","url":"https:\/\/testvet.brainmarketing.ca\/en\/produit\/utilisation-de-lacetylcysteine-veterinaire\/","name":"Utilisation de l\u2019ac\u00e9tylcyst\u00e9ine v\u00e9t\u00e9rinaire chez les animaux","isPartOf":{"@id":"https:\/\/testvet.brainmarketing.ca\/en\/#website"},"primaryImageOfPage":{"@id":"https:\/\/testvet.brainmarketing.ca\/en\/produit\/utilisation-de-lacetylcysteine-veterinaire\/#primaryimage"},"image":{"@id":"https:\/\/testvet.brainmarketing.ca\/en\/produit\/utilisation-de-lacetylcysteine-veterinaire\/#primaryimage"},"thumbnailUrl":"https:\/\/testvet.brainmarketing.ca\/wp-content\/uploads\/2025\/01\/acetylcysteine.jpg","datePublished":"2025-02-17T18:56:11+00:00","dateModified":"2025-02-17T19:58:57+00:00","description":"L\u2019utilisation de l\u2019ac\u00e9tylcyst\u00e9ine v\u00e9t\u00e9rinaire pour traiter les intoxications et fluidifier les s\u00e9cr\u00e9tions des animaux domestiques","breadcrumb":{"@id":"https:\/\/testvet.brainmarketing.ca\/en\/produit\/utilisation-de-lacetylcysteine-veterinaire\/#breadcrumb"},"inLanguage":"en-US","potentialAction":[{"@type":"ReadAction","target":["https:\/\/testvet.brainmarketing.ca\/en\/produit\/utilisation-de-lacetylcysteine-veterinaire\/"]}]},{"@type":"ImageObject","inLanguage":"en-US","@id":"https:\/\/testvet.brainmarketing.ca\/en\/produit\/utilisation-de-lacetylcysteine-veterinaire\/#primaryimage","url":"https:\/\/testvet.brainmarketing.ca\/wp-content\/uploads\/2025\/01\/acetylcysteine.jpg","contentUrl":"https:\/\/testvet.brainmarketing.ca\/wp-content\/uploads\/2025\/01\/acetylcysteine.jpg","width":640,"height":427,"caption":"utilisation de l\u2019ac\u00e9tylcyst\u00e9ine v\u00e9t\u00e9rinaire"},{"@type":"BreadcrumbList","@id":"https:\/\/testvet.brainmarketing.ca\/en\/produit\/utilisation-de-lacetylcysteine-veterinaire\/#breadcrumb","itemListElement":[{"@type":"ListItem","position":1,"name":"Catalogue","item":"https:\/\/testvet.brainmarketing.ca\/catalogue\/"},{"@type":"ListItem","position":2,"name":"Pharmacy","item":"https:\/\/testvet.brainmarketing.ca\/en\/product-category\/pharmacy\/"},{"@type":"ListItem","position":3,"name":"Ac\u00e9tylcyst\u00e9ine"}]},{"@type":"WebSite","@id":"https:\/\/testvet.brainmarketing.ca\/en\/#website","url":"https:\/\/testvet.brainmarketing.ca\/en\/","name":"MonVet","description":"R\u00e9seau v\u00e9t\u00e9rinaires","publisher":{"@id":"https:\/\/testvet.brainmarketing.ca\/en\/#organization"},"potentialAction":[{"@type":"SearchAction","target":{"@type":"EntryPoint","urlTemplate":"https:\/\/testvet.brainmarketing.ca\/en\/?s={search_term_string}"},"query-input":{"@type":"PropertyValueSpecification","valueRequired":true,"valueName":"search_term_string"}}],"inLanguage":"en-US"},{"@type":"Organization","@id":"https:\/\/testvet.brainmarketing.ca\/en\/#organization","name":"Brainmarketing","alternateName":"Test","url":"https:\/\/testvet.brainmarketing.ca\/en\/","logo":{"@type":"ImageObject","inLanguage":"en-US","@id":"https:\/\/testvet.brainmarketing.ca\/en\/#\/schema\/logo\/image\/","url":"https:\/\/testvet.brainmarketing.ca\/wp-content\/uploads\/Logos-icones\/MonVet.svg","contentUrl":"https:\/\/testvet.brainmarketing.ca\/wp-content\/uploads\/Logos-icones\/MonVet.svg","width":1811,"height":603,"caption":"Brainmarketing"},"image":{"@id":"https:\/\/testvet.brainmarketing.ca\/en\/#\/schema\/logo\/image\/"}}]}},"_links":{"self":[{"href":"https:\/\/testvet.brainmarketing.ca\/en\/wp-json\/wp\/v2\/product\/12661","targetHints":{"allow":["GET"]}}],"collection":[{"href":"https:\/\/testvet.brainmarketing.ca\/en\/wp-json\/wp\/v2\/product"}],"about":[{"href":"https:\/\/testvet.brainmarketing.ca\/en\/wp-json\/wp\/v2\/types\/product"}],"version-history":[{"count":3,"href":"https:\/\/testvet.brainmarketing.ca\/en\/wp-json\/wp\/v2\/product\/12661\/revisions"}],"predecessor-version":[{"id":12691,"href":"https:\/\/testvet.brainmarketing.ca\/en\/wp-json\/wp\/v2\/product\/12661\/revisions\/12691"}],"wp:featuredmedia":[{"embeddable":true,"href":"https:\/\/testvet.brainmarketing.ca\/en\/wp-json\/wp\/v2\/media\/8594"}],"wp:attachment":[{"href":"https:\/\/testvet.brainmarketing.ca\/en\/wp-json\/wp\/v2\/media?parent=12661"}],"wp:term":[{"taxonomy":"product_brand","embeddable":true,"href":"https:\/\/testvet.brainmarketing.ca\/en\/wp-json\/wp\/v2\/product_brand?post=12661"},{"taxonomy":"product_cat","embeddable":true,"href":"https:\/\/testvet.brainmarketing.ca\/en\/wp-json\/wp\/v2\/product_cat?post=12661"},{"taxonomy":"product_tag","embeddable":true,"href":"https:\/\/testvet.brainmarketing.ca\/en\/wp-json\/wp\/v2\/product_tag?post=12661"}],"curies":[{"name":"wp","href":"https:\/\/api.w.org\/{rel}","templated":true}]}}